{"id":9574,"date":"2025-04-05T08:44:54","date_gmt":"2025-04-05T01:44:54","guid":{"rendered":"https:\/\/phukienmattroi.com\/?post_type=product&#038;p=9574"},"modified":"2025-09-20T21:19:08","modified_gmt":"2025-09-20T14:19:08","slug":"den-led-tuyp-tatsu-60w","status":"publish","type":"product","link":"https:\/\/phukienmattroi.com\/index.php\/product\/den-led-tuyp-tatsu-60w\/","title":{"rendered":"\u0110\u00c8N LED TU\u00ddP \u0110\u1ea6U VU\u00d4NG TATSU 60W"},"content":{"rendered":"<div dir=\"auto\">\n<p>\u0110\u00c8N LED TU\u00ddP \u0110\u1ea6U VU\u00d4NG TATSU 60W<\/p>\n<p>Chip LED: \u0110\u1ea7u vu\u00f4ng 60W: 2835 -0.5w\/3v<br \/>\nCh\u1ea5t li\u1ec7u nh\u1ef1a \u0111\u1ea7u \u0111ui: ABS , chao PC, t\u1ea3n nhi\u1ec7t h\u1ee3p kim s\u1eaft<br \/>\nhi\u1ec7u su\u1ea5t 90lm\/w<br \/>\nM\u00e0u s\u00e1nh s\u00e1ng: Tr\u1eafng 6500K<br \/>\nD\u1ea3i \u0111i\u1ec7n \u00e1p: 100-260V<br \/>\n\u0110i\u1ec7n \u00e1p s\u1eed d\u1ee5ng: 220V<\/p>\n<\/div>\n<div dir=\"auto\"><span class=\"html-span xexx8yu x4uap5 x18d9i69 xkhd6sd x1hl2dhg x16tdsg8 x1vvkbs x3nfvp2 x1j61x8r x1fcty0u xdj266r xat24cr xgzva0m xhhsvwb xxymvpz xlup9mm x1kky2od\"><img decoding=\"async\" class=\"xz74otr x168nmei x13lgxp2 x5pf9jr xo71vjh\" src=\"https:\/\/static.xx.fbcdn.net\/images\/emoji.php\/v9\/tb4\/1\/16\/2b50.png\" alt=\"\u2b50\" width=\"16\" height=\"16\" \/><\/span> L\u1eaeP \u0110\u1eb6T M\u1eccI N\u01a0I C\u00d9NG LED B\u00c1N NGUY\u1ec6T TATSU!! <span class=\"html-span xexx8yu x4uap5 x18d9i69 xkhd6sd x1hl2dhg x16tdsg8 x1vvkbs x3nfvp2 x1j61x8r x1fcty0u xdj266r xat24cr xgzva0m xhhsvwb xxymvpz xlup9mm x1kky2od\"><img decoding=\"async\" class=\"xz74otr x168nmei x13lgxp2 x5pf9jr xo71vjh\" src=\"https:\/\/static.xx.fbcdn.net\/images\/emoji.php\/v9\/tb4\/1\/16\/2b50.png\" alt=\"\u2b50\" width=\"16\" height=\"16\" \/><\/span><\/div>\n<div dir=\"auto\">6 l\u00fd do \u0111\u1ec3 Led b\u00e1n nguy\u1ec7t nh\u00e0 Tatsu lu\u00f4n l\u00e0 m\u1ed9t trong nh\u1eefng s\u1ea3n ph\u1ea9m Best seller:<\/div>\n<div dir=\"auto\"><span class=\"html-span xexx8yu x4uap5 x18d9i69 xkhd6sd x1hl2dhg x16tdsg8 x1vvkbs x3nfvp2 x1j61x8r x1fcty0u xdj266r xat24cr xgzva0m xhhsvwb xxymvpz xlup9mm x1kky2od\"><img decoding=\"async\" class=\"xz74otr x168nmei x13lgxp2 x5pf9jr xo71vjh\" src=\"https:\/\/static.xx.fbcdn.net\/images\/emoji.php\/v9\/t7a\/1\/16\/31_20e3.png\" alt=\"1\ufe0f\u20e3\" width=\"16\" height=\"16\" \/><\/span> C\u00f4ng su\u1ea5t \u0111\u00e8n: 40w ph\u00f9 h\u1ee3p s\u1eed d\u1ee5ng v\u1edbi nhi\u1ec1u di\u1ec7n t\u00edch kh\u00f4ng gian.<\/div>\n<div dir=\"auto\"><span class=\"html-span xexx8yu x4uap5 x18d9i69 xkhd6sd x1hl2dhg x16tdsg8 x1vvkbs x3nfvp2 x1j61x8r x1fcty0u xdj266r xat24cr xgzva0m xhhsvwb xxymvpz xlup9mm x1kky2od\"><img decoding=\"async\" class=\"xz74otr x168nmei x13lgxp2 x5pf9jr xo71vjh\" src=\"https:\/\/static.xx.fbcdn.net\/images\/emoji.php\/v9\/t99\/1\/16\/32_20e3.png\" alt=\"2\ufe0f\u20e3\" width=\"16\" height=\"16\" \/><\/span> Thi\u1ebft k\u1ebf hi\u1ec7n \u0111\u1ea1i, sang tr\u1ecdng, ph\u00f9 h\u1ee3p chi\u1ebfu s\u00e1ng trong m\u1ecdi kh\u00f4ng gian: t\u1eeb nh\u00e0 \u1edf, v\u0103n ph\u00f2ng, trung t\u00e2m th\u01b0\u01a1ng m\u1ea1i, tr\u01b0\u1eddng h\u1ecdc,&#8230;<\/div>\n<div dir=\"auto\"><span class=\"html-span xexx8yu x4uap5 x18d9i69 xkhd6sd x1hl2dhg x16tdsg8 x1vvkbs x3nfvp2 x1j61x8r x1fcty0u xdj266r xat24cr xgzva0m xhhsvwb xxymvpz xlup9mm x1kky2od\"><img loading=\"lazy\" decoding=\"async\" class=\"xz74otr x168nmei x13lgxp2 x5pf9jr xo71vjh\" src=\"https:\/\/static.xx.fbcdn.net\/images\/emoji.php\/v9\/tb8\/1\/16\/33_20e3.png\" alt=\"3\ufe0f\u20e3\" width=\"16\" height=\"16\" \/><\/span> V\u1edbi ki\u1ec3u d\u00e1ng v\u00f2m cong b\u00e1n nguy\u1ec7t, \u00e1nh s\u00e1ng c\u1ee7a \u0111\u00e8n \u0111\u01b0\u1ee3c ph\u00e2n b\u1ed5 r\u1ed9ng v\u00e0 \u0111\u1ec1u, s\u1eed d\u1ee5ng Chip LED cao c\u1ea5p cho hi\u1ec7u su\u1ea5t chi\u1ebfu s\u00e1ng cao.<\/div>\n<div dir=\"auto\"><span class=\"html-span xexx8yu x4uap5 x18d9i69 xkhd6sd x1hl2dhg x16tdsg8 x1vvkbs x3nfvp2 x1j61x8r x1fcty0u xdj266r xat24cr xgzva0m xhhsvwb xxymvpz xlup9mm x1kky2od\"><img loading=\"lazy\" decoding=\"async\" class=\"xz74otr x168nmei x13lgxp2 x5pf9jr xo71vjh\" src=\"https:\/\/static.xx.fbcdn.net\/images\/emoji.php\/v9\/td7\/1\/16\/34_20e3.png\" alt=\"4\ufe0f\u20e3\" width=\"16\" height=\"16\" \/><\/span> Si\u00eau ti\u1ebft ki\u1ec7m \u0111i\u1ec7n n\u0103ng.<\/div>\n<div dir=\"auto\"><span class=\"html-span xexx8yu x4uap5 x18d9i69 xkhd6sd x1hl2dhg x16tdsg8 x1vvkbs x3nfvp2 x1j61x8r x1fcty0u xdj266r xat24cr xgzva0m xhhsvwb xxymvpz xlup9mm x1kky2od\"><img loading=\"lazy\" decoding=\"async\" class=\"xz74otr x168nmei x13lgxp2 x5pf9jr xo71vjh\" src=\"https:\/\/static.xx.fbcdn.net\/images\/emoji.php\/v9\/tf6\/1\/16\/35_20e3.png\" alt=\"5\ufe0f\u20e3\" width=\"16\" height=\"16\" \/><\/span> Ch\u1ec9 s\u1ed1 ho\u00e0n m\u00e0u CRI &gt;80 \u00e1nh s\u00e1ng ch\u00e2n th\u1ef1c, kh\u00f4ng g\u00e2y ch\u00f3i m\u1eaft.<\/div>\n<div dir=\"auto\"><span class=\"html-span xexx8yu x4uap5 x18d9i69 xkhd6sd x1hl2dhg x16tdsg8 x1vvkbs x3nfvp2 x1j61x8r x1fcty0u xdj266r xat24cr xgzva0m xhhsvwb xxymvpz xlup9mm x1kky2od\"><img loading=\"lazy\" decoding=\"async\" class=\"xz74otr x168nmei x13lgxp2 x5pf9jr xo71vjh\" src=\"https:\/\/static.xx.fbcdn.net\/images\/emoji.php\/v9\/t15\/1\/16\/36_20e3.png\" alt=\"6\ufe0f\u20e3\" width=\"16\" height=\"16\" \/><\/span> Kh\u00f4ng c\u00f3 h\u00e0m l\u01b0\u1ee3ng th\u1ee7y ng\u00e2n, an to\u00e0n khi s\u1eed d\u1ee5ng, th\u00e2n thi\u1ec7n m\u00f4i tr\u01b0\u1eddng<\/div>\n<div dir=\"auto\"><span class=\"html-span xexx8yu x4uap5 x18d9i69 xkhd6sd x1hl2dhg x16tdsg8 x1vvkbs x3nfvp2 x1j61x8r x1fcty0u xdj266r xat24cr xgzva0m xhhsvwb xxymvpz xlup9mm x1kky2od\"><img loading=\"lazy\" decoding=\"async\" class=\"xz74otr x168nmei x13lgxp2 x5pf9jr xo71vjh\" src=\"https:\/\/static.xx.fbcdn.net\/images\/emoji.php\/v9\/t51\/1\/16\/2714.png\" alt=\"\u2714\ufe0f\" width=\"16\" height=\"16\" \/><\/span>\u0110\u1ec3 t\u00ecm hi\u1ec3u v\u1ec1 c\u00e1c s\u1ea3n ph\u1ea9m \u0111\u00e8n Led b\u00e1n nguy\u1ec7t c\u1ee7a nh\u00e0 m\u00e1y Tatsu, Qu\u00fd kh\u00e1ch h\u00e0ng nhanh tay comment ho\u1eb7c li\u00ean h\u1ec7 ngay v\u1edbi ch\u00fang t\u00f4i \u0111\u1ec3 \u0111\u01b0\u1ee3c t\u01b0 v\u1ea5n chi ti\u1ebft nh\u1ea5t.<\/div>\n<div dir=\"auto\">*********<\/div>\n<div dir=\"auto\"><span class=\"html-span xexx8yu x4uap5 x18d9i69 xkhd6sd x1hl2dhg x16tdsg8 x1vvkbs x3nfvp2 x1j61x8r x1fcty0u xdj266r xat24cr xgzva0m xhhsvwb xxymvpz xlup9mm x1kky2od\"><img loading=\"lazy\" decoding=\"async\" class=\"xz74otr x168nmei x13lgxp2 x5pf9jr xo71vjh\" src=\"https:\/\/static.xx.fbcdn.net\/images\/emoji.php\/v9\/t6c\/1\/16\/2764.png\" alt=\"\u2764\ufe0f\" width=\"16\" height=\"16\" \/><\/span> \u0110\u00e8n led TATSU &#8211; B\u00f3ng \u0111\u00e8n Vi\u1ec7t Nam ch\u1ea5t l\u01b0\u1ee3ng, gi\u00e1 r\u1ebb cho m\u1ecdi nh\u00e0.<\/div>\n","protected":false},"excerpt":{"rendered":"<p>Chip LED: \u0110\u1ea7u vu\u00f4ng 60W: 2835 -0.5w\/3v<br \/>\nCh\u1ea5t li\u1ec7u nh\u1ef1a \u0111\u1ea7u \u0111ui: ABS , chao PC, t\u1ea3n nhi\u1ec7t h\u1ee3p kim s\u1eaft<br \/>\nhi\u1ec7u su\u1ea5t 90lm\/w<br \/>\nM\u00e0u s\u00e1nh s\u00e1ng: Tr\u1eafng 6500K<br \/>\nD\u1ea3i \u0111i\u1ec7n \u00e1p: 100-260V<br \/>\n\u0110i\u1ec7n \u00e1p s\u1eed d\u1ee5ng: 220V<\/p>\n","protected":false},"featured_media":9573,"comment_status":"open","ping_status":"closed","template":"","meta":[],"product_brand":[],"product_cat":[30],"product_tag":[],"class_list":{"0":"post-9574","1":"product","2":"type-product","3":"status-publish","4":"has-post-thumbnail","6":"product_cat-den-220v","7":"yith_product_brand-tatsu","9":"first","10":"instock","11":"sale","12":"taxable","13":"shipping-taxable","14":"purchasable","15":"product-type-simple"},"yoast_head":"<!-- This site is optimized with the Yoast SEO Premium plugin v22.6 (Yoast SEO v27.4) - https:\/\/yoast.com\/product\/yoast-seo-premium-wordpress\/ -->\n<title>\u0110\u00c8N LED TU\u00ddP \u0110\u1ea6U VU\u00d4NG TATSU 60W - Ph\u1ee5 Ki\u1ec7n M\u1eb7t Tr\u1eddi<\/title>\n<meta name=\"description\" content=\"Chip LED: \u0110\u1ea7u vu\u00f4ng 60W: 2835 -0.5w\/3vCh\u1ea5t li\u1ec7u nh\u1ef1a \u0111\u1ea7u \u0111ui: ABS , chao PC, t\u1ea3n nhi\u1ec7t h\u1ee3p kim s\u1eafthi\u1ec7u su\u1ea5t 90lm\/wM\u00e0u s\u00e1nh s\u00e1ng: Tr\u1eafng 6500KD\u1ea3i \u0111i\u1ec7n \u00e1p: 100-260V\u0110i\u1ec7n \u00e1p s\u1eed d\u1ee5ng: 220V\" \/>\n<meta name=\"robots\" content=\"index, follow, max-snippet:-1, max-image-preview:large, max-video-preview:-1\" \/>\n<link rel=\"canonical\" href=\"https:\/\/phukienmattroi.com\/index.php\/product\/den-led-tuyp-tatsu-60w\/\" \/>\n<meta property=\"og:locale\" content=\"vi_VN\" \/>\n<meta property=\"og:type\" content=\"article\" \/>\n<meta property=\"og:title\" content=\"\u0110\u00c8N LED TU\u00ddP \u0110\u1ea6U VU\u00d4NG TATSU 60W\" \/>\n<meta property=\"og:description\" content=\"Chip LED: \u0110\u1ea7u vu\u00f4ng 60W: 2835 -0.5w\/3vCh\u1ea5t li\u1ec7u nh\u1ef1a \u0111\u1ea7u \u0111ui: ABS , chao PC, t\u1ea3n nhi\u1ec7t h\u1ee3p kim s\u1eafthi\u1ec7u su\u1ea5t 90lm\/wM\u00e0u s\u00e1nh s\u00e1ng: Tr\u1eafng 6500KD\u1ea3i \u0111i\u1ec7n \u00e1p: 100-260V\u0110i\u1ec7n \u00e1p s\u1eed d\u1ee5ng: 220V\" \/>\n<meta property=\"og:url\" content=\"https:\/\/phukienmattroi.com\/index.php\/product\/den-led-tuyp-tatsu-60w\/\" \/>\n<meta property=\"og:site_name\" content=\"Ph\u1ee5 Ki\u1ec7n M\u1eb7t Tr\u1eddi\" \/>\n<meta property=\"article:publisher\" content=\"https:\/\/www.facebook.com\/phukienmattroisolar\" \/>\n<meta property=\"article:modified_time\" content=\"2025-09-20T14:19:08+00:00\" \/>\n<meta property=\"og:image\" content=\"https:\/\/phukienmattroi.com\/wp-content\/uploads\/2025\/04\/487081477_644015408386334_85656909654192308_n.jpg\" \/>\n\t<meta property=\"og:image:width\" content=\"2048\" \/>\n\t<meta property=\"og:image:height\" content=\"1537\" \/>\n\t<meta property=\"og:image:type\" content=\"image\/jpeg\" \/>\n<meta name=\"twitter:card\" content=\"summary_large_image\" \/>\n<meta name=\"twitter:label1\" content=\"Gi\u00e1\" \/>\n\t<meta name=\"twitter:data1\" content=\"146.000&nbsp;&#8363;\" \/>\n\t<meta name=\"twitter:label2\" content=\"Kh\u1ea3 d\u1ee5ng\" \/>\n\t<meta name=\"twitter:data2\" content=\"Trong kho\" \/>\n<script type=\"application\/ld+json\" class=\"yoast-schema-graph\">{\"@context\":\"https:\\\/\\\/schema.org\",\"@graph\":[{\"@type\":\"WebPage\",\"@id\":\"https:\\\/\\\/phukienmattroi.com\\\/index.php\\\/product\\\/den-led-tuyp-tatsu-60w\\\/\",\"url\":\"https:\\\/\\\/phukienmattroi.com\\\/index.php\\\/product\\\/den-led-tuyp-tatsu-60w\\\/\",\"name\":\"\u0110\u00c8N LED TU\u00ddP \u0110\u1ea6U VU\u00d4NG TATSU 60W - Ph\u1ee5 Ki\u1ec7n M\u1eb7t Tr\u1eddi\",\"isPartOf\":{\"@id\":\"https:\\\/\\\/phukienmattroi.com\\\/#website\"},\"primaryImageOfPage\":{\"@id\":\"https:\\\/\\\/phukienmattroi.com\\\/index.php\\\/product\\\/den-led-tuyp-tatsu-60w\\\/#primaryimage\"},\"image\":{\"@id\":\"https:\\\/\\\/phukienmattroi.com\\\/index.php\\\/product\\\/den-led-tuyp-tatsu-60w\\\/#primaryimage\"},\"thumbnailUrl\":\"https:\\\/\\\/phukienmattroi.com\\\/wp-content\\\/uploads\\\/2025\\\/04\\\/487081477_644015408386334_85656909654192308_n.jpg\",\"datePublished\":\"2025-04-05T01:44:54+00:00\",\"dateModified\":\"2025-09-20T14:19:08+00:00\",\"description\":\"Chip LED: \u0110\u1ea7u vu\u00f4ng 60W: 2835 -0.5w\\\/3vCh\u1ea5t li\u1ec7u nh\u1ef1a \u0111\u1ea7u \u0111ui: ABS , chao PC, t\u1ea3n nhi\u1ec7t h\u1ee3p kim s\u1eafthi\u1ec7u su\u1ea5t 90lm\\\/wM\u00e0u s\u00e1nh s\u00e1ng: Tr\u1eafng 6500KD\u1ea3i \u0111i\u1ec7n \u00e1p: 100-260V\u0110i\u1ec7n \u00e1p s\u1eed d\u1ee5ng: 220V\",\"breadcrumb\":{\"@id\":\"https:\\\/\\\/phukienmattroi.com\\\/index.php\\\/product\\\/den-led-tuyp-tatsu-60w\\\/#breadcrumb\"},\"inLanguage\":\"vi\",\"potentialAction\":[{\"@type\":\"ReadAction\",\"target\":[\"https:\\\/\\\/phukienmattroi.com\\\/index.php\\\/product\\\/den-led-tuyp-tatsu-60w\\\/\"]}]},{\"@type\":\"ImageObject\",\"inLanguage\":\"vi\",\"@id\":\"https:\\\/\\\/phukienmattroi.com\\\/index.php\\\/product\\\/den-led-tuyp-tatsu-60w\\\/#primaryimage\",\"url\":\"https:\\\/\\\/phukienmattroi.com\\\/wp-content\\\/uploads\\\/2025\\\/04\\\/487081477_644015408386334_85656909654192308_n.jpg\",\"contentUrl\":\"https:\\\/\\\/phukienmattroi.com\\\/wp-content\\\/uploads\\\/2025\\\/04\\\/487081477_644015408386334_85656909654192308_n.jpg\",\"width\":2048,\"height\":1537},{\"@type\":\"BreadcrumbList\",\"@id\":\"https:\\\/\\\/phukienmattroi.com\\\/index.php\\\/product\\\/den-led-tuyp-tatsu-60w\\\/#breadcrumb\",\"itemListElement\":[{\"@type\":\"ListItem\",\"position\":1,\"name\":\"Trang ch\u1ee7\",\"item\":\"https:\\\/\\\/phukienmattroi.com\\\/\"},{\"@type\":\"ListItem\",\"position\":2,\"name\":\"S\u1ea3n ph\u1ea9m\",\"item\":\"https:\\\/\\\/phukienmattroi.com\\\/index.php\\\/shop\\\/\"},{\"@type\":\"ListItem\",\"position\":3,\"name\":\"\u0110\u00c8N LED TU\u00ddP \u0110\u1ea6U VU\u00d4NG TATSU 60W\"}]},{\"@type\":\"WebSite\",\"@id\":\"https:\\\/\\\/phukienmattroi.com\\\/#website\",\"url\":\"https:\\\/\\\/phukienmattroi.com\\\/\",\"name\":\"Ph\u1ee5 Ki\u1ec7n M\u1eb7t Tr\u1eddi\",\"description\":\"Ph\u1ee5 Ki\u1ec7n M\u1eb7t Tr\u1eddi\",\"publisher\":{\"@id\":\"https:\\\/\\\/phukienmattroi.com\\\/#organization\"},\"potentialAction\":[{\"@type\":\"SearchAction\",\"target\":{\"@type\":\"EntryPoint\",\"urlTemplate\":\"https:\\\/\\\/phukienmattroi.com\\\/?s={search_term_string}\"},\"query-input\":{\"@type\":\"PropertyValueSpecification\",\"valueRequired\":true,\"valueName\":\"search_term_string\"}}],\"inLanguage\":\"vi\"},{\"@type\":\"Organization\",\"@id\":\"https:\\\/\\\/phukienmattroi.com\\\/#organization\",\"name\":\"Ph\u1ee5 Ki\u1ec7n M\u1eb7t Tr\u1eddi\",\"url\":\"https:\\\/\\\/phukienmattroi.com\\\/\",\"logo\":{\"@type\":\"ImageObject\",\"inLanguage\":\"vi\",\"@id\":\"https:\\\/\\\/phukienmattroi.com\\\/#\\\/schema\\\/logo\\\/image\\\/\",\"url\":\"https:\\\/\\\/phukienmattroi.com\\\/wp-content\\\/uploads\\\/2024\\\/03\\\/TBMT-logo3-1.png\",\"contentUrl\":\"https:\\\/\\\/phukienmattroi.com\\\/wp-content\\\/uploads\\\/2024\\\/03\\\/TBMT-logo3-1.png\",\"width\":3946,\"height\":1403,\"caption\":\"Ph\u1ee5 Ki\u1ec7n M\u1eb7t Tr\u1eddi\"},\"image\":{\"@id\":\"https:\\\/\\\/phukienmattroi.com\\\/#\\\/schema\\\/logo\\\/image\\\/\"},\"sameAs\":[\"https:\\\/\\\/www.facebook.com\\\/phukienmattroisolar\"]}]}<\/script>\n<meta property=\"product:price:amount\" content=\"146000\" \/>\n<meta property=\"product:price:currency\" content=\"VND\" \/>\n<meta property=\"og:availability\" content=\"instock\" \/>\n<meta property=\"product:availability\" content=\"instock\" \/>\n<meta property=\"product:condition\" content=\"new\" \/>\n<!-- \/ Yoast SEO Premium plugin. -->","yoast_head_json":{"title":"\u0110\u00c8N LED TU\u00ddP \u0110\u1ea6U VU\u00d4NG TATSU 60W - Ph\u1ee5 Ki\u1ec7n M\u1eb7t Tr\u1eddi","description":"Chip LED: \u0110\u1ea7u vu\u00f4ng 60W: 2835 -0.5w\/3vCh\u1ea5t li\u1ec7u nh\u1ef1a \u0111\u1ea7u \u0111ui: ABS , chao PC, t\u1ea3n nhi\u1ec7t h\u1ee3p kim s\u1eafthi\u1ec7u su\u1ea5t 90lm\/wM\u00e0u s\u00e1nh s\u00e1ng: Tr\u1eafng 6500KD\u1ea3i \u0111i\u1ec7n \u00e1p: 100-260V\u0110i\u1ec7n \u00e1p s\u1eed d\u1ee5ng: 220V","robots":{"index":"index","follow":"follow","max-snippet":"max-snippet:-1","max-image-preview":"max-image-preview:large","max-video-preview":"max-video-preview:-1"},"canonical":"https:\/\/phukienmattroi.com\/index.php\/product\/den-led-tuyp-tatsu-60w\/","og_locale":"vi_VN","og_type":"article","og_title":"\u0110\u00c8N LED TU\u00ddP \u0110\u1ea6U VU\u00d4NG TATSU 60W","og_description":"Chip LED: \u0110\u1ea7u vu\u00f4ng 60W: 2835 -0.5w\/3vCh\u1ea5t li\u1ec7u nh\u1ef1a \u0111\u1ea7u \u0111ui: ABS , chao PC, t\u1ea3n nhi\u1ec7t h\u1ee3p kim s\u1eafthi\u1ec7u su\u1ea5t 90lm\/wM\u00e0u s\u00e1nh s\u00e1ng: Tr\u1eafng 6500KD\u1ea3i \u0111i\u1ec7n \u00e1p: 100-260V\u0110i\u1ec7n \u00e1p s\u1eed d\u1ee5ng: 220V","og_url":"https:\/\/phukienmattroi.com\/index.php\/product\/den-led-tuyp-tatsu-60w\/","og_site_name":"Ph\u1ee5 Ki\u1ec7n M\u1eb7t Tr\u1eddi","article_publisher":"https:\/\/www.facebook.com\/phukienmattroisolar","article_modified_time":"2025-09-20T14:19:08+00:00","og_image":[{"width":2048,"height":1537,"url":"https:\/\/phukienmattroi.com\/wp-content\/uploads\/2025\/04\/487081477_644015408386334_85656909654192308_n.jpg","type":"image\/jpeg"}],"twitter_card":"summary_large_image","twitter_misc":{"Gi\u00e1":"146.000&nbsp;&#8363;","Kh\u1ea3 d\u1ee5ng":"Trong kho"},"schema":{"@context":"https:\/\/schema.org","@graph":[{"@type":"WebPage","@id":"https:\/\/phukienmattroi.com\/index.php\/product\/den-led-tuyp-tatsu-60w\/","url":"https:\/\/phukienmattroi.com\/index.php\/product\/den-led-tuyp-tatsu-60w\/","name":"\u0110\u00c8N LED TU\u00ddP \u0110\u1ea6U VU\u00d4NG TATSU 60W - Ph\u1ee5 Ki\u1ec7n M\u1eb7t Tr\u1eddi","isPartOf":{"@id":"https:\/\/phukienmattroi.com\/#website"},"primaryImageOfPage":{"@id":"https:\/\/phukienmattroi.com\/index.php\/product\/den-led-tuyp-tatsu-60w\/#primaryimage"},"image":{"@id":"https:\/\/phukienmattroi.com\/index.php\/product\/den-led-tuyp-tatsu-60w\/#primaryimage"},"thumbnailUrl":"https:\/\/phukienmattroi.com\/wp-content\/uploads\/2025\/04\/487081477_644015408386334_85656909654192308_n.jpg","datePublished":"2025-04-05T01:44:54+00:00","dateModified":"2025-09-20T14:19:08+00:00","description":"Chip LED: \u0110\u1ea7u vu\u00f4ng 60W: 2835 -0.5w\/3vCh\u1ea5t li\u1ec7u nh\u1ef1a \u0111\u1ea7u \u0111ui: ABS , chao PC, t\u1ea3n nhi\u1ec7t h\u1ee3p kim s\u1eafthi\u1ec7u su\u1ea5t 90lm\/wM\u00e0u s\u00e1nh s\u00e1ng: Tr\u1eafng 6500KD\u1ea3i \u0111i\u1ec7n \u00e1p: 100-260V\u0110i\u1ec7n \u00e1p s\u1eed d\u1ee5ng: 220V","breadcrumb":{"@id":"https:\/\/phukienmattroi.com\/index.php\/product\/den-led-tuyp-tatsu-60w\/#breadcrumb"},"inLanguage":"vi","potentialAction":[{"@type":"ReadAction","target":["https:\/\/phukienmattroi.com\/index.php\/product\/den-led-tuyp-tatsu-60w\/"]}]},{"@type":"ImageObject","inLanguage":"vi","@id":"https:\/\/phukienmattroi.com\/index.php\/product\/den-led-tuyp-tatsu-60w\/#primaryimage","url":"https:\/\/phukienmattroi.com\/wp-content\/uploads\/2025\/04\/487081477_644015408386334_85656909654192308_n.jpg","contentUrl":"https:\/\/phukienmattroi.com\/wp-content\/uploads\/2025\/04\/487081477_644015408386334_85656909654192308_n.jpg","width":2048,"height":1537},{"@type":"BreadcrumbList","@id":"https:\/\/phukienmattroi.com\/index.php\/product\/den-led-tuyp-tatsu-60w\/#breadcrumb","itemListElement":[{"@type":"ListItem","position":1,"name":"Trang ch\u1ee7","item":"https:\/\/phukienmattroi.com\/"},{"@type":"ListItem","position":2,"name":"S\u1ea3n ph\u1ea9m","item":"https:\/\/phukienmattroi.com\/index.php\/shop\/"},{"@type":"ListItem","position":3,"name":"\u0110\u00c8N LED TU\u00ddP \u0110\u1ea6U VU\u00d4NG TATSU 60W"}]},{"@type":"WebSite","@id":"https:\/\/phukienmattroi.com\/#website","url":"https:\/\/phukienmattroi.com\/","name":"Ph\u1ee5 Ki\u1ec7n M\u1eb7t Tr\u1eddi","description":"Ph\u1ee5 Ki\u1ec7n M\u1eb7t Tr\u1eddi","publisher":{"@id":"https:\/\/phukienmattroi.com\/#organization"},"potentialAction":[{"@type":"SearchAction","target":{"@type":"EntryPoint","urlTemplate":"https:\/\/phukienmattroi.com\/?s={search_term_string}"},"query-input":{"@type":"PropertyValueSpecification","valueRequired":true,"valueName":"search_term_string"}}],"inLanguage":"vi"},{"@type":"Organization","@id":"https:\/\/phukienmattroi.com\/#organization","name":"Ph\u1ee5 Ki\u1ec7n M\u1eb7t Tr\u1eddi","url":"https:\/\/phukienmattroi.com\/","logo":{"@type":"ImageObject","inLanguage":"vi","@id":"https:\/\/phukienmattroi.com\/#\/schema\/logo\/image\/","url":"https:\/\/phukienmattroi.com\/wp-content\/uploads\/2024\/03\/TBMT-logo3-1.png","contentUrl":"https:\/\/phukienmattroi.com\/wp-content\/uploads\/2024\/03\/TBMT-logo3-1.png","width":3946,"height":1403,"caption":"Ph\u1ee5 Ki\u1ec7n M\u1eb7t Tr\u1eddi"},"image":{"@id":"https:\/\/phukienmattroi.com\/#\/schema\/logo\/image\/"},"sameAs":["https:\/\/www.facebook.com\/phukienmattroisolar"]}]},"product_price_amount":"146000","product_price_currency":"VND","og_availability":"instock","product_availability":"instock","product_condition":"new"},"jetpack_sharing_enabled":true,"_links":{"self":[{"href":"https:\/\/phukienmattroi.com\/index.php\/wp-json\/wp\/v2\/product\/9574","targetHints":{"allow":["GET"]}}],"collection":[{"href":"https:\/\/phukienmattroi.com\/index.php\/wp-json\/wp\/v2\/product"}],"about":[{"href":"https:\/\/phukienmattroi.com\/index.php\/wp-json\/wp\/v2\/types\/product"}],"replies":[{"embeddable":true,"href":"https:\/\/phukienmattroi.com\/index.php\/wp-json\/wp\/v2\/comments?post=9574"}],"wp:featuredmedia":[{"embeddable":true,"href":"https:\/\/phukienmattroi.com\/index.php\/wp-json\/wp\/v2\/media\/9573"}],"wp:attachment":[{"href":"https:\/\/phukienmattroi.com\/index.php\/wp-json\/wp\/v2\/media?parent=9574"}],"wp:term":[{"taxonomy":"product_brand","embeddable":true,"href":"https:\/\/phukienmattroi.com\/index.php\/wp-json\/wp\/v2\/product_brand?post=9574"},{"taxonomy":"product_cat","embeddable":true,"href":"https:\/\/phukienmattroi.com\/index.php\/wp-json\/wp\/v2\/product_cat?post=9574"},{"taxonomy":"product_tag","embeddable":true,"href":"https:\/\/phukienmattroi.com\/index.php\/wp-json\/wp\/v2\/product_tag?post=9574"}],"curies":[{"name":"wp","href":"https:\/\/api.w.org\/{rel}","templated":true}]}}