{"id":9563,"date":"2025-04-05T08:12:55","date_gmt":"2025-04-05T01:12:55","guid":{"rendered":"https:\/\/phukienmattroi.com\/?post_type=product&#038;p=9563"},"modified":"2025-04-05T08:12:56","modified_gmt":"2025-04-05T01:12:56","slug":"den-am-tran-7w-tatsu","status":"publish","type":"product","link":"https:\/\/phukienmattroi.com\/index.php\/product\/den-am-tran-7w-tatsu\/","title":{"rendered":"\u0110\u00e8n \u00e2m tr\u1ea7n 7w Tatsu"},"content":{"rendered":"<h1 dir=\"auto\">\u0110\u00e8n \u00e2m tr\u1ea7n 7w Tatsu<\/h1>\n<div dir=\"auto\"><\/div>\n<div dir=\"auto\"><span class=\"html-span xexx8yu x4uap5 x18d9i69 xkhd6sd x1hl2dhg x16tdsg8 x1vvkbs x3nfvp2 x1j61x8r x1fcty0u xdj266r xat24cr xgzva0m xhhsvwb xxymvpz xlup9mm x1kky2od\"><img decoding=\"async\" class=\"xz74otr x168nmei x13lgxp2 x5pf9jr xo71vjh\" src=\"https:\/\/static.xx.fbcdn.net\/images\/emoji.php\/v9\/t30\/1\/16\/1f514.png\" alt=\"\ud83d\udd14\" width=\"16\" height=\"16\" \/><\/span>\u0110\u00c8N LED \u00c2M TR\u1ea6N TATSU &#8211; BI\u1ec2U T\u01af\u1ee2NG C\u1ee6A KH\u00d4NG GIAN HI\u1ec6N \u0110\u1ea0I, TI\u1ec6N NGHI<span class=\"html-span xexx8yu x4uap5 x18d9i69 xkhd6sd x1hl2dhg x16tdsg8 x1vvkbs x3nfvp2 x1j61x8r x1fcty0u xdj266r xat24cr xgzva0m xhhsvwb xxymvpz xlup9mm x1kky2od\"><img decoding=\"async\" class=\"xz74otr x168nmei x13lgxp2 x5pf9jr xo71vjh\" src=\"https:\/\/static.xx.fbcdn.net\/images\/emoji.php\/v9\/t30\/1\/16\/1f514.png\" alt=\"\ud83d\udd14\" width=\"16\" height=\"16\" \/><\/span><\/div>\n<div dir=\"auto\">V\u1edbi nh\u1eefng \u0111\u1eb7c \u0111i\u1ec3m \u01b0u vi\u1ec7t c\u1ee7a \u0111\u00e8n Led \u00e2m tr\u1ea7n Tatsu, s\u1ebd \u0111em \u0111\u1ebfn cho kh\u00f4ng gian s\u1ed1ng di\u1ec7n m\u1ea1o \u1ea5n t\u01b0\u1ee3ng, bi\u1ec3u t\u01b0\u1ee3ng c\u1ee7a s\u1ef1 tinh t\u1ebf, ti\u1ec7n nghi.<\/div>\n<div dir=\"auto\"><span class=\"html-span xexx8yu x4uap5 x18d9i69 xkhd6sd x1hl2dhg x16tdsg8 x1vvkbs x3nfvp2 x1j61x8r x1fcty0u xdj266r xat24cr xgzva0m xhhsvwb xxymvpz xlup9mm x1kky2od\"><img decoding=\"async\" class=\"xz74otr x168nmei x13lgxp2 x5pf9jr xo71vjh\" src=\"https:\/\/static.xx.fbcdn.net\/images\/emoji.php\/v9\/t9c\/1\/16\/1f53b.png\" alt=\"\ud83d\udd3b\" width=\"16\" height=\"16\" \/><\/span> C\u00f4ng su\u1ea5t 7w\/9w\/12w d\u1ec5 d\u00e0ng l\u1ef1a ch\u1ecdn, thi\u1ebft k\u1ebf l\u1eafp \u0111\u1eb7t cho m\u1ecdi kh\u00f4ng gian v\u00e0 nhu c\u1ea7u chi\u1ebfu s\u00e1ng.<\/div>\n<div dir=\"auto\"><span class=\"html-span xexx8yu x4uap5 x18d9i69 xkhd6sd x1hl2dhg x16tdsg8 x1vvkbs x3nfvp2 x1j61x8r x1fcty0u xdj266r xat24cr xgzva0m xhhsvwb xxymvpz xlup9mm x1kky2od\"><img decoding=\"async\" class=\"xz74otr x168nmei x13lgxp2 x5pf9jr xo71vjh\" src=\"https:\/\/static.xx.fbcdn.net\/images\/emoji.php\/v9\/t9c\/1\/16\/1f53b.png\" alt=\"\ud83d\udd3b\" width=\"16\" height=\"16\" \/><\/span> Thi\u1ebft k\u1ebf m\u1ecfng nh\u1eb9, d\u1ec5 d\u00e0ng l\u1eafp \u0111\u1eb7t tr\u00ean nhi\u1ec1u v\u1eadt li\u1ec7u tr\u1ea7n, h\u1ee3p v\u1edbi m\u1ecdi phong c\u00e1ch n\u1ed9i th\u1ea5t, t\u1eeb c\u1ed5 \u0111i\u1ec3n \u0111\u1ebfn hi\u1ec7n \u0111\u1ea1i.<\/div>\n<div dir=\"auto\"><span class=\"html-span xexx8yu x4uap5 x18d9i69 xkhd6sd x1hl2dhg x16tdsg8 x1vvkbs x3nfvp2 x1j61x8r x1fcty0u xdj266r xat24cr xgzva0m xhhsvwb xxymvpz xlup9mm x1kky2od\"><img decoding=\"async\" class=\"xz74otr x168nmei x13lgxp2 x5pf9jr xo71vjh\" src=\"https:\/\/static.xx.fbcdn.net\/images\/emoji.php\/v9\/t9c\/1\/16\/1f53b.png\" alt=\"\ud83d\udd3b\" width=\"16\" height=\"16\" \/><\/span> Vi\u1ec1n b\u1ea1c, v\u00e0ng t\u1ea1o \u0111i\u1ec3m nh\u1ea5n cho kh\u00f4ng gian n\u1ed9i th\u1ea5t.<\/div>\n<div dir=\"auto\"><span class=\"html-span xexx8yu x4uap5 x18d9i69 xkhd6sd x1hl2dhg x16tdsg8 x1vvkbs x3nfvp2 x1j61x8r x1fcty0u xdj266r xat24cr xgzva0m xhhsvwb xxymvpz xlup9mm x1kky2od\"><img decoding=\"async\" class=\"xz74otr x168nmei x13lgxp2 x5pf9jr xo71vjh\" src=\"https:\/\/static.xx.fbcdn.net\/images\/emoji.php\/v9\/t9c\/1\/16\/1f53b.png\" alt=\"\ud83d\udd3b\" width=\"16\" height=\"16\" \/><\/span> \u00c1nh s\u00e1ng ch\u00e2n th\u1ef1c, ph\u00e2n b\u1ed1 \u0111\u1ed3ng \u0111\u1ec1u.<\/div>\n<div dir=\"auto\"><span class=\"html-span xexx8yu x4uap5 x18d9i69 xkhd6sd x1hl2dhg x16tdsg8 x1vvkbs x3nfvp2 x1j61x8r x1fcty0u xdj266r xat24cr xgzva0m xhhsvwb xxymvpz xlup9mm x1kky2od\"><img decoding=\"async\" class=\"xz74otr x168nmei x13lgxp2 x5pf9jr xo71vjh\" src=\"https:\/\/static.xx.fbcdn.net\/images\/emoji.php\/v9\/t9c\/1\/16\/1f53b.png\" alt=\"\ud83d\udd3b\" width=\"16\" height=\"16\" \/><\/span> \u0110\u1ed5i 3 m\u00e0u \u00e1nh s\u00e1ng Tr\u1eafng\/V\u00e0ng\/Trung \u0111i\u1ec1u ch\u1ec9nh theo \u00fd th\u00edch<\/div>\n<div dir=\"auto\"><span class=\"html-span xexx8yu x4uap5 x18d9i69 xkhd6sd x1hl2dhg x16tdsg8 x1vvkbs x3nfvp2 x1j61x8r x1fcty0u xdj266r xat24cr xgzva0m xhhsvwb xxymvpz xlup9mm x1kky2od\"><img decoding=\"async\" class=\"xz74otr x168nmei x13lgxp2 x5pf9jr xo71vjh\" src=\"https:\/\/static.xx.fbcdn.net\/images\/emoji.php\/v9\/t9c\/1\/16\/1f53b.png\" alt=\"\ud83d\udd3b\" width=\"16\" height=\"16\" \/><\/span> Chi\u1ebfu s\u00e1ng b\u1ec1n b\u1ec9, tu\u1ed5i th\u1ecd \u0111\u00e8n cao.<\/div>\n<div dir=\"auto\"><span class=\"html-span xexx8yu x4uap5 x18d9i69 xkhd6sd x1hl2dhg x16tdsg8 x1vvkbs x3nfvp2 x1j61x8r x1fcty0u xdj266r xat24cr xgzva0m xhhsvwb xxymvpz xlup9mm x1kky2od\"><img decoding=\"async\" class=\"xz74otr x168nmei x13lgxp2 x5pf9jr xo71vjh\" src=\"https:\/\/static.xx.fbcdn.net\/images\/emoji.php\/v9\/t51\/1\/16\/1f449.png\" alt=\"\ud83d\udc49\" width=\"16\" height=\"16\" \/><\/span> L\u1eafp \u0111\u1eb7t ngay \u0111\u00e8n Led \u00e2m tr\u1ea7n Tatsu \u0111\u1ec3 thi\u1ebft k\u1ebf kh\u00f4ng gian s\u1ed1ng \u1ea5n t\u01b0\u1ee3ng, \u0111\u1ed9c \u0111\u00e1o!!<\/div>\n<div dir=\"auto\"><span class=\"html-span xexx8yu x4uap5 x18d9i69 xkhd6sd x1hl2dhg x16tdsg8 x1vvkbs x3nfvp2 x1j61x8r x1fcty0u xdj266r xat24cr xgzva0m xhhsvwb xxymvpz xlup9mm x1kky2od\"><img loading=\"lazy\" decoding=\"async\" class=\"xz74otr x168nmei x13lgxp2 x5pf9jr xo71vjh\" src=\"https:\/\/static.xx.fbcdn.net\/images\/emoji.php\/v9\/t4d\/1\/16\/1f4de.png\" alt=\"\ud83d\udcde\" width=\"16\" height=\"16\" \/><\/span> \u0110\u1ec3 t\u00ecm hi\u1ec3u v\u1ec1 c\u00e1c s\u1ea3n ph\u1ea9m \u0111\u00e8n \u1ed1p tr\u1ea7n c\u1ee7a nh\u00e0 m\u00e1y Tatsu, Qu\u00fd kh\u00e1ch h\u00e0ng nhanh tay li\u00ean h\u1ec7 ngay v\u1edbi ch\u00fang t\u00f4i \u0111\u1ec3 \u0111\u01b0\u1ee3c t\u01b0 v\u1ea5n chi ti\u1ebft nh\u1ea5t<\/div>\n<div dir=\"auto\"><span class=\"html-span xexx8yu x4uap5 x18d9i69 xkhd6sd x1hl2dhg x16tdsg8 x1vvkbs x3nfvp2 x1j61x8r x1fcty0u xdj266r xat24cr xgzva0m xhhsvwb xxymvpz xlup9mm x1kky2od\"><img loading=\"lazy\" decoding=\"async\" class=\"xz74otr x168nmei x13lgxp2 x5pf9jr xo71vjh\" src=\"https:\/\/static.xx.fbcdn.net\/images\/emoji.php\/v9\/t6c\/1\/16\/2764.png\" alt=\"\u2764\ufe0f\" width=\"16\" height=\"16\" \/><\/span> \u0110\u00e8n led TATSU &#8211; B\u00f3ng \u0111\u00e8n Vi\u1ec7t Nam ch\u1ea5t l\u01b0\u1ee3ng, gi\u00e1 r\u1ebb cho m\u1ecdi nh\u00e0.<\/div>\n","protected":false},"excerpt":{"rendered":"<p data-pm-slice=\"1 1 []\">L\u1ed7 kho\u00e9t 90mm<\/p>\n<p>Chip LED 2835 -1w\/6v<\/p>\n<p>Ch\u1ea5t li\u1ec7u \u0111\u1ebf , v\u00e0nh nh\u00f4m , chao PMMA,<\/p>\n<p>hi\u1ec7u su\u1ea5t 100lm\/w<\/p>\n<p>M\u00e0u s\u00e1nh s\u00e1ng: Tr\u1eafng 6500K, v\u00e0ng 3000k, trung t\u00ednh 4000k<\/p>\n<p>D\u1ea3i \u0111i\u1ec7n \u00e1p: 60-260V<\/p>\n<p>\u0110i\u1ec7n \u00e1p s\u1eed d\u1ee5ng: 220V<\/p>\n","protected":false},"featured_media":9564,"comment_status":"open","ping_status":"closed","template":"","meta":[],"product_brand":[],"product_cat":[30],"product_tag":[],"class_list":{"0":"post-9563","1":"product","2":"type-product","3":"status-publish","4":"has-post-thumbnail","6":"product_cat-den-220v","8":"first","9":"instock","10":"sale","11":"taxable","12":"shipping-taxable","13":"purchasable","14":"product-type-simple"},"yoast_head":"<!-- This site is optimized with the Yoast SEO Premium plugin v22.6 (Yoast SEO v27.3) - https:\/\/yoast.com\/product\/yoast-seo-premium-wordpress\/ -->\n<title>\u0110\u00e8n \u00e2m tr\u1ea7n 7w Tatsu - Ph\u1ee5 Ki\u1ec7n M\u1eb7t Tr\u1eddi<\/title>\n<meta name=\"description\" content=\"L\u1ed7 kho\u00e9t 90mmChip LED 2835 -1w\/6vCh\u1ea5t li\u1ec7u \u0111\u1ebf , v\u00e0nh nh\u00f4m , chao PMMA,hi\u1ec7u su\u1ea5t 100lm\/wM\u00e0u s\u00e1nh s\u00e1ng: Tr\u1eafng 6500K, v\u00e0ng 3000k, trung t\u00ednh 4000kD\u1ea3i \u0111i\u1ec7n \u00e1p: 60-\" \/>\n<meta name=\"robots\" content=\"index, follow, max-snippet:-1, max-image-preview:large, max-video-preview:-1\" \/>\n<link rel=\"canonical\" href=\"https:\/\/phukienmattroi.com\/index.php\/product\/den-am-tran-7w-tatsu\/\" \/>\n<meta property=\"og:locale\" content=\"vi_VN\" \/>\n<meta property=\"og:type\" content=\"article\" \/>\n<meta property=\"og:title\" content=\"\u0110\u00e8n \u00e2m tr\u1ea7n 7w Tatsu\" \/>\n<meta property=\"og:description\" content=\"L\u1ed7 kho\u00e9t 90mmChip LED 2835 -1w\/6vCh\u1ea5t li\u1ec7u \u0111\u1ebf , v\u00e0nh nh\u00f4m , chao PMMA,hi\u1ec7u su\u1ea5t 100lm\/wM\u00e0u s\u00e1nh s\u00e1ng: Tr\u1eafng 6500K, v\u00e0ng 3000k, trung t\u00ednh 4000kD\u1ea3i \u0111i\u1ec7n \u00e1p: 60-\" \/>\n<meta property=\"og:url\" content=\"https:\/\/phukienmattroi.com\/index.php\/product\/den-am-tran-7w-tatsu\/\" \/>\n<meta property=\"og:site_name\" content=\"Ph\u1ee5 Ki\u1ec7n M\u1eb7t Tr\u1eddi\" \/>\n<meta property=\"article:publisher\" content=\"https:\/\/www.facebook.com\/phukienmattroisolar\" \/>\n<meta property=\"article:modified_time\" content=\"2025-04-05T01:12:56+00:00\" \/>\n<meta property=\"og:image\" content=\"https:\/\/phukienmattroi.com\/wp-content\/uploads\/2025\/04\/z4776980344715_b533dd2965d8162e164ab4d43516ce14.jpg\" \/>\n\t<meta property=\"og:image:width\" content=\"960\" \/>\n\t<meta property=\"og:image:height\" content=\"1280\" \/>\n\t<meta property=\"og:image:type\" content=\"image\/jpeg\" \/>\n<meta name=\"twitter:card\" content=\"summary_large_image\" \/>\n<meta name=\"twitter:label1\" content=\"Gi\u00e1\" \/>\n\t<meta name=\"twitter:data1\" content=\"35.000&nbsp;&#8363;\" \/>\n\t<meta name=\"twitter:label2\" content=\"Kh\u1ea3 d\u1ee5ng\" \/>\n\t<meta name=\"twitter:data2\" content=\"Trong kho\" \/>\n<script type=\"application\/ld+json\" class=\"yoast-schema-graph\">{\"@context\":\"https:\\\/\\\/schema.org\",\"@graph\":[{\"@type\":\"WebPage\",\"@id\":\"https:\\\/\\\/phukienmattroi.com\\\/index.php\\\/product\\\/den-am-tran-7w-tatsu\\\/\",\"url\":\"https:\\\/\\\/phukienmattroi.com\\\/index.php\\\/product\\\/den-am-tran-7w-tatsu\\\/\",\"name\":\"\u0110\u00e8n \u00e2m tr\u1ea7n 7w Tatsu - Ph\u1ee5 Ki\u1ec7n M\u1eb7t Tr\u1eddi\",\"isPartOf\":{\"@id\":\"https:\\\/\\\/phukienmattroi.com\\\/#website\"},\"primaryImageOfPage\":{\"@id\":\"https:\\\/\\\/phukienmattroi.com\\\/index.php\\\/product\\\/den-am-tran-7w-tatsu\\\/#primaryimage\"},\"image\":{\"@id\":\"https:\\\/\\\/phukienmattroi.com\\\/index.php\\\/product\\\/den-am-tran-7w-tatsu\\\/#primaryimage\"},\"thumbnailUrl\":\"https:\\\/\\\/phukienmattroi.com\\\/wp-content\\\/uploads\\\/2025\\\/04\\\/z4776980344715_b533dd2965d8162e164ab4d43516ce14.jpg\",\"datePublished\":\"2025-04-05T01:12:55+00:00\",\"dateModified\":\"2025-04-05T01:12:56+00:00\",\"description\":\"L\u1ed7 kho\u00e9t 90mmChip LED 2835 -1w\\\/6vCh\u1ea5t li\u1ec7u \u0111\u1ebf , v\u00e0nh nh\u00f4m , chao PMMA,hi\u1ec7u su\u1ea5t 100lm\\\/wM\u00e0u s\u00e1nh s\u00e1ng: Tr\u1eafng 6500K, v\u00e0ng 3000k, trung t\u00ednh 4000kD\u1ea3i \u0111i\u1ec7n \u00e1p: 60-\",\"breadcrumb\":{\"@id\":\"https:\\\/\\\/phukienmattroi.com\\\/index.php\\\/product\\\/den-am-tran-7w-tatsu\\\/#breadcrumb\"},\"inLanguage\":\"vi\",\"potentialAction\":[{\"@type\":\"ReadAction\",\"target\":[\"https:\\\/\\\/phukienmattroi.com\\\/index.php\\\/product\\\/den-am-tran-7w-tatsu\\\/\"]}]},{\"@type\":\"ImageObject\",\"inLanguage\":\"vi\",\"@id\":\"https:\\\/\\\/phukienmattroi.com\\\/index.php\\\/product\\\/den-am-tran-7w-tatsu\\\/#primaryimage\",\"url\":\"https:\\\/\\\/phukienmattroi.com\\\/wp-content\\\/uploads\\\/2025\\\/04\\\/z4776980344715_b533dd2965d8162e164ab4d43516ce14.jpg\",\"contentUrl\":\"https:\\\/\\\/phukienmattroi.com\\\/wp-content\\\/uploads\\\/2025\\\/04\\\/z4776980344715_b533dd2965d8162e164ab4d43516ce14.jpg\",\"width\":960,\"height\":1280},{\"@type\":\"BreadcrumbList\",\"@id\":\"https:\\\/\\\/phukienmattroi.com\\\/index.php\\\/product\\\/den-am-tran-7w-tatsu\\\/#breadcrumb\",\"itemListElement\":[{\"@type\":\"ListItem\",\"position\":1,\"name\":\"Trang ch\u1ee7\",\"item\":\"https:\\\/\\\/phukienmattroi.com\\\/\"},{\"@type\":\"ListItem\",\"position\":2,\"name\":\"S\u1ea3n ph\u1ea9m\",\"item\":\"https:\\\/\\\/phukienmattroi.com\\\/index.php\\\/shop\\\/\"},{\"@type\":\"ListItem\",\"position\":3,\"name\":\"\u0110\u00e8n \u00e2m tr\u1ea7n 7w Tatsu\"}]},{\"@type\":\"WebSite\",\"@id\":\"https:\\\/\\\/phukienmattroi.com\\\/#website\",\"url\":\"https:\\\/\\\/phukienmattroi.com\\\/\",\"name\":\"Ph\u1ee5 Ki\u1ec7n M\u1eb7t Tr\u1eddi\",\"description\":\"Ph\u1ee5 Ki\u1ec7n M\u1eb7t Tr\u1eddi\",\"publisher\":{\"@id\":\"https:\\\/\\\/phukienmattroi.com\\\/#organization\"},\"potentialAction\":[{\"@type\":\"SearchAction\",\"target\":{\"@type\":\"EntryPoint\",\"urlTemplate\":\"https:\\\/\\\/phukienmattroi.com\\\/?s={search_term_string}\"},\"query-input\":{\"@type\":\"PropertyValueSpecification\",\"valueRequired\":true,\"valueName\":\"search_term_string\"}}],\"inLanguage\":\"vi\"},{\"@type\":\"Organization\",\"@id\":\"https:\\\/\\\/phukienmattroi.com\\\/#organization\",\"name\":\"Ph\u1ee5 Ki\u1ec7n M\u1eb7t Tr\u1eddi\",\"url\":\"https:\\\/\\\/phukienmattroi.com\\\/\",\"logo\":{\"@type\":\"ImageObject\",\"inLanguage\":\"vi\",\"@id\":\"https:\\\/\\\/phukienmattroi.com\\\/#\\\/schema\\\/logo\\\/image\\\/\",\"url\":\"https:\\\/\\\/phukienmattroi.com\\\/wp-content\\\/uploads\\\/2024\\\/03\\\/TBMT-logo3-1.png\",\"contentUrl\":\"https:\\\/\\\/phukienmattroi.com\\\/wp-content\\\/uploads\\\/2024\\\/03\\\/TBMT-logo3-1.png\",\"width\":3946,\"height\":1403,\"caption\":\"Ph\u1ee5 Ki\u1ec7n M\u1eb7t Tr\u1eddi\"},\"image\":{\"@id\":\"https:\\\/\\\/phukienmattroi.com\\\/#\\\/schema\\\/logo\\\/image\\\/\"},\"sameAs\":[\"https:\\\/\\\/www.facebook.com\\\/phukienmattroisolar\"]}]}<\/script>\n<meta property=\"product:price:amount\" content=\"35000\" \/>\n<meta property=\"product:price:currency\" content=\"VND\" \/>\n<meta property=\"og:availability\" content=\"instock\" \/>\n<meta property=\"product:availability\" content=\"instock\" \/>\n<meta property=\"product:condition\" content=\"new\" \/>\n<!-- \/ Yoast SEO Premium plugin. -->","yoast_head_json":{"title":"\u0110\u00e8n \u00e2m tr\u1ea7n 7w Tatsu - Ph\u1ee5 Ki\u1ec7n M\u1eb7t Tr\u1eddi","description":"L\u1ed7 kho\u00e9t 90mmChip LED 2835 -1w\/6vCh\u1ea5t li\u1ec7u \u0111\u1ebf , v\u00e0nh nh\u00f4m , chao PMMA,hi\u1ec7u su\u1ea5t 100lm\/wM\u00e0u s\u00e1nh s\u00e1ng: Tr\u1eafng 6500K, v\u00e0ng 3000k, trung t\u00ednh 4000kD\u1ea3i \u0111i\u1ec7n \u00e1p: 60-","robots":{"index":"index","follow":"follow","max-snippet":"max-snippet:-1","max-image-preview":"max-image-preview:large","max-video-preview":"max-video-preview:-1"},"canonical":"https:\/\/phukienmattroi.com\/index.php\/product\/den-am-tran-7w-tatsu\/","og_locale":"vi_VN","og_type":"article","og_title":"\u0110\u00e8n \u00e2m tr\u1ea7n 7w Tatsu","og_description":"L\u1ed7 kho\u00e9t 90mmChip LED 2835 -1w\/6vCh\u1ea5t li\u1ec7u \u0111\u1ebf , v\u00e0nh nh\u00f4m , chao PMMA,hi\u1ec7u su\u1ea5t 100lm\/wM\u00e0u s\u00e1nh s\u00e1ng: Tr\u1eafng 6500K, v\u00e0ng 3000k, trung t\u00ednh 4000kD\u1ea3i \u0111i\u1ec7n \u00e1p: 60-","og_url":"https:\/\/phukienmattroi.com\/index.php\/product\/den-am-tran-7w-tatsu\/","og_site_name":"Ph\u1ee5 Ki\u1ec7n M\u1eb7t Tr\u1eddi","article_publisher":"https:\/\/www.facebook.com\/phukienmattroisolar","article_modified_time":"2025-04-05T01:12:56+00:00","og_image":[{"width":960,"height":1280,"url":"https:\/\/phukienmattroi.com\/wp-content\/uploads\/2025\/04\/z4776980344715_b533dd2965d8162e164ab4d43516ce14.jpg","type":"image\/jpeg"}],"twitter_card":"summary_large_image","twitter_misc":{"Gi\u00e1":"35.000&nbsp;&#8363;","Kh\u1ea3 d\u1ee5ng":"Trong kho"},"schema":{"@context":"https:\/\/schema.org","@graph":[{"@type":"WebPage","@id":"https:\/\/phukienmattroi.com\/index.php\/product\/den-am-tran-7w-tatsu\/","url":"https:\/\/phukienmattroi.com\/index.php\/product\/den-am-tran-7w-tatsu\/","name":"\u0110\u00e8n \u00e2m tr\u1ea7n 7w Tatsu - Ph\u1ee5 Ki\u1ec7n M\u1eb7t Tr\u1eddi","isPartOf":{"@id":"https:\/\/phukienmattroi.com\/#website"},"primaryImageOfPage":{"@id":"https:\/\/phukienmattroi.com\/index.php\/product\/den-am-tran-7w-tatsu\/#primaryimage"},"image":{"@id":"https:\/\/phukienmattroi.com\/index.php\/product\/den-am-tran-7w-tatsu\/#primaryimage"},"thumbnailUrl":"https:\/\/phukienmattroi.com\/wp-content\/uploads\/2025\/04\/z4776980344715_b533dd2965d8162e164ab4d43516ce14.jpg","datePublished":"2025-04-05T01:12:55+00:00","dateModified":"2025-04-05T01:12:56+00:00","description":"L\u1ed7 kho\u00e9t 90mmChip LED 2835 -1w\/6vCh\u1ea5t li\u1ec7u \u0111\u1ebf , v\u00e0nh nh\u00f4m , chao PMMA,hi\u1ec7u su\u1ea5t 100lm\/wM\u00e0u s\u00e1nh s\u00e1ng: Tr\u1eafng 6500K, v\u00e0ng 3000k, trung t\u00ednh 4000kD\u1ea3i \u0111i\u1ec7n \u00e1p: 60-","breadcrumb":{"@id":"https:\/\/phukienmattroi.com\/index.php\/product\/den-am-tran-7w-tatsu\/#breadcrumb"},"inLanguage":"vi","potentialAction":[{"@type":"ReadAction","target":["https:\/\/phukienmattroi.com\/index.php\/product\/den-am-tran-7w-tatsu\/"]}]},{"@type":"ImageObject","inLanguage":"vi","@id":"https:\/\/phukienmattroi.com\/index.php\/product\/den-am-tran-7w-tatsu\/#primaryimage","url":"https:\/\/phukienmattroi.com\/wp-content\/uploads\/2025\/04\/z4776980344715_b533dd2965d8162e164ab4d43516ce14.jpg","contentUrl":"https:\/\/phukienmattroi.com\/wp-content\/uploads\/2025\/04\/z4776980344715_b533dd2965d8162e164ab4d43516ce14.jpg","width":960,"height":1280},{"@type":"BreadcrumbList","@id":"https:\/\/phukienmattroi.com\/index.php\/product\/den-am-tran-7w-tatsu\/#breadcrumb","itemListElement":[{"@type":"ListItem","position":1,"name":"Trang ch\u1ee7","item":"https:\/\/phukienmattroi.com\/"},{"@type":"ListItem","position":2,"name":"S\u1ea3n ph\u1ea9m","item":"https:\/\/phukienmattroi.com\/index.php\/shop\/"},{"@type":"ListItem","position":3,"name":"\u0110\u00e8n \u00e2m tr\u1ea7n 7w Tatsu"}]},{"@type":"WebSite","@id":"https:\/\/phukienmattroi.com\/#website","url":"https:\/\/phukienmattroi.com\/","name":"Ph\u1ee5 Ki\u1ec7n M\u1eb7t Tr\u1eddi","description":"Ph\u1ee5 Ki\u1ec7n M\u1eb7t Tr\u1eddi","publisher":{"@id":"https:\/\/phukienmattroi.com\/#organization"},"potentialAction":[{"@type":"SearchAction","target":{"@type":"EntryPoint","urlTemplate":"https:\/\/phukienmattroi.com\/?s={search_term_string}"},"query-input":{"@type":"PropertyValueSpecification","valueRequired":true,"valueName":"search_term_string"}}],"inLanguage":"vi"},{"@type":"Organization","@id":"https:\/\/phukienmattroi.com\/#organization","name":"Ph\u1ee5 Ki\u1ec7n M\u1eb7t Tr\u1eddi","url":"https:\/\/phukienmattroi.com\/","logo":{"@type":"ImageObject","inLanguage":"vi","@id":"https:\/\/phukienmattroi.com\/#\/schema\/logo\/image\/","url":"https:\/\/phukienmattroi.com\/wp-content\/uploads\/2024\/03\/TBMT-logo3-1.png","contentUrl":"https:\/\/phukienmattroi.com\/wp-content\/uploads\/2024\/03\/TBMT-logo3-1.png","width":3946,"height":1403,"caption":"Ph\u1ee5 Ki\u1ec7n M\u1eb7t Tr\u1eddi"},"image":{"@id":"https:\/\/phukienmattroi.com\/#\/schema\/logo\/image\/"},"sameAs":["https:\/\/www.facebook.com\/phukienmattroisolar"]}]},"product_price_amount":"35000","product_price_currency":"VND","og_availability":"instock","product_availability":"instock","product_condition":"new"},"jetpack_sharing_enabled":true,"_links":{"self":[{"href":"https:\/\/phukienmattroi.com\/index.php\/wp-json\/wp\/v2\/product\/9563","targetHints":{"allow":["GET"]}}],"collection":[{"href":"https:\/\/phukienmattroi.com\/index.php\/wp-json\/wp\/v2\/product"}],"about":[{"href":"https:\/\/phukienmattroi.com\/index.php\/wp-json\/wp\/v2\/types\/product"}],"replies":[{"embeddable":true,"href":"https:\/\/phukienmattroi.com\/index.php\/wp-json\/wp\/v2\/comments?post=9563"}],"wp:featuredmedia":[{"embeddable":true,"href":"https:\/\/phukienmattroi.com\/index.php\/wp-json\/wp\/v2\/media\/9564"}],"wp:attachment":[{"href":"https:\/\/phukienmattroi.com\/index.php\/wp-json\/wp\/v2\/media?parent=9563"}],"wp:term":[{"taxonomy":"product_brand","embeddable":true,"href":"https:\/\/phukienmattroi.com\/index.php\/wp-json\/wp\/v2\/product_brand?post=9563"},{"taxonomy":"product_cat","embeddable":true,"href":"https:\/\/phukienmattroi.com\/index.php\/wp-json\/wp\/v2\/product_cat?post=9563"},{"taxonomy":"product_tag","embeddable":true,"href":"https:\/\/phukienmattroi.com\/index.php\/wp-json\/wp\/v2\/product_tag?post=9563"}],"curies":[{"name":"wp","href":"https:\/\/api.w.org\/{rel}","templated":true}]}}