{"id":9559,"date":"2025-04-05T08:03:08","date_gmt":"2025-04-05T01:03:08","guid":{"rendered":"https:\/\/phukienmattroi.com\/?post_type=product&#038;p=9559"},"modified":"2025-09-20T21:15:16","modified_gmt":"2025-09-20T14:15:16","slug":"bong-den-tatsu-led-20w-sieu-tiet-kiem-dien","status":"publish","type":"product","link":"https:\/\/phukienmattroi.com\/index.php\/product\/bong-den-tatsu-led-20w-sieu-tiet-kiem-dien\/","title":{"rendered":"B\u00f3ng \u0110\u00e8n Tatsu Led 20W Si\u00eau Ti\u1ebft Ki\u1ec7m \u0110i\u1ec7n"},"content":{"rendered":"<p><span data-spm-anchor-id=\"a2o4n.pdp_revamp.product_detail.i1.421b3ea6eSYogn\">B\u00f3ng \u0110\u00e8n Tatsu Led 20W Si\u00eau Ti\u1ebft Ki\u1ec7m \u0110i\u1ec7n Gi\u00e1 R\u1ebb<\/span><\/p>\n<p><em>L\u01b0u \u00fd: Gi\u00e1 s\u1ea3n ph\u1ea9m ch\u01b0a + ph\u00ed ship, \u0111\u01a1n h\u00e0ng t\u1eeb 500 ngh\u00ecn \u0111\u1ed3ng s\u1ebd \u0111\u01b0\u1ee3c mi\u1ec5n ship.<\/em><\/p>\n<p>&nbsp;<\/p>\n<p>\u2764\ufe0fTQ Elephants Store K\u00ednh ch\u00e0o Qu\u00fd kh\u00e1ch\u2764\ufe0f<\/p>\n<p>H\u00e3y Follow shop \u0111\u1ec3 \u0111\u01b0\u1ee3c nh\u1eadn nhi\u1ec1u \u01b0u \u0111\u00e3i v\u00f4 c\u00f9ng h\u1ea5p d\u1eabn nh\u00e9.<\/p>\n<p>\u2014\u2014\u2014\u2014\u2014 \u2764\ufe0f\u2764\ufe0f\u2764\ufe0f\u2014\u2014\u2014\u2014\u2014\u2014<\/p>\n<p>\ud83d\udd30 TH\u00d4NG TIN S\u1ea2N PH\u1ea8M:<\/p>\n<p>(L\u01b0u \u00fd: B\u00f3ng \u0111\u00e8n ch\u01b0a k\u00e8m \u0111ui + d\u00e2y. Vui l\u00f2ng mua th\u00eam d\u00e2y + \u0111ui t\u1ea1i \u0111\u1ec3 \u0111\u01b0\u1ee3c nh\u1eadn \u01b0u \u0111\u00e3i)<\/p>\n<p>&#8211; C\u00d4NG SU\u1ea4T: 20W<\/p>\n<p>\u2022 Quang th\u00f4ng: 1350 lm<\/p>\n<p>\u2022 Hi\u1ec7u su\u1ea5t s\u00e1ng: 90 lm\/W<\/p>\n<p>\u2022 Nhi\u1ec7t \u0111\u1ed9 m\u00e0u: 6500K<\/p>\n<p>\u2022 H\u1ec7 s\u1ed1 tr\u1ea3 m\u00e0u (CRI): 80<\/p>\n<p>\u2022 Tu\u1ed5i th\u1ecd \u0111\u00e8n: 20.000 ~ 30.000 gi\u1edd<\/p>\n<p>\u2022 Chu k\u1ef3 t\u1eaft\/b\u1eadt: 50.000 l\u1ea7n<\/p>\n<p>\u2022 Ti\u1ebft ki\u1ec7m \u0111i\u1ec7n n\u0103ng \u0111\u1ebfn 90% gi\u00fap gi\u1ea3m chi ph\u00ed ti\u1ec1n \u0111i\u1ec7n.<\/p>\n<p>\u2022 B\u1ed9 ngu\u1ed3n: 220VAC\/50Hz<\/p>\n<p>\u2022 \u0110ui \u0111\u00e8n E27 d\u1ec5 d\u00e0ng l\u1eafp \u0111\u1eb7t, thay th\u1ebf ngu\u1ed3n s\u00e1ng c\u0169.<\/p>\n<p>\u2022 Kh\u00f4ng ch\u1ee9a thu\u1ef7 ng\u00e2n, ho\u00e1 ch\u1ea5t \u0111\u1ed9c h\u1ea1i, kh\u00f4ng ph\u00e1t ra tia t\u1eed ngo\u1ea1i, th\u00e2n thi\u1ec7n v\u1edbi m\u00f4i tr\u01b0\u1eddng.<\/p>\n<p>\u2022 \u1ee8ng d\u1ee5ng: S\u1eed d\u1ee5ng cho c\u00e1c kh\u00f4ng gian trong gia \u0111\u00ecnh ph\u00f2ng kh\u00e1ch, ph\u00f2ng ng\u1ee7, ph\u00f2ng b\u1ebfp, ph\u00f2ng t\u1eafm \u2026, c\u00e1c kh\u00f4ng gian r\u1ed9ng nh\u01b0 nh\u00e0 x\u01b0\u1edfng, kho\u2026<\/p>\n<p>K\u00cdCH TH\u01af\u1edaC PH\u00d2NG KHUY\u1ebeN NGH\u1eca<\/p>\n<p>10W &#8211; D\u00f9ng cho ph\u00f2ng 3 m2<\/p>\n<p>15W &#8211; D\u00f9ng cho ph\u00f2ng 5 m2<\/p>\n<p>20W &#8211; D\u00f9ng cho ph\u00f2ng 10 m2<\/p>\n<p>30W &#8211; D\u00f9ng cho ph\u00f2ng 15 m2<\/p>\n<p>40W &#8211; D\u00f9ng cho ph\u00f2ng 20 m2<\/p>\n<p>50W &#8211; D\u00f9ng cho ph\u00f2ng 25 m2<\/p>\n<p>65W &#8211; D\u00f9ng cho ph\u00f2ng 30 m2<\/p>\n<p>&nbsp;<\/p>\n<p>K\u00cdCH TH\u01af\u1edaC B\u00d3NG ( \u0110\u01af\u1edcNG K\u00cdNH B\u00d3NG X CHI\u1ec0U CAO &#8211; CHI\u1ec0U CAO T\u00cdNH C\u1ea2 \u0110UI \u0110\u00c8N)<\/p>\n<p>5W: 4.5CM X 9.5CM<\/p>\n<p>10W 5.5CM X 11CM<\/p>\n<p>15W 6.5CM X 12CM<\/p>\n<p>20W 7.5CM X 13CM<\/p>\n<p>30W 9CM X 16CM<\/p>\n<p>40W 11CM X 18CM<\/p>\n<p>50W 12CM X 20CM<\/p>\n<p>65W 13CM X 21CM<\/p>\n<p>&nbsp;<\/p>\n<p><img decoding=\"async\" src=\"https:\/\/img.lazcdn.com\/g\/p\/1340b7a3e896f4ee0958602927a71f4a.jpg_2200x2200q80.jpg_.webp\" \/><\/p>\n<p><img decoding=\"async\" src=\"https:\/\/img.lazcdn.com\/g\/p\/cbb78d1591337ef493ed736e1940c598.jpg_2200x2200q80.jpg_.webp\" \/><\/p>\n<p>&nbsp;<\/p>\n<p>&nbsp;<\/p>\n<p>==&gt;&gt; NH\u1eacP S\u1ec8 VUI L\u00d2NG IB TR\u1ef0C TI\u1ebeP CHO SHOP NH\u00c9<\/p>\n<p>&nbsp;<\/p>\n<p>&#8211; B\u1ea2O H\u00c0NH 6 TH\u00c1NG \u0110\u1ed4I M\u1edaI<\/p>\n<p>&#8211; S\u1ea3n ph\u1ea9m c\u1ee7a h\u00e3ng TATSU<\/p>\n<p>&#8211; S\u1ea3n xu\u1ea5t t\u1ea1i Vi\u1ec7t Nam<\/p>\n<p>&nbsp;<\/p>\n<p>#lebbulb #ledtru #led #bulb #linhphi #bongdenled #bongden #bongled #led5w #led10W #led20W #led30W #led40w #led50W<\/p>\n","protected":false},"excerpt":{"rendered":"<p>B\u00f3ng \u0110\u00e8n Tatsu Led 20W Si\u00eau Ti\u1ebft Ki\u1ec7m \u0110i\u1ec7n Gi\u00e1 R\u1ebb L\u01b0u \u00fd: Gi\u00e1 s\u1ea3n ph\u1ea9m ch\u01b0a + ph\u00ed ship, \u0111\u01a1n h\u00e0ng t\u1eeb 500 ngh\u00ecn \u0111\u1ed3ng s\u1ebd \u0111\u01b0\u1ee3c mi\u1ec5n ship.<\/p>\n","protected":false},"featured_media":9560,"comment_status":"open","ping_status":"closed","template":"","meta":[],"product_brand":[],"product_cat":[30],"product_tag":[],"class_list":{"0":"post-9559","1":"product","2":"type-product","3":"status-publish","4":"has-post-thumbnail","6":"product_cat-den-220v","7":"yith_product_brand-tatsu","9":"first","10":"instock","11":"sale","12":"taxable","13":"shipping-taxable","14":"purchasable","15":"product-type-simple"},"yoast_head":"<!-- This site is optimized with the Yoast SEO Premium plugin v22.6 (Yoast SEO v27.3) - https:\/\/yoast.com\/product\/yoast-seo-premium-wordpress\/ -->\n<title>B\u00f3ng \u0110\u00e8n Tatsu Led 20W Si\u00eau Ti\u1ebft Ki\u1ec7m \u0110i\u1ec7n - Ph\u1ee5 Ki\u1ec7n M\u1eb7t Tr\u1eddi<\/title>\n<meta name=\"description\" content=\"(L\u01b0u \u00fd: B\u00f3ng \u0111\u00e8n ch\u01b0a k\u00e8m \u0111ui + d\u00e2y. Vui l\u00f2ng mua th\u00eam d\u00e2y + \u0111ui t\u1ea1i \u0111\u1ec3 \u0111\u01b0\u1ee3c nh\u1eadn \u01b0u \u0111\u00e3i)- C\u00d4NG SU\u1ea4T: 20W\u2022 Quang th\u00f4ng: 1350 lm\u2022 Hi\u1ec7u su\u1ea5t s\u00e1ng: 90 lm\/W\u2022 Nhi\u1ec7t \u0111\u1ed9 m\u00e0u: 6500K\u2022 H\u1ec7 s\u1ed1 tr\u1ea3 m\u00e0u (CRI): 80\" \/>\n<meta name=\"robots\" content=\"index, follow, max-snippet:-1, max-image-preview:large, max-video-preview:-1\" \/>\n<link rel=\"canonical\" href=\"https:\/\/phukienmattroi.com\/index.php\/product\/bong-den-tatsu-led-20w-sieu-tiet-kiem-dien\/\" \/>\n<meta property=\"og:locale\" content=\"vi_VN\" \/>\n<meta property=\"og:type\" content=\"article\" \/>\n<meta property=\"og:title\" content=\"B\u00f3ng \u0110\u00e8n Tatsu Led 20W Si\u00eau Ti\u1ebft Ki\u1ec7m \u0110i\u1ec7n\" \/>\n<meta property=\"og:description\" content=\"(L\u01b0u \u00fd: B\u00f3ng \u0111\u00e8n ch\u01b0a k\u00e8m \u0111ui + d\u00e2y. Vui l\u00f2ng mua th\u00eam d\u00e2y + \u0111ui t\u1ea1i \u0111\u1ec3 \u0111\u01b0\u1ee3c nh\u1eadn \u01b0u \u0111\u00e3i)- C\u00d4NG SU\u1ea4T: 20W\u2022 Quang th\u00f4ng: 1350 lm\u2022 Hi\u1ec7u su\u1ea5t s\u00e1ng: 90 lm\/W\u2022 Nhi\u1ec7t \u0111\u1ed9 m\u00e0u: 6500K\u2022 H\u1ec7 s\u1ed1 tr\u1ea3 m\u00e0u (CRI): 80\" \/>\n<meta property=\"og:url\" content=\"https:\/\/phukienmattroi.com\/index.php\/product\/bong-den-tatsu-led-20w-sieu-tiet-kiem-dien\/\" \/>\n<meta property=\"og:site_name\" content=\"Ph\u1ee5 Ki\u1ec7n M\u1eb7t Tr\u1eddi\" \/>\n<meta property=\"article:publisher\" content=\"https:\/\/www.facebook.com\/phukienmattroisolar\" \/>\n<meta property=\"article:modified_time\" content=\"2025-09-20T14:15:16+00:00\" \/>\n<meta property=\"og:image\" content=\"https:\/\/phukienmattroi.com\/wp-content\/uploads\/2025\/04\/61ef4e4ebe79e738496b79b8daae559e.jpg\" \/>\n\t<meta property=\"og:image:width\" content=\"1923\" \/>\n\t<meta property=\"og:image:height\" content=\"1462\" \/>\n\t<meta property=\"og:image:type\" content=\"image\/jpeg\" \/>\n<meta name=\"twitter:card\" content=\"summary_large_image\" \/>\n<meta name=\"twitter:label1\" content=\"Gi\u00e1\" \/>\n\t<meta name=\"twitter:data1\" content=\"22.500&nbsp;&#8363;\" \/>\n\t<meta name=\"twitter:label2\" content=\"Kh\u1ea3 d\u1ee5ng\" \/>\n\t<meta name=\"twitter:data2\" content=\"Trong kho\" \/>\n<script type=\"application\/ld+json\" class=\"yoast-schema-graph\">{\"@context\":\"https:\\\/\\\/schema.org\",\"@graph\":[{\"@type\":\"WebPage\",\"@id\":\"https:\\\/\\\/phukienmattroi.com\\\/index.php\\\/product\\\/bong-den-tatsu-led-20w-sieu-tiet-kiem-dien\\\/\",\"url\":\"https:\\\/\\\/phukienmattroi.com\\\/index.php\\\/product\\\/bong-den-tatsu-led-20w-sieu-tiet-kiem-dien\\\/\",\"name\":\"B\u00f3ng \u0110\u00e8n Tatsu Led 20W Si\u00eau Ti\u1ebft Ki\u1ec7m \u0110i\u1ec7n - Ph\u1ee5 Ki\u1ec7n M\u1eb7t Tr\u1eddi\",\"isPartOf\":{\"@id\":\"https:\\\/\\\/phukienmattroi.com\\\/#website\"},\"primaryImageOfPage\":{\"@id\":\"https:\\\/\\\/phukienmattroi.com\\\/index.php\\\/product\\\/bong-den-tatsu-led-20w-sieu-tiet-kiem-dien\\\/#primaryimage\"},\"image\":{\"@id\":\"https:\\\/\\\/phukienmattroi.com\\\/index.php\\\/product\\\/bong-den-tatsu-led-20w-sieu-tiet-kiem-dien\\\/#primaryimage\"},\"thumbnailUrl\":\"https:\\\/\\\/phukienmattroi.com\\\/wp-content\\\/uploads\\\/2025\\\/04\\\/61ef4e4ebe79e738496b79b8daae559e.jpg\",\"datePublished\":\"2025-04-05T01:03:08+00:00\",\"dateModified\":\"2025-09-20T14:15:16+00:00\",\"description\":\"(L\u01b0u \u00fd: B\u00f3ng \u0111\u00e8n ch\u01b0a k\u00e8m \u0111ui + d\u00e2y. Vui l\u00f2ng mua th\u00eam d\u00e2y + \u0111ui t\u1ea1i \u0111\u1ec3 \u0111\u01b0\u1ee3c nh\u1eadn \u01b0u \u0111\u00e3i)- C\u00d4NG SU\u1ea4T: 20W\u2022 Quang th\u00f4ng: 1350 lm\u2022 Hi\u1ec7u su\u1ea5t s\u00e1ng: 90 lm\\\/W\u2022 Nhi\u1ec7t \u0111\u1ed9 m\u00e0u: 6500K\u2022 H\u1ec7 s\u1ed1 tr\u1ea3 m\u00e0u (CRI): 80\",\"breadcrumb\":{\"@id\":\"https:\\\/\\\/phukienmattroi.com\\\/index.php\\\/product\\\/bong-den-tatsu-led-20w-sieu-tiet-kiem-dien\\\/#breadcrumb\"},\"inLanguage\":\"vi\",\"potentialAction\":[{\"@type\":\"ReadAction\",\"target\":[\"https:\\\/\\\/phukienmattroi.com\\\/index.php\\\/product\\\/bong-den-tatsu-led-20w-sieu-tiet-kiem-dien\\\/\"]}]},{\"@type\":\"ImageObject\",\"inLanguage\":\"vi\",\"@id\":\"https:\\\/\\\/phukienmattroi.com\\\/index.php\\\/product\\\/bong-den-tatsu-led-20w-sieu-tiet-kiem-dien\\\/#primaryimage\",\"url\":\"https:\\\/\\\/phukienmattroi.com\\\/wp-content\\\/uploads\\\/2025\\\/04\\\/61ef4e4ebe79e738496b79b8daae559e.jpg\",\"contentUrl\":\"https:\\\/\\\/phukienmattroi.com\\\/wp-content\\\/uploads\\\/2025\\\/04\\\/61ef4e4ebe79e738496b79b8daae559e.jpg\",\"width\":1923,\"height\":1462},{\"@type\":\"BreadcrumbList\",\"@id\":\"https:\\\/\\\/phukienmattroi.com\\\/index.php\\\/product\\\/bong-den-tatsu-led-20w-sieu-tiet-kiem-dien\\\/#breadcrumb\",\"itemListElement\":[{\"@type\":\"ListItem\",\"position\":1,\"name\":\"Trang ch\u1ee7\",\"item\":\"https:\\\/\\\/phukienmattroi.com\\\/\"},{\"@type\":\"ListItem\",\"position\":2,\"name\":\"S\u1ea3n ph\u1ea9m\",\"item\":\"https:\\\/\\\/phukienmattroi.com\\\/index.php\\\/shop\\\/\"},{\"@type\":\"ListItem\",\"position\":3,\"name\":\"B\u00f3ng \u0110\u00e8n Tatsu Led 20W Si\u00eau Ti\u1ebft Ki\u1ec7m \u0110i\u1ec7n\"}]},{\"@type\":\"WebSite\",\"@id\":\"https:\\\/\\\/phukienmattroi.com\\\/#website\",\"url\":\"https:\\\/\\\/phukienmattroi.com\\\/\",\"name\":\"Ph\u1ee5 Ki\u1ec7n M\u1eb7t Tr\u1eddi\",\"description\":\"Ph\u1ee5 Ki\u1ec7n M\u1eb7t Tr\u1eddi\",\"publisher\":{\"@id\":\"https:\\\/\\\/phukienmattroi.com\\\/#organization\"},\"potentialAction\":[{\"@type\":\"SearchAction\",\"target\":{\"@type\":\"EntryPoint\",\"urlTemplate\":\"https:\\\/\\\/phukienmattroi.com\\\/?s={search_term_string}\"},\"query-input\":{\"@type\":\"PropertyValueSpecification\",\"valueRequired\":true,\"valueName\":\"search_term_string\"}}],\"inLanguage\":\"vi\"},{\"@type\":\"Organization\",\"@id\":\"https:\\\/\\\/phukienmattroi.com\\\/#organization\",\"name\":\"Ph\u1ee5 Ki\u1ec7n M\u1eb7t Tr\u1eddi\",\"url\":\"https:\\\/\\\/phukienmattroi.com\\\/\",\"logo\":{\"@type\":\"ImageObject\",\"inLanguage\":\"vi\",\"@id\":\"https:\\\/\\\/phukienmattroi.com\\\/#\\\/schema\\\/logo\\\/image\\\/\",\"url\":\"https:\\\/\\\/phukienmattroi.com\\\/wp-content\\\/uploads\\\/2024\\\/03\\\/TBMT-logo3-1.png\",\"contentUrl\":\"https:\\\/\\\/phukienmattroi.com\\\/wp-content\\\/uploads\\\/2024\\\/03\\\/TBMT-logo3-1.png\",\"width\":3946,\"height\":1403,\"caption\":\"Ph\u1ee5 Ki\u1ec7n M\u1eb7t Tr\u1eddi\"},\"image\":{\"@id\":\"https:\\\/\\\/phukienmattroi.com\\\/#\\\/schema\\\/logo\\\/image\\\/\"},\"sameAs\":[\"https:\\\/\\\/www.facebook.com\\\/phukienmattroisolar\"]}]}<\/script>\n<meta property=\"product:price:amount\" content=\"22500\" \/>\n<meta property=\"product:price:currency\" content=\"VND\" \/>\n<meta property=\"og:availability\" content=\"instock\" \/>\n<meta property=\"product:availability\" content=\"instock\" \/>\n<meta property=\"product:condition\" content=\"new\" \/>\n<!-- \/ Yoast SEO Premium plugin. -->","yoast_head_json":{"title":"B\u00f3ng \u0110\u00e8n Tatsu Led 20W Si\u00eau Ti\u1ebft Ki\u1ec7m \u0110i\u1ec7n - Ph\u1ee5 Ki\u1ec7n M\u1eb7t Tr\u1eddi","description":"(L\u01b0u \u00fd: B\u00f3ng \u0111\u00e8n ch\u01b0a k\u00e8m \u0111ui + d\u00e2y. Vui l\u00f2ng mua th\u00eam d\u00e2y + \u0111ui t\u1ea1i \u0111\u1ec3 \u0111\u01b0\u1ee3c nh\u1eadn \u01b0u \u0111\u00e3i)- C\u00d4NG SU\u1ea4T: 20W\u2022 Quang th\u00f4ng: 1350 lm\u2022 Hi\u1ec7u su\u1ea5t s\u00e1ng: 90 lm\/W\u2022 Nhi\u1ec7t \u0111\u1ed9 m\u00e0u: 6500K\u2022 H\u1ec7 s\u1ed1 tr\u1ea3 m\u00e0u (CRI): 80","robots":{"index":"index","follow":"follow","max-snippet":"max-snippet:-1","max-image-preview":"max-image-preview:large","max-video-preview":"max-video-preview:-1"},"canonical":"https:\/\/phukienmattroi.com\/index.php\/product\/bong-den-tatsu-led-20w-sieu-tiet-kiem-dien\/","og_locale":"vi_VN","og_type":"article","og_title":"B\u00f3ng \u0110\u00e8n Tatsu Led 20W Si\u00eau Ti\u1ebft Ki\u1ec7m \u0110i\u1ec7n","og_description":"(L\u01b0u \u00fd: B\u00f3ng \u0111\u00e8n ch\u01b0a k\u00e8m \u0111ui + d\u00e2y. Vui l\u00f2ng mua th\u00eam d\u00e2y + \u0111ui t\u1ea1i \u0111\u1ec3 \u0111\u01b0\u1ee3c nh\u1eadn \u01b0u \u0111\u00e3i)- C\u00d4NG SU\u1ea4T: 20W\u2022 Quang th\u00f4ng: 1350 lm\u2022 Hi\u1ec7u su\u1ea5t s\u00e1ng: 90 lm\/W\u2022 Nhi\u1ec7t \u0111\u1ed9 m\u00e0u: 6500K\u2022 H\u1ec7 s\u1ed1 tr\u1ea3 m\u00e0u (CRI): 80","og_url":"https:\/\/phukienmattroi.com\/index.php\/product\/bong-den-tatsu-led-20w-sieu-tiet-kiem-dien\/","og_site_name":"Ph\u1ee5 Ki\u1ec7n M\u1eb7t Tr\u1eddi","article_publisher":"https:\/\/www.facebook.com\/phukienmattroisolar","article_modified_time":"2025-09-20T14:15:16+00:00","og_image":[{"width":1923,"height":1462,"url":"https:\/\/phukienmattroi.com\/wp-content\/uploads\/2025\/04\/61ef4e4ebe79e738496b79b8daae559e.jpg","type":"image\/jpeg"}],"twitter_card":"summary_large_image","twitter_misc":{"Gi\u00e1":"22.500&nbsp;&#8363;","Kh\u1ea3 d\u1ee5ng":"Trong kho"},"schema":{"@context":"https:\/\/schema.org","@graph":[{"@type":"WebPage","@id":"https:\/\/phukienmattroi.com\/index.php\/product\/bong-den-tatsu-led-20w-sieu-tiet-kiem-dien\/","url":"https:\/\/phukienmattroi.com\/index.php\/product\/bong-den-tatsu-led-20w-sieu-tiet-kiem-dien\/","name":"B\u00f3ng \u0110\u00e8n Tatsu Led 20W Si\u00eau Ti\u1ebft Ki\u1ec7m \u0110i\u1ec7n - Ph\u1ee5 Ki\u1ec7n M\u1eb7t Tr\u1eddi","isPartOf":{"@id":"https:\/\/phukienmattroi.com\/#website"},"primaryImageOfPage":{"@id":"https:\/\/phukienmattroi.com\/index.php\/product\/bong-den-tatsu-led-20w-sieu-tiet-kiem-dien\/#primaryimage"},"image":{"@id":"https:\/\/phukienmattroi.com\/index.php\/product\/bong-den-tatsu-led-20w-sieu-tiet-kiem-dien\/#primaryimage"},"thumbnailUrl":"https:\/\/phukienmattroi.com\/wp-content\/uploads\/2025\/04\/61ef4e4ebe79e738496b79b8daae559e.jpg","datePublished":"2025-04-05T01:03:08+00:00","dateModified":"2025-09-20T14:15:16+00:00","description":"(L\u01b0u \u00fd: B\u00f3ng \u0111\u00e8n ch\u01b0a k\u00e8m \u0111ui + d\u00e2y. Vui l\u00f2ng mua th\u00eam d\u00e2y + \u0111ui t\u1ea1i \u0111\u1ec3 \u0111\u01b0\u1ee3c nh\u1eadn \u01b0u \u0111\u00e3i)- C\u00d4NG SU\u1ea4T: 20W\u2022 Quang th\u00f4ng: 1350 lm\u2022 Hi\u1ec7u su\u1ea5t s\u00e1ng: 90 lm\/W\u2022 Nhi\u1ec7t \u0111\u1ed9 m\u00e0u: 6500K\u2022 H\u1ec7 s\u1ed1 tr\u1ea3 m\u00e0u (CRI): 80","breadcrumb":{"@id":"https:\/\/phukienmattroi.com\/index.php\/product\/bong-den-tatsu-led-20w-sieu-tiet-kiem-dien\/#breadcrumb"},"inLanguage":"vi","potentialAction":[{"@type":"ReadAction","target":["https:\/\/phukienmattroi.com\/index.php\/product\/bong-den-tatsu-led-20w-sieu-tiet-kiem-dien\/"]}]},{"@type":"ImageObject","inLanguage":"vi","@id":"https:\/\/phukienmattroi.com\/index.php\/product\/bong-den-tatsu-led-20w-sieu-tiet-kiem-dien\/#primaryimage","url":"https:\/\/phukienmattroi.com\/wp-content\/uploads\/2025\/04\/61ef4e4ebe79e738496b79b8daae559e.jpg","contentUrl":"https:\/\/phukienmattroi.com\/wp-content\/uploads\/2025\/04\/61ef4e4ebe79e738496b79b8daae559e.jpg","width":1923,"height":1462},{"@type":"BreadcrumbList","@id":"https:\/\/phukienmattroi.com\/index.php\/product\/bong-den-tatsu-led-20w-sieu-tiet-kiem-dien\/#breadcrumb","itemListElement":[{"@type":"ListItem","position":1,"name":"Trang ch\u1ee7","item":"https:\/\/phukienmattroi.com\/"},{"@type":"ListItem","position":2,"name":"S\u1ea3n ph\u1ea9m","item":"https:\/\/phukienmattroi.com\/index.php\/shop\/"},{"@type":"ListItem","position":3,"name":"B\u00f3ng \u0110\u00e8n Tatsu Led 20W Si\u00eau Ti\u1ebft Ki\u1ec7m \u0110i\u1ec7n"}]},{"@type":"WebSite","@id":"https:\/\/phukienmattroi.com\/#website","url":"https:\/\/phukienmattroi.com\/","name":"Ph\u1ee5 Ki\u1ec7n M\u1eb7t Tr\u1eddi","description":"Ph\u1ee5 Ki\u1ec7n M\u1eb7t Tr\u1eddi","publisher":{"@id":"https:\/\/phukienmattroi.com\/#organization"},"potentialAction":[{"@type":"SearchAction","target":{"@type":"EntryPoint","urlTemplate":"https:\/\/phukienmattroi.com\/?s={search_term_string}"},"query-input":{"@type":"PropertyValueSpecification","valueRequired":true,"valueName":"search_term_string"}}],"inLanguage":"vi"},{"@type":"Organization","@id":"https:\/\/phukienmattroi.com\/#organization","name":"Ph\u1ee5 Ki\u1ec7n M\u1eb7t Tr\u1eddi","url":"https:\/\/phukienmattroi.com\/","logo":{"@type":"ImageObject","inLanguage":"vi","@id":"https:\/\/phukienmattroi.com\/#\/schema\/logo\/image\/","url":"https:\/\/phukienmattroi.com\/wp-content\/uploads\/2024\/03\/TBMT-logo3-1.png","contentUrl":"https:\/\/phukienmattroi.com\/wp-content\/uploads\/2024\/03\/TBMT-logo3-1.png","width":3946,"height":1403,"caption":"Ph\u1ee5 Ki\u1ec7n M\u1eb7t Tr\u1eddi"},"image":{"@id":"https:\/\/phukienmattroi.com\/#\/schema\/logo\/image\/"},"sameAs":["https:\/\/www.facebook.com\/phukienmattroisolar"]}]},"product_price_amount":"22500","product_price_currency":"VND","og_availability":"instock","product_availability":"instock","product_condition":"new"},"jetpack_sharing_enabled":true,"_links":{"self":[{"href":"https:\/\/phukienmattroi.com\/index.php\/wp-json\/wp\/v2\/product\/9559","targetHints":{"allow":["GET"]}}],"collection":[{"href":"https:\/\/phukienmattroi.com\/index.php\/wp-json\/wp\/v2\/product"}],"about":[{"href":"https:\/\/phukienmattroi.com\/index.php\/wp-json\/wp\/v2\/types\/product"}],"replies":[{"embeddable":true,"href":"https:\/\/phukienmattroi.com\/index.php\/wp-json\/wp\/v2\/comments?post=9559"}],"wp:featuredmedia":[{"embeddable":true,"href":"https:\/\/phukienmattroi.com\/index.php\/wp-json\/wp\/v2\/media\/9560"}],"wp:attachment":[{"href":"https:\/\/phukienmattroi.com\/index.php\/wp-json\/wp\/v2\/media?parent=9559"}],"wp:term":[{"taxonomy":"product_brand","embeddable":true,"href":"https:\/\/phukienmattroi.com\/index.php\/wp-json\/wp\/v2\/product_brand?post=9559"},{"taxonomy":"product_cat","embeddable":true,"href":"https:\/\/phukienmattroi.com\/index.php\/wp-json\/wp\/v2\/product_cat?post=9559"},{"taxonomy":"product_tag","embeddable":true,"href":"https:\/\/phukienmattroi.com\/index.php\/wp-json\/wp\/v2\/product_tag?post=9559"}],"curies":[{"name":"wp","href":"https:\/\/api.w.org\/{rel}","templated":true}]}}