{"id":9534,"date":"2025-04-03T17:56:37","date_gmt":"2025-04-03T10:56:37","guid":{"rendered":"https:\/\/phukienmattroi.com\/?post_type=product&#038;p=9534"},"modified":"2025-11-21T09:26:24","modified_gmt":"2025-11-21T02:26:24","slug":"den-op-tran-nang-luong-mat-troi-dmt-c","status":"publish","type":"product","link":"https:\/\/phukienmattroi.com\/index.php\/product\/den-op-tran-nang-luong-mat-troi-dmt-c\/","title":{"rendered":"\u0110\u00e8n \u1ed1p tr\u1ea7n n\u0103ng l\u01b0\u1ee3ng m\u1eb7t tr\u1eddi DMT-C"},"content":{"rendered":"<p><strong>\u0110\u00e8n \u1ed1p tr\u1ea7n n\u0103ng l\u01b0\u1ee3ng m\u1eb7t tr\u1eddi<\/strong>\u00a0th\u01b0\u1eddng \u0111\u01b0\u1ee3c s\u1eed d\u1ee5ng \u1edf trong nh\u00e0, c\u00f3 th\u1ec3 thay th\u1ebf cho \u0111\u00e8n tr\u1ea7n s\u1eed d\u1ee5ng \u0111\u01b0\u1eddng d\u00e2y \u0111i\u1ec7n 220v. Ti\u1ebft ki\u1ec7m chi ph\u00ed s\u1eed d\u1ee5ng \u0111i\u1ec7n, t\u1ef1 \u0111\u1ed9ng c\u1ea3m bi\u1ebfn \u00e1nh s\u00e1ng n\u00ean t\u1ef1 \u0111\u1ed9ng ph\u00e1t s\u00e1ng khi tr\u1eddi t\u1ed1i, t\u1ef1 \u0111\u1ed9ng t\u1eaft khi tr\u1eddi s\u00e1ng, t\u1ef1 \u0111\u1ed9ng s\u1ea1c pin b\u1eb1ng n\u0103ng \u00e1nh s\u00e1ng m\u1eb7t tr\u1eddi. D\u00e2y n\u1ed1i gi\u1eefa t\u1ea5m pin m\u1eb7t tr\u1eddi v\u00e0 \u0111\u00e8n \u1ed1p tr\u1ea7n d\u00e0i \u0111\u1ebfn 5 m\u00e9t ho\u1eb7c li\u00ean h\u1ec7 v\u1edbi b\u1ed9 ph\u1eadn b\u00e1n h\u00e0ng c\u1ee7a DMT \u0111\u1ec3 \u0111\u01b0\u1ee3c t\u01b0 v\u1ea5n s\u1ed1 m\u00e9t d\u00e2y c\u00f3 th\u1ec3 d\u1eed d\u1ee5ng.<\/p>\n<h2><strong>Th\u00f4ng s\u1ed1 k\u1ef9 thu\u1eadt DMT-C<\/strong><\/h2>\n<div class=\"table-responsive\">\n<table>\n<tbody>\n<tr>\n<td><strong>M\u00e3 s\u1ea3n ph\u1ea9m<\/strong><\/td>\n<td>DMT-C18<\/td>\n<td>DMT-C24<\/td>\n<td>DMT-C36<\/td>\n<\/tr>\n<tr>\n<td><strong>C\u00f4ng su\u1ea5t<\/strong><\/td>\n<td>18W<\/td>\n<td>24W<\/td>\n<td>36W<\/td>\n<\/tr>\n<tr>\n<td><strong>Panel<\/strong><\/td>\n<td>Poly 5V\/12W<\/td>\n<td>Poly 5V\/18W<\/td>\n<td>Poly 5V\/25W<\/td>\n<\/tr>\n<tr>\n<td><strong>Pin<\/strong><\/td>\n<td>3.2V\/5000mAh<\/td>\n<td>\u00a03.2V\/10000mAh<\/td>\n<td>\u00a03.2V\/16500mAh<\/td>\n<\/tr>\n<tr>\n<td><strong>LED<\/strong><\/td>\n<td colspan=\"3\">SMD5730 178 b\u00f3ng LED<\/td>\n<\/tr>\n<tr>\n<td><strong>Lumen<\/strong><\/td>\n<td>700 LM<\/td>\n<td>1000 LM<\/td>\n<td>1800 LM<\/td>\n<\/tr>\n<tr>\n<td><strong>M\u1ee9c \u0111\u1ed9 b\u1ea3o v\u1ec7<\/strong><\/td>\n<td colspan=\"3\">IP65<\/td>\n<\/tr>\n<tr>\n<td><strong>Th\u1eddi gian s\u1ea1c<\/strong><\/td>\n<td colspan=\"3\">5 gi\u1edd<\/td>\n<\/tr>\n<tr>\n<td><strong>Th\u1eddi gian chi\u1ebfu s\u00e1ng<\/strong><\/td>\n<td colspan=\"3\">\u2265 11\u00a0gi\u1edd<\/td>\n<\/tr>\n<tr>\n<td><strong>K\u00edch th\u01b0\u1edbc \u0111\u00e8n<\/strong><\/td>\n<td colspan=\"3\">\u00a0\u0110\u01b0\u1eddng k\u00ednh\u00a0290x68mm<\/td>\n<\/tr>\n<tr>\n<td><strong>D\u00e2y k\u1ebft n\u1ed1i<\/strong><\/td>\n<td colspan=\"3\">5m<\/td>\n<\/tr>\n<tr>\n<td><strong>Di\u1ec7n t\u00edch chi\u1ebfu s\u00e1ng<\/strong><\/td>\n<td>60m\u00b3<\/td>\n<td>80m\u00b3<\/td>\n<td>100m\u00b3<\/td>\n<\/tr>\n<tr>\n<td><strong>K\u00edch th\u01b0\u1edbc Panel<\/strong><\/td>\n<td>360x172x17mm<\/td>\n<td>340x290x17mm<\/td>\n<td>\u00a0340x385x17mm<\/td>\n<\/tr>\n<tr>\n<td><strong>Quy c\u00e1ch \u0111\u00f3ng g\u00f3i<\/strong><\/td>\n<td>12pcs\/ th\u00f9ng<\/td>\n<td>6pcs\/th\u00f9ng<\/td>\n<td>6pcs\/th\u00f9ng<\/td>\n<\/tr>\n<tr>\n<td><strong>Ch\u1ee9c n\u0103ng<\/strong><\/td>\n<td colspan=\"3\">\u0110i\u1ec1u khi\u1ec3n \u00e1nh s\u00e1ng, h\u1eb9n gi\u1edd<\/td>\n<\/tr>\n<\/tbody>\n<\/table>\n<\/div>\n<h2><strong>Nh\u1eefng \u0111\u1eb7c \u0111i\u1ec3m v\u1ec1 \u0111\u00e8n n\u0103ng l\u01b0\u1ee3ng DMT-C<\/strong><\/h2>\n<p><a href=\"https:\/\/dmtsolar.com\/den-op-tran-nang-luong-mat-troi-dmt-c.html\"><strong>\u0110\u00e8n \u1ed1p tr\u1ea7n n\u0103ng l\u01b0\u1ee3ng m\u1eb7t tr\u1eddi DMT-C<\/strong><\/a>\u00a0thu\u1ed9c th\u01b0\u01a1ng hi\u1ec7u\u00a0<a href=\"https:\/\/dmtsolar.com\/\"><strong>DMT Solar<\/strong><\/a>\u00a0\u0111\u01b0\u1ee3c s\u1eed d\u1ee5ng ph\u1ed5 bi\u1ebfn trong cu\u1ed9c s\u1ed1ng c\u1ee7a m\u1ecdi ng\u01b0\u1eddi.<\/p>\n<ul>\n<li>D\u00f2ng \u0111\u00e8n \u1ed1p tr\u1ea7n r\u1ea5t \u0111a d\u1ea1ng v\u1ec1 c\u00f4ng su\u1ea5t nh\u01b0 18W, 24W, 36W ph\u00f9 h\u1ee3p v\u1edbi t\u1eebng lo\u1ea1i kh\u00f4ng gian kh\u00e1c nhau t\u1eeb l\u1edbn \u0111\u1ebfn v\u1eeba v\u00e0 nh\u1ecf.<\/li>\n<li>Dung l\u01b0\u1ee3ng pin c\u1ee7a \u0111\u00e8n l\u1ea7n l\u01b0\u1ee3t qua t\u1eebng c\u00f4ng su\u1ea5t nh\u01b0 5000mAh\/10000mAh\/16500mAh, gi\u00fap \u0111\u00e8n c\u00f3 th\u1ec3 tr\u1eef \u0111\u01b0\u1ee3c nhi\u1ec1u ngu\u1ed3n n\u0103ng l\u01b0\u1ee3ng, k\u00e9o d\u00e0i th\u1eddi gian chi\u1ebfu s\u00e1ng l\u00ean \u0111\u1ebfn 12h.<\/li>\n<li>Led SMD \u0111\u01b0\u1ee3c s\u1eed d\u1ee5ng cho \u0111\u00e8n mang l\u1ea1i \u00e1nh s\u00e1ng ch\u00e2n th\u1ef1c h\u01a1n, kh\u00f4ng g\u00e2y h\u1ea1i cho m\u1eaft.<\/li>\n<li>Ngo\u00e0i ra \u0111\u00e8n c\u00f2n \u0111\u01b0\u1ee3c trang b\u1ecb ti\u00eau chu\u1ea9n b\u1ea3o v\u1ec7 IP65, gi\u00fap \u0111\u00e8n c\u00f3 th\u1ec3 ch\u1ed1ng b\u1ee5i c\u0169ng nh\u01b0 ch\u1ed1ng th\u1ea5m n\u01b0\u1edbc, g\u00f3p ph\u1ea7n t\u0103ng tu\u1ed5i th\u1ecd c\u1ee7a \u0111\u00e8n.<\/li>\n<\/ul>\n<p><strong>B\u1ed9 s\u1ea3n ph\u1ea9m bao g\u1ed3m:<\/strong><\/p>\n<ul>\n<li>\u0110\u00e8n \u1ed1p tr\u1ea7n DMT-C.<\/li>\n<li>T\u1ea5m pin n\u0103ng l\u01b0\u1ee3ng m\u1eb7t tr\u1eddi.<\/li>\n<li>\u1ed0c v\u00edt, pin s\u1ea1c nh\u1ecf (cho remote)<\/li>\n<li>Remote \u0111i\u1ec1u khi\u1ec3n.<\/li>\n<\/ul>\n<p><img fetchpriority=\"high\" decoding=\"async\" src=\"https:\/\/dmtsolar.com\/uploads\/102tech\/images\/dmt-c\/den-op-tran-nang-luong-mat-troi-dmt-c-18w-24w-26w.jpg\" alt=\"\u0111\u00e8n \u1ed1p tr\u1ea7n n\u0103ng l\u01b0\u1ee3ng m\u1eb7t tr\u1eddi\" width=\"800\" height=\"734\" \/><\/p>\n<h2><strong>L\u01b0u \u00fd khi s\u1eed d\u1ee5ng \u0111\u00e8n \u1ed1p tr\u1ea7n n\u0103ng l\u01b0\u1ee3ng m\u1eb7t tr\u1eddi\u00a0DMT-C<\/strong><\/h2>\n<p>M\u1ed9t s\u1ed1 l\u01b0u \u00fd b\u1ea1n c\u1ea7n bi\u1ebft khi s\u1eed d\u1ee5ng\u00a0<a href=\"https:\/\/dmtsolar.com\/den-trong-nha-nang-luong-mat-troi\" target=\"_blank\" rel=\"noopener\">\u0111\u00e8n n\u0103ng l\u01b0\u1ee3ng m\u1eb7t tr\u1eddi trong nh\u00e0<\/a>\u00a0\u0111\u1ec3 mang l\u1ea1i hi\u1ec7u qu\u1ea3 t\u1ed1t nh\u1ea5t:<\/p>\n<ul>\n<li>L\u1eafp \u0111\u1eb7t t\u1ea5m pin n\u0103ng l\u01b0\u1ee3ng m\u1eb7t tr\u1eddi \u1edf n\u01a1i c\u00f3 \u00e1nh n\u1eafng t\u1ed1i thi\u1ec3u 6 gi\u1edd m\u1ed7i ng\u00e0y.<\/li>\n<li>Th\u01b0\u1eddng xuy\u00ean v\u1ec7 sinh b\u1ec1 m\u1eb7t t\u1ea5m pin m\u1eb7t tr\u1eddi \u0111\u1ec3 \u0111\u00e8n c\u00f3 th\u1ec3 ti\u1ebfp thu \u00e1nh n\u1eafng t\u1ed1t h\u01a1n (kho\u1ea3ng th\u1eddi gian t\u1ed1t nh\u1ea5t l\u00e0 3 th\u00e1ng m\u1ed9t l\u1ea7n).<\/li>\n<li>M\u1eb7c d\u00f9 \u0111\u01b0\u1ee3c thi\u1ebft k\u1ebf ph\u00f9 h\u1ee3p cho s\u1eed d\u1ee5ng l\u00e0m \u0111\u00e8n \u1ed1p tr\u1ea7n trong nh\u00e0 nh\u01b0ng DMT-C v\u1eabn \u0111\u01b0\u1ee3c trang b\u1ecb kh\u1ea3 n\u0103ng ch\u1ed1ng b\u1ee5i v\u00e0 n\u01b0\u1edbc IP65, v\u1edbi \u01b0u \u0111i\u1ec3m n\u00e0y b\u1ea1n c\u0169ng c\u00f3 th\u1ec3 l\u1eafp \u0111\u1eb7t \u0111\u00e8n DMT-C \u1edf ngo\u00e0i tr\u1eddi tho\u1ea3i m\u00e1i m\u00e0 kh\u00f4ng s\u1ee3 b\u1ecb h\u01b0 h\u1ecfng. Ho\u1eb7c b\u1ea1n c\u0169ng c\u00f3 th\u1ec3 l\u1eafp \u1edf nh\u1eefng n\u01a1i m\u01b0a gi\u00f3 c\u00f3 th\u1ec3 t\u1ea1t v\u00e0o v\u1eabn s\u1eed d\u1ee5ng t\u1ed1t.<\/li>\n<\/ul>\n<h2><strong>\u1ee8ng d\u1ee5ng \u0111\u00e8n \u1ed1p tr\u1ea7n n\u0103ng l\u01b0\u1ee3ng v\u00e0o cu\u1ed9c s\u1ed1ng.<\/strong><\/h2>\n<p>\u0110\u00e8n \u1ed1p tr\u1ea7n \u0111a ph\u1ea7n \u0111\u01b0\u1ee3c \u1ee9ng d\u1ee5ng v\u00e0o nh\u1eefng kh\u00f4ng gian k\u00edn nh\u01b0:<\/p>\n<ul>\n<li>Trong nh\u00e0, ph\u00f2ng kh\u00e1ch,nh\u00e0 v\u1ec7 sinh,&#8230;<\/li>\n<li>C\u00f4ng ty, v\u0103n ph\u00f2ng, s\u1ea3nh ti\u1ebfp kh\u00e1ch, ph\u00f2ng h\u1ecdp,&#8230;<\/li>\n<li>C\u00e1c c\u1eeda h\u00e0ng th\u1eddi trang, khu trung t\u00e2m th\u01b0\u01a1ng m\u1ea1i,&#8230;<\/li>\n<\/ul>\n","protected":false},"excerpt":{"rendered":"<p>\u0110\u00e8n \u1ed1p tr\u1ea7n n\u0103ng l\u01b0\u1ee3ng m\u1eb7t tr\u1eddi\u00a0th\u01b0\u1eddng \u0111\u01b0\u1ee3c s\u1eed d\u1ee5ng \u1edf trong nh\u00e0, c\u00f3 th\u1ec3 thay th\u1ebf cho \u0111\u00e8n tr\u1ea7n s\u1eed d\u1ee5ng \u0111\u01b0\u1eddng d\u00e2y \u0111i\u1ec7n 220v. Ti\u1ebft ki\u1ec7m chi ph\u00ed<\/p>\n","protected":false},"featured_media":9535,"comment_status":"open","ping_status":"closed","template":"","meta":[],"product_brand":[],"product_cat":[32],"product_tag":[],"class_list":{"0":"post-9534","1":"product","2":"type-product","3":"status-publish","4":"has-post-thumbnail","6":"product_cat-den-op-tran","8":"first","9":"instock","10":"sale","11":"taxable","12":"shipping-taxable","13":"purchasable","14":"product-type-simple"},"yoast_head":"<!-- This site is optimized with the Yoast SEO Premium plugin v22.6 (Yoast SEO v27.4) - https:\/\/yoast.com\/product\/yoast-seo-premium-wordpress\/ -->\n<title>\u0110\u00e8n \u1ed1p tr\u1ea7n n\u0103ng l\u01b0\u1ee3ng m\u1eb7t tr\u1eddi DMT-C - Ph\u1ee5 Ki\u1ec7n M\u1eb7t Tr\u1eddi<\/title>\n<meta name=\"robots\" content=\"index, follow, max-snippet:-1, max-image-preview:large, max-video-preview:-1\" \/>\n<link rel=\"canonical\" href=\"https:\/\/phukienmattroi.com\/index.php\/product\/den-op-tran-nang-luong-mat-troi-dmt-c\/\" \/>\n<meta property=\"og:locale\" content=\"vi_VN\" \/>\n<meta property=\"og:type\" content=\"article\" \/>\n<meta property=\"og:title\" content=\"\u0110\u00e8n \u1ed1p tr\u1ea7n n\u0103ng l\u01b0\u1ee3ng m\u1eb7t tr\u1eddi DMT-C\" \/>\n<meta property=\"og:description\" content=\"\u0110\u00e8n \u1ed1p tr\u1ea7n n\u0103ng l\u01b0\u1ee3ng m\u1eb7t tr\u1eddi\u00a0th\u01b0\u1eddng \u0111\u01b0\u1ee3c s\u1eed d\u1ee5ng \u1edf trong nh\u00e0, c\u00f3 th\u1ec3 thay th\u1ebf cho \u0111\u00e8n tr\u1ea7n s\u1eed d\u1ee5ng \u0111\u01b0\u1eddng d\u00e2y \u0111i\u1ec7n 220v. Ti\u1ebft ki\u1ec7m chi ph\u00ed\" \/>\n<meta property=\"og:url\" content=\"https:\/\/phukienmattroi.com\/index.php\/product\/den-op-tran-nang-luong-mat-troi-dmt-c\/\" \/>\n<meta property=\"og:site_name\" content=\"Ph\u1ee5 Ki\u1ec7n M\u1eb7t Tr\u1eddi\" \/>\n<meta property=\"article:publisher\" content=\"https:\/\/www.facebook.com\/phukienmattroisolar\" \/>\n<meta property=\"article:modified_time\" content=\"2025-11-21T02:26:24+00:00\" \/>\n<meta property=\"og:image\" content=\"https:\/\/phukienmattroi.com\/wp-content\/uploads\/2025\/04\/den-op-tran-nang-luong-mat-troi-dmt-c_2.jpg\" \/>\n\t<meta property=\"og:image:width\" content=\"600\" \/>\n\t<meta property=\"og:image:height\" content=\"600\" \/>\n\t<meta property=\"og:image:type\" content=\"image\/jpeg\" \/>\n<meta name=\"twitter:card\" content=\"summary_large_image\" \/>\n<meta name=\"twitter:label1\" content=\"Gi\u00e1\" \/>\n\t<meta name=\"twitter:data1\" content=\"720.000&nbsp;&#8363;\" \/>\n\t<meta name=\"twitter:label2\" content=\"Kh\u1ea3 d\u1ee5ng\" \/>\n\t<meta name=\"twitter:data2\" content=\"Trong kho\" \/>\n<script type=\"application\/ld+json\" class=\"yoast-schema-graph\">{\"@context\":\"https:\\\/\\\/schema.org\",\"@graph\":[{\"@type\":\"WebPage\",\"@id\":\"https:\\\/\\\/phukienmattroi.com\\\/index.php\\\/product\\\/den-op-tran-nang-luong-mat-troi-dmt-c\\\/\",\"url\":\"https:\\\/\\\/phukienmattroi.com\\\/index.php\\\/product\\\/den-op-tran-nang-luong-mat-troi-dmt-c\\\/\",\"name\":\"\u0110\u00e8n \u1ed1p tr\u1ea7n n\u0103ng l\u01b0\u1ee3ng m\u1eb7t tr\u1eddi DMT-C - Ph\u1ee5 Ki\u1ec7n M\u1eb7t Tr\u1eddi\",\"isPartOf\":{\"@id\":\"https:\\\/\\\/phukienmattroi.com\\\/#website\"},\"primaryImageOfPage\":{\"@id\":\"https:\\\/\\\/phukienmattroi.com\\\/index.php\\\/product\\\/den-op-tran-nang-luong-mat-troi-dmt-c\\\/#primaryimage\"},\"image\":{\"@id\":\"https:\\\/\\\/phukienmattroi.com\\\/index.php\\\/product\\\/den-op-tran-nang-luong-mat-troi-dmt-c\\\/#primaryimage\"},\"thumbnailUrl\":\"https:\\\/\\\/phukienmattroi.com\\\/wp-content\\\/uploads\\\/2025\\\/04\\\/den-op-tran-nang-luong-mat-troi-dmt-c_2.jpg\",\"datePublished\":\"2025-04-03T10:56:37+00:00\",\"dateModified\":\"2025-11-21T02:26:24+00:00\",\"breadcrumb\":{\"@id\":\"https:\\\/\\\/phukienmattroi.com\\\/index.php\\\/product\\\/den-op-tran-nang-luong-mat-troi-dmt-c\\\/#breadcrumb\"},\"inLanguage\":\"vi\",\"potentialAction\":[{\"@type\":\"ReadAction\",\"target\":[\"https:\\\/\\\/phukienmattroi.com\\\/index.php\\\/product\\\/den-op-tran-nang-luong-mat-troi-dmt-c\\\/\"]}]},{\"@type\":\"ImageObject\",\"inLanguage\":\"vi\",\"@id\":\"https:\\\/\\\/phukienmattroi.com\\\/index.php\\\/product\\\/den-op-tran-nang-luong-mat-troi-dmt-c\\\/#primaryimage\",\"url\":\"https:\\\/\\\/phukienmattroi.com\\\/wp-content\\\/uploads\\\/2025\\\/04\\\/den-op-tran-nang-luong-mat-troi-dmt-c_2.jpg\",\"contentUrl\":\"https:\\\/\\\/phukienmattroi.com\\\/wp-content\\\/uploads\\\/2025\\\/04\\\/den-op-tran-nang-luong-mat-troi-dmt-c_2.jpg\",\"width\":600,\"height\":600},{\"@type\":\"BreadcrumbList\",\"@id\":\"https:\\\/\\\/phukienmattroi.com\\\/index.php\\\/product\\\/den-op-tran-nang-luong-mat-troi-dmt-c\\\/#breadcrumb\",\"itemListElement\":[{\"@type\":\"ListItem\",\"position\":1,\"name\":\"Trang ch\u1ee7\",\"item\":\"https:\\\/\\\/phukienmattroi.com\\\/\"},{\"@type\":\"ListItem\",\"position\":2,\"name\":\"S\u1ea3n ph\u1ea9m\",\"item\":\"https:\\\/\\\/phukienmattroi.com\\\/index.php\\\/shop\\\/\"},{\"@type\":\"ListItem\",\"position\":3,\"name\":\"\u0110\u00e8n \u1ed1p tr\u1ea7n n\u0103ng l\u01b0\u1ee3ng m\u1eb7t tr\u1eddi DMT-C\"}]},{\"@type\":\"WebSite\",\"@id\":\"https:\\\/\\\/phukienmattroi.com\\\/#website\",\"url\":\"https:\\\/\\\/phukienmattroi.com\\\/\",\"name\":\"Ph\u1ee5 Ki\u1ec7n M\u1eb7t Tr\u1eddi\",\"description\":\"Ph\u1ee5 Ki\u1ec7n M\u1eb7t Tr\u1eddi\",\"publisher\":{\"@id\":\"https:\\\/\\\/phukienmattroi.com\\\/#organization\"},\"potentialAction\":[{\"@type\":\"SearchAction\",\"target\":{\"@type\":\"EntryPoint\",\"urlTemplate\":\"https:\\\/\\\/phukienmattroi.com\\\/?s={search_term_string}\"},\"query-input\":{\"@type\":\"PropertyValueSpecification\",\"valueRequired\":true,\"valueName\":\"search_term_string\"}}],\"inLanguage\":\"vi\"},{\"@type\":\"Organization\",\"@id\":\"https:\\\/\\\/phukienmattroi.com\\\/#organization\",\"name\":\"Ph\u1ee5 Ki\u1ec7n M\u1eb7t Tr\u1eddi\",\"url\":\"https:\\\/\\\/phukienmattroi.com\\\/\",\"logo\":{\"@type\":\"ImageObject\",\"inLanguage\":\"vi\",\"@id\":\"https:\\\/\\\/phukienmattroi.com\\\/#\\\/schema\\\/logo\\\/image\\\/\",\"url\":\"https:\\\/\\\/phukienmattroi.com\\\/wp-content\\\/uploads\\\/2024\\\/03\\\/TBMT-logo3-1.png\",\"contentUrl\":\"https:\\\/\\\/phukienmattroi.com\\\/wp-content\\\/uploads\\\/2024\\\/03\\\/TBMT-logo3-1.png\",\"width\":3946,\"height\":1403,\"caption\":\"Ph\u1ee5 Ki\u1ec7n M\u1eb7t Tr\u1eddi\"},\"image\":{\"@id\":\"https:\\\/\\\/phukienmattroi.com\\\/#\\\/schema\\\/logo\\\/image\\\/\"},\"sameAs\":[\"https:\\\/\\\/www.facebook.com\\\/phukienmattroisolar\"]}]}<\/script>\n<meta property=\"product:price:amount\" content=\"720000\" \/>\n<meta property=\"product:price:currency\" content=\"VND\" \/>\n<meta property=\"og:availability\" content=\"instock\" \/>\n<meta property=\"product:availability\" content=\"instock\" \/>\n<meta property=\"product:condition\" content=\"new\" \/>\n<!-- \/ Yoast SEO Premium plugin. -->","yoast_head_json":{"title":"\u0110\u00e8n \u1ed1p tr\u1ea7n n\u0103ng l\u01b0\u1ee3ng m\u1eb7t tr\u1eddi DMT-C - Ph\u1ee5 Ki\u1ec7n M\u1eb7t Tr\u1eddi","robots":{"index":"index","follow":"follow","max-snippet":"max-snippet:-1","max-image-preview":"max-image-preview:large","max-video-preview":"max-video-preview:-1"},"canonical":"https:\/\/phukienmattroi.com\/index.php\/product\/den-op-tran-nang-luong-mat-troi-dmt-c\/","og_locale":"vi_VN","og_type":"article","og_title":"\u0110\u00e8n \u1ed1p tr\u1ea7n n\u0103ng l\u01b0\u1ee3ng m\u1eb7t tr\u1eddi DMT-C","og_description":"\u0110\u00e8n \u1ed1p tr\u1ea7n n\u0103ng l\u01b0\u1ee3ng m\u1eb7t tr\u1eddi\u00a0th\u01b0\u1eddng \u0111\u01b0\u1ee3c s\u1eed d\u1ee5ng \u1edf trong nh\u00e0, c\u00f3 th\u1ec3 thay th\u1ebf cho \u0111\u00e8n tr\u1ea7n s\u1eed d\u1ee5ng \u0111\u01b0\u1eddng d\u00e2y \u0111i\u1ec7n 220v. Ti\u1ebft ki\u1ec7m chi ph\u00ed","og_url":"https:\/\/phukienmattroi.com\/index.php\/product\/den-op-tran-nang-luong-mat-troi-dmt-c\/","og_site_name":"Ph\u1ee5 Ki\u1ec7n M\u1eb7t Tr\u1eddi","article_publisher":"https:\/\/www.facebook.com\/phukienmattroisolar","article_modified_time":"2025-11-21T02:26:24+00:00","og_image":[{"width":600,"height":600,"url":"https:\/\/phukienmattroi.com\/wp-content\/uploads\/2025\/04\/den-op-tran-nang-luong-mat-troi-dmt-c_2.jpg","type":"image\/jpeg"}],"twitter_card":"summary_large_image","twitter_misc":{"Gi\u00e1":"720.000&nbsp;&#8363;","Kh\u1ea3 d\u1ee5ng":"Trong kho"},"schema":{"@context":"https:\/\/schema.org","@graph":[{"@type":"WebPage","@id":"https:\/\/phukienmattroi.com\/index.php\/product\/den-op-tran-nang-luong-mat-troi-dmt-c\/","url":"https:\/\/phukienmattroi.com\/index.php\/product\/den-op-tran-nang-luong-mat-troi-dmt-c\/","name":"\u0110\u00e8n \u1ed1p tr\u1ea7n n\u0103ng l\u01b0\u1ee3ng m\u1eb7t tr\u1eddi DMT-C - Ph\u1ee5 Ki\u1ec7n M\u1eb7t Tr\u1eddi","isPartOf":{"@id":"https:\/\/phukienmattroi.com\/#website"},"primaryImageOfPage":{"@id":"https:\/\/phukienmattroi.com\/index.php\/product\/den-op-tran-nang-luong-mat-troi-dmt-c\/#primaryimage"},"image":{"@id":"https:\/\/phukienmattroi.com\/index.php\/product\/den-op-tran-nang-luong-mat-troi-dmt-c\/#primaryimage"},"thumbnailUrl":"https:\/\/phukienmattroi.com\/wp-content\/uploads\/2025\/04\/den-op-tran-nang-luong-mat-troi-dmt-c_2.jpg","datePublished":"2025-04-03T10:56:37+00:00","dateModified":"2025-11-21T02:26:24+00:00","breadcrumb":{"@id":"https:\/\/phukienmattroi.com\/index.php\/product\/den-op-tran-nang-luong-mat-troi-dmt-c\/#breadcrumb"},"inLanguage":"vi","potentialAction":[{"@type":"ReadAction","target":["https:\/\/phukienmattroi.com\/index.php\/product\/den-op-tran-nang-luong-mat-troi-dmt-c\/"]}]},{"@type":"ImageObject","inLanguage":"vi","@id":"https:\/\/phukienmattroi.com\/index.php\/product\/den-op-tran-nang-luong-mat-troi-dmt-c\/#primaryimage","url":"https:\/\/phukienmattroi.com\/wp-content\/uploads\/2025\/04\/den-op-tran-nang-luong-mat-troi-dmt-c_2.jpg","contentUrl":"https:\/\/phukienmattroi.com\/wp-content\/uploads\/2025\/04\/den-op-tran-nang-luong-mat-troi-dmt-c_2.jpg","width":600,"height":600},{"@type":"BreadcrumbList","@id":"https:\/\/phukienmattroi.com\/index.php\/product\/den-op-tran-nang-luong-mat-troi-dmt-c\/#breadcrumb","itemListElement":[{"@type":"ListItem","position":1,"name":"Trang ch\u1ee7","item":"https:\/\/phukienmattroi.com\/"},{"@type":"ListItem","position":2,"name":"S\u1ea3n ph\u1ea9m","item":"https:\/\/phukienmattroi.com\/index.php\/shop\/"},{"@type":"ListItem","position":3,"name":"\u0110\u00e8n \u1ed1p tr\u1ea7n n\u0103ng l\u01b0\u1ee3ng m\u1eb7t tr\u1eddi DMT-C"}]},{"@type":"WebSite","@id":"https:\/\/phukienmattroi.com\/#website","url":"https:\/\/phukienmattroi.com\/","name":"Ph\u1ee5 Ki\u1ec7n M\u1eb7t Tr\u1eddi","description":"Ph\u1ee5 Ki\u1ec7n M\u1eb7t Tr\u1eddi","publisher":{"@id":"https:\/\/phukienmattroi.com\/#organization"},"potentialAction":[{"@type":"SearchAction","target":{"@type":"EntryPoint","urlTemplate":"https:\/\/phukienmattroi.com\/?s={search_term_string}"},"query-input":{"@type":"PropertyValueSpecification","valueRequired":true,"valueName":"search_term_string"}}],"inLanguage":"vi"},{"@type":"Organization","@id":"https:\/\/phukienmattroi.com\/#organization","name":"Ph\u1ee5 Ki\u1ec7n M\u1eb7t Tr\u1eddi","url":"https:\/\/phukienmattroi.com\/","logo":{"@type":"ImageObject","inLanguage":"vi","@id":"https:\/\/phukienmattroi.com\/#\/schema\/logo\/image\/","url":"https:\/\/phukienmattroi.com\/wp-content\/uploads\/2024\/03\/TBMT-logo3-1.png","contentUrl":"https:\/\/phukienmattroi.com\/wp-content\/uploads\/2024\/03\/TBMT-logo3-1.png","width":3946,"height":1403,"caption":"Ph\u1ee5 Ki\u1ec7n M\u1eb7t Tr\u1eddi"},"image":{"@id":"https:\/\/phukienmattroi.com\/#\/schema\/logo\/image\/"},"sameAs":["https:\/\/www.facebook.com\/phukienmattroisolar"]}]},"product_price_amount":"720000","product_price_currency":"VND","og_availability":"instock","product_availability":"instock","product_condition":"new"},"jetpack_sharing_enabled":true,"_links":{"self":[{"href":"https:\/\/phukienmattroi.com\/index.php\/wp-json\/wp\/v2\/product\/9534","targetHints":{"allow":["GET"]}}],"collection":[{"href":"https:\/\/phukienmattroi.com\/index.php\/wp-json\/wp\/v2\/product"}],"about":[{"href":"https:\/\/phukienmattroi.com\/index.php\/wp-json\/wp\/v2\/types\/product"}],"replies":[{"embeddable":true,"href":"https:\/\/phukienmattroi.com\/index.php\/wp-json\/wp\/v2\/comments?post=9534"}],"wp:featuredmedia":[{"embeddable":true,"href":"https:\/\/phukienmattroi.com\/index.php\/wp-json\/wp\/v2\/media\/9535"}],"wp:attachment":[{"href":"https:\/\/phukienmattroi.com\/index.php\/wp-json\/wp\/v2\/media?parent=9534"}],"wp:term":[{"taxonomy":"product_brand","embeddable":true,"href":"https:\/\/phukienmattroi.com\/index.php\/wp-json\/wp\/v2\/product_brand?post=9534"},{"taxonomy":"product_cat","embeddable":true,"href":"https:\/\/phukienmattroi.com\/index.php\/wp-json\/wp\/v2\/product_cat?post=9534"},{"taxonomy":"product_tag","embeddable":true,"href":"https:\/\/phukienmattroi.com\/index.php\/wp-json\/wp\/v2\/product_tag?post=9534"}],"curies":[{"name":"wp","href":"https:\/\/api.w.org\/{rel}","templated":true}]}}