{"id":9531,"date":"2025-04-03T17:46:11","date_gmt":"2025-04-03T10:46:11","guid":{"rendered":"https:\/\/phukienmattroi.com\/?post_type=product&#038;p=9531"},"modified":"2025-11-21T09:25:36","modified_gmt":"2025-11-21T02:25:36","slug":"den-op-tran-nang-luong-mat-troi-300w-ot-300g","status":"publish","type":"product","link":"https:\/\/phukienmattroi.com\/index.php\/product\/den-op-tran-nang-luong-mat-troi-300w-ot-300g\/","title":{"rendered":"\u0110\u00e8n \u1ed1p tr\u1ea7n n\u0103ng l\u01b0\u1ee3ng m\u1eb7t tr\u1eddi 300W OT-300G"},"content":{"rendered":"<p>Trong th\u1eddi gian g\u1ea7n \u0111\u00e2y, \u0111\u00e8n n\u0103ng l\u01b0\u1ee3ng m\u1eb7t tr\u1eddi ng\u00e0y c\u00e0ng \u0111\u01b0\u1ee3c s\u1eed d\u1ee5ng ph\u1ed5 bi\u1ebfn h\u01a1n, nh\u1edd nh\u1eefng \u01b0u \u0111i\u1ec3m v\u01b0\u1ee3t tr\u1ed9i so v\u1edbi nh\u1eefng m\u1eabu \u0111\u00e8n \u0111i\u1ec7n th\u00f4ng th\u01b0\u1eddng. Ph\u1ee5 ki\u1ec7n m\u1eb7t tr\u1eddi xin gi\u1edbi m\u1eabu <strong>\u0111\u00e8n \u1ed1p tr\u1ea7n n\u0103ng l\u01b0\u1ee3ng m\u1eb7t tr\u1eddi 300W<\/strong> OT-300G, kh\u00f4ng ch\u1ec9 mang l\u1ea1i nhi\u1ec1u ti\u1ec7n \u00edch \u0111\u00e1ng gi\u00e1 m\u00e0 c\u00f2n gi\u00fap ti\u1ebft ki\u1ec7m n\u0103ng l\u01b0\u1ee3ng, b\u1ea3o v\u1ec7 m\u00f4i tr\u01b0\u1eddng, l\u00e0m \u0111\u1eb9p kh\u00f4ng gian s\u1ed1ng. H\u00e3y c\u00f9ng kh\u00e1m ph\u00e1 s\u1ea3n ph\u1ea9m \u0111\u1ec3 t\u00ecm hi\u1ec3u th\u00eam v\u1ec1 c\u00f4ng ngh\u1ec7 v\u00e0 l\u1ee3i \u00edch m\u00e0 \u0110\u00e8n \u1ed1p tr\u1ea7n n\u0103ng l\u01b0\u1ee3ng m\u1eb7t tr\u1eddi 300W n\u00e0y mang l\u1ea1i.<\/p>\n<p><img decoding=\"async\" src=\"https:\/\/dmtsolar.com\/uploads\/102tech\/images\/den-trong-nha\/ot-300h\/Den-nang-luong-mat-troi-op-tran-200W-ot-300h-1.jpg\" alt=\"\u0110\u00e8n n\u0103ng l\u01b0\u1ee3ng m\u1eb7t tr\u1eddi \u1ed1p tr\u1ea7n 300W OT-300H\" \/><\/p>\n<h2>\u01afu \u0111i\u1ec3m v\u00e0 nh\u01b0\u1ee3c \u0111i\u1ec3m c\u1ee7a \u0111\u00e8n \u1ed1p tr\u1ea7n n\u0103ng l\u01b0\u01a1\u0323ng m\u0103\u0323t tr\u01a1\u0300i 300W OT-300G<\/h2>\n<h3>\u01afu \u0111i\u1ec3m \u0111\u00e8n n\u0103ng l\u01b0\u1ee3ng m\u1eb7t tr\u1eddi \u1ed1p tr\u1ea7n 300W<\/h3>\n<ul>\n<li>\u0110\u00e8n c\u00f3 thi\u1ebft k\u1ebf \u0111\u1eb9p, ki\u1ec3u dang \u0111\u1ed9c \u0111\u00e1o v\u1edbi g\u00f3c chi\u1ebfu s\u00e1ng r\u1ed9ng, to\u1ea3 \u0111\u1ec1u xung quanh ph\u00f2ng.<\/li>\n<li>M\u00e0u \u00e1nh s\u00e1ng tr\u1eafng v\u1eeba ph\u1ea3i, kh\u00f4ng ch\u00f3i m\u1eaft, ph\u00f9 h\u1ee3p kh\u00f4ng gian trong nh\u00e0.<\/li>\n<li>T\u00edch h\u1ee3p c\u1ea3m bi\u1ebfn \u00e1nh s\u00e1ng t\u1ef1 \u0111\u1ed9ng t\u1eaft\/b\u1eadt theo th\u1eddi ti\u1ebft b\u00ean ngo\u00e0i. Gi\u00fap vi\u1ec7c s\u1eed d\u1ee5ng \u00e1nh s\u00e1ng d\u1ec5 d\u00e0ng v\u00e0 thu\u1eadn ti\u1ec7n h\u01a1n bao gi\u1edd h\u1ebft.<\/li>\n<li>C\u00f3 kh\u1ea3 n\u0103ng chi\u1ebfu s\u00e1ng d\u00e0i: 10-18h li\u00ean t\u1ee5c. S\u1eed d\u1ee5ng pin Lithium s\u1eaft Photphat c\u00f3 \u0111\u1ed9 b\u1ec1n cao, an to\u00e0n v\u1edbi ng\u01b0\u1eddi s\u1eed d\u1ee5ng.<\/li>\n<li>Tu\u1ed5i th\u1ecd ch\u00edp Led &gt; 50.000 gi\u1edd. An to\u00e0n, ti\u1ebft ki\u1ec7m v\u00e0 chi\u1ebfu s\u00e1ng hi\u1ec7u qu\u1ea3.<\/li>\n<li>Remote \u0111i\u1ec1u khi\u1ec3n th\u00f4ng minh, h\u1eb9n gi\u1edd th\u1eddi gian chi\u1ebfu s\u00e1ng linh ho\u1ea1t, d\u1ec5 d\u00e0ng c\u00e0i \u0111\u1eb7t ch\u1ebf \u0111\u1ed9 ti\u1ebft ki\u1ec7m \u0111i\u1ec7n s\u00e1ng m\u1ea1nh-s\u00e1ng y\u1ebfu.<\/li>\n<li>D\u1ec5 d\u00e0ng thi c\u00f4ng l\u1eafp \u0111\u1eb7t. D\u00e2y 5m n\u1ed1i v\u1edbi t\u1ea5m pin ph\u00f9 h\u1ee3p l\u1eafp \u0111\u1eb7t cho nhi\u1ec1u v\u1ecb tr\u00ed. C\u00f3 kh\u1ea3 n\u0103ng k\u00e9o b\u1eb1ng d\u00e2y n\u1ed1i chuy\u00ean d\u1ee5ng.<\/li>\n<li>\u0110\u00e8n c\u00f3 kh\u1ea3 n\u0103ng t\u1ef1 t\u1ea1o ra \u0111i\u1ec7n v\u00e0 t\u1ef1 s\u1ea1c pin, ho\u1ea1t \u0111\u1ed9ng \u0111\u1ed9c l\u1eadp ho\u00e0n to\u00e0n v\u1edbi \u0111i\u1ec7n l\u01b0\u1edbi, kh\u00f4ng t\u1ed1n \u0111i\u1ec7n, kh\u00f4ng t\u1ed1n nhi\u00ean li\u00eau, s\u00e1ng li\u00ean t\u1ee5c c\u1ea3 khi c\u00fap \u0111i\u1ec7n.<\/li>\n<\/ul>\n<h3>Nh\u01b0\u1ee3c \u0111i\u1ec3m c\u1ee7a \u0111\u00e8n \u1ed1p tr\u1ea7n n\u0103ng l\u01b0\u1ee3ng m\u1eb7t tr\u1eddi 300W<\/h3>\n<ul>\n<li>Chi ph\u00ed cao h\u01a1n so v\u1edbi \u0111\u00e8n \u0111i\u1ec7n. Ch\u1ee7 y\u1ebfu l\u00e0 do c\u00e1c th\u00e0nh ph\u1ea7n \u0111i k\u00e8m cao c\u1ea5p nh\u01b0 t\u1ea5m pin n\u0103ng l\u01b0\u1ee3ng m\u1eb7t tr\u1eddi, Chip LED v\u00e0 pin l\u01b0u tr\u1eef Lithium.<\/li>\n<li>T\u1ef1 \u0111\u1ed9ng dimming theo dung l\u01b0\u1ee3ng Pin, kh\u00f4ng s\u00e1ng \u1edf c\u00f9ng 1 m\u1ee9c s\u00e1ng trong kho\u1ea3ng th\u1eddi gian d\u00e0i nh\u01b0 \u0111\u00e8n \u0111i\u1ec7n.<\/li>\n<\/ul>\n","protected":false},"excerpt":{"rendered":"<p>Trong th\u1eddi gian g\u1ea7n \u0111\u00e2y, \u0111\u00e8n n\u0103ng l\u01b0\u1ee3ng m\u1eb7t tr\u1eddi ng\u00e0y c\u00e0ng \u0111\u01b0\u1ee3c s\u1eed d\u1ee5ng ph\u1ed5 bi\u1ebfn h\u01a1n, nh\u1edd nh\u1eefng \u01b0u \u0111i\u1ec3m v\u01b0\u1ee3t tr\u1ed9i so v\u1edbi nh\u1eefng m\u1eabu \u0111\u00e8n \u0111i\u1ec7n<\/p>\n","protected":false},"featured_media":9532,"comment_status":"open","ping_status":"closed","template":"","meta":[],"product_brand":[],"product_cat":[32],"product_tag":[],"class_list":{"0":"post-9531","1":"product","2":"type-product","3":"status-publish","4":"has-post-thumbnail","6":"product_cat-den-op-tran","8":"first","9":"instock","10":"sale","11":"taxable","12":"shipping-taxable","13":"purchasable","14":"product-type-simple"},"yoast_head":"<!-- This site is optimized with the Yoast SEO Premium plugin v22.6 (Yoast SEO v27.3) - https:\/\/yoast.com\/product\/yoast-seo-premium-wordpress\/ -->\n<title>\u0110\u00e8n \u1ed1p tr\u1ea7n n\u0103ng l\u01b0\u1ee3ng m\u1eb7t tr\u1eddi 300W OT-300G - Ph\u1ee5 Ki\u1ec7n M\u1eb7t Tr\u1eddi<\/title>\n<meta name=\"description\" content=\"\u01afu \u0111i\u1ec3m \u0111\u00e8n n\u0103ng l\u01b0\u1ee3ng m\u1eb7t tr\u1eddi \u1ed1p tr\u1ea7n 300W \u0110\u00e8n c\u00f3 thi\u1ebft k\u1ebf \u0111\u1eb9p, ki\u1ec3u dang \u0111\u1ed9c \u0111\u00e1o v\u1edbi g\u00f3c chi\u1ebfu s\u00e1ng r\u1ed9ng, to\u1ea3 \u0111\u1ec1u xung quanh ph\u00f2ng.M\u00e0u \u00e1nh s\u00e1ng tr\u1eafng v\u1eeba ph\u1ea3i, kh\u00f4ng ch\u00f3i m\u1eaft, ph\u00f9 h\u1ee3p kh\u00f4ng gian trong nh\u00e0.T\u00edch h\u1ee3p c\u1ea3m bi\u1ebfn \u00e1nh s\u00e1ng t\u1ef1 \u0111\u1ed9ng t\u1eaft\/b\u1eadt theo th\u1eddi ti\u1ebft b\u00ean ngo\u00e0i. Gi\u00fap vi\u1ec7c s\u1eed d\u1ee5ng \u00e1nh s\u00e1ng d\u1ec5 d\u00e0ng v\u00e0 thu\u1eadn ti\u1ec7n h\u01a1n bao gi\u1edd h\u1ebft.\" \/>\n<meta name=\"robots\" content=\"index, follow, max-snippet:-1, max-image-preview:large, max-video-preview:-1\" \/>\n<link rel=\"canonical\" href=\"https:\/\/phukienmattroi.com\/index.php\/product\/den-op-tran-nang-luong-mat-troi-300w-ot-300g\/\" \/>\n<meta property=\"og:locale\" content=\"vi_VN\" \/>\n<meta property=\"og:type\" content=\"article\" \/>\n<meta property=\"og:title\" content=\"\u0110\u00e8n \u1ed1p tr\u1ea7n n\u0103ng l\u01b0\u1ee3ng m\u1eb7t tr\u1eddi 300W OT-300G\" \/>\n<meta property=\"og:description\" content=\"\u01afu \u0111i\u1ec3m \u0111\u00e8n n\u0103ng l\u01b0\u1ee3ng m\u1eb7t tr\u1eddi \u1ed1p tr\u1ea7n 300W \u0110\u00e8n c\u00f3 thi\u1ebft k\u1ebf \u0111\u1eb9p, ki\u1ec3u dang \u0111\u1ed9c \u0111\u00e1o v\u1edbi g\u00f3c chi\u1ebfu s\u00e1ng r\u1ed9ng, to\u1ea3 \u0111\u1ec1u xung quanh ph\u00f2ng.M\u00e0u \u00e1nh s\u00e1ng tr\u1eafng v\u1eeba ph\u1ea3i, kh\u00f4ng ch\u00f3i m\u1eaft, ph\u00f9 h\u1ee3p kh\u00f4ng gian trong nh\u00e0.T\u00edch h\u1ee3p c\u1ea3m bi\u1ebfn \u00e1nh s\u00e1ng t\u1ef1 \u0111\u1ed9ng t\u1eaft\/b\u1eadt theo th\u1eddi ti\u1ebft b\u00ean ngo\u00e0i. Gi\u00fap vi\u1ec7c s\u1eed d\u1ee5ng \u00e1nh s\u00e1ng d\u1ec5 d\u00e0ng v\u00e0 thu\u1eadn ti\u1ec7n h\u01a1n bao gi\u1edd h\u1ebft.\" \/>\n<meta property=\"og:url\" content=\"https:\/\/phukienmattroi.com\/index.php\/product\/den-op-tran-nang-luong-mat-troi-300w-ot-300g\/\" \/>\n<meta property=\"og:site_name\" content=\"Ph\u1ee5 Ki\u1ec7n M\u1eb7t Tr\u1eddi\" \/>\n<meta property=\"article:publisher\" content=\"https:\/\/www.facebook.com\/phukienmattroisolar\" \/>\n<meta property=\"article:modified_time\" content=\"2025-11-21T02:25:36+00:00\" \/>\n<meta property=\"og:image\" content=\"https:\/\/phukienmattroi.com\/wp-content\/uploads\/2025\/04\/Den-nang-luong-mat-troi-op-tran-200W-ot-300h-1.jpg\" \/>\n\t<meta property=\"og:image:width\" content=\"600\" \/>\n\t<meta property=\"og:image:height\" content=\"600\" \/>\n\t<meta property=\"og:image:type\" content=\"image\/jpeg\" \/>\n<meta name=\"twitter:card\" content=\"summary_large_image\" \/>\n<meta name=\"twitter:label1\" content=\"Gi\u00e1\" \/>\n\t<meta name=\"twitter:data1\" content=\"990.000&nbsp;&#8363;\" \/>\n\t<meta name=\"twitter:label2\" content=\"Kh\u1ea3 d\u1ee5ng\" \/>\n\t<meta name=\"twitter:data2\" content=\"Trong kho\" \/>\n<script type=\"application\/ld+json\" class=\"yoast-schema-graph\">{\"@context\":\"https:\\\/\\\/schema.org\",\"@graph\":[{\"@type\":\"WebPage\",\"@id\":\"https:\\\/\\\/phukienmattroi.com\\\/index.php\\\/product\\\/den-op-tran-nang-luong-mat-troi-300w-ot-300g\\\/\",\"url\":\"https:\\\/\\\/phukienmattroi.com\\\/index.php\\\/product\\\/den-op-tran-nang-luong-mat-troi-300w-ot-300g\\\/\",\"name\":\"\u0110\u00e8n \u1ed1p tr\u1ea7n n\u0103ng l\u01b0\u1ee3ng m\u1eb7t tr\u1eddi 300W OT-300G - Ph\u1ee5 Ki\u1ec7n M\u1eb7t Tr\u1eddi\",\"isPartOf\":{\"@id\":\"https:\\\/\\\/phukienmattroi.com\\\/#website\"},\"primaryImageOfPage\":{\"@id\":\"https:\\\/\\\/phukienmattroi.com\\\/index.php\\\/product\\\/den-op-tran-nang-luong-mat-troi-300w-ot-300g\\\/#primaryimage\"},\"image\":{\"@id\":\"https:\\\/\\\/phukienmattroi.com\\\/index.php\\\/product\\\/den-op-tran-nang-luong-mat-troi-300w-ot-300g\\\/#primaryimage\"},\"thumbnailUrl\":\"https:\\\/\\\/phukienmattroi.com\\\/wp-content\\\/uploads\\\/2025\\\/04\\\/Den-nang-luong-mat-troi-op-tran-200W-ot-300h-1.jpg\",\"datePublished\":\"2025-04-03T10:46:11+00:00\",\"dateModified\":\"2025-11-21T02:25:36+00:00\",\"description\":\"\u01afu \u0111i\u1ec3m \u0111\u00e8n n\u0103ng l\u01b0\u1ee3ng m\u1eb7t tr\u1eddi \u1ed1p tr\u1ea7n 300W \u0110\u00e8n c\u00f3 thi\u1ebft k\u1ebf \u0111\u1eb9p, ki\u1ec3u dang \u0111\u1ed9c \u0111\u00e1o v\u1edbi g\u00f3c chi\u1ebfu s\u00e1ng r\u1ed9ng, to\u1ea3 \u0111\u1ec1u xung quanh ph\u00f2ng.M\u00e0u \u00e1nh s\u00e1ng tr\u1eafng v\u1eeba ph\u1ea3i, kh\u00f4ng ch\u00f3i m\u1eaft, ph\u00f9 h\u1ee3p kh\u00f4ng gian trong nh\u00e0.T\u00edch h\u1ee3p c\u1ea3m bi\u1ebfn \u00e1nh s\u00e1ng t\u1ef1 \u0111\u1ed9ng t\u1eaft\\\/b\u1eadt theo th\u1eddi ti\u1ebft b\u00ean ngo\u00e0i. Gi\u00fap vi\u1ec7c s\u1eed d\u1ee5ng \u00e1nh s\u00e1ng d\u1ec5 d\u00e0ng v\u00e0 thu\u1eadn ti\u1ec7n h\u01a1n bao gi\u1edd h\u1ebft.\",\"breadcrumb\":{\"@id\":\"https:\\\/\\\/phukienmattroi.com\\\/index.php\\\/product\\\/den-op-tran-nang-luong-mat-troi-300w-ot-300g\\\/#breadcrumb\"},\"inLanguage\":\"vi\",\"potentialAction\":[{\"@type\":\"ReadAction\",\"target\":[\"https:\\\/\\\/phukienmattroi.com\\\/index.php\\\/product\\\/den-op-tran-nang-luong-mat-troi-300w-ot-300g\\\/\"]}]},{\"@type\":\"ImageObject\",\"inLanguage\":\"vi\",\"@id\":\"https:\\\/\\\/phukienmattroi.com\\\/index.php\\\/product\\\/den-op-tran-nang-luong-mat-troi-300w-ot-300g\\\/#primaryimage\",\"url\":\"https:\\\/\\\/phukienmattroi.com\\\/wp-content\\\/uploads\\\/2025\\\/04\\\/Den-nang-luong-mat-troi-op-tran-200W-ot-300h-1.jpg\",\"contentUrl\":\"https:\\\/\\\/phukienmattroi.com\\\/wp-content\\\/uploads\\\/2025\\\/04\\\/Den-nang-luong-mat-troi-op-tran-200W-ot-300h-1.jpg\",\"width\":600,\"height\":600,\"caption\":\"dmt solar - \u0111\u00e8n n\u0103ng l\u01b0\u1ee3ng m\u1eb7t tr\u1eddi \u1ed1p tr\u1ea7n 300w\"},{\"@type\":\"BreadcrumbList\",\"@id\":\"https:\\\/\\\/phukienmattroi.com\\\/index.php\\\/product\\\/den-op-tran-nang-luong-mat-troi-300w-ot-300g\\\/#breadcrumb\",\"itemListElement\":[{\"@type\":\"ListItem\",\"position\":1,\"name\":\"Trang ch\u1ee7\",\"item\":\"https:\\\/\\\/phukienmattroi.com\\\/\"},{\"@type\":\"ListItem\",\"position\":2,\"name\":\"S\u1ea3n ph\u1ea9m\",\"item\":\"https:\\\/\\\/phukienmattroi.com\\\/index.php\\\/shop\\\/\"},{\"@type\":\"ListItem\",\"position\":3,\"name\":\"\u0110\u00e8n \u1ed1p tr\u1ea7n n\u0103ng l\u01b0\u1ee3ng m\u1eb7t tr\u1eddi 300W OT-300G\"}]},{\"@type\":\"WebSite\",\"@id\":\"https:\\\/\\\/phukienmattroi.com\\\/#website\",\"url\":\"https:\\\/\\\/phukienmattroi.com\\\/\",\"name\":\"Ph\u1ee5 Ki\u1ec7n M\u1eb7t Tr\u1eddi\",\"description\":\"Ph\u1ee5 Ki\u1ec7n M\u1eb7t Tr\u1eddi\",\"publisher\":{\"@id\":\"https:\\\/\\\/phukienmattroi.com\\\/#organization\"},\"potentialAction\":[{\"@type\":\"SearchAction\",\"target\":{\"@type\":\"EntryPoint\",\"urlTemplate\":\"https:\\\/\\\/phukienmattroi.com\\\/?s={search_term_string}\"},\"query-input\":{\"@type\":\"PropertyValueSpecification\",\"valueRequired\":true,\"valueName\":\"search_term_string\"}}],\"inLanguage\":\"vi\"},{\"@type\":\"Organization\",\"@id\":\"https:\\\/\\\/phukienmattroi.com\\\/#organization\",\"name\":\"Ph\u1ee5 Ki\u1ec7n M\u1eb7t Tr\u1eddi\",\"url\":\"https:\\\/\\\/phukienmattroi.com\\\/\",\"logo\":{\"@type\":\"ImageObject\",\"inLanguage\":\"vi\",\"@id\":\"https:\\\/\\\/phukienmattroi.com\\\/#\\\/schema\\\/logo\\\/image\\\/\",\"url\":\"https:\\\/\\\/phukienmattroi.com\\\/wp-content\\\/uploads\\\/2024\\\/03\\\/TBMT-logo3-1.png\",\"contentUrl\":\"https:\\\/\\\/phukienmattroi.com\\\/wp-content\\\/uploads\\\/2024\\\/03\\\/TBMT-logo3-1.png\",\"width\":3946,\"height\":1403,\"caption\":\"Ph\u1ee5 Ki\u1ec7n M\u1eb7t Tr\u1eddi\"},\"image\":{\"@id\":\"https:\\\/\\\/phukienmattroi.com\\\/#\\\/schema\\\/logo\\\/image\\\/\"},\"sameAs\":[\"https:\\\/\\\/www.facebook.com\\\/phukienmattroisolar\"]}]}<\/script>\n<meta property=\"product:price:amount\" content=\"990000\" \/>\n<meta property=\"product:price:currency\" content=\"VND\" \/>\n<meta property=\"og:availability\" content=\"instock\" \/>\n<meta property=\"product:availability\" content=\"instock\" \/>\n<meta property=\"product:condition\" content=\"new\" \/>\n<!-- \/ Yoast SEO Premium plugin. -->","yoast_head_json":{"title":"\u0110\u00e8n \u1ed1p tr\u1ea7n n\u0103ng l\u01b0\u1ee3ng m\u1eb7t tr\u1eddi 300W OT-300G - Ph\u1ee5 Ki\u1ec7n M\u1eb7t Tr\u1eddi","description":"\u01afu \u0111i\u1ec3m \u0111\u00e8n n\u0103ng l\u01b0\u1ee3ng m\u1eb7t tr\u1eddi \u1ed1p tr\u1ea7n 300W \u0110\u00e8n c\u00f3 thi\u1ebft k\u1ebf \u0111\u1eb9p, ki\u1ec3u dang \u0111\u1ed9c \u0111\u00e1o v\u1edbi g\u00f3c chi\u1ebfu s\u00e1ng r\u1ed9ng, to\u1ea3 \u0111\u1ec1u xung quanh ph\u00f2ng.M\u00e0u \u00e1nh s\u00e1ng tr\u1eafng v\u1eeba ph\u1ea3i, kh\u00f4ng ch\u00f3i m\u1eaft, ph\u00f9 h\u1ee3p kh\u00f4ng gian trong nh\u00e0.T\u00edch h\u1ee3p c\u1ea3m bi\u1ebfn \u00e1nh s\u00e1ng t\u1ef1 \u0111\u1ed9ng t\u1eaft\/b\u1eadt theo th\u1eddi ti\u1ebft b\u00ean ngo\u00e0i. Gi\u00fap vi\u1ec7c s\u1eed d\u1ee5ng \u00e1nh s\u00e1ng d\u1ec5 d\u00e0ng v\u00e0 thu\u1eadn ti\u1ec7n h\u01a1n bao gi\u1edd h\u1ebft.","robots":{"index":"index","follow":"follow","max-snippet":"max-snippet:-1","max-image-preview":"max-image-preview:large","max-video-preview":"max-video-preview:-1"},"canonical":"https:\/\/phukienmattroi.com\/index.php\/product\/den-op-tran-nang-luong-mat-troi-300w-ot-300g\/","og_locale":"vi_VN","og_type":"article","og_title":"\u0110\u00e8n \u1ed1p tr\u1ea7n n\u0103ng l\u01b0\u1ee3ng m\u1eb7t tr\u1eddi 300W OT-300G","og_description":"\u01afu \u0111i\u1ec3m \u0111\u00e8n n\u0103ng l\u01b0\u1ee3ng m\u1eb7t tr\u1eddi \u1ed1p tr\u1ea7n 300W \u0110\u00e8n c\u00f3 thi\u1ebft k\u1ebf \u0111\u1eb9p, ki\u1ec3u dang \u0111\u1ed9c \u0111\u00e1o v\u1edbi g\u00f3c chi\u1ebfu s\u00e1ng r\u1ed9ng, to\u1ea3 \u0111\u1ec1u xung quanh ph\u00f2ng.M\u00e0u \u00e1nh s\u00e1ng tr\u1eafng v\u1eeba ph\u1ea3i, kh\u00f4ng ch\u00f3i m\u1eaft, ph\u00f9 h\u1ee3p kh\u00f4ng gian trong nh\u00e0.T\u00edch h\u1ee3p c\u1ea3m bi\u1ebfn \u00e1nh s\u00e1ng t\u1ef1 \u0111\u1ed9ng t\u1eaft\/b\u1eadt theo th\u1eddi ti\u1ebft b\u00ean ngo\u00e0i. Gi\u00fap vi\u1ec7c s\u1eed d\u1ee5ng \u00e1nh s\u00e1ng d\u1ec5 d\u00e0ng v\u00e0 thu\u1eadn ti\u1ec7n h\u01a1n bao gi\u1edd h\u1ebft.","og_url":"https:\/\/phukienmattroi.com\/index.php\/product\/den-op-tran-nang-luong-mat-troi-300w-ot-300g\/","og_site_name":"Ph\u1ee5 Ki\u1ec7n M\u1eb7t Tr\u1eddi","article_publisher":"https:\/\/www.facebook.com\/phukienmattroisolar","article_modified_time":"2025-11-21T02:25:36+00:00","og_image":[{"width":600,"height":600,"url":"https:\/\/phukienmattroi.com\/wp-content\/uploads\/2025\/04\/Den-nang-luong-mat-troi-op-tran-200W-ot-300h-1.jpg","type":"image\/jpeg"}],"twitter_card":"summary_large_image","twitter_misc":{"Gi\u00e1":"990.000&nbsp;&#8363;","Kh\u1ea3 d\u1ee5ng":"Trong kho"},"schema":{"@context":"https:\/\/schema.org","@graph":[{"@type":"WebPage","@id":"https:\/\/phukienmattroi.com\/index.php\/product\/den-op-tran-nang-luong-mat-troi-300w-ot-300g\/","url":"https:\/\/phukienmattroi.com\/index.php\/product\/den-op-tran-nang-luong-mat-troi-300w-ot-300g\/","name":"\u0110\u00e8n \u1ed1p tr\u1ea7n n\u0103ng l\u01b0\u1ee3ng m\u1eb7t tr\u1eddi 300W OT-300G - Ph\u1ee5 Ki\u1ec7n M\u1eb7t Tr\u1eddi","isPartOf":{"@id":"https:\/\/phukienmattroi.com\/#website"},"primaryImageOfPage":{"@id":"https:\/\/phukienmattroi.com\/index.php\/product\/den-op-tran-nang-luong-mat-troi-300w-ot-300g\/#primaryimage"},"image":{"@id":"https:\/\/phukienmattroi.com\/index.php\/product\/den-op-tran-nang-luong-mat-troi-300w-ot-300g\/#primaryimage"},"thumbnailUrl":"https:\/\/phukienmattroi.com\/wp-content\/uploads\/2025\/04\/Den-nang-luong-mat-troi-op-tran-200W-ot-300h-1.jpg","datePublished":"2025-04-03T10:46:11+00:00","dateModified":"2025-11-21T02:25:36+00:00","description":"\u01afu \u0111i\u1ec3m \u0111\u00e8n n\u0103ng l\u01b0\u1ee3ng m\u1eb7t tr\u1eddi \u1ed1p tr\u1ea7n 300W \u0110\u00e8n c\u00f3 thi\u1ebft k\u1ebf \u0111\u1eb9p, ki\u1ec3u dang \u0111\u1ed9c \u0111\u00e1o v\u1edbi g\u00f3c chi\u1ebfu s\u00e1ng r\u1ed9ng, to\u1ea3 \u0111\u1ec1u xung quanh ph\u00f2ng.M\u00e0u \u00e1nh s\u00e1ng tr\u1eafng v\u1eeba ph\u1ea3i, kh\u00f4ng ch\u00f3i m\u1eaft, ph\u00f9 h\u1ee3p kh\u00f4ng gian trong nh\u00e0.T\u00edch h\u1ee3p c\u1ea3m bi\u1ebfn \u00e1nh s\u00e1ng t\u1ef1 \u0111\u1ed9ng t\u1eaft\/b\u1eadt theo th\u1eddi ti\u1ebft b\u00ean ngo\u00e0i. Gi\u00fap vi\u1ec7c s\u1eed d\u1ee5ng \u00e1nh s\u00e1ng d\u1ec5 d\u00e0ng v\u00e0 thu\u1eadn ti\u1ec7n h\u01a1n bao gi\u1edd h\u1ebft.","breadcrumb":{"@id":"https:\/\/phukienmattroi.com\/index.php\/product\/den-op-tran-nang-luong-mat-troi-300w-ot-300g\/#breadcrumb"},"inLanguage":"vi","potentialAction":[{"@type":"ReadAction","target":["https:\/\/phukienmattroi.com\/index.php\/product\/den-op-tran-nang-luong-mat-troi-300w-ot-300g\/"]}]},{"@type":"ImageObject","inLanguage":"vi","@id":"https:\/\/phukienmattroi.com\/index.php\/product\/den-op-tran-nang-luong-mat-troi-300w-ot-300g\/#primaryimage","url":"https:\/\/phukienmattroi.com\/wp-content\/uploads\/2025\/04\/Den-nang-luong-mat-troi-op-tran-200W-ot-300h-1.jpg","contentUrl":"https:\/\/phukienmattroi.com\/wp-content\/uploads\/2025\/04\/Den-nang-luong-mat-troi-op-tran-200W-ot-300h-1.jpg","width":600,"height":600,"caption":"dmt solar - \u0111\u00e8n n\u0103ng l\u01b0\u1ee3ng m\u1eb7t tr\u1eddi \u1ed1p tr\u1ea7n 300w"},{"@type":"BreadcrumbList","@id":"https:\/\/phukienmattroi.com\/index.php\/product\/den-op-tran-nang-luong-mat-troi-300w-ot-300g\/#breadcrumb","itemListElement":[{"@type":"ListItem","position":1,"name":"Trang ch\u1ee7","item":"https:\/\/phukienmattroi.com\/"},{"@type":"ListItem","position":2,"name":"S\u1ea3n ph\u1ea9m","item":"https:\/\/phukienmattroi.com\/index.php\/shop\/"},{"@type":"ListItem","position":3,"name":"\u0110\u00e8n \u1ed1p tr\u1ea7n n\u0103ng l\u01b0\u1ee3ng m\u1eb7t tr\u1eddi 300W OT-300G"}]},{"@type":"WebSite","@id":"https:\/\/phukienmattroi.com\/#website","url":"https:\/\/phukienmattroi.com\/","name":"Ph\u1ee5 Ki\u1ec7n M\u1eb7t Tr\u1eddi","description":"Ph\u1ee5 Ki\u1ec7n M\u1eb7t Tr\u1eddi","publisher":{"@id":"https:\/\/phukienmattroi.com\/#organization"},"potentialAction":[{"@type":"SearchAction","target":{"@type":"EntryPoint","urlTemplate":"https:\/\/phukienmattroi.com\/?s={search_term_string}"},"query-input":{"@type":"PropertyValueSpecification","valueRequired":true,"valueName":"search_term_string"}}],"inLanguage":"vi"},{"@type":"Organization","@id":"https:\/\/phukienmattroi.com\/#organization","name":"Ph\u1ee5 Ki\u1ec7n M\u1eb7t Tr\u1eddi","url":"https:\/\/phukienmattroi.com\/","logo":{"@type":"ImageObject","inLanguage":"vi","@id":"https:\/\/phukienmattroi.com\/#\/schema\/logo\/image\/","url":"https:\/\/phukienmattroi.com\/wp-content\/uploads\/2024\/03\/TBMT-logo3-1.png","contentUrl":"https:\/\/phukienmattroi.com\/wp-content\/uploads\/2024\/03\/TBMT-logo3-1.png","width":3946,"height":1403,"caption":"Ph\u1ee5 Ki\u1ec7n M\u1eb7t Tr\u1eddi"},"image":{"@id":"https:\/\/phukienmattroi.com\/#\/schema\/logo\/image\/"},"sameAs":["https:\/\/www.facebook.com\/phukienmattroisolar"]}]},"product_price_amount":"990000","product_price_currency":"VND","og_availability":"instock","product_availability":"instock","product_condition":"new"},"jetpack_sharing_enabled":true,"_links":{"self":[{"href":"https:\/\/phukienmattroi.com\/index.php\/wp-json\/wp\/v2\/product\/9531","targetHints":{"allow":["GET"]}}],"collection":[{"href":"https:\/\/phukienmattroi.com\/index.php\/wp-json\/wp\/v2\/product"}],"about":[{"href":"https:\/\/phukienmattroi.com\/index.php\/wp-json\/wp\/v2\/types\/product"}],"replies":[{"embeddable":true,"href":"https:\/\/phukienmattroi.com\/index.php\/wp-json\/wp\/v2\/comments?post=9531"}],"wp:featuredmedia":[{"embeddable":true,"href":"https:\/\/phukienmattroi.com\/index.php\/wp-json\/wp\/v2\/media\/9532"}],"wp:attachment":[{"href":"https:\/\/phukienmattroi.com\/index.php\/wp-json\/wp\/v2\/media?parent=9531"}],"wp:term":[{"taxonomy":"product_brand","embeddable":true,"href":"https:\/\/phukienmattroi.com\/index.php\/wp-json\/wp\/v2\/product_brand?post=9531"},{"taxonomy":"product_cat","embeddable":true,"href":"https:\/\/phukienmattroi.com\/index.php\/wp-json\/wp\/v2\/product_cat?post=9531"},{"taxonomy":"product_tag","embeddable":true,"href":"https:\/\/phukienmattroi.com\/index.php\/wp-json\/wp\/v2\/product_tag?post=9531"}],"curies":[{"name":"wp","href":"https:\/\/api.w.org\/{rel}","templated":true}]}}