{"id":8899,"date":"2024-10-25T13:49:02","date_gmt":"2024-10-25T06:49:02","guid":{"rendered":"https:\/\/phukienmattroi.com\/index.php\/product\/den-pha-nang-luong-mat-troi-cp01-sl-90w-rang-dong\/"},"modified":"2026-04-10T22:29:41","modified_gmt":"2026-04-10T15:29:41","slug":"den-pha-nang-luong-mat-troi-cp01-sl-90w-rang-dong","status":"publish","type":"product","link":"https:\/\/phukienmattroi.com\/index.php\/product\/den-pha-nang-luong-mat-troi-cp01-sl-90w-rang-dong\/","title":{"rendered":"\u0110\u00e8n pha n\u0103ng l\u01b0\u1ee3ng m\u1eb7t tr\u1eddi CP01.SL 90W R\u1ea1ng \u0110\u00f4ng"},"content":{"rendered":"<p>T\u1ed5ng h\u1ee3p th\u00f4ng tin v\u1ec1 s\u1ea3n ph\u1ea9m \u0111\u00e8n pha n\u0103ng l\u01b0\u1ee3ng m\u1eb7t tr\u1eddi CP01.SL 90W R\u1ea1ng \u0110\u00f4ng.<\/p>\n<p>\u0110\u00e2y l\u00e0 m\u1eabu \u0111\u00e8n pha NLMT c\u00f3 c\u00f4ng su\u1ea5t cao nh\u1ea5t hi\u1ec7n t\u1ea1i c\u1ee7a R\u1ea1ng \u0110\u00f4ng.<\/p>\n<p>\u0110\u00e8n n\u0103ng l\u01b0\u1ee3ng m\u1eb7t tr\u1eddi R\u1ea1ng \u0110\u00f4ng l\u00e0 m\u1ed9t trong nh\u1eefng th\u01b0\u01a1ng hi\u1ec7u \u0111\u00e8n ch\u1ea5t l\u01b0\u1ee3ng h\u00e0ng \u0111\u1ea7u Vi\u1ec7t Nam. N\u00ean chi\u1ebfm l\u00f2ng tin c\u1ee7a kh\u00e1ch h\u00e0ng \u0111\u00e3 v\u00e0 \u0111ang s\u1eed d\u1ee5ng s\u1ea3n ph\u1ea9m. <strong>\u0110\u00e8n pha n\u0103ng l\u01b0\u1ee3ng m\u1eb7t tr\u1eddi CP01 SL 90W<\/strong> c\u0169ng thu\u1ed9c th\u01b0\u01a1ng hi\u1ec7u R\u1ea1ng \u0110\u00f4ng, v\u1edbi ki\u1ec3u d\u00e1ng \u0111\u01b0\u1ee3c thi\u1ebft k\u1ebf tinh t\u1ebf, hi\u1ec7n \u0111\u1ea1i k\u1ebft h\u1ee3p m\u1ee9c s\u00e1ng tuy\u1ec7t v\u1eddi. Ngay b\u00e2y gi\u1edd \u0111\u00e2y b\u1ea1n h\u00e3y c\u00f9ng v\u1edbi DMT Solar t\u00ecm hi\u1ec3u v\u1ec1 d\u00f2ng \u0111\u00e8n n\u0103ng l\u01b0\u1ee3ng m\u1eb7t tr\u1eddi n\u00e0y nh\u00e9!<\/p>\n<h2><strong>M\u00f4 t\u1ea3 chi ti\u1ebft v\u1ec1 c\u00e1c th\u00f4ng s\u1ed1 c\u1ee7a s\u1ea3n ph\u1ea9m.<\/strong><\/h2>\n<p>\u0110\u00e8n pha n\u0103ng l\u01b0\u1ee3ng m\u1eb7t tr\u1eddi CP01 SL s\u1edf h\u1eefu quang th\u00f4ng 4600Lm, \u0111\u00e2y l\u00e0 \u0111\u1ea1i l\u01b0\u1ee3ng \u0111o l\u01b0\u1eddng c\u00f4ng su\u1ea5t b\u1ee9c x\u1ea1 \u0111\u01b0\u1ee3c ph\u00e1t ra t\u1eeb ngu\u1ed3n s\u00e1ng. N\u00f3i c\u00e1ch kh\u00e1c, \u0111\u00e2y t\u1ed5ng l\u01b0\u1ee3ng \u00e1nh s\u00e1ng m\u00e0 \u0111\u00e8n LED ph\u00e1t ra \u0111\u01b0\u1ee3c theo c\u00e1c h\u01b0\u1edbng trong 1 gi\u00e2y chi\u1ebfu s\u00e1ng. Quang th\u00f4ng c\u1ee7a \u0111\u00e8n n\u1eb1m \u1edf m\u1ee9c t\u01b0\u01a1ng \u0111\u1ed1i cao n\u00ean c\u0169ng ph\u1ea7n n\u00e0o th\u1ec3 kh\u1eb3ng \u0111\u1ecbnh \u0111\u01b0\u1ee3c kh\u1ea3 n\u0103ng chi\u1ebfu s\u00e1ng c\u1ee7a \u0111\u00e8n.<\/p>\n<p>Nhi\u1ec7t \u0111\u1ed9 m\u00e0u c\u1ee7a \u0111\u00e8n n\u0103ng l\u01b0\u1ee3ng m\u1eb7t tr\u1eddi n\u1eb1m \u1edf m\u1ee9c 5000k\/6500k thu\u1ed9c lo\u1ea1i \u00e1nh s\u00e1ng l\u1ea1nh ph\u00e1t ra m\u00e0u tr\u1eafng. Tuy \u0111\u00e8n c\u00f3 nhi\u1ec7t \u0111\u1ed9 m\u00e0u kh\u00e1 cao nh\u0169ng v\u1eabn \u0111\u1ea3m b\u1ea3o mang l\u1ea1i \u00e1nh s\u00e1ng kh\u00f4ng g\u00e2y h\u1ea1i nhi\u1ec1u cho m\u1eaft.<\/p>\n<p>Ch\u1ec9 s\u1ed1 ho\u00e0n m\u00e0u c\u1ee7a \u0111\u00e8n c\u0169ng n\u1eb1m \u1edf m\u1ee9c th\u00edch h\u1ee3p &gt;70, \u0111\u00e2y l\u00e0 ch\u1ec9 s\u1ed1 gi\u00fap \u0111\u00e8n ph\u00e1t ra \u00e1nh s\u00e1ng s\u1eafc n\u00e9t h\u01a1n. Kh\u00f4ng gian chi\u1ebfu s\u00e1ng s\u1ebd \u0111\u01b0\u1ee3c hi\u1ec7n l\u00ean m\u1ed9t c\u00e1ch ch\u00e2n th\u1eadt nh\u1ea5t c\u00f3 th\u1ec3.<\/p>\n<p>Do \u0111\u01b0\u1ee3c s\u1ea3n xu\u1ea5t b\u1edfi d\u00e2y chuy\u1ec1n c\u00f4ng ngh\u1ec7 hi\u1ec7n \u0111\u1ea1i n\u00ean \u0111\u01b0\u1ee3c trang b\u1ecb\u00a0 \u0111\u1ea7y \u0111\u1ee7 c\u00e1c ch\u1ec9 s\u1ed1 b\u1ea3o v\u1ec7 nh\u01b0 IP66 hay IK08. \u0110\u00e2y l\u00e0 nh\u1eefng ch\u1ec9 s\u1ed1 gi\u00fap b\u1ea3o v\u1ec7 \u0111\u00e8n t\u1eeb b\u00ean ngo\u00e0i l\u1eabn b\u00ean trong \u0111\u00ean pha.<\/p>\n<h2><strong>\u01afu \u0111i\u1ec3m c\u1ee7a s\u1ea3n ph\u1ea9m<\/strong><\/h2>\n<ul>\n<li>\u0110\u00e8n s\u1eed d\u1ee5ng chip LED SMD, ch\u1ea5t l\u01b0\u1ee3ng cao c\u00f3 kh\u1ea3 n\u0103ng ch\u1ecbu t\u00e1c \u0111\u1ed9ng m\u00f4i tr\u01b0\u1eddng t\u1ed1t<\/li>\n<li>B\u1ed9 \u0111i\u1ec1u khi\u1ec3n n\u1ea1p\/x\u1ea3 th\u00f4ng minh c\u00f3 ch\u1ee9c n\u0103ng b\u1ea3o v\u1ec7 Pin v\u00e0 dimming 2 c\u1ea5p \u0111\u1ed9 c\u00f4ng su\u1ea5t cho ph\u00e9p \u0111\u00e8n ho\u1ea1t \u0111\u1ed9ng trong th\u1eddi gian d\u00e0i<\/li>\n<li>S\u1eed d\u1ee5ng Pin l\u01b0u \u0111i\u1ec7n c\u00f4ng ngh\u1ec7 Lithium c\u00f3 tu\u1ed5i th\u1ecd v\u00e0 \u0111\u1ed9 tin c\u1eady cao<\/li>\n<li>T\u1ea5m Pin n\u0103ng l\u01b0\u1ee3ng m\u1eb7t tr\u1eddi c\u00f4ng ngh\u1ec7 Poly-crytalline \u0111\u1ed9 tin c\u1eady cao<\/li>\n<li>C\u00f3 th\u1ec3 d\u00f9ng remote \u0111\u1ec3 t\u1eaft m\u1edf,dimming \u0111\u00e8n v\u00e0o ban ng\u00e0y<\/li>\n<\/ul>\n<p><b>Li\u00ean h\u1ec7 ngay v\u1edbi Ph\u1ee5 ki\u1ec7n M\u1eb7t Tr\u1eddi \u0111\u1ec3 \u0111\u01b0\u1ee3c t\u01b0 v\u1ea5n v\u00e0 nh\u1eadn \u01b0u \u0111\u00e3i:<\/b><\/p>\n<p><b>H\u00e3y s\u1edf h\u1eefu ngay D\u00e2y LED n\u0103ng l\u01b0\u1ee3ng m\u1eb7t tr\u1eddi h\u00ecnh gi\u1ecdt n\u01b0\u1edbc LD05 \u0111\u1ec3 t\u00f4 \u0111i\u1ec3m cho kh\u00f4ng gian c\u1ee7a b\u1ea1n th\u00eam \u1ea5n t\u01b0\u1ee3ng!<\/b><\/p>\n<p><b>#\u0110\u00e8n_led_n\u0103ng_l\u01b0\u1ee3ng_m\u1eb7t_tr\u1eddi #\u0110\u00e8n_n\u0103ng_l\u01b0\u1ee3ng_m\u1eb7t_tr\u1eddi #P-300W-F05\u00a0<\/b><\/p>\n<p><b>Hotline: 0933007927 \u2013 0974046214<\/b><\/p>\n<p><b>Website:<\/b><a href=\"https:\/\/phukienmattroi.com\/\">\u00a0<b>https:\/\/phukienmattroi.com\/<\/b><\/a><\/p>\n<p><b>Lazada:<\/b><a href=\"https:\/\/www.lazada.vn\/shop\/phukienmattroi\">\u00a0<b>https:\/\/www.lazada.vn\/shop\/phukienmattroi<\/b><\/a><\/p>\n<p><b>Shopee:<\/b><a href=\"https:\/\/shopee.vn\/shop\/137407434\"><b>\u00a0https:\/\/shopee.vn\/shop\/137407434<\/b><\/a><\/p>\n<p><b>Facebook:<\/b><a href=\"https:\/\/www.facebook.com\/phukienmattroisolar\">\u00a0<b>https:\/\/www.facebook.com\/phukienmattroisolar<\/b><\/a><\/p>\n","protected":false},"excerpt":{"rendered":"<p>T\u1ed5ng h\u1ee3p th\u00f4ng tin v\u1ec1 s\u1ea3n ph\u1ea9m \u0111\u00e8n pha n\u0103ng l\u01b0\u1ee3ng m\u1eb7t tr\u1eddi CP01.SL 90W R\u1ea1ng \u0110\u00f4ng. \u0110\u00e2y l\u00e0 m\u1eabu \u0111\u00e8n pha NLMT c\u00f3 c\u00f4ng su\u1ea5t cao nh\u1ea5t hi\u1ec7n t\u1ea1i<\/p>\n","protected":false},"featured_media":8898,"comment_status":"open","ping_status":"closed","template":"","meta":[],"product_brand":[],"product_cat":[26],"product_tag":[],"class_list":{"0":"post-8899","1":"product","2":"type-product","3":"status-publish","4":"has-post-thumbnail","6":"product_cat-den-pha-nlmt","8":"first","9":"instock","10":"taxable","11":"shipping-taxable","12":"product-type-external"},"yoast_head":"<!-- This site is optimized with the Yoast SEO Premium plugin v22.6 (Yoast SEO v27.3) - https:\/\/yoast.com\/product\/yoast-seo-premium-wordpress\/ -->\n<title>\u0110\u00e8n pha n\u0103ng l\u01b0\u1ee3ng m\u1eb7t tr\u1eddi CP01.SL 90W R\u1ea1ng \u0110\u00f4ng - Ph\u1ee5 Ki\u1ec7n M\u1eb7t Tr\u1eddi<\/title>\n<meta name=\"robots\" content=\"index, follow, max-snippet:-1, max-image-preview:large, max-video-preview:-1\" \/>\n<link rel=\"canonical\" href=\"https:\/\/phukienmattroi.com\/index.php\/product\/den-pha-nang-luong-mat-troi-cp01-sl-90w-rang-dong\/\" \/>\n<meta property=\"og:locale\" content=\"vi_VN\" \/>\n<meta property=\"og:type\" content=\"article\" \/>\n<meta property=\"og:title\" content=\"\u0110\u00e8n pha n\u0103ng l\u01b0\u1ee3ng m\u1eb7t tr\u1eddi CP01.SL 90W R\u1ea1ng \u0110\u00f4ng\" \/>\n<meta property=\"og:description\" content=\"T\u1ed5ng h\u1ee3p th\u00f4ng tin v\u1ec1 s\u1ea3n ph\u1ea9m \u0111\u00e8n pha n\u0103ng l\u01b0\u1ee3ng m\u1eb7t tr\u1eddi CP01.SL 90W R\u1ea1ng \u0110\u00f4ng. \u0110\u00e2y l\u00e0 m\u1eabu \u0111\u00e8n pha NLMT c\u00f3 c\u00f4ng su\u1ea5t cao nh\u1ea5t hi\u1ec7n t\u1ea1i\" \/>\n<meta property=\"og:url\" content=\"https:\/\/phukienmattroi.com\/index.php\/product\/den-pha-nang-luong-mat-troi-cp01-sl-90w-rang-dong\/\" \/>\n<meta property=\"og:site_name\" content=\"Ph\u1ee5 Ki\u1ec7n M\u1eb7t Tr\u1eddi\" \/>\n<meta property=\"article:publisher\" content=\"https:\/\/www.facebook.com\/phukienmattroisolar\" \/>\n<meta property=\"article:modified_time\" content=\"2026-04-10T15:29:41+00:00\" \/>\n<meta property=\"og:image\" content=\"https:\/\/phukienmattroi.com\/wp-content\/uploads\/2024\/10\/den-pha-nang-lu-ng-m-t-tr-i-cp01sl-90w-r-ng-dong.jpg\" \/>\n\t<meta property=\"og:image:width\" content=\"600\" \/>\n\t<meta property=\"og:image:height\" content=\"600\" \/>\n\t<meta property=\"og:image:type\" content=\"image\/jpeg\" \/>\n<meta name=\"twitter:card\" content=\"summary_large_image\" \/>\n<meta name=\"twitter:label1\" content=\"Gi\u00e1\" \/>\n\t<meta name=\"twitter:data1\" content=\"5.068.800&nbsp;&#8363;\" \/>\n\t<meta name=\"twitter:label2\" content=\"Kh\u1ea3 d\u1ee5ng\" \/>\n\t<meta name=\"twitter:data2\" content=\"Trong kho\" \/>\n<script type=\"application\/ld+json\" class=\"yoast-schema-graph\">{\"@context\":\"https:\\\/\\\/schema.org\",\"@graph\":[{\"@type\":\"WebPage\",\"@id\":\"https:\\\/\\\/phukienmattroi.com\\\/index.php\\\/product\\\/den-pha-nang-luong-mat-troi-cp01-sl-90w-rang-dong\\\/\",\"url\":\"https:\\\/\\\/phukienmattroi.com\\\/index.php\\\/product\\\/den-pha-nang-luong-mat-troi-cp01-sl-90w-rang-dong\\\/\",\"name\":\"\u0110\u00e8n pha n\u0103ng l\u01b0\u1ee3ng m\u1eb7t tr\u1eddi CP01.SL 90W R\u1ea1ng \u0110\u00f4ng - Ph\u1ee5 Ki\u1ec7n M\u1eb7t Tr\u1eddi\",\"isPartOf\":{\"@id\":\"https:\\\/\\\/phukienmattroi.com\\\/#website\"},\"primaryImageOfPage\":{\"@id\":\"https:\\\/\\\/phukienmattroi.com\\\/index.php\\\/product\\\/den-pha-nang-luong-mat-troi-cp01-sl-90w-rang-dong\\\/#primaryimage\"},\"image\":{\"@id\":\"https:\\\/\\\/phukienmattroi.com\\\/index.php\\\/product\\\/den-pha-nang-luong-mat-troi-cp01-sl-90w-rang-dong\\\/#primaryimage\"},\"thumbnailUrl\":\"https:\\\/\\\/phukienmattroi.com\\\/wp-content\\\/uploads\\\/2024\\\/10\\\/den-pha-nang-lu-ng-m-t-tr-i-cp01sl-90w-r-ng-dong.jpg\",\"datePublished\":\"2024-10-25T06:49:02+00:00\",\"dateModified\":\"2026-04-10T15:29:41+00:00\",\"breadcrumb\":{\"@id\":\"https:\\\/\\\/phukienmattroi.com\\\/index.php\\\/product\\\/den-pha-nang-luong-mat-troi-cp01-sl-90w-rang-dong\\\/#breadcrumb\"},\"inLanguage\":\"vi\",\"potentialAction\":[{\"@type\":\"ReadAction\",\"target\":[\"https:\\\/\\\/phukienmattroi.com\\\/index.php\\\/product\\\/den-pha-nang-luong-mat-troi-cp01-sl-90w-rang-dong\\\/\"]}]},{\"@type\":\"ImageObject\",\"inLanguage\":\"vi\",\"@id\":\"https:\\\/\\\/phukienmattroi.com\\\/index.php\\\/product\\\/den-pha-nang-luong-mat-troi-cp01-sl-90w-rang-dong\\\/#primaryimage\",\"url\":\"https:\\\/\\\/phukienmattroi.com\\\/wp-content\\\/uploads\\\/2024\\\/10\\\/den-pha-nang-lu-ng-m-t-tr-i-cp01sl-90w-r-ng-dong.jpg\",\"contentUrl\":\"https:\\\/\\\/phukienmattroi.com\\\/wp-content\\\/uploads\\\/2024\\\/10\\\/den-pha-nang-lu-ng-m-t-tr-i-cp01sl-90w-r-ng-dong.jpg\",\"width\":600,\"height\":600},{\"@type\":\"BreadcrumbList\",\"@id\":\"https:\\\/\\\/phukienmattroi.com\\\/index.php\\\/product\\\/den-pha-nang-luong-mat-troi-cp01-sl-90w-rang-dong\\\/#breadcrumb\",\"itemListElement\":[{\"@type\":\"ListItem\",\"position\":1,\"name\":\"Trang ch\u1ee7\",\"item\":\"https:\\\/\\\/phukienmattroi.com\\\/\"},{\"@type\":\"ListItem\",\"position\":2,\"name\":\"S\u1ea3n ph\u1ea9m\",\"item\":\"https:\\\/\\\/phukienmattroi.com\\\/index.php\\\/shop\\\/\"},{\"@type\":\"ListItem\",\"position\":3,\"name\":\"\u0110\u00e8n pha n\u0103ng l\u01b0\u1ee3ng m\u1eb7t tr\u1eddi CP01.SL 90W R\u1ea1ng \u0110\u00f4ng\"}]},{\"@type\":\"WebSite\",\"@id\":\"https:\\\/\\\/phukienmattroi.com\\\/#website\",\"url\":\"https:\\\/\\\/phukienmattroi.com\\\/\",\"name\":\"Ph\u1ee5 Ki\u1ec7n M\u1eb7t Tr\u1eddi\",\"description\":\"Ph\u1ee5 Ki\u1ec7n M\u1eb7t Tr\u1eddi\",\"publisher\":{\"@id\":\"https:\\\/\\\/phukienmattroi.com\\\/#organization\"},\"potentialAction\":[{\"@type\":\"SearchAction\",\"target\":{\"@type\":\"EntryPoint\",\"urlTemplate\":\"https:\\\/\\\/phukienmattroi.com\\\/?s={search_term_string}\"},\"query-input\":{\"@type\":\"PropertyValueSpecification\",\"valueRequired\":true,\"valueName\":\"search_term_string\"}}],\"inLanguage\":\"vi\"},{\"@type\":\"Organization\",\"@id\":\"https:\\\/\\\/phukienmattroi.com\\\/#organization\",\"name\":\"Ph\u1ee5 Ki\u1ec7n M\u1eb7t Tr\u1eddi\",\"url\":\"https:\\\/\\\/phukienmattroi.com\\\/\",\"logo\":{\"@type\":\"ImageObject\",\"inLanguage\":\"vi\",\"@id\":\"https:\\\/\\\/phukienmattroi.com\\\/#\\\/schema\\\/logo\\\/image\\\/\",\"url\":\"https:\\\/\\\/phukienmattroi.com\\\/wp-content\\\/uploads\\\/2024\\\/03\\\/TBMT-logo3-1.png\",\"contentUrl\":\"https:\\\/\\\/phukienmattroi.com\\\/wp-content\\\/uploads\\\/2024\\\/03\\\/TBMT-logo3-1.png\",\"width\":3946,\"height\":1403,\"caption\":\"Ph\u1ee5 Ki\u1ec7n M\u1eb7t Tr\u1eddi\"},\"image\":{\"@id\":\"https:\\\/\\\/phukienmattroi.com\\\/#\\\/schema\\\/logo\\\/image\\\/\"},\"sameAs\":[\"https:\\\/\\\/www.facebook.com\\\/phukienmattroisolar\"]}]}<\/script>\n<meta property=\"product:price:amount\" content=\"5068800\" \/>\n<meta property=\"product:price:currency\" content=\"VND\" \/>\n<meta property=\"og:availability\" content=\"instock\" \/>\n<meta property=\"product:availability\" content=\"instock\" \/>\n<meta property=\"product:condition\" content=\"new\" \/>\n<!-- \/ Yoast SEO Premium plugin. -->","yoast_head_json":{"title":"\u0110\u00e8n pha n\u0103ng l\u01b0\u1ee3ng m\u1eb7t tr\u1eddi CP01.SL 90W R\u1ea1ng \u0110\u00f4ng - Ph\u1ee5 Ki\u1ec7n M\u1eb7t Tr\u1eddi","robots":{"index":"index","follow":"follow","max-snippet":"max-snippet:-1","max-image-preview":"max-image-preview:large","max-video-preview":"max-video-preview:-1"},"canonical":"https:\/\/phukienmattroi.com\/index.php\/product\/den-pha-nang-luong-mat-troi-cp01-sl-90w-rang-dong\/","og_locale":"vi_VN","og_type":"article","og_title":"\u0110\u00e8n pha n\u0103ng l\u01b0\u1ee3ng m\u1eb7t tr\u1eddi CP01.SL 90W R\u1ea1ng \u0110\u00f4ng","og_description":"T\u1ed5ng h\u1ee3p th\u00f4ng tin v\u1ec1 s\u1ea3n ph\u1ea9m \u0111\u00e8n pha n\u0103ng l\u01b0\u1ee3ng m\u1eb7t tr\u1eddi CP01.SL 90W R\u1ea1ng \u0110\u00f4ng. \u0110\u00e2y l\u00e0 m\u1eabu \u0111\u00e8n pha NLMT c\u00f3 c\u00f4ng su\u1ea5t cao nh\u1ea5t hi\u1ec7n t\u1ea1i","og_url":"https:\/\/phukienmattroi.com\/index.php\/product\/den-pha-nang-luong-mat-troi-cp01-sl-90w-rang-dong\/","og_site_name":"Ph\u1ee5 Ki\u1ec7n M\u1eb7t Tr\u1eddi","article_publisher":"https:\/\/www.facebook.com\/phukienmattroisolar","article_modified_time":"2026-04-10T15:29:41+00:00","og_image":[{"width":600,"height":600,"url":"https:\/\/phukienmattroi.com\/wp-content\/uploads\/2024\/10\/den-pha-nang-lu-ng-m-t-tr-i-cp01sl-90w-r-ng-dong.jpg","type":"image\/jpeg"}],"twitter_card":"summary_large_image","twitter_misc":{"Gi\u00e1":"5.068.800&nbsp;&#8363;","Kh\u1ea3 d\u1ee5ng":"Trong kho"},"schema":{"@context":"https:\/\/schema.org","@graph":[{"@type":"WebPage","@id":"https:\/\/phukienmattroi.com\/index.php\/product\/den-pha-nang-luong-mat-troi-cp01-sl-90w-rang-dong\/","url":"https:\/\/phukienmattroi.com\/index.php\/product\/den-pha-nang-luong-mat-troi-cp01-sl-90w-rang-dong\/","name":"\u0110\u00e8n pha n\u0103ng l\u01b0\u1ee3ng m\u1eb7t tr\u1eddi CP01.SL 90W R\u1ea1ng \u0110\u00f4ng - Ph\u1ee5 Ki\u1ec7n M\u1eb7t Tr\u1eddi","isPartOf":{"@id":"https:\/\/phukienmattroi.com\/#website"},"primaryImageOfPage":{"@id":"https:\/\/phukienmattroi.com\/index.php\/product\/den-pha-nang-luong-mat-troi-cp01-sl-90w-rang-dong\/#primaryimage"},"image":{"@id":"https:\/\/phukienmattroi.com\/index.php\/product\/den-pha-nang-luong-mat-troi-cp01-sl-90w-rang-dong\/#primaryimage"},"thumbnailUrl":"https:\/\/phukienmattroi.com\/wp-content\/uploads\/2024\/10\/den-pha-nang-lu-ng-m-t-tr-i-cp01sl-90w-r-ng-dong.jpg","datePublished":"2024-10-25T06:49:02+00:00","dateModified":"2026-04-10T15:29:41+00:00","breadcrumb":{"@id":"https:\/\/phukienmattroi.com\/index.php\/product\/den-pha-nang-luong-mat-troi-cp01-sl-90w-rang-dong\/#breadcrumb"},"inLanguage":"vi","potentialAction":[{"@type":"ReadAction","target":["https:\/\/phukienmattroi.com\/index.php\/product\/den-pha-nang-luong-mat-troi-cp01-sl-90w-rang-dong\/"]}]},{"@type":"ImageObject","inLanguage":"vi","@id":"https:\/\/phukienmattroi.com\/index.php\/product\/den-pha-nang-luong-mat-troi-cp01-sl-90w-rang-dong\/#primaryimage","url":"https:\/\/phukienmattroi.com\/wp-content\/uploads\/2024\/10\/den-pha-nang-lu-ng-m-t-tr-i-cp01sl-90w-r-ng-dong.jpg","contentUrl":"https:\/\/phukienmattroi.com\/wp-content\/uploads\/2024\/10\/den-pha-nang-lu-ng-m-t-tr-i-cp01sl-90w-r-ng-dong.jpg","width":600,"height":600},{"@type":"BreadcrumbList","@id":"https:\/\/phukienmattroi.com\/index.php\/product\/den-pha-nang-luong-mat-troi-cp01-sl-90w-rang-dong\/#breadcrumb","itemListElement":[{"@type":"ListItem","position":1,"name":"Trang ch\u1ee7","item":"https:\/\/phukienmattroi.com\/"},{"@type":"ListItem","position":2,"name":"S\u1ea3n ph\u1ea9m","item":"https:\/\/phukienmattroi.com\/index.php\/shop\/"},{"@type":"ListItem","position":3,"name":"\u0110\u00e8n pha n\u0103ng l\u01b0\u1ee3ng m\u1eb7t tr\u1eddi CP01.SL 90W R\u1ea1ng \u0110\u00f4ng"}]},{"@type":"WebSite","@id":"https:\/\/phukienmattroi.com\/#website","url":"https:\/\/phukienmattroi.com\/","name":"Ph\u1ee5 Ki\u1ec7n M\u1eb7t Tr\u1eddi","description":"Ph\u1ee5 Ki\u1ec7n M\u1eb7t Tr\u1eddi","publisher":{"@id":"https:\/\/phukienmattroi.com\/#organization"},"potentialAction":[{"@type":"SearchAction","target":{"@type":"EntryPoint","urlTemplate":"https:\/\/phukienmattroi.com\/?s={search_term_string}"},"query-input":{"@type":"PropertyValueSpecification","valueRequired":true,"valueName":"search_term_string"}}],"inLanguage":"vi"},{"@type":"Organization","@id":"https:\/\/phukienmattroi.com\/#organization","name":"Ph\u1ee5 Ki\u1ec7n M\u1eb7t Tr\u1eddi","url":"https:\/\/phukienmattroi.com\/","logo":{"@type":"ImageObject","inLanguage":"vi","@id":"https:\/\/phukienmattroi.com\/#\/schema\/logo\/image\/","url":"https:\/\/phukienmattroi.com\/wp-content\/uploads\/2024\/03\/TBMT-logo3-1.png","contentUrl":"https:\/\/phukienmattroi.com\/wp-content\/uploads\/2024\/03\/TBMT-logo3-1.png","width":3946,"height":1403,"caption":"Ph\u1ee5 Ki\u1ec7n M\u1eb7t Tr\u1eddi"},"image":{"@id":"https:\/\/phukienmattroi.com\/#\/schema\/logo\/image\/"},"sameAs":["https:\/\/www.facebook.com\/phukienmattroisolar"]}]},"product_price_amount":"5068800","product_price_currency":"VND","og_availability":"instock","product_availability":"instock","product_condition":"new"},"jetpack_sharing_enabled":true,"_links":{"self":[{"href":"https:\/\/phukienmattroi.com\/index.php\/wp-json\/wp\/v2\/product\/8899","targetHints":{"allow":["GET"]}}],"collection":[{"href":"https:\/\/phukienmattroi.com\/index.php\/wp-json\/wp\/v2\/product"}],"about":[{"href":"https:\/\/phukienmattroi.com\/index.php\/wp-json\/wp\/v2\/types\/product"}],"replies":[{"embeddable":true,"href":"https:\/\/phukienmattroi.com\/index.php\/wp-json\/wp\/v2\/comments?post=8899"}],"wp:featuredmedia":[{"embeddable":true,"href":"https:\/\/phukienmattroi.com\/index.php\/wp-json\/wp\/v2\/media\/8898"}],"wp:attachment":[{"href":"https:\/\/phukienmattroi.com\/index.php\/wp-json\/wp\/v2\/media?parent=8899"}],"wp:term":[{"taxonomy":"product_brand","embeddable":true,"href":"https:\/\/phukienmattroi.com\/index.php\/wp-json\/wp\/v2\/product_brand?post=8899"},{"taxonomy":"product_cat","embeddable":true,"href":"https:\/\/phukienmattroi.com\/index.php\/wp-json\/wp\/v2\/product_cat?post=8899"},{"taxonomy":"product_tag","embeddable":true,"href":"https:\/\/phukienmattroi.com\/index.php\/wp-json\/wp\/v2\/product_tag?post=8899"}],"curies":[{"name":"wp","href":"https:\/\/api.w.org\/{rel}","templated":true}]}}