{"id":8867,"date":"2024-10-25T13:48:24","date_gmt":"2024-10-25T06:48:24","guid":{"rendered":"https:\/\/phukienmattroi.com\/index.php\/product\/may-bom-nuoc-nang-luong-mat-troi-lap-dat-tron-goi-0-5hp-15hp\/"},"modified":"2026-04-12T08:35:25","modified_gmt":"2026-04-12T01:35:25","slug":"may-bom-nuoc-nang-luong-mat-troi-lap-dat-tron-goi-0-5hp-15hp","status":"publish","type":"product","link":"https:\/\/phukienmattroi.com\/index.php\/product\/may-bom-nuoc-nang-luong-mat-troi-lap-dat-tron-goi-0-5hp-15hp\/","title":{"rendered":"M\u00e1y b\u01a1m n\u01b0\u1edbc n\u0103ng l\u01b0\u1ee3ng m\u1eb7t tr\u1eddi &#8211; l\u1eafp \u0111\u1eb7t tr\u1ecdn g\u00f3i [0.5HP &#8211; 15HP]"},"content":{"rendered":"<p>B\u1eb1ng vi\u1ec7c l\u1eafp \u0111i\u1ec7n n\u0103ng l\u01b0\u1ee3ng m\u1eb7t tr\u1eddi cho gia \u0111\u00ecnh, nh\u00e0 x\u01b0\u1edfng, b\u1ec7nh vi\u1ec7n, tr\u01b0\u1eddng h\u1ecdc \u1edf Vi\u1ec7t Nam b\u1ea1n c\u00f3 th\u1ec3 ti\u1ebft ki\u1ec7m \u0111\u1ebfn 90% \u0111i\u1ec7n n\u0103ng v\u00e0 c\u00f3 th\u1ec3 b\u00e1n l\u01b0\u1ee3ng \u0111i\u1ec7n d\u01b0 cho EVN v\u1edbi gi\u00e1 1.940\u0111\/kWh. C\u00f9ng v\u1edbi \u0111\u00f3, Vi\u1ec7t Nam \u0111\u1ed3ng k\u00fd cam k\u1ebft t\u1ea1i COP26 c\u00f9ng g\u1ea7n 150 qu\u1ed1c gia, cam k\u1ebft \u0111\u01b0a m\u1ee9c ph\u00e1t th\u1ea3i r\u00f2ng v\u1ec1 \u201c0\u201d v\u00e0o 2050. V\u00e0 c\u00f9ng v\u1edbi h\u01a1n 100 qu\u1ed1c gia tham gia cam k\u1ebft gi\u1ea3m ph\u00e1t th\u1ea3i kh\u00ed methane to\u00e0n c\u1ea7u v\u00e0o n\u0103m 2030 so v\u1edbi n\u0103m 2010 xu\u1ed1ng d\u01b0\u1edbi 30% l\u00e0 nh\u1eefng g\u00ec m\u00e0 ch\u00fang ta n\u00ean l\u01b0u t\u00e2m.<\/p>\n","protected":false},"excerpt":{"rendered":"<p>B\u1eb1ng vi\u1ec7c l\u1eafp \u0111i\u1ec7n n\u0103ng l\u01b0\u1ee3ng m\u1eb7t tr\u1eddi cho gia \u0111\u00ecnh, nh\u00e0 x\u01b0\u1edfng, b\u1ec7nh vi\u1ec7n, tr\u01b0\u1eddng h\u1ecdc \u1edf Vi\u1ec7t Nam b\u1ea1n c\u00f3 th\u1ec3 ti\u1ebft ki\u1ec7m \u0111\u1ebfn 90% \u0111i\u1ec7n n\u0103ng v\u00e0<\/p>\n","protected":false},"featured_media":8865,"comment_status":"open","ping_status":"closed","template":"","meta":[],"product_brand":[],"product_cat":[26],"product_tag":[],"class_list":{"0":"post-8867","1":"product","2":"type-product","3":"status-publish","4":"has-post-thumbnail","6":"product_cat-den-pha-nlmt","8":"first","9":"instock","10":"taxable","11":"shipping-taxable","12":"product-type-external"},"yoast_head":"<!-- This site is optimized with the Yoast SEO Premium plugin v22.6 (Yoast SEO v27.4) - https:\/\/yoast.com\/product\/yoast-seo-premium-wordpress\/ -->\n<title>M\u00e1y b\u01a1m n\u01b0\u1edbc n\u0103ng l\u01b0\u1ee3ng m\u1eb7t tr\u1eddi - l\u1eafp \u0111\u1eb7t tr\u1ecdn g\u00f3i [0.5HP - 15HP] - Ph\u1ee5 Ki\u1ec7n M\u1eb7t Tr\u1eddi<\/title>\n<meta name=\"robots\" content=\"index, follow, max-snippet:-1, max-image-preview:large, max-video-preview:-1\" \/>\n<link rel=\"canonical\" href=\"https:\/\/phukienmattroi.com\/index.php\/product\/may-bom-nuoc-nang-luong-mat-troi-lap-dat-tron-goi-0-5hp-15hp\/\" \/>\n<meta property=\"og:locale\" content=\"vi_VN\" \/>\n<meta property=\"og:type\" content=\"article\" \/>\n<meta property=\"og:title\" content=\"M\u00e1y b\u01a1m n\u01b0\u1edbc n\u0103ng l\u01b0\u1ee3ng m\u1eb7t tr\u1eddi - l\u1eafp \u0111\u1eb7t tr\u1ecdn g\u00f3i [0.5HP - 15HP]\" \/>\n<meta property=\"og:description\" content=\"B\u1eb1ng vi\u1ec7c l\u1eafp \u0111i\u1ec7n n\u0103ng l\u01b0\u1ee3ng m\u1eb7t tr\u1eddi cho gia \u0111\u00ecnh, nh\u00e0 x\u01b0\u1edfng, b\u1ec7nh vi\u1ec7n, tr\u01b0\u1eddng h\u1ecdc \u1edf Vi\u1ec7t Nam b\u1ea1n c\u00f3 th\u1ec3 ti\u1ebft ki\u1ec7m \u0111\u1ebfn 90% \u0111i\u1ec7n n\u0103ng v\u00e0\" \/>\n<meta property=\"og:url\" content=\"https:\/\/phukienmattroi.com\/index.php\/product\/may-bom-nuoc-nang-luong-mat-troi-lap-dat-tron-goi-0-5hp-15hp\/\" \/>\n<meta property=\"og:site_name\" content=\"Ph\u1ee5 Ki\u1ec7n M\u1eb7t Tr\u1eddi\" \/>\n<meta property=\"article:publisher\" content=\"https:\/\/www.facebook.com\/phukienmattroisolar\" \/>\n<meta property=\"article:modified_time\" content=\"2026-04-12T01:35:25+00:00\" \/>\n<meta name=\"twitter:card\" content=\"summary_large_image\" \/>\n<meta name=\"twitter:label1\" content=\"Gi\u00e1\" \/>\n\t<meta name=\"twitter:data1\" content=\"4.500.000&nbsp;&#8363;\" \/>\n\t<meta name=\"twitter:label2\" content=\"Kh\u1ea3 d\u1ee5ng\" \/>\n\t<meta name=\"twitter:data2\" content=\"Trong kho\" \/>\n<script type=\"application\/ld+json\" class=\"yoast-schema-graph\">{\"@context\":\"https:\\\/\\\/schema.org\",\"@graph\":[{\"@type\":\"WebPage\",\"@id\":\"https:\\\/\\\/phukienmattroi.com\\\/index.php\\\/product\\\/may-bom-nuoc-nang-luong-mat-troi-lap-dat-tron-goi-0-5hp-15hp\\\/\",\"url\":\"https:\\\/\\\/phukienmattroi.com\\\/index.php\\\/product\\\/may-bom-nuoc-nang-luong-mat-troi-lap-dat-tron-goi-0-5hp-15hp\\\/\",\"name\":\"M\u00e1y b\u01a1m n\u01b0\u1edbc n\u0103ng l\u01b0\u1ee3ng m\u1eb7t tr\u1eddi - l\u1eafp \u0111\u1eb7t tr\u1ecdn g\u00f3i [0.5HP - 15HP] - Ph\u1ee5 Ki\u1ec7n M\u1eb7t Tr\u1eddi\",\"isPartOf\":{\"@id\":\"https:\\\/\\\/phukienmattroi.com\\\/#website\"},\"primaryImageOfPage\":{\"@id\":\"https:\\\/\\\/phukienmattroi.com\\\/index.php\\\/product\\\/may-bom-nuoc-nang-luong-mat-troi-lap-dat-tron-goi-0-5hp-15hp\\\/#primaryimage\"},\"image\":{\"@id\":\"https:\\\/\\\/phukienmattroi.com\\\/index.php\\\/product\\\/may-bom-nuoc-nang-luong-mat-troi-lap-dat-tron-goi-0-5hp-15hp\\\/#primaryimage\"},\"thumbnailUrl\":\"https:\\\/\\\/phukienmattroi.com\\\/wp-content\\\/uploads\\\/2024\\\/10\\\/may-bom-nu-c-nang-lu-ng-m-t-tr-i-l-p-d-t-tr-n-goi-05hp-15hp.jpg\",\"datePublished\":\"2024-10-25T06:48:24+00:00\",\"dateModified\":\"2026-04-12T01:35:25+00:00\",\"breadcrumb\":{\"@id\":\"https:\\\/\\\/phukienmattroi.com\\\/index.php\\\/product\\\/may-bom-nuoc-nang-luong-mat-troi-lap-dat-tron-goi-0-5hp-15hp\\\/#breadcrumb\"},\"inLanguage\":\"vi\",\"potentialAction\":[{\"@type\":\"ReadAction\",\"target\":[\"https:\\\/\\\/phukienmattroi.com\\\/index.php\\\/product\\\/may-bom-nuoc-nang-luong-mat-troi-lap-dat-tron-goi-0-5hp-15hp\\\/\"]}]},{\"@type\":\"ImageObject\",\"inLanguage\":\"vi\",\"@id\":\"https:\\\/\\\/phukienmattroi.com\\\/index.php\\\/product\\\/may-bom-nuoc-nang-luong-mat-troi-lap-dat-tron-goi-0-5hp-15hp\\\/#primaryimage\",\"url\":\"https:\\\/\\\/phukienmattroi.com\\\/wp-content\\\/uploads\\\/2024\\\/10\\\/may-bom-nu-c-nang-lu-ng-m-t-tr-i-l-p-d-t-tr-n-goi-05hp-15hp.jpg\",\"contentUrl\":\"https:\\\/\\\/phukienmattroi.com\\\/wp-content\\\/uploads\\\/2024\\\/10\\\/may-bom-nu-c-nang-lu-ng-m-t-tr-i-l-p-d-t-tr-n-goi-05hp-15hp.jpg\",\"width\":600,\"height\":600},{\"@type\":\"BreadcrumbList\",\"@id\":\"https:\\\/\\\/phukienmattroi.com\\\/index.php\\\/product\\\/may-bom-nuoc-nang-luong-mat-troi-lap-dat-tron-goi-0-5hp-15hp\\\/#breadcrumb\",\"itemListElement\":[{\"@type\":\"ListItem\",\"position\":1,\"name\":\"Trang ch\u1ee7\",\"item\":\"https:\\\/\\\/phukienmattroi.com\\\/\"},{\"@type\":\"ListItem\",\"position\":2,\"name\":\"S\u1ea3n ph\u1ea9m\",\"item\":\"https:\\\/\\\/phukienmattroi.com\\\/index.php\\\/shop\\\/\"},{\"@type\":\"ListItem\",\"position\":3,\"name\":\"M\u00e1y b\u01a1m n\u01b0\u1edbc n\u0103ng l\u01b0\u1ee3ng m\u1eb7t tr\u1eddi &#8211; l\u1eafp \u0111\u1eb7t tr\u1ecdn g\u00f3i [0.5HP &#8211; 15HP]\"}]},{\"@type\":\"WebSite\",\"@id\":\"https:\\\/\\\/phukienmattroi.com\\\/#website\",\"url\":\"https:\\\/\\\/phukienmattroi.com\\\/\",\"name\":\"Ph\u1ee5 Ki\u1ec7n M\u1eb7t Tr\u1eddi\",\"description\":\"Ph\u1ee5 Ki\u1ec7n M\u1eb7t Tr\u1eddi\",\"publisher\":{\"@id\":\"https:\\\/\\\/phukienmattroi.com\\\/#organization\"},\"potentialAction\":[{\"@type\":\"SearchAction\",\"target\":{\"@type\":\"EntryPoint\",\"urlTemplate\":\"https:\\\/\\\/phukienmattroi.com\\\/?s={search_term_string}\"},\"query-input\":{\"@type\":\"PropertyValueSpecification\",\"valueRequired\":true,\"valueName\":\"search_term_string\"}}],\"inLanguage\":\"vi\"},{\"@type\":\"Organization\",\"@id\":\"https:\\\/\\\/phukienmattroi.com\\\/#organization\",\"name\":\"Ph\u1ee5 Ki\u1ec7n M\u1eb7t Tr\u1eddi\",\"url\":\"https:\\\/\\\/phukienmattroi.com\\\/\",\"logo\":{\"@type\":\"ImageObject\",\"inLanguage\":\"vi\",\"@id\":\"https:\\\/\\\/phukienmattroi.com\\\/#\\\/schema\\\/logo\\\/image\\\/\",\"url\":\"https:\\\/\\\/phukienmattroi.com\\\/wp-content\\\/uploads\\\/2024\\\/03\\\/TBMT-logo3-1.png\",\"contentUrl\":\"https:\\\/\\\/phukienmattroi.com\\\/wp-content\\\/uploads\\\/2024\\\/03\\\/TBMT-logo3-1.png\",\"width\":3946,\"height\":1403,\"caption\":\"Ph\u1ee5 Ki\u1ec7n M\u1eb7t Tr\u1eddi\"},\"image\":{\"@id\":\"https:\\\/\\\/phukienmattroi.com\\\/#\\\/schema\\\/logo\\\/image\\\/\"},\"sameAs\":[\"https:\\\/\\\/www.facebook.com\\\/phukienmattroisolar\"]}]}<\/script>\n<meta property=\"product:price:amount\" content=\"4500000\" \/>\n<meta property=\"product:price:currency\" content=\"VND\" \/>\n<meta property=\"og:availability\" content=\"instock\" \/>\n<meta property=\"product:availability\" content=\"instock\" \/>\n<meta property=\"product:condition\" content=\"new\" \/>\n<!-- \/ Yoast SEO Premium plugin. -->","yoast_head_json":{"title":"M\u00e1y b\u01a1m n\u01b0\u1edbc n\u0103ng l\u01b0\u1ee3ng m\u1eb7t tr\u1eddi - l\u1eafp \u0111\u1eb7t tr\u1ecdn g\u00f3i [0.5HP - 15HP] - Ph\u1ee5 Ki\u1ec7n M\u1eb7t Tr\u1eddi","robots":{"index":"index","follow":"follow","max-snippet":"max-snippet:-1","max-image-preview":"max-image-preview:large","max-video-preview":"max-video-preview:-1"},"canonical":"https:\/\/phukienmattroi.com\/index.php\/product\/may-bom-nuoc-nang-luong-mat-troi-lap-dat-tron-goi-0-5hp-15hp\/","og_locale":"vi_VN","og_type":"article","og_title":"M\u00e1y b\u01a1m n\u01b0\u1edbc n\u0103ng l\u01b0\u1ee3ng m\u1eb7t tr\u1eddi - l\u1eafp \u0111\u1eb7t tr\u1ecdn g\u00f3i [0.5HP - 15HP]","og_description":"B\u1eb1ng vi\u1ec7c l\u1eafp \u0111i\u1ec7n n\u0103ng l\u01b0\u1ee3ng m\u1eb7t tr\u1eddi cho gia \u0111\u00ecnh, nh\u00e0 x\u01b0\u1edfng, b\u1ec7nh vi\u1ec7n, tr\u01b0\u1eddng h\u1ecdc \u1edf Vi\u1ec7t Nam b\u1ea1n c\u00f3 th\u1ec3 ti\u1ebft ki\u1ec7m \u0111\u1ebfn 90% \u0111i\u1ec7n n\u0103ng v\u00e0","og_url":"https:\/\/phukienmattroi.com\/index.php\/product\/may-bom-nuoc-nang-luong-mat-troi-lap-dat-tron-goi-0-5hp-15hp\/","og_site_name":"Ph\u1ee5 Ki\u1ec7n M\u1eb7t Tr\u1eddi","article_publisher":"https:\/\/www.facebook.com\/phukienmattroisolar","article_modified_time":"2026-04-12T01:35:25+00:00","twitter_card":"summary_large_image","twitter_misc":{"Gi\u00e1":"4.500.000&nbsp;&#8363;","Kh\u1ea3 d\u1ee5ng":"Trong kho"},"schema":{"@context":"https:\/\/schema.org","@graph":[{"@type":"WebPage","@id":"https:\/\/phukienmattroi.com\/index.php\/product\/may-bom-nuoc-nang-luong-mat-troi-lap-dat-tron-goi-0-5hp-15hp\/","url":"https:\/\/phukienmattroi.com\/index.php\/product\/may-bom-nuoc-nang-luong-mat-troi-lap-dat-tron-goi-0-5hp-15hp\/","name":"M\u00e1y b\u01a1m n\u01b0\u1edbc n\u0103ng l\u01b0\u1ee3ng m\u1eb7t tr\u1eddi - l\u1eafp \u0111\u1eb7t tr\u1ecdn g\u00f3i [0.5HP - 15HP] - Ph\u1ee5 Ki\u1ec7n M\u1eb7t Tr\u1eddi","isPartOf":{"@id":"https:\/\/phukienmattroi.com\/#website"},"primaryImageOfPage":{"@id":"https:\/\/phukienmattroi.com\/index.php\/product\/may-bom-nuoc-nang-luong-mat-troi-lap-dat-tron-goi-0-5hp-15hp\/#primaryimage"},"image":{"@id":"https:\/\/phukienmattroi.com\/index.php\/product\/may-bom-nuoc-nang-luong-mat-troi-lap-dat-tron-goi-0-5hp-15hp\/#primaryimage"},"thumbnailUrl":"https:\/\/phukienmattroi.com\/wp-content\/uploads\/2024\/10\/may-bom-nu-c-nang-lu-ng-m-t-tr-i-l-p-d-t-tr-n-goi-05hp-15hp.jpg","datePublished":"2024-10-25T06:48:24+00:00","dateModified":"2026-04-12T01:35:25+00:00","breadcrumb":{"@id":"https:\/\/phukienmattroi.com\/index.php\/product\/may-bom-nuoc-nang-luong-mat-troi-lap-dat-tron-goi-0-5hp-15hp\/#breadcrumb"},"inLanguage":"vi","potentialAction":[{"@type":"ReadAction","target":["https:\/\/phukienmattroi.com\/index.php\/product\/may-bom-nuoc-nang-luong-mat-troi-lap-dat-tron-goi-0-5hp-15hp\/"]}]},{"@type":"ImageObject","inLanguage":"vi","@id":"https:\/\/phukienmattroi.com\/index.php\/product\/may-bom-nuoc-nang-luong-mat-troi-lap-dat-tron-goi-0-5hp-15hp\/#primaryimage","url":"https:\/\/phukienmattroi.com\/wp-content\/uploads\/2024\/10\/may-bom-nu-c-nang-lu-ng-m-t-tr-i-l-p-d-t-tr-n-goi-05hp-15hp.jpg","contentUrl":"https:\/\/phukienmattroi.com\/wp-content\/uploads\/2024\/10\/may-bom-nu-c-nang-lu-ng-m-t-tr-i-l-p-d-t-tr-n-goi-05hp-15hp.jpg","width":600,"height":600},{"@type":"BreadcrumbList","@id":"https:\/\/phukienmattroi.com\/index.php\/product\/may-bom-nuoc-nang-luong-mat-troi-lap-dat-tron-goi-0-5hp-15hp\/#breadcrumb","itemListElement":[{"@type":"ListItem","position":1,"name":"Trang ch\u1ee7","item":"https:\/\/phukienmattroi.com\/"},{"@type":"ListItem","position":2,"name":"S\u1ea3n ph\u1ea9m","item":"https:\/\/phukienmattroi.com\/index.php\/shop\/"},{"@type":"ListItem","position":3,"name":"M\u00e1y b\u01a1m n\u01b0\u1edbc n\u0103ng l\u01b0\u1ee3ng m\u1eb7t tr\u1eddi &#8211; l\u1eafp \u0111\u1eb7t tr\u1ecdn g\u00f3i [0.5HP &#8211; 15HP]"}]},{"@type":"WebSite","@id":"https:\/\/phukienmattroi.com\/#website","url":"https:\/\/phukienmattroi.com\/","name":"Ph\u1ee5 Ki\u1ec7n M\u1eb7t Tr\u1eddi","description":"Ph\u1ee5 Ki\u1ec7n M\u1eb7t Tr\u1eddi","publisher":{"@id":"https:\/\/phukienmattroi.com\/#organization"},"potentialAction":[{"@type":"SearchAction","target":{"@type":"EntryPoint","urlTemplate":"https:\/\/phukienmattroi.com\/?s={search_term_string}"},"query-input":{"@type":"PropertyValueSpecification","valueRequired":true,"valueName":"search_term_string"}}],"inLanguage":"vi"},{"@type":"Organization","@id":"https:\/\/phukienmattroi.com\/#organization","name":"Ph\u1ee5 Ki\u1ec7n M\u1eb7t Tr\u1eddi","url":"https:\/\/phukienmattroi.com\/","logo":{"@type":"ImageObject","inLanguage":"vi","@id":"https:\/\/phukienmattroi.com\/#\/schema\/logo\/image\/","url":"https:\/\/phukienmattroi.com\/wp-content\/uploads\/2024\/03\/TBMT-logo3-1.png","contentUrl":"https:\/\/phukienmattroi.com\/wp-content\/uploads\/2024\/03\/TBMT-logo3-1.png","width":3946,"height":1403,"caption":"Ph\u1ee5 Ki\u1ec7n M\u1eb7t Tr\u1eddi"},"image":{"@id":"https:\/\/phukienmattroi.com\/#\/schema\/logo\/image\/"},"sameAs":["https:\/\/www.facebook.com\/phukienmattroisolar"]}]},"product_price_amount":"4500000","product_price_currency":"VND","og_availability":"instock","product_availability":"instock","product_condition":"new"},"jetpack_sharing_enabled":true,"_links":{"self":[{"href":"https:\/\/phukienmattroi.com\/index.php\/wp-json\/wp\/v2\/product\/8867","targetHints":{"allow":["GET"]}}],"collection":[{"href":"https:\/\/phukienmattroi.com\/index.php\/wp-json\/wp\/v2\/product"}],"about":[{"href":"https:\/\/phukienmattroi.com\/index.php\/wp-json\/wp\/v2\/types\/product"}],"replies":[{"embeddable":true,"href":"https:\/\/phukienmattroi.com\/index.php\/wp-json\/wp\/v2\/comments?post=8867"}],"wp:featuredmedia":[{"embeddable":true,"href":"https:\/\/phukienmattroi.com\/index.php\/wp-json\/wp\/v2\/media\/8865"}],"wp:attachment":[{"href":"https:\/\/phukienmattroi.com\/index.php\/wp-json\/wp\/v2\/media?parent=8867"}],"wp:term":[{"taxonomy":"product_brand","embeddable":true,"href":"https:\/\/phukienmattroi.com\/index.php\/wp-json\/wp\/v2\/product_brand?post=8867"},{"taxonomy":"product_cat","embeddable":true,"href":"https:\/\/phukienmattroi.com\/index.php\/wp-json\/wp\/v2\/product_cat?post=8867"},{"taxonomy":"product_tag","embeddable":true,"href":"https:\/\/phukienmattroi.com\/index.php\/wp-json\/wp\/v2\/product_tag?post=8867"}],"curies":[{"name":"wp","href":"https:\/\/api.w.org\/{rel}","templated":true}]}}