{"id":8864,"date":"2024-10-25T13:48:24","date_gmt":"2024-10-25T06:48:24","guid":{"rendered":"https:\/\/phukienmattroi.com\/index.php\/product\/day-noi-quat-nang-luong-mat-troi-dn-q5a-2\/"},"modified":"2026-04-10T06:17:07","modified_gmt":"2026-04-09T23:17:07","slug":"day-noi-quat-nang-luong-mat-troi-dn-q5a-2","status":"publish","type":"product","link":"https:\/\/phukienmattroi.com\/index.php\/product\/day-noi-quat-nang-luong-mat-troi-dn-q5a-2\/","title":{"rendered":"D\u00e2y n\u1ed1i qu\u1ea1t n\u0103ng l\u01b0\u1ee3ng m\u1eb7t tr\u1eddi DN-Q5A"},"content":{"rendered":"<p>D\u00e2y n\u1ed1i qu\u1ea1t n\u0103ng l\u01b0\u1ee3ng m\u1eb7t tr\u1eddi DN-Q5A chi\u1ec1u d\u00e0i 5m, t\u01b0\u01a1ng th\u00edch v\u1edbi c\u00e1c m\u1eabu qu\u1ea1t JD-S8800 v\u00e0 JD-S8800L. D\u00e2y d\u00e0y, l\u00f5i \u0111\u1ed3ng l\u1edbn, d\u1eabn \u0111i\u1ec7n t\u1ed1t.<\/p>\n","protected":false},"excerpt":{"rendered":"<p>D\u00e2y n\u1ed1i qu\u1ea1t n\u0103ng l\u01b0\u1ee3ng m\u1eb7t tr\u1eddi DN-Q5A chi\u1ec1u d\u00e0i 5m, t\u01b0\u01a1ng th\u00edch v\u1edbi c\u00e1c m\u1eabu qu\u1ea1t JD-S8800 v\u00e0 JD-S8800L. D\u00e2y d\u00e0y, l\u00f5i \u0111\u1ed3ng l\u1edbn, d\u1eabn \u0111i\u1ec7n t\u1ed1t.<\/p>\n","protected":false},"featured_media":8863,"comment_status":"open","ping_status":"closed","template":"","meta":[],"product_brand":[],"product_cat":[26],"product_tag":[],"class_list":{"0":"post-8864","1":"product","2":"type-product","3":"status-publish","4":"has-post-thumbnail","6":"product_cat-den-pha-nlmt","8":"first","9":"instock","10":"taxable","11":"shipping-taxable","12":"product-type-external"},"yoast_head":"<!-- This site is optimized with the Yoast SEO Premium plugin v22.6 (Yoast SEO v27.4) - https:\/\/yoast.com\/product\/yoast-seo-premium-wordpress\/ -->\n<title>D\u00e2y n\u1ed1i qu\u1ea1t n\u0103ng l\u01b0\u1ee3ng m\u1eb7t tr\u1eddi DN-Q5A - Ph\u1ee5 Ki\u1ec7n M\u1eb7t Tr\u1eddi<\/title>\n<meta name=\"robots\" content=\"index, follow, max-snippet:-1, max-image-preview:large, max-video-preview:-1\" \/>\n<link rel=\"canonical\" href=\"https:\/\/phukienmattroi.com\/index.php\/product\/day-noi-quat-nang-luong-mat-troi-dn-q5a-2\/\" \/>\n<meta property=\"og:locale\" content=\"vi_VN\" \/>\n<meta property=\"og:type\" content=\"article\" \/>\n<meta property=\"og:title\" content=\"D\u00e2y n\u1ed1i qu\u1ea1t n\u0103ng l\u01b0\u1ee3ng m\u1eb7t tr\u1eddi DN-Q5A\" \/>\n<meta property=\"og:description\" content=\"D\u00e2y n\u1ed1i qu\u1ea1t n\u0103ng l\u01b0\u1ee3ng m\u1eb7t tr\u1eddi DN-Q5A chi\u1ec1u d\u00e0i 5m, t\u01b0\u01a1ng th\u00edch v\u1edbi c\u00e1c m\u1eabu qu\u1ea1t JD-S8800 v\u00e0 JD-S8800L. D\u00e2y d\u00e0y, l\u00f5i \u0111\u1ed3ng l\u1edbn, d\u1eabn \u0111i\u1ec7n t\u1ed1t.\" \/>\n<meta property=\"og:url\" content=\"https:\/\/phukienmattroi.com\/index.php\/product\/day-noi-quat-nang-luong-mat-troi-dn-q5a-2\/\" \/>\n<meta property=\"og:site_name\" content=\"Ph\u1ee5 Ki\u1ec7n M\u1eb7t Tr\u1eddi\" \/>\n<meta property=\"article:publisher\" content=\"https:\/\/www.facebook.com\/phukienmattroisolar\" \/>\n<meta property=\"article:modified_time\" content=\"2026-04-09T23:17:07+00:00\" \/>\n<meta name=\"twitter:card\" content=\"summary_large_image\" \/>\n<meta name=\"twitter:label1\" content=\"Gi\u00e1\" \/>\n\t<meta name=\"twitter:data1\" content=\"1.190.000&nbsp;&#8363;\" \/>\n\t<meta name=\"twitter:label2\" content=\"Kh\u1ea3 d\u1ee5ng\" \/>\n\t<meta name=\"twitter:data2\" content=\"Trong kho\" \/>\n<script type=\"application\/ld+json\" class=\"yoast-schema-graph\">{\"@context\":\"https:\\\/\\\/schema.org\",\"@graph\":[{\"@type\":\"WebPage\",\"@id\":\"https:\\\/\\\/phukienmattroi.com\\\/index.php\\\/product\\\/day-noi-quat-nang-luong-mat-troi-dn-q5a-2\\\/\",\"url\":\"https:\\\/\\\/phukienmattroi.com\\\/index.php\\\/product\\\/day-noi-quat-nang-luong-mat-troi-dn-q5a-2\\\/\",\"name\":\"D\u00e2y n\u1ed1i qu\u1ea1t n\u0103ng l\u01b0\u1ee3ng m\u1eb7t tr\u1eddi DN-Q5A - Ph\u1ee5 Ki\u1ec7n M\u1eb7t Tr\u1eddi\",\"isPartOf\":{\"@id\":\"https:\\\/\\\/phukienmattroi.com\\\/#website\"},\"primaryImageOfPage\":{\"@id\":\"https:\\\/\\\/phukienmattroi.com\\\/index.php\\\/product\\\/day-noi-quat-nang-luong-mat-troi-dn-q5a-2\\\/#primaryimage\"},\"image\":{\"@id\":\"https:\\\/\\\/phukienmattroi.com\\\/index.php\\\/product\\\/day-noi-quat-nang-luong-mat-troi-dn-q5a-2\\\/#primaryimage\"},\"thumbnailUrl\":\"https:\\\/\\\/phukienmattroi.com\\\/wp-content\\\/uploads\\\/2024\\\/10\\\/day-n-i-qu-t-nang-lu-ng-m-t-tr-i-dn-q5a.jpg\",\"datePublished\":\"2024-10-25T06:48:24+00:00\",\"dateModified\":\"2026-04-09T23:17:07+00:00\",\"breadcrumb\":{\"@id\":\"https:\\\/\\\/phukienmattroi.com\\\/index.php\\\/product\\\/day-noi-quat-nang-luong-mat-troi-dn-q5a-2\\\/#breadcrumb\"},\"inLanguage\":\"vi\",\"potentialAction\":[{\"@type\":\"ReadAction\",\"target\":[\"https:\\\/\\\/phukienmattroi.com\\\/index.php\\\/product\\\/day-noi-quat-nang-luong-mat-troi-dn-q5a-2\\\/\"]}]},{\"@type\":\"ImageObject\",\"inLanguage\":\"vi\",\"@id\":\"https:\\\/\\\/phukienmattroi.com\\\/index.php\\\/product\\\/day-noi-quat-nang-luong-mat-troi-dn-q5a-2\\\/#primaryimage\",\"url\":\"https:\\\/\\\/phukienmattroi.com\\\/wp-content\\\/uploads\\\/2024\\\/10\\\/day-n-i-qu-t-nang-lu-ng-m-t-tr-i-dn-q5a.jpg\",\"contentUrl\":\"https:\\\/\\\/phukienmattroi.com\\\/wp-content\\\/uploads\\\/2024\\\/10\\\/day-n-i-qu-t-nang-lu-ng-m-t-tr-i-dn-q5a.jpg\",\"width\":600,\"height\":600},{\"@type\":\"BreadcrumbList\",\"@id\":\"https:\\\/\\\/phukienmattroi.com\\\/index.php\\\/product\\\/day-noi-quat-nang-luong-mat-troi-dn-q5a-2\\\/#breadcrumb\",\"itemListElement\":[{\"@type\":\"ListItem\",\"position\":1,\"name\":\"Trang ch\u1ee7\",\"item\":\"https:\\\/\\\/phukienmattroi.com\\\/\"},{\"@type\":\"ListItem\",\"position\":2,\"name\":\"S\u1ea3n ph\u1ea9m\",\"item\":\"https:\\\/\\\/phukienmattroi.com\\\/index.php\\\/shop\\\/\"},{\"@type\":\"ListItem\",\"position\":3,\"name\":\"D\u00e2y n\u1ed1i qu\u1ea1t n\u0103ng l\u01b0\u1ee3ng m\u1eb7t tr\u1eddi DN-Q5A\"}]},{\"@type\":\"WebSite\",\"@id\":\"https:\\\/\\\/phukienmattroi.com\\\/#website\",\"url\":\"https:\\\/\\\/phukienmattroi.com\\\/\",\"name\":\"Ph\u1ee5 Ki\u1ec7n M\u1eb7t Tr\u1eddi\",\"description\":\"Ph\u1ee5 Ki\u1ec7n M\u1eb7t Tr\u1eddi\",\"publisher\":{\"@id\":\"https:\\\/\\\/phukienmattroi.com\\\/#organization\"},\"potentialAction\":[{\"@type\":\"SearchAction\",\"target\":{\"@type\":\"EntryPoint\",\"urlTemplate\":\"https:\\\/\\\/phukienmattroi.com\\\/?s={search_term_string}\"},\"query-input\":{\"@type\":\"PropertyValueSpecification\",\"valueRequired\":true,\"valueName\":\"search_term_string\"}}],\"inLanguage\":\"vi\"},{\"@type\":\"Organization\",\"@id\":\"https:\\\/\\\/phukienmattroi.com\\\/#organization\",\"name\":\"Ph\u1ee5 Ki\u1ec7n M\u1eb7t Tr\u1eddi\",\"url\":\"https:\\\/\\\/phukienmattroi.com\\\/\",\"logo\":{\"@type\":\"ImageObject\",\"inLanguage\":\"vi\",\"@id\":\"https:\\\/\\\/phukienmattroi.com\\\/#\\\/schema\\\/logo\\\/image\\\/\",\"url\":\"https:\\\/\\\/phukienmattroi.com\\\/wp-content\\\/uploads\\\/2024\\\/03\\\/TBMT-logo3-1.png\",\"contentUrl\":\"https:\\\/\\\/phukienmattroi.com\\\/wp-content\\\/uploads\\\/2024\\\/03\\\/TBMT-logo3-1.png\",\"width\":3946,\"height\":1403,\"caption\":\"Ph\u1ee5 Ki\u1ec7n M\u1eb7t Tr\u1eddi\"},\"image\":{\"@id\":\"https:\\\/\\\/phukienmattroi.com\\\/#\\\/schema\\\/logo\\\/image\\\/\"},\"sameAs\":[\"https:\\\/\\\/www.facebook.com\\\/phukienmattroisolar\"]}]}<\/script>\n<meta property=\"product:price:amount\" content=\"1190000\" \/>\n<meta property=\"product:price:currency\" content=\"VND\" \/>\n<meta property=\"og:availability\" content=\"instock\" \/>\n<meta property=\"product:availability\" content=\"instock\" \/>\n<meta property=\"product:condition\" content=\"new\" \/>\n<!-- \/ Yoast SEO Premium plugin. -->","yoast_head_json":{"title":"D\u00e2y n\u1ed1i qu\u1ea1t n\u0103ng l\u01b0\u1ee3ng m\u1eb7t tr\u1eddi DN-Q5A - Ph\u1ee5 Ki\u1ec7n M\u1eb7t Tr\u1eddi","robots":{"index":"index","follow":"follow","max-snippet":"max-snippet:-1","max-image-preview":"max-image-preview:large","max-video-preview":"max-video-preview:-1"},"canonical":"https:\/\/phukienmattroi.com\/index.php\/product\/day-noi-quat-nang-luong-mat-troi-dn-q5a-2\/","og_locale":"vi_VN","og_type":"article","og_title":"D\u00e2y n\u1ed1i qu\u1ea1t n\u0103ng l\u01b0\u1ee3ng m\u1eb7t tr\u1eddi DN-Q5A","og_description":"D\u00e2y n\u1ed1i qu\u1ea1t n\u0103ng l\u01b0\u1ee3ng m\u1eb7t tr\u1eddi DN-Q5A chi\u1ec1u d\u00e0i 5m, t\u01b0\u01a1ng th\u00edch v\u1edbi c\u00e1c m\u1eabu qu\u1ea1t JD-S8800 v\u00e0 JD-S8800L. D\u00e2y d\u00e0y, l\u00f5i \u0111\u1ed3ng l\u1edbn, d\u1eabn \u0111i\u1ec7n t\u1ed1t.","og_url":"https:\/\/phukienmattroi.com\/index.php\/product\/day-noi-quat-nang-luong-mat-troi-dn-q5a-2\/","og_site_name":"Ph\u1ee5 Ki\u1ec7n M\u1eb7t Tr\u1eddi","article_publisher":"https:\/\/www.facebook.com\/phukienmattroisolar","article_modified_time":"2026-04-09T23:17:07+00:00","twitter_card":"summary_large_image","twitter_misc":{"Gi\u00e1":"1.190.000&nbsp;&#8363;","Kh\u1ea3 d\u1ee5ng":"Trong kho"},"schema":{"@context":"https:\/\/schema.org","@graph":[{"@type":"WebPage","@id":"https:\/\/phukienmattroi.com\/index.php\/product\/day-noi-quat-nang-luong-mat-troi-dn-q5a-2\/","url":"https:\/\/phukienmattroi.com\/index.php\/product\/day-noi-quat-nang-luong-mat-troi-dn-q5a-2\/","name":"D\u00e2y n\u1ed1i qu\u1ea1t n\u0103ng l\u01b0\u1ee3ng m\u1eb7t tr\u1eddi DN-Q5A - Ph\u1ee5 Ki\u1ec7n M\u1eb7t Tr\u1eddi","isPartOf":{"@id":"https:\/\/phukienmattroi.com\/#website"},"primaryImageOfPage":{"@id":"https:\/\/phukienmattroi.com\/index.php\/product\/day-noi-quat-nang-luong-mat-troi-dn-q5a-2\/#primaryimage"},"image":{"@id":"https:\/\/phukienmattroi.com\/index.php\/product\/day-noi-quat-nang-luong-mat-troi-dn-q5a-2\/#primaryimage"},"thumbnailUrl":"https:\/\/phukienmattroi.com\/wp-content\/uploads\/2024\/10\/day-n-i-qu-t-nang-lu-ng-m-t-tr-i-dn-q5a.jpg","datePublished":"2024-10-25T06:48:24+00:00","dateModified":"2026-04-09T23:17:07+00:00","breadcrumb":{"@id":"https:\/\/phukienmattroi.com\/index.php\/product\/day-noi-quat-nang-luong-mat-troi-dn-q5a-2\/#breadcrumb"},"inLanguage":"vi","potentialAction":[{"@type":"ReadAction","target":["https:\/\/phukienmattroi.com\/index.php\/product\/day-noi-quat-nang-luong-mat-troi-dn-q5a-2\/"]}]},{"@type":"ImageObject","inLanguage":"vi","@id":"https:\/\/phukienmattroi.com\/index.php\/product\/day-noi-quat-nang-luong-mat-troi-dn-q5a-2\/#primaryimage","url":"https:\/\/phukienmattroi.com\/wp-content\/uploads\/2024\/10\/day-n-i-qu-t-nang-lu-ng-m-t-tr-i-dn-q5a.jpg","contentUrl":"https:\/\/phukienmattroi.com\/wp-content\/uploads\/2024\/10\/day-n-i-qu-t-nang-lu-ng-m-t-tr-i-dn-q5a.jpg","width":600,"height":600},{"@type":"BreadcrumbList","@id":"https:\/\/phukienmattroi.com\/index.php\/product\/day-noi-quat-nang-luong-mat-troi-dn-q5a-2\/#breadcrumb","itemListElement":[{"@type":"ListItem","position":1,"name":"Trang ch\u1ee7","item":"https:\/\/phukienmattroi.com\/"},{"@type":"ListItem","position":2,"name":"S\u1ea3n ph\u1ea9m","item":"https:\/\/phukienmattroi.com\/index.php\/shop\/"},{"@type":"ListItem","position":3,"name":"D\u00e2y n\u1ed1i qu\u1ea1t n\u0103ng l\u01b0\u1ee3ng m\u1eb7t tr\u1eddi DN-Q5A"}]},{"@type":"WebSite","@id":"https:\/\/phukienmattroi.com\/#website","url":"https:\/\/phukienmattroi.com\/","name":"Ph\u1ee5 Ki\u1ec7n M\u1eb7t Tr\u1eddi","description":"Ph\u1ee5 Ki\u1ec7n M\u1eb7t Tr\u1eddi","publisher":{"@id":"https:\/\/phukienmattroi.com\/#organization"},"potentialAction":[{"@type":"SearchAction","target":{"@type":"EntryPoint","urlTemplate":"https:\/\/phukienmattroi.com\/?s={search_term_string}"},"query-input":{"@type":"PropertyValueSpecification","valueRequired":true,"valueName":"search_term_string"}}],"inLanguage":"vi"},{"@type":"Organization","@id":"https:\/\/phukienmattroi.com\/#organization","name":"Ph\u1ee5 Ki\u1ec7n M\u1eb7t Tr\u1eddi","url":"https:\/\/phukienmattroi.com\/","logo":{"@type":"ImageObject","inLanguage":"vi","@id":"https:\/\/phukienmattroi.com\/#\/schema\/logo\/image\/","url":"https:\/\/phukienmattroi.com\/wp-content\/uploads\/2024\/03\/TBMT-logo3-1.png","contentUrl":"https:\/\/phukienmattroi.com\/wp-content\/uploads\/2024\/03\/TBMT-logo3-1.png","width":3946,"height":1403,"caption":"Ph\u1ee5 Ki\u1ec7n M\u1eb7t Tr\u1eddi"},"image":{"@id":"https:\/\/phukienmattroi.com\/#\/schema\/logo\/image\/"},"sameAs":["https:\/\/www.facebook.com\/phukienmattroisolar"]}]},"product_price_amount":"1190000","product_price_currency":"VND","og_availability":"instock","product_availability":"instock","product_condition":"new"},"jetpack_sharing_enabled":true,"_links":{"self":[{"href":"https:\/\/phukienmattroi.com\/index.php\/wp-json\/wp\/v2\/product\/8864","targetHints":{"allow":["GET"]}}],"collection":[{"href":"https:\/\/phukienmattroi.com\/index.php\/wp-json\/wp\/v2\/product"}],"about":[{"href":"https:\/\/phukienmattroi.com\/index.php\/wp-json\/wp\/v2\/types\/product"}],"replies":[{"embeddable":true,"href":"https:\/\/phukienmattroi.com\/index.php\/wp-json\/wp\/v2\/comments?post=8864"}],"wp:featuredmedia":[{"embeddable":true,"href":"https:\/\/phukienmattroi.com\/index.php\/wp-json\/wp\/v2\/media\/8863"}],"wp:attachment":[{"href":"https:\/\/phukienmattroi.com\/index.php\/wp-json\/wp\/v2\/media?parent=8864"}],"wp:term":[{"taxonomy":"product_brand","embeddable":true,"href":"https:\/\/phukienmattroi.com\/index.php\/wp-json\/wp\/v2\/product_brand?post=8864"},{"taxonomy":"product_cat","embeddable":true,"href":"https:\/\/phukienmattroi.com\/index.php\/wp-json\/wp\/v2\/product_cat?post=8864"},{"taxonomy":"product_tag","embeddable":true,"href":"https:\/\/phukienmattroi.com\/index.php\/wp-json\/wp\/v2\/product_tag?post=8864"}],"curies":[{"name":"wp","href":"https:\/\/api.w.org\/{rel}","templated":true}]}}