{"id":5887,"date":"2024-04-02T22:01:32","date_gmt":"2024-04-02T15:01:32","guid":{"rendered":"https:\/\/phukienmattroi.com\/?post_type=product&#038;p=5887"},"modified":"2024-04-03T00:27:06","modified_gmt":"2024-04-02T17:27:06","slug":"day-den-led-nang-luong-mat-troi-ngoi-sao-100-bong-ld02-2","status":"publish","type":"product","link":"https:\/\/phukienmattroi.com\/index.php\/product\/day-den-led-nang-luong-mat-troi-ngoi-sao-100-bong-ld02-2\/","title":{"rendered":"\u0110\u00e8n d\u00e2y n\u0103ng l\u01b0\u1ee3ng m\u1eb7t tr\u1eddi h\u00ecnh tr\u00f2n &#8211; d\u00e2y d\u00e0i 12m [LD03]"},"content":{"rendered":"<h3><strong>\u0110\u00e8n d\u00e2y n\u0103ng l\u01b0\u1ee3ng m\u1eb7t tr\u1eddi h\u00ecnh tr\u00f2n &#8211; d\u00e2y d\u00e0i 12m [LD03] &#8211; Mang \u00e1nh s\u00e1ng lung linh \u0111\u1ebfn m\u1ecdi kh\u00f4ng gian!<\/strong><\/h3>\n<p>\u0110\u00e8n d\u00e2y n\u0103ng l\u01b0\u1ee3ng m\u1eb7t tr\u1eddi h\u00ecnh tr\u00f2n LD03 l\u00e0 s\u1ea3n ph\u1ea9m trang tr\u00ed \u0111\u1ed9c \u0111\u00e1o, s\u1eed d\u1ee5ng n\u0103ng l\u01b0\u1ee3ng m\u1eb7t tr\u1eddi th\u00e2n thi\u1ec7n v\u1edbi m\u00f4i tr\u01b0\u1eddng, mang \u0111\u1ebfn cho b\u1ea1n \u00e1nh s\u00e1ng lung linh v\u00e0 \u1ea5m \u00e1p cho m\u1ecdi kh\u00f4ng gian.<\/p>\n<p><img fetchpriority=\"high\" decoding=\"async\" class=\"alignnone wp-image-5888\" src=\"https:\/\/phukienmattroi.com\/wp-content\/uploads\/2024\/04\/Den-day-nang-luong-mat-troi-hinh-tron.jpg\" alt=\"\" width=\"665\" height=\"665\" srcset=\"https:\/\/phukienmattroi.com\/wp-content\/uploads\/2024\/04\/Den-day-nang-luong-mat-troi-hinh-tron.jpg 540w, https:\/\/phukienmattroi.com\/wp-content\/uploads\/2024\/04\/Den-day-nang-luong-mat-troi-hinh-tron-300x300.jpg 300w, https:\/\/phukienmattroi.com\/wp-content\/uploads\/2024\/04\/Den-day-nang-luong-mat-troi-hinh-tron-150x150.jpg 150w, https:\/\/phukienmattroi.com\/wp-content\/uploads\/2024\/04\/Den-day-nang-luong-mat-troi-hinh-tron-100x100.jpg 100w\" sizes=\"(max-width: 665px) 100vw, 665px\" \/><\/p>\n<div class=\"d-block align-items-center justify-content-between\">\n<h4>Th\u00f4ng s\u1ed1 k\u1ef9 thu\u1eadt<\/h4>\n<\/div>\n<div class=\"d-block\">\n<table class=\"list-unstyled font-size-sm table table-bordered\" style=\"height: 401px;\" width=\"665\">\n<tbody>\n<tr>\n<td class=\"text-heading font-weight-medium\">Ma\u0303 sa\u0309n ph\u00e2\u0309m<\/td>\n<td>LD03<\/td>\n<\/tr>\n<tr>\n<td class=\"text-heading font-weight-medium\">Hi\u0300nh da\u0323ng LED<\/td>\n<td>Tro\u0300n tr\u0103\u0301ng<\/td>\n<\/tr>\n<tr>\n<td class=\"text-heading font-weight-medium\">Ma\u0300u sa\u0301ng<\/td>\n<td>Va\u0300ng\/RGB (Nhi\u00ea\u0300u ma\u0300u)<\/td>\n<\/tr>\n<tr>\n<td class=\"text-heading font-weight-medium\">Chi\u00ea\u0300u da\u0300i d\u00e2y LED<\/td>\n<td>12m<\/td>\n<\/tr>\n<tr>\n<td class=\"text-heading font-weight-medium\">S\u00f4\u0301 LED<\/td>\n<td>100 bo\u0301ng<\/td>\n<\/tr>\n<tr>\n<td class=\"text-heading font-weight-medium\">Khoa\u0309ng ca\u0301ch ca\u0301c LED<\/td>\n<td>10cm<\/td>\n<\/tr>\n<tr>\n<td class=\"text-heading font-weight-medium\">Ki\u0301ch th\u01b0\u01a1\u0301c t\u00e2\u0301m n\u0103ng l\u01b0\u01a1\u0323ng<\/td>\n<td>68*68mm<\/td>\n<\/tr>\n<tr>\n<td class=\"text-heading font-weight-medium\">Pin l\u01b0u tr\u01b0\u0303<\/td>\n<td>5Ah<\/td>\n<\/tr>\n<tr>\n<td class=\"text-heading font-weight-medium\">Th\u01a1\u0300i gian sa\u0323c<\/td>\n<td>4-6 gi\u01a1\u0300<\/td>\n<\/tr>\n<tr>\n<td class=\"text-heading font-weight-medium\">Th\u01a1\u0300i gian sa\u0301ng<\/td>\n<td>6-10 gi\u01a1\u0300<\/td>\n<\/tr>\n<tr>\n<td class=\"text-heading font-weight-medium\">C\u00e2\u0301p \u0111\u00f4\u0323 ba\u0309o v\u00ea\u0323<\/td>\n<td>IP65<\/td>\n<\/tr>\n<tr>\n<td class=\"text-heading font-weight-medium\">Loa\u0323i \u0111i\u00ea\u0300u khi\u00ea\u0309n<\/td>\n<td>C\u00f4ng t\u0103\u0301c<\/td>\n<\/tr>\n<tr>\n<td class=\"text-heading font-weight-medium\">Ba\u0309o ha\u0300nh<\/td>\n<td>03 tha\u0301ng<\/td>\n<\/tr>\n<\/tbody>\n<\/table>\n<\/div>\n<p><strong>\u01afu \u0111i\u1ec3m n\u1ed5i b\u1eadt:<\/strong><br \/>\nTi\u1ebft ki\u1ec7m n\u0103ng l\u01b0\u1ee3ng: Ho\u1ea1t \u0111\u1ed9ng ho\u00e0n to\u00e0n b\u1eb1ng n\u0103ng l\u01b0\u1ee3ng m\u1eb7t tr\u1eddi, kh\u00f4ng t\u1ed1n chi ph\u00ed \u0111i\u1ec7n.<br \/>\nTh\u00e2n thi\u1ec7n m\u00f4i tr\u01b0\u1eddng: Kh\u00f4ng ph\u00e1t th\u1ea3i kh\u00ed CO2, g\u00f3p ph\u1ea7n b\u1ea3o v\u1ec7 m\u00f4i tr\u01b0\u1eddng.<br \/>\nD\u1ec5 d\u00e0ng s\u1eed d\u1ee5ng: L\u1eafp \u0111\u1eb7t \u0111\u01a1n gi\u1ea3n, kh\u00f4ng c\u1ea7n \u0111i d\u00e2y \u0111i\u1ec7n ph\u1ee9c t\u1ea1p.<br \/>\nCh\u1ed1ng n\u01b0\u1edbc hi\u1ec7u qu\u1ea3: Ti\u00eau chu\u1ea9n IP65, th\u00edch h\u1ee3p s\u1eed d\u1ee5ng c\u1ea3 trong nh\u00e0 v\u00e0 ngo\u00e0i tr\u1eddi.<br \/>\n\u0110\u1ed9 b\u1ec1n cao: Ch\u1ea5t li\u1ec7u cao c\u1ea5p, tu\u1ed5i th\u1ecd s\u1eed d\u1ee5ng l\u00e2u d\u00e0i.<br \/>\nT\u1ea1o hi\u1ec7u \u1ee9ng \u00e1nh s\u00e1ng \u0111\u1eb9p m\u1eaft: B\u00f3ng \u0111\u00e8n LED h\u00ecnh tr\u00f2n v\u1edbi 8 ch\u1ebf \u0111\u1ed9 nh\u00e1y s\u00e1ng, t\u1ea1o \u0111i\u1ec3m nh\u1ea5n \u1ea5n t\u01b0\u1ee3ng cho kh\u00f4ng gian.<\/p>\n<p><img decoding=\"async\" class=\"alignnone wp-image-5889\" src=\"https:\/\/phukienmattroi.com\/wp-content\/uploads\/2024\/04\/Den-day-nang-luong-mat-troi-hinh-tron1-1024x1024.jpg\" alt=\"\" width=\"666\" height=\"666\" srcset=\"https:\/\/phukienmattroi.com\/wp-content\/uploads\/2024\/04\/Den-day-nang-luong-mat-troi-hinh-tron1-1024x1024.jpg 1024w, https:\/\/phukienmattroi.com\/wp-content\/uploads\/2024\/04\/Den-day-nang-luong-mat-troi-hinh-tron1-300x300.jpg 300w, https:\/\/phukienmattroi.com\/wp-content\/uploads\/2024\/04\/Den-day-nang-luong-mat-troi-hinh-tron1-150x150.jpg 150w, https:\/\/phukienmattroi.com\/wp-content\/uploads\/2024\/04\/Den-day-nang-luong-mat-troi-hinh-tron1-768x768.jpg 768w, https:\/\/phukienmattroi.com\/wp-content\/uploads\/2024\/04\/Den-day-nang-luong-mat-troi-hinh-tron1-600x600.jpg 600w, https:\/\/phukienmattroi.com\/wp-content\/uploads\/2024\/04\/Den-day-nang-luong-mat-troi-hinh-tron1-100x100.jpg 100w, https:\/\/phukienmattroi.com\/wp-content\/uploads\/2024\/04\/Den-day-nang-luong-mat-troi-hinh-tron1.jpg 1200w\" sizes=\"(max-width: 666px) 100vw, 666px\" \/><\/p>\n<h4><strong>\u1ee8ng d\u1ee5ng:<\/strong><\/h4>\n<p>Trang tr\u00ed s\u00e2n v\u01b0\u1eddn, ban c\u00f4ng, h\u00e0ng r\u00e0o, c\u1ed5ng nh\u00e0.<br \/>\nT\u1ea1o \u0111i\u1ec3m nh\u1ea5n cho qu\u00e1n cafe, nh\u00e0 h\u00e0ng, khu du l\u1ecbch.<br \/>\nS\u1eed d\u1ee5ng trong c\u00e1c d\u1ecbp l\u1ec5 h\u1ed9i, sinh nh\u1eadt, ti\u1ec7c t\u00f9ng.<br \/>\nMang theo trong c\u00e1c chuy\u1ebfn \u0111i d\u00e3 ngo\u1ea1i, c\u1eafm tr\u1ea1i.<\/p>\n<p><img decoding=\"async\" class=\"alignnone size-large wp-image-5890\" src=\"https:\/\/phukienmattroi.com\/wp-content\/uploads\/2024\/04\/Den-day-nang-luong-mat-troi-hinh-tron2-1024x1024.jpg\" alt=\"\" width=\"1024\" height=\"1024\" srcset=\"https:\/\/phukienmattroi.com\/wp-content\/uploads\/2024\/04\/Den-day-nang-luong-mat-troi-hinh-tron2-1024x1024.jpg 1024w, https:\/\/phukienmattroi.com\/wp-content\/uploads\/2024\/04\/Den-day-nang-luong-mat-troi-hinh-tron2-300x300.jpg 300w, https:\/\/phukienmattroi.com\/wp-content\/uploads\/2024\/04\/Den-day-nang-luong-mat-troi-hinh-tron2-150x150.jpg 150w, https:\/\/phukienmattroi.com\/wp-content\/uploads\/2024\/04\/Den-day-nang-luong-mat-troi-hinh-tron2-768x768.jpg 768w, https:\/\/phukienmattroi.com\/wp-content\/uploads\/2024\/04\/Den-day-nang-luong-mat-troi-hinh-tron2-600x600.jpg 600w, https:\/\/phukienmattroi.com\/wp-content\/uploads\/2024\/04\/Den-day-nang-luong-mat-troi-hinh-tron2-100x100.jpg 100w, https:\/\/phukienmattroi.com\/wp-content\/uploads\/2024\/04\/Den-day-nang-luong-mat-troi-hinh-tron2.jpg 1200w\" sizes=\"(max-width: 1024px) 100vw, 1024px\" \/><\/p>\n<div class=\"d-block align-items-center justify-content-between\"><\/div>\n<p>&nbsp;<\/p>\n<p><img loading=\"lazy\" decoding=\"async\" src=\"https:\/\/dmtsolar.com\/uploads\/102tech\/images\/den-san-vuon\/led_day\/ld03\/Den-day-nang-luong-mat-troi-hinh-tron-h3.jpg\" alt=\"\" width=\"800\" height=\"800\" \/><\/p>\n<h2><b>Ch\u00ednh s\u00e1ch b\u00e1n h\u00e0ng v\u00e0 h\u1eadu m\u00e3i t\u1ed1t<\/b><\/h2>\n<p><span style=\"font-weight: 400;\">V\u1edbi ch\u00ednh s\u00e1ch b\u00e1n h\u00e0ng v\u00e0 b\u1ea3o h\u00e0nh c\u1ee7a <\/span><a href=\"https:\/\/phukienmattroi.com\/\"><span style=\"font-weight: 400;\">Ph\u1ee5 Ki\u1ec7n M\u1eb7t Tr\u1eddi<\/span><\/a> <span style=\"font-weight: 400;\">b\u1ea1n c\u00f3 th\u1ec3 ho\u00e0n to\u00e0n y\u00ean t\u00e2m v\u1ec1 nh\u1eefng v\u1ea5n \u0111\u1ec1 v\u1ec1 ch\u1ea5t l\u01b0\u1ee3ng v\u00e0 b\u1ea3o h\u00e0nh c\u1ee7a s\u1ea3n ph\u1ea9m.<\/span><\/p>\n<ul>\n<li style=\"font-weight: 400;\" aria-level=\"1\"><span style=\"font-weight: 400;\">1 \u0111\u1ed5i 1<\/span><span style=\"font-weight: 400;\"> trong 30 ng\u00e0y \u0111\u1ea7u ti\u00ean n\u1ebfu l\u1ed7i nh\u00e0 s\u1ea3n xu\u1ea5t ho\u1eb7c \u0111\u00e8n kh\u00f4ng \u0111\u00fang nh\u01b0 cam k\u1ebft. Ch\u1ebf \u0111\u1ed9 b\u1ea3o h\u00e0nh uy t\u00edn theo t\u1eebng s\u1ea3n ph\u1ea9m, y\u00ean t\u00e2m tuy\u1ec7t \u0111\u1ed1i khi mua h\u00e0ng. (Kh\u00f4ng \u00e1p d\u1ee5ng v\u1edbi m\u1ed9t s\u1ed1 m\u1eabu \u0111\u00e8n n\u0103ng l\u01b0\u1ee3ng m\u1eb7t tr\u1eddi cao c\u1ea5p)<\/span><\/li>\n<li style=\"font-weight: 400;\" aria-level=\"1\"><span style=\"font-weight: 400;\">Th\u1eddi gian b\u1ea3o h\u00e0nh l\u00ean \u0111\u1ebfn <\/span><span style=\"font-weight: 400;\">36 th\u00e1ng<\/span><span style=\"font-weight: 400;\"> (tu\u1ef3 s\u1ea3n ph\u1ea9m, tham kh\u1ea3o chi ti\u1ebft t\u1ea1i m\u1ee5c th\u00f4ng s\u1ed1 c\u1ee7a \u0111\u00e8n)<\/span><\/li>\n<li style=\"font-weight: 400;\" aria-level=\"1\"><span style=\"font-weight: 400;\">\u0110\u1eb7t h\u00e0ng v\u00e0 thanh to\u00e1n t\u1ea1i nh\u00e0 b\u1eb1ng h\u00ecnh th\u1ee9c COD th\u00f4ng qua c\u00e1c \u0111\u01a1n v\u1ecb v\u1eadn chuy\u1ec3n uy t\u00edn.<\/span><\/li>\n<li style=\"font-weight: 400;\" aria-level=\"1\"><span style=\"font-weight: 400;\">Mi\u1ec5n ph\u00ed v\u1eadn chuy\u1ec3n <\/span><span style=\"font-weight: 400;\">cho \u0111\u01a1n h\u00e0ng t\u1eeb m\u1ed9t tri\u1ec7u (1.000.000vn\u0111)<\/span><\/li>\n<li style=\"font-weight: 400;\" aria-level=\"1\"><span style=\"font-weight: 400;\">Gi\u1ea3m gi\u00e1 <\/span><span style=\"font-weight: 400;\">5 &#8211; 10%<\/span><span style=\"font-weight: 400;\"> cho \u0111\u01a1n h\u00e0ng ti\u1ebfp theo t\u1ea1i Ph\u1ee5 Ki\u1ec7n M\u1eb7t Tr\u1eddi.<\/span><\/li>\n<li style=\"font-weight: 400;\" aria-level=\"1\"><span style=\"font-weight: 400;\">S\u1ea3n ph\u1ea9m cung c\u1ea5p lu\u00f4n \u0111\u00fang th\u00f4ng s\u1ed1, \u0111\u00fang ch\u1ea5t l\u01b0\u1ee3ng v\u00e0 \u0111\u00fang gi\u00e1.<\/span><\/li>\n<li style=\"font-weight: 400;\" aria-level=\"1\"><span style=\"font-weight: 400;\">Gi\u1ea3m ngay <\/span><span style=\"font-weight: 400;\">50.000\u0111<\/span><span style=\"font-weight: 400;\"> khi mua h\u00e0ng tr\u1ef1c ti\u1ebfp t\u1ea1i Ph\u1ee5 Ki\u1ec7n M\u1eb7t Tr\u1eddi.<\/span><\/li>\n<\/ul>\n<p><strong>H\u00e3y s\u1edf h\u1eefu ngay \u0110\u00e8n d\u00e2y n\u0103ng l\u01b0\u1ee3ng m\u1eb7t tr\u1eddi h\u00ecnh tr\u00f2n LD03 \u0111\u1ec3 t\u00f4 \u0111i\u1ec3m th\u00eam cho kh\u00f4ng gian c\u1ee7a b\u1ea1n!<\/strong><br \/>\n<strong>#\u0110\u00e8n_d\u00e2y_n\u0103ng_l\u01b0\u1ee3ng_m\u1eb7t_tr\u1eddi #\u0110\u00e8n_LED #H\u00ecnh_tr\u00f2n #Trang_tr\u00ed #Ti\u1ebft_ki\u1ec7m_\u0111i\u1ec7n #Th\u00e2n_thi\u1ec7n_m\u00f4i_tr\u01b0\u1eddng<\/strong><br \/>\n<strong>Li\u00ean h\u1ec7 ngay v\u1edbi ch\u00fang t\u00f4i \u0111\u1ec3 \u0111\u01b0\u1ee3c t\u01b0 v\u1ea5n v\u00e0 \u0111\u1eb7t h\u00e0ng!<\/strong><br \/>\n<strong>Hotline: 0933007927 &#8211; 0974046214<\/strong><br \/>\n<strong>Website: https:\/\/phukienmattroi.com\/<\/strong><br \/>\n<strong>Lazada: https:\/\/www.lazada.vn\/shop\/phukienmattroi<\/strong><br \/>\n<strong>Shopee: https:\/\/shopee.vn\/shop\/137407434<\/strong><br \/>\n<strong>Facebook: https:\/\/www.facebook.com\/phukienmattroisolar<\/strong><\/p>\n","protected":false},"excerpt":{"rendered":"<p>\u0110\u00e8n d\u00e2y n\u0103ng l\u01b0\u1ee3ng m\u1eb7t tr\u1eddi h\u00ecnh tr\u00f2n &#8211; d\u00e2y d\u00e0i 12m [LD03] &#8211; Mang \u00e1nh s\u00e1ng lung linh \u0111\u1ebfn m\u1ecdi kh\u00f4ng gian! \u0110\u00e8n d\u00e2y n\u0103ng l\u01b0\u1ee3ng m\u1eb7t tr\u1eddi h\u00ecnh<\/p>\n","protected":false},"featured_media":5888,"comment_status":"open","ping_status":"closed","template":"","meta":[],"product_brand":[],"product_cat":[86],"product_tag":[],"class_list":{"0":"post-5887","1":"product","2":"type-product","3":"status-publish","4":"has-post-thumbnail","6":"product_cat-den-trang-tri","8":"first","9":"instock","10":"sale","11":"taxable","12":"shipping-taxable","13":"purchasable","14":"product-type-simple"},"yoast_head":"<!-- This site is optimized with the Yoast SEO Premium plugin v22.6 (Yoast SEO v27.3) - https:\/\/yoast.com\/product\/yoast-seo-premium-wordpress\/ -->\n<title>\u0110\u00e8n d\u00e2y n\u0103ng l\u01b0\u1ee3ng m\u1eb7t tr\u1eddi h\u00ecnh tr\u00f2n - d\u00e2y d\u00e0i 12m [LD03] - Ph\u1ee5 Ki\u1ec7n M\u1eb7t Tr\u1eddi<\/title>\n<meta name=\"description\" content=\"\u0110\u00e8n d\u00e2y n\u0103ng l\u01b0\u1ee3ng m\u1eb7t tr\u1eddi h\u00ecnh tr\u00f2n LD03 c\u00f3 thi\u1ebft k\u1ebf \u0111\u01a1n gi\u1ea3n nh\u01b0ng kh\u00f4ng k\u00e9m ph\u1ea7n \u0111\u1eb7c s\u1eafc. N\u1ed5i b\u1eadt khi trang tr\u00ed s\u00e2n v\u01b0\u1eddn, trang tr\u00ed l\u1ec1u tr\u1ea1i trong nh\u1eefng\" \/>\n<meta name=\"robots\" content=\"index, follow, max-snippet:-1, max-image-preview:large, max-video-preview:-1\" \/>\n<link rel=\"canonical\" href=\"https:\/\/phukienmattroi.com\/index.php\/product\/day-den-led-nang-luong-mat-troi-ngoi-sao-100-bong-ld02-2\/\" \/>\n<meta property=\"og:locale\" content=\"vi_VN\" \/>\n<meta property=\"og:type\" content=\"article\" \/>\n<meta property=\"og:title\" content=\"\u0110\u00e8n d\u00e2y n\u0103ng l\u01b0\u1ee3ng m\u1eb7t tr\u1eddi h\u00ecnh tr\u00f2n - d\u00e2y d\u00e0i 12m [LD03]\" \/>\n<meta property=\"og:description\" content=\"\u0110\u00e8n d\u00e2y n\u0103ng l\u01b0\u1ee3ng m\u1eb7t tr\u1eddi h\u00ecnh tr\u00f2n LD03 c\u00f3 thi\u1ebft k\u1ebf \u0111\u01a1n gi\u1ea3n nh\u01b0ng kh\u00f4ng k\u00e9m ph\u1ea7n \u0111\u1eb7c s\u1eafc. N\u1ed5i b\u1eadt khi trang tr\u00ed s\u00e2n v\u01b0\u1eddn, trang tr\u00ed l\u1ec1u tr\u1ea1i trong nh\u1eefng\" \/>\n<meta property=\"og:url\" content=\"https:\/\/phukienmattroi.com\/index.php\/product\/day-den-led-nang-luong-mat-troi-ngoi-sao-100-bong-ld02-2\/\" \/>\n<meta property=\"og:site_name\" content=\"Ph\u1ee5 Ki\u1ec7n M\u1eb7t Tr\u1eddi\" \/>\n<meta property=\"article:publisher\" content=\"https:\/\/www.facebook.com\/phukienmattroisolar\" \/>\n<meta property=\"article:modified_time\" content=\"2024-04-02T17:27:06+00:00\" \/>\n<meta property=\"og:image\" content=\"https:\/\/phukienmattroi.com\/wp-content\/uploads\/2024\/04\/Den-day-nang-luong-mat-troi-hinh-tron.jpg\" \/>\n\t<meta property=\"og:image:width\" content=\"540\" \/>\n\t<meta property=\"og:image:height\" content=\"540\" \/>\n\t<meta property=\"og:image:type\" content=\"image\/jpeg\" \/>\n<meta name=\"twitter:card\" content=\"summary_large_image\" \/>\n<meta name=\"twitter:label1\" content=\"Gi\u00e1\" \/>\n\t<meta name=\"twitter:data1\" content=\"280.000&nbsp;&#8363;\" \/>\n\t<meta name=\"twitter:label2\" content=\"Kh\u1ea3 d\u1ee5ng\" \/>\n\t<meta name=\"twitter:data2\" content=\"Trong kho\" \/>\n<script type=\"application\/ld+json\" class=\"yoast-schema-graph\">{\"@context\":\"https:\\\/\\\/schema.org\",\"@graph\":[{\"@type\":\"WebPage\",\"@id\":\"https:\\\/\\\/phukienmattroi.com\\\/index.php\\\/product\\\/day-den-led-nang-luong-mat-troi-ngoi-sao-100-bong-ld02-2\\\/\",\"url\":\"https:\\\/\\\/phukienmattroi.com\\\/index.php\\\/product\\\/day-den-led-nang-luong-mat-troi-ngoi-sao-100-bong-ld02-2\\\/\",\"name\":\"\u0110\u00e8n d\u00e2y n\u0103ng l\u01b0\u1ee3ng m\u1eb7t tr\u1eddi h\u00ecnh tr\u00f2n - d\u00e2y d\u00e0i 12m [LD03] - Ph\u1ee5 Ki\u1ec7n M\u1eb7t Tr\u1eddi\",\"isPartOf\":{\"@id\":\"https:\\\/\\\/phukienmattroi.com\\\/#website\"},\"primaryImageOfPage\":{\"@id\":\"https:\\\/\\\/phukienmattroi.com\\\/index.php\\\/product\\\/day-den-led-nang-luong-mat-troi-ngoi-sao-100-bong-ld02-2\\\/#primaryimage\"},\"image\":{\"@id\":\"https:\\\/\\\/phukienmattroi.com\\\/index.php\\\/product\\\/day-den-led-nang-luong-mat-troi-ngoi-sao-100-bong-ld02-2\\\/#primaryimage\"},\"thumbnailUrl\":\"https:\\\/\\\/phukienmattroi.com\\\/wp-content\\\/uploads\\\/2024\\\/04\\\/Den-day-nang-luong-mat-troi-hinh-tron.jpg\",\"datePublished\":\"2024-04-02T15:01:32+00:00\",\"dateModified\":\"2024-04-02T17:27:06+00:00\",\"description\":\"\u0110\u00e8n d\u00e2y n\u0103ng l\u01b0\u1ee3ng m\u1eb7t tr\u1eddi h\u00ecnh tr\u00f2n LD03 c\u00f3 thi\u1ebft k\u1ebf \u0111\u01a1n gi\u1ea3n nh\u01b0ng kh\u00f4ng k\u00e9m ph\u1ea7n \u0111\u1eb7c s\u1eafc. N\u1ed5i b\u1eadt khi trang tr\u00ed s\u00e2n v\u01b0\u1eddn, trang tr\u00ed l\u1ec1u tr\u1ea1i trong nh\u1eefng\",\"breadcrumb\":{\"@id\":\"https:\\\/\\\/phukienmattroi.com\\\/index.php\\\/product\\\/day-den-led-nang-luong-mat-troi-ngoi-sao-100-bong-ld02-2\\\/#breadcrumb\"},\"inLanguage\":\"vi\",\"potentialAction\":[{\"@type\":\"ReadAction\",\"target\":[\"https:\\\/\\\/phukienmattroi.com\\\/index.php\\\/product\\\/day-den-led-nang-luong-mat-troi-ngoi-sao-100-bong-ld02-2\\\/\"]}]},{\"@type\":\"ImageObject\",\"inLanguage\":\"vi\",\"@id\":\"https:\\\/\\\/phukienmattroi.com\\\/index.php\\\/product\\\/day-den-led-nang-luong-mat-troi-ngoi-sao-100-bong-ld02-2\\\/#primaryimage\",\"url\":\"https:\\\/\\\/phukienmattroi.com\\\/wp-content\\\/uploads\\\/2024\\\/04\\\/Den-day-nang-luong-mat-troi-hinh-tron.jpg\",\"contentUrl\":\"https:\\\/\\\/phukienmattroi.com\\\/wp-content\\\/uploads\\\/2024\\\/04\\\/Den-day-nang-luong-mat-troi-hinh-tron.jpg\",\"width\":540,\"height\":540},{\"@type\":\"BreadcrumbList\",\"@id\":\"https:\\\/\\\/phukienmattroi.com\\\/index.php\\\/product\\\/day-den-led-nang-luong-mat-troi-ngoi-sao-100-bong-ld02-2\\\/#breadcrumb\",\"itemListElement\":[{\"@type\":\"ListItem\",\"position\":1,\"name\":\"Trang ch\u1ee7\",\"item\":\"https:\\\/\\\/phukienmattroi.com\\\/\"},{\"@type\":\"ListItem\",\"position\":2,\"name\":\"S\u1ea3n ph\u1ea9m\",\"item\":\"https:\\\/\\\/phukienmattroi.com\\\/index.php\\\/shop\\\/\"},{\"@type\":\"ListItem\",\"position\":3,\"name\":\"\u0110\u00e8n d\u00e2y n\u0103ng l\u01b0\u1ee3ng m\u1eb7t tr\u1eddi h\u00ecnh tr\u00f2n &#8211; d\u00e2y d\u00e0i 12m [LD03]\"}]},{\"@type\":\"WebSite\",\"@id\":\"https:\\\/\\\/phukienmattroi.com\\\/#website\",\"url\":\"https:\\\/\\\/phukienmattroi.com\\\/\",\"name\":\"Ph\u1ee5 Ki\u1ec7n M\u1eb7t Tr\u1eddi\",\"description\":\"Ph\u1ee5 Ki\u1ec7n M\u1eb7t Tr\u1eddi\",\"publisher\":{\"@id\":\"https:\\\/\\\/phukienmattroi.com\\\/#organization\"},\"potentialAction\":[{\"@type\":\"SearchAction\",\"target\":{\"@type\":\"EntryPoint\",\"urlTemplate\":\"https:\\\/\\\/phukienmattroi.com\\\/?s={search_term_string}\"},\"query-input\":{\"@type\":\"PropertyValueSpecification\",\"valueRequired\":true,\"valueName\":\"search_term_string\"}}],\"inLanguage\":\"vi\"},{\"@type\":\"Organization\",\"@id\":\"https:\\\/\\\/phukienmattroi.com\\\/#organization\",\"name\":\"Ph\u1ee5 Ki\u1ec7n M\u1eb7t Tr\u1eddi\",\"url\":\"https:\\\/\\\/phukienmattroi.com\\\/\",\"logo\":{\"@type\":\"ImageObject\",\"inLanguage\":\"vi\",\"@id\":\"https:\\\/\\\/phukienmattroi.com\\\/#\\\/schema\\\/logo\\\/image\\\/\",\"url\":\"https:\\\/\\\/phukienmattroi.com\\\/wp-content\\\/uploads\\\/2024\\\/03\\\/TBMT-logo3-1.png\",\"contentUrl\":\"https:\\\/\\\/phukienmattroi.com\\\/wp-content\\\/uploads\\\/2024\\\/03\\\/TBMT-logo3-1.png\",\"width\":3946,\"height\":1403,\"caption\":\"Ph\u1ee5 Ki\u1ec7n M\u1eb7t Tr\u1eddi\"},\"image\":{\"@id\":\"https:\\\/\\\/phukienmattroi.com\\\/#\\\/schema\\\/logo\\\/image\\\/\"},\"sameAs\":[\"https:\\\/\\\/www.facebook.com\\\/phukienmattroisolar\"]}]}<\/script>\n<meta property=\"product:price:amount\" content=\"280000\" \/>\n<meta property=\"product:price:currency\" content=\"VND\" \/>\n<meta property=\"og:availability\" content=\"instock\" \/>\n<meta property=\"product:availability\" content=\"instock\" \/>\n<meta property=\"product:retailer_item_id\" content=\"LD03\" \/>\n<meta property=\"product:condition\" content=\"new\" \/>\n<!-- \/ Yoast SEO Premium plugin. -->","yoast_head_json":{"title":"\u0110\u00e8n d\u00e2y n\u0103ng l\u01b0\u1ee3ng m\u1eb7t tr\u1eddi h\u00ecnh tr\u00f2n - d\u00e2y d\u00e0i 12m [LD03] - Ph\u1ee5 Ki\u1ec7n M\u1eb7t Tr\u1eddi","description":"\u0110\u00e8n d\u00e2y n\u0103ng l\u01b0\u1ee3ng m\u1eb7t tr\u1eddi h\u00ecnh tr\u00f2n LD03 c\u00f3 thi\u1ebft k\u1ebf \u0111\u01a1n gi\u1ea3n nh\u01b0ng kh\u00f4ng k\u00e9m ph\u1ea7n \u0111\u1eb7c s\u1eafc. N\u1ed5i b\u1eadt khi trang tr\u00ed s\u00e2n v\u01b0\u1eddn, trang tr\u00ed l\u1ec1u tr\u1ea1i trong nh\u1eefng","robots":{"index":"index","follow":"follow","max-snippet":"max-snippet:-1","max-image-preview":"max-image-preview:large","max-video-preview":"max-video-preview:-1"},"canonical":"https:\/\/phukienmattroi.com\/index.php\/product\/day-den-led-nang-luong-mat-troi-ngoi-sao-100-bong-ld02-2\/","og_locale":"vi_VN","og_type":"article","og_title":"\u0110\u00e8n d\u00e2y n\u0103ng l\u01b0\u1ee3ng m\u1eb7t tr\u1eddi h\u00ecnh tr\u00f2n - d\u00e2y d\u00e0i 12m [LD03]","og_description":"\u0110\u00e8n d\u00e2y n\u0103ng l\u01b0\u1ee3ng m\u1eb7t tr\u1eddi h\u00ecnh tr\u00f2n LD03 c\u00f3 thi\u1ebft k\u1ebf \u0111\u01a1n gi\u1ea3n nh\u01b0ng kh\u00f4ng k\u00e9m ph\u1ea7n \u0111\u1eb7c s\u1eafc. N\u1ed5i b\u1eadt khi trang tr\u00ed s\u00e2n v\u01b0\u1eddn, trang tr\u00ed l\u1ec1u tr\u1ea1i trong nh\u1eefng","og_url":"https:\/\/phukienmattroi.com\/index.php\/product\/day-den-led-nang-luong-mat-troi-ngoi-sao-100-bong-ld02-2\/","og_site_name":"Ph\u1ee5 Ki\u1ec7n M\u1eb7t Tr\u1eddi","article_publisher":"https:\/\/www.facebook.com\/phukienmattroisolar","article_modified_time":"2024-04-02T17:27:06+00:00","og_image":[{"width":540,"height":540,"url":"https:\/\/phukienmattroi.com\/wp-content\/uploads\/2024\/04\/Den-day-nang-luong-mat-troi-hinh-tron.jpg","type":"image\/jpeg"}],"twitter_card":"summary_large_image","twitter_misc":{"Gi\u00e1":"280.000&nbsp;&#8363;","Kh\u1ea3 d\u1ee5ng":"Trong kho"},"schema":{"@context":"https:\/\/schema.org","@graph":[{"@type":"WebPage","@id":"https:\/\/phukienmattroi.com\/index.php\/product\/day-den-led-nang-luong-mat-troi-ngoi-sao-100-bong-ld02-2\/","url":"https:\/\/phukienmattroi.com\/index.php\/product\/day-den-led-nang-luong-mat-troi-ngoi-sao-100-bong-ld02-2\/","name":"\u0110\u00e8n d\u00e2y n\u0103ng l\u01b0\u1ee3ng m\u1eb7t tr\u1eddi h\u00ecnh tr\u00f2n - d\u00e2y d\u00e0i 12m [LD03] - Ph\u1ee5 Ki\u1ec7n M\u1eb7t Tr\u1eddi","isPartOf":{"@id":"https:\/\/phukienmattroi.com\/#website"},"primaryImageOfPage":{"@id":"https:\/\/phukienmattroi.com\/index.php\/product\/day-den-led-nang-luong-mat-troi-ngoi-sao-100-bong-ld02-2\/#primaryimage"},"image":{"@id":"https:\/\/phukienmattroi.com\/index.php\/product\/day-den-led-nang-luong-mat-troi-ngoi-sao-100-bong-ld02-2\/#primaryimage"},"thumbnailUrl":"https:\/\/phukienmattroi.com\/wp-content\/uploads\/2024\/04\/Den-day-nang-luong-mat-troi-hinh-tron.jpg","datePublished":"2024-04-02T15:01:32+00:00","dateModified":"2024-04-02T17:27:06+00:00","description":"\u0110\u00e8n d\u00e2y n\u0103ng l\u01b0\u1ee3ng m\u1eb7t tr\u1eddi h\u00ecnh tr\u00f2n LD03 c\u00f3 thi\u1ebft k\u1ebf \u0111\u01a1n gi\u1ea3n nh\u01b0ng kh\u00f4ng k\u00e9m ph\u1ea7n \u0111\u1eb7c s\u1eafc. N\u1ed5i b\u1eadt khi trang tr\u00ed s\u00e2n v\u01b0\u1eddn, trang tr\u00ed l\u1ec1u tr\u1ea1i trong nh\u1eefng","breadcrumb":{"@id":"https:\/\/phukienmattroi.com\/index.php\/product\/day-den-led-nang-luong-mat-troi-ngoi-sao-100-bong-ld02-2\/#breadcrumb"},"inLanguage":"vi","potentialAction":[{"@type":"ReadAction","target":["https:\/\/phukienmattroi.com\/index.php\/product\/day-den-led-nang-luong-mat-troi-ngoi-sao-100-bong-ld02-2\/"]}]},{"@type":"ImageObject","inLanguage":"vi","@id":"https:\/\/phukienmattroi.com\/index.php\/product\/day-den-led-nang-luong-mat-troi-ngoi-sao-100-bong-ld02-2\/#primaryimage","url":"https:\/\/phukienmattroi.com\/wp-content\/uploads\/2024\/04\/Den-day-nang-luong-mat-troi-hinh-tron.jpg","contentUrl":"https:\/\/phukienmattroi.com\/wp-content\/uploads\/2024\/04\/Den-day-nang-luong-mat-troi-hinh-tron.jpg","width":540,"height":540},{"@type":"BreadcrumbList","@id":"https:\/\/phukienmattroi.com\/index.php\/product\/day-den-led-nang-luong-mat-troi-ngoi-sao-100-bong-ld02-2\/#breadcrumb","itemListElement":[{"@type":"ListItem","position":1,"name":"Trang ch\u1ee7","item":"https:\/\/phukienmattroi.com\/"},{"@type":"ListItem","position":2,"name":"S\u1ea3n ph\u1ea9m","item":"https:\/\/phukienmattroi.com\/index.php\/shop\/"},{"@type":"ListItem","position":3,"name":"\u0110\u00e8n d\u00e2y n\u0103ng l\u01b0\u1ee3ng m\u1eb7t tr\u1eddi h\u00ecnh tr\u00f2n &#8211; d\u00e2y d\u00e0i 12m [LD03]"}]},{"@type":"WebSite","@id":"https:\/\/phukienmattroi.com\/#website","url":"https:\/\/phukienmattroi.com\/","name":"Ph\u1ee5 Ki\u1ec7n M\u1eb7t Tr\u1eddi","description":"Ph\u1ee5 Ki\u1ec7n M\u1eb7t Tr\u1eddi","publisher":{"@id":"https:\/\/phukienmattroi.com\/#organization"},"potentialAction":[{"@type":"SearchAction","target":{"@type":"EntryPoint","urlTemplate":"https:\/\/phukienmattroi.com\/?s={search_term_string}"},"query-input":{"@type":"PropertyValueSpecification","valueRequired":true,"valueName":"search_term_string"}}],"inLanguage":"vi"},{"@type":"Organization","@id":"https:\/\/phukienmattroi.com\/#organization","name":"Ph\u1ee5 Ki\u1ec7n M\u1eb7t Tr\u1eddi","url":"https:\/\/phukienmattroi.com\/","logo":{"@type":"ImageObject","inLanguage":"vi","@id":"https:\/\/phukienmattroi.com\/#\/schema\/logo\/image\/","url":"https:\/\/phukienmattroi.com\/wp-content\/uploads\/2024\/03\/TBMT-logo3-1.png","contentUrl":"https:\/\/phukienmattroi.com\/wp-content\/uploads\/2024\/03\/TBMT-logo3-1.png","width":3946,"height":1403,"caption":"Ph\u1ee5 Ki\u1ec7n M\u1eb7t Tr\u1eddi"},"image":{"@id":"https:\/\/phukienmattroi.com\/#\/schema\/logo\/image\/"},"sameAs":["https:\/\/www.facebook.com\/phukienmattroisolar"]}]},"product_price_amount":"280000","product_price_currency":"VND","og_availability":"instock","product_availability":"instock","product_retailer_item_id":"LD03","product_condition":"new"},"jetpack_sharing_enabled":true,"_links":{"self":[{"href":"https:\/\/phukienmattroi.com\/index.php\/wp-json\/wp\/v2\/product\/5887","targetHints":{"allow":["GET"]}}],"collection":[{"href":"https:\/\/phukienmattroi.com\/index.php\/wp-json\/wp\/v2\/product"}],"about":[{"href":"https:\/\/phukienmattroi.com\/index.php\/wp-json\/wp\/v2\/types\/product"}],"replies":[{"embeddable":true,"href":"https:\/\/phukienmattroi.com\/index.php\/wp-json\/wp\/v2\/comments?post=5887"}],"wp:featuredmedia":[{"embeddable":true,"href":"https:\/\/phukienmattroi.com\/index.php\/wp-json\/wp\/v2\/media\/5888"}],"wp:attachment":[{"href":"https:\/\/phukienmattroi.com\/index.php\/wp-json\/wp\/v2\/media?parent=5887"}],"wp:term":[{"taxonomy":"product_brand","embeddable":true,"href":"https:\/\/phukienmattroi.com\/index.php\/wp-json\/wp\/v2\/product_brand?post=5887"},{"taxonomy":"product_cat","embeddable":true,"href":"https:\/\/phukienmattroi.com\/index.php\/wp-json\/wp\/v2\/product_cat?post=5887"},{"taxonomy":"product_tag","embeddable":true,"href":"https:\/\/phukienmattroi.com\/index.php\/wp-json\/wp\/v2\/product_tag?post=5887"}],"curies":[{"name":"wp","href":"https:\/\/api.w.org\/{rel}","templated":true}]}}