{"id":5528,"date":"2024-03-18T17:05:56","date_gmt":"2024-03-18T10:05:56","guid":{"rendered":"https:\/\/phukienmattroi.com\/?post_type=product&#038;p=5528"},"modified":"2024-03-18T17:05:57","modified_gmt":"2024-03-18T10:05:57","slug":"den-pha-nang-luong-mat-troi-100w-gia-re-p-100s","status":"publish","type":"product","link":"https:\/\/phukienmattroi.com\/index.php\/product\/den-pha-nang-luong-mat-troi-100w-gia-re-p-100s\/","title":{"rendered":"\u0110\u00e8n pha n\u0103ng l\u01b0\u1ee3ng m\u1eb7t tr\u1eddi 100W gi\u00e1 r\u1ebb P-100S"},"content":{"rendered":"<h2>\u0110\u00e8n pha n\u0103ng l\u01b0\u1ee3ng m\u1eb7t tr\u1eddi 100W P-100S<\/h2>\n<p>\u0110\u00e8n pha n\u0103ng l\u01b0\u1ee3ng m\u1eb7t tr\u1eddi 100W P-100S l\u00e0 m\u1ed9t gi\u1ea3i ph\u00e1p chi\u1ebfu s\u00e1ng hi\u1ec7u qu\u1ea3 v\u00e0 ti\u1ebft ki\u1ec7m n\u0103ng l\u01b0\u1ee3ng cho kh\u00f4ng gian ngo\u1ea1i tr\u1eddi. V\u1edbi c\u00f4ng su\u1ea5t 100W, \u0111\u00e8n pha n\u00e0y c\u00f3 th\u1ec3 cung c\u1ea5p \u0111\u1ee7 \u00e1nh s\u00e1ng cho c\u00e1c khu v\u1ef1c r\u1ed9ng l\u1edbn nh\u01b0 s\u00e2n v\u01b0\u1eddn, s\u00e2n b\u00e3i, c\u00f4ng tr\u00ecnh x\u00e2y d\u1ef1ng, v\u00e0 b\u00e3i \u0111\u1eadu xe.<\/p>\n<h2>T\u00ednh n\u0103ng v\u00e0 c\u00f4ng d\u1ee5ng<\/h2>\n<p>\u0110\u00e8n pha n\u0103ng l\u01b0\u1ee3ng m\u1eb7t tr\u1eddi 100W P-100S \u0111\u01b0\u1ee3c trang b\u1ecb c\u00e1c t\u1ea5m pin m\u1eb7t tr\u1eddi ch\u1ea5t l\u01b0\u1ee3ng cao, gi\u00fap h\u1ea5p th\u1ee5 v\u00e0 l\u01b0u tr\u1eef n\u0103ng l\u01b0\u1ee3ng m\u1eb7t tr\u1eddi m\u1ed9t c\u00e1ch hi\u1ec7u qu\u1ea3. Pin n\u0103ng l\u01b0\u1ee3ng m\u1eb7t tr\u1eddi s\u1ebd t\u1ef1 \u0111\u1ed9ng s\u1ea1c v\u00e0o ban ng\u00e0y v\u00e0 cung c\u1ea5p \u00e1nh s\u00e1ng v\u00e0o ban \u0111\u00eam, gi\u00fap ti\u1ebft ki\u1ec7m \u0111i\u1ec7n n\u0103ng v\u00e0 b\u1ea3o v\u1ec7 m\u00f4i tr\u01b0\u1eddng.<\/p>\n<p>\u0110\u00e8n pha n\u00e0y c\u0169ng \u0111\u01b0\u1ee3c thi\u1ebft k\u1ebf ch\u1ed1ng n\u01b0\u1edbc v\u00e0 ch\u1ed1ng b\u1ee5i, cho ph\u00e9p s\u1eed d\u1ee5ng trong m\u1ecdi \u0111i\u1ec1u ki\u1ec7n th\u1eddi ti\u1ebft. Ngo\u00e0i ra, n\u00f3 c\u00f2n c\u00f3 t\u00ednh n\u0103ng t\u1ef1 \u0111\u1ed9ng b\u1eadt\/t\u1eaft khi c\u00f3 chuy\u1ec3n \u0111\u1ed9ng, gi\u00fap ti\u1ebft ki\u1ec7m n\u0103ng l\u01b0\u1ee3ng v\u00e0 t\u0103ng c\u01b0\u1eddng an ninh cho kh\u00f4ng gian ngo\u1ea1i tr\u1eddi.<\/p>\n<h2>Ch\u00ednh s\u00e1ch<\/h2>\n<p>Ch\u00ednh s\u00e1ch b\u1ea3o h\u00e0nh cho \u0111\u00e8n pha n\u0103ng l\u01b0\u1ee3ng m\u1eb7t tr\u1eddi 100W P-100S l\u00e0 12 th\u00e1ng k\u1ec3 t\u1eeb ng\u00e0y mua h\u00e0ng. Trong th\u1eddi gian b\u1ea3o h\u00e0nh, n\u1ebfu s\u1ea3n ph\u1ea9m c\u00f3 b\u1ea5t k\u1ef3 l\u1ed7i k\u1ef9 thu\u1eadt n\u00e0o, ch\u00fang t\u00f4i s\u1ebd s\u1eeda ch\u1eefa ho\u1eb7c \u0111\u1ed5i m\u1edbi mi\u1ec5n ph\u00ed.<\/p>\n<p>Ch\u00fang t\u00f4i cam k\u1ebft cung c\u1ea5p s\u1ea3n ph\u1ea9m ch\u1ea5t l\u01b0\u1ee3ng cao v\u1edbi gi\u00e1 c\u1ea3 ph\u1ea3i ch\u0103ng. \u0110\u00e8n pha n\u0103ng l\u01b0\u1ee3ng m\u1eb7t tr\u1eddi 100W P-100S \u0111\u01b0\u1ee3c b\u1ea3o \u0111\u1ea3m \u0111\u00e1ng tin c\u1eady v\u00e0 s\u1ebd mang l\u1ea1i \u00e1nh s\u00e1ng t\u1ed1t cho kh\u00f4ng gian ngo\u1ea1i tr\u1eddi c\u1ee7a b\u1ea1n.<\/p>\n","protected":false},"excerpt":{"rendered":"<p>\u0110\u00e8n pha n\u0103ng l\u01b0\u1ee3ng m\u1eb7t tr\u1eddi 100W P-100S \u0110\u00e8n pha n\u0103ng l\u01b0\u1ee3ng m\u1eb7t tr\u1eddi 100W P-100S l\u00e0 m\u1ed9t gi\u1ea3i ph\u00e1p chi\u1ebfu s\u00e1ng hi\u1ec7u qu\u1ea3 v\u00e0 ti\u1ebft ki\u1ec7m n\u0103ng l\u01b0\u1ee3ng cho<\/p>\n","protected":false},"featured_media":5529,"comment_status":"open","ping_status":"closed","template":"","meta":[],"product_brand":[],"product_cat":[26],"product_tag":[],"class_list":{"0":"post-5528","1":"product","2":"type-product","3":"status-publish","4":"has-post-thumbnail","6":"product_cat-den-pha-nlmt","8":"first","9":"instock","10":"sale","11":"taxable","12":"shipping-taxable","13":"purchasable","14":"product-type-simple"},"yoast_head":"<!-- This site is optimized with the Yoast SEO Premium plugin v22.6 (Yoast SEO v27.4) - https:\/\/yoast.com\/product\/yoast-seo-premium-wordpress\/ -->\n<title>\u0110\u00e8n pha n\u0103ng l\u01b0\u1ee3ng m\u1eb7t tr\u1eddi 100W gi\u00e1 r\u1ebb P-100S - Ph\u1ee5 Ki\u1ec7n M\u1eb7t Tr\u1eddi<\/title>\n<meta name=\"robots\" content=\"index, follow, max-snippet:-1, max-image-preview:large, max-video-preview:-1\" \/>\n<link rel=\"canonical\" href=\"https:\/\/phukienmattroi.com\/index.php\/product\/den-pha-nang-luong-mat-troi-100w-gia-re-p-100s\/\" \/>\n<meta property=\"og:locale\" content=\"vi_VN\" \/>\n<meta property=\"og:type\" content=\"article\" \/>\n<meta property=\"og:title\" content=\"\u0110\u00e8n pha n\u0103ng l\u01b0\u1ee3ng m\u1eb7t tr\u1eddi 100W gi\u00e1 r\u1ebb P-100S\" \/>\n<meta property=\"og:description\" content=\"\u0110\u00e8n pha n\u0103ng l\u01b0\u1ee3ng m\u1eb7t tr\u1eddi 100W P-100S \u0110\u00e8n pha n\u0103ng l\u01b0\u1ee3ng m\u1eb7t tr\u1eddi 100W P-100S l\u00e0 m\u1ed9t gi\u1ea3i ph\u00e1p chi\u1ebfu s\u00e1ng hi\u1ec7u qu\u1ea3 v\u00e0 ti\u1ebft ki\u1ec7m n\u0103ng l\u01b0\u1ee3ng cho\" \/>\n<meta property=\"og:url\" content=\"https:\/\/phukienmattroi.com\/index.php\/product\/den-pha-nang-luong-mat-troi-100w-gia-re-p-100s\/\" \/>\n<meta property=\"og:site_name\" content=\"Ph\u1ee5 Ki\u1ec7n M\u1eb7t Tr\u1eddi\" \/>\n<meta property=\"article:publisher\" content=\"https:\/\/www.facebook.com\/phukienmattroisolar\" \/>\n<meta property=\"article:modified_time\" content=\"2024-03-18T10:05:57+00:00\" \/>\n<meta property=\"og:image\" content=\"https:\/\/phukienmattroi.com\/wp-content\/uploads\/2024\/03\/Den-pha-gia-re-100W-nang-luong-mat-troi-dmt-s100-h1.jpg\" \/>\n\t<meta property=\"og:image:width\" content=\"600\" \/>\n\t<meta property=\"og:image:height\" content=\"600\" \/>\n\t<meta property=\"og:image:type\" content=\"image\/jpeg\" \/>\n<meta name=\"twitter:card\" content=\"summary_large_image\" \/>\n<meta name=\"twitter:label1\" content=\"Gi\u00e1\" \/>\n\t<meta name=\"twitter:data1\" content=\"990.000&nbsp;&#8363;\" \/>\n\t<meta name=\"twitter:label2\" content=\"Kh\u1ea3 d\u1ee5ng\" \/>\n\t<meta name=\"twitter:data2\" content=\"Trong kho\" \/>\n<script type=\"application\/ld+json\" class=\"yoast-schema-graph\">{\"@context\":\"https:\\\/\\\/schema.org\",\"@graph\":[{\"@type\":\"WebPage\",\"@id\":\"https:\\\/\\\/phukienmattroi.com\\\/index.php\\\/product\\\/den-pha-nang-luong-mat-troi-100w-gia-re-p-100s\\\/\",\"url\":\"https:\\\/\\\/phukienmattroi.com\\\/index.php\\\/product\\\/den-pha-nang-luong-mat-troi-100w-gia-re-p-100s\\\/\",\"name\":\"\u0110\u00e8n pha n\u0103ng l\u01b0\u1ee3ng m\u1eb7t tr\u1eddi 100W gi\u00e1 r\u1ebb P-100S - Ph\u1ee5 Ki\u1ec7n M\u1eb7t Tr\u1eddi\",\"isPartOf\":{\"@id\":\"https:\\\/\\\/phukienmattroi.com\\\/#website\"},\"primaryImageOfPage\":{\"@id\":\"https:\\\/\\\/phukienmattroi.com\\\/index.php\\\/product\\\/den-pha-nang-luong-mat-troi-100w-gia-re-p-100s\\\/#primaryimage\"},\"image\":{\"@id\":\"https:\\\/\\\/phukienmattroi.com\\\/index.php\\\/product\\\/den-pha-nang-luong-mat-troi-100w-gia-re-p-100s\\\/#primaryimage\"},\"thumbnailUrl\":\"https:\\\/\\\/phukienmattroi.com\\\/wp-content\\\/uploads\\\/2024\\\/03\\\/Den-pha-gia-re-100W-nang-luong-mat-troi-dmt-s100-h1.jpg\",\"datePublished\":\"2024-03-18T10:05:56+00:00\",\"dateModified\":\"2024-03-18T10:05:57+00:00\",\"breadcrumb\":{\"@id\":\"https:\\\/\\\/phukienmattroi.com\\\/index.php\\\/product\\\/den-pha-nang-luong-mat-troi-100w-gia-re-p-100s\\\/#breadcrumb\"},\"inLanguage\":\"vi\",\"potentialAction\":[{\"@type\":\"ReadAction\",\"target\":[\"https:\\\/\\\/phukienmattroi.com\\\/index.php\\\/product\\\/den-pha-nang-luong-mat-troi-100w-gia-re-p-100s\\\/\"]}]},{\"@type\":\"ImageObject\",\"inLanguage\":\"vi\",\"@id\":\"https:\\\/\\\/phukienmattroi.com\\\/index.php\\\/product\\\/den-pha-nang-luong-mat-troi-100w-gia-re-p-100s\\\/#primaryimage\",\"url\":\"https:\\\/\\\/phukienmattroi.com\\\/wp-content\\\/uploads\\\/2024\\\/03\\\/Den-pha-gia-re-100W-nang-luong-mat-troi-dmt-s100-h1.jpg\",\"contentUrl\":\"https:\\\/\\\/phukienmattroi.com\\\/wp-content\\\/uploads\\\/2024\\\/03\\\/Den-pha-gia-re-100W-nang-luong-mat-troi-dmt-s100-h1.jpg\",\"width\":600,\"height\":600,\"caption\":\"\u0110\u00e8n pha gi\u00e1 r\u1ebb 100W n\u0103ng l\u01b0\u1ee3ng m\u1eb7t tr\u1eddi dmt-s100 www.dmtsolar.com\"},{\"@type\":\"BreadcrumbList\",\"@id\":\"https:\\\/\\\/phukienmattroi.com\\\/index.php\\\/product\\\/den-pha-nang-luong-mat-troi-100w-gia-re-p-100s\\\/#breadcrumb\",\"itemListElement\":[{\"@type\":\"ListItem\",\"position\":1,\"name\":\"Trang ch\u1ee7\",\"item\":\"https:\\\/\\\/phukienmattroi.com\\\/\"},{\"@type\":\"ListItem\",\"position\":2,\"name\":\"S\u1ea3n ph\u1ea9m\",\"item\":\"https:\\\/\\\/phukienmattroi.com\\\/index.php\\\/shop\\\/\"},{\"@type\":\"ListItem\",\"position\":3,\"name\":\"\u0110\u00e8n pha n\u0103ng l\u01b0\u1ee3ng m\u1eb7t tr\u1eddi 100W gi\u00e1 r\u1ebb P-100S\"}]},{\"@type\":\"WebSite\",\"@id\":\"https:\\\/\\\/phukienmattroi.com\\\/#website\",\"url\":\"https:\\\/\\\/phukienmattroi.com\\\/\",\"name\":\"Ph\u1ee5 Ki\u1ec7n M\u1eb7t Tr\u1eddi\",\"description\":\"Ph\u1ee5 Ki\u1ec7n M\u1eb7t Tr\u1eddi\",\"publisher\":{\"@id\":\"https:\\\/\\\/phukienmattroi.com\\\/#organization\"},\"potentialAction\":[{\"@type\":\"SearchAction\",\"target\":{\"@type\":\"EntryPoint\",\"urlTemplate\":\"https:\\\/\\\/phukienmattroi.com\\\/?s={search_term_string}\"},\"query-input\":{\"@type\":\"PropertyValueSpecification\",\"valueRequired\":true,\"valueName\":\"search_term_string\"}}],\"inLanguage\":\"vi\"},{\"@type\":\"Organization\",\"@id\":\"https:\\\/\\\/phukienmattroi.com\\\/#organization\",\"name\":\"Ph\u1ee5 Ki\u1ec7n M\u1eb7t Tr\u1eddi\",\"url\":\"https:\\\/\\\/phukienmattroi.com\\\/\",\"logo\":{\"@type\":\"ImageObject\",\"inLanguage\":\"vi\",\"@id\":\"https:\\\/\\\/phukienmattroi.com\\\/#\\\/schema\\\/logo\\\/image\\\/\",\"url\":\"https:\\\/\\\/phukienmattroi.com\\\/wp-content\\\/uploads\\\/2024\\\/03\\\/TBMT-logo3-1.png\",\"contentUrl\":\"https:\\\/\\\/phukienmattroi.com\\\/wp-content\\\/uploads\\\/2024\\\/03\\\/TBMT-logo3-1.png\",\"width\":3946,\"height\":1403,\"caption\":\"Ph\u1ee5 Ki\u1ec7n M\u1eb7t Tr\u1eddi\"},\"image\":{\"@id\":\"https:\\\/\\\/phukienmattroi.com\\\/#\\\/schema\\\/logo\\\/image\\\/\"},\"sameAs\":[\"https:\\\/\\\/www.facebook.com\\\/phukienmattroisolar\"]}]}<\/script>\n<meta property=\"product:price:amount\" content=\"990000\" \/>\n<meta property=\"product:price:currency\" content=\"VND\" \/>\n<meta property=\"og:availability\" content=\"instock\" \/>\n<meta property=\"product:availability\" content=\"instock\" \/>\n<meta property=\"product:condition\" content=\"new\" \/>\n<!-- \/ Yoast SEO Premium plugin. -->","yoast_head_json":{"title":"\u0110\u00e8n pha n\u0103ng l\u01b0\u1ee3ng m\u1eb7t tr\u1eddi 100W gi\u00e1 r\u1ebb P-100S - Ph\u1ee5 Ki\u1ec7n M\u1eb7t Tr\u1eddi","robots":{"index":"index","follow":"follow","max-snippet":"max-snippet:-1","max-image-preview":"max-image-preview:large","max-video-preview":"max-video-preview:-1"},"canonical":"https:\/\/phukienmattroi.com\/index.php\/product\/den-pha-nang-luong-mat-troi-100w-gia-re-p-100s\/","og_locale":"vi_VN","og_type":"article","og_title":"\u0110\u00e8n pha n\u0103ng l\u01b0\u1ee3ng m\u1eb7t tr\u1eddi 100W gi\u00e1 r\u1ebb P-100S","og_description":"\u0110\u00e8n pha n\u0103ng l\u01b0\u1ee3ng m\u1eb7t tr\u1eddi 100W P-100S \u0110\u00e8n pha n\u0103ng l\u01b0\u1ee3ng m\u1eb7t tr\u1eddi 100W P-100S l\u00e0 m\u1ed9t gi\u1ea3i ph\u00e1p chi\u1ebfu s\u00e1ng hi\u1ec7u qu\u1ea3 v\u00e0 ti\u1ebft ki\u1ec7m n\u0103ng l\u01b0\u1ee3ng cho","og_url":"https:\/\/phukienmattroi.com\/index.php\/product\/den-pha-nang-luong-mat-troi-100w-gia-re-p-100s\/","og_site_name":"Ph\u1ee5 Ki\u1ec7n M\u1eb7t Tr\u1eddi","article_publisher":"https:\/\/www.facebook.com\/phukienmattroisolar","article_modified_time":"2024-03-18T10:05:57+00:00","og_image":[{"width":600,"height":600,"url":"https:\/\/phukienmattroi.com\/wp-content\/uploads\/2024\/03\/Den-pha-gia-re-100W-nang-luong-mat-troi-dmt-s100-h1.jpg","type":"image\/jpeg"}],"twitter_card":"summary_large_image","twitter_misc":{"Gi\u00e1":"990.000&nbsp;&#8363;","Kh\u1ea3 d\u1ee5ng":"Trong kho"},"schema":{"@context":"https:\/\/schema.org","@graph":[{"@type":"WebPage","@id":"https:\/\/phukienmattroi.com\/index.php\/product\/den-pha-nang-luong-mat-troi-100w-gia-re-p-100s\/","url":"https:\/\/phukienmattroi.com\/index.php\/product\/den-pha-nang-luong-mat-troi-100w-gia-re-p-100s\/","name":"\u0110\u00e8n pha n\u0103ng l\u01b0\u1ee3ng m\u1eb7t tr\u1eddi 100W gi\u00e1 r\u1ebb P-100S - Ph\u1ee5 Ki\u1ec7n M\u1eb7t Tr\u1eddi","isPartOf":{"@id":"https:\/\/phukienmattroi.com\/#website"},"primaryImageOfPage":{"@id":"https:\/\/phukienmattroi.com\/index.php\/product\/den-pha-nang-luong-mat-troi-100w-gia-re-p-100s\/#primaryimage"},"image":{"@id":"https:\/\/phukienmattroi.com\/index.php\/product\/den-pha-nang-luong-mat-troi-100w-gia-re-p-100s\/#primaryimage"},"thumbnailUrl":"https:\/\/phukienmattroi.com\/wp-content\/uploads\/2024\/03\/Den-pha-gia-re-100W-nang-luong-mat-troi-dmt-s100-h1.jpg","datePublished":"2024-03-18T10:05:56+00:00","dateModified":"2024-03-18T10:05:57+00:00","breadcrumb":{"@id":"https:\/\/phukienmattroi.com\/index.php\/product\/den-pha-nang-luong-mat-troi-100w-gia-re-p-100s\/#breadcrumb"},"inLanguage":"vi","potentialAction":[{"@type":"ReadAction","target":["https:\/\/phukienmattroi.com\/index.php\/product\/den-pha-nang-luong-mat-troi-100w-gia-re-p-100s\/"]}]},{"@type":"ImageObject","inLanguage":"vi","@id":"https:\/\/phukienmattroi.com\/index.php\/product\/den-pha-nang-luong-mat-troi-100w-gia-re-p-100s\/#primaryimage","url":"https:\/\/phukienmattroi.com\/wp-content\/uploads\/2024\/03\/Den-pha-gia-re-100W-nang-luong-mat-troi-dmt-s100-h1.jpg","contentUrl":"https:\/\/phukienmattroi.com\/wp-content\/uploads\/2024\/03\/Den-pha-gia-re-100W-nang-luong-mat-troi-dmt-s100-h1.jpg","width":600,"height":600,"caption":"\u0110\u00e8n pha gi\u00e1 r\u1ebb 100W n\u0103ng l\u01b0\u1ee3ng m\u1eb7t tr\u1eddi dmt-s100 www.dmtsolar.com"},{"@type":"BreadcrumbList","@id":"https:\/\/phukienmattroi.com\/index.php\/product\/den-pha-nang-luong-mat-troi-100w-gia-re-p-100s\/#breadcrumb","itemListElement":[{"@type":"ListItem","position":1,"name":"Trang ch\u1ee7","item":"https:\/\/phukienmattroi.com\/"},{"@type":"ListItem","position":2,"name":"S\u1ea3n ph\u1ea9m","item":"https:\/\/phukienmattroi.com\/index.php\/shop\/"},{"@type":"ListItem","position":3,"name":"\u0110\u00e8n pha n\u0103ng l\u01b0\u1ee3ng m\u1eb7t tr\u1eddi 100W gi\u00e1 r\u1ebb P-100S"}]},{"@type":"WebSite","@id":"https:\/\/phukienmattroi.com\/#website","url":"https:\/\/phukienmattroi.com\/","name":"Ph\u1ee5 Ki\u1ec7n M\u1eb7t Tr\u1eddi","description":"Ph\u1ee5 Ki\u1ec7n M\u1eb7t Tr\u1eddi","publisher":{"@id":"https:\/\/phukienmattroi.com\/#organization"},"potentialAction":[{"@type":"SearchAction","target":{"@type":"EntryPoint","urlTemplate":"https:\/\/phukienmattroi.com\/?s={search_term_string}"},"query-input":{"@type":"PropertyValueSpecification","valueRequired":true,"valueName":"search_term_string"}}],"inLanguage":"vi"},{"@type":"Organization","@id":"https:\/\/phukienmattroi.com\/#organization","name":"Ph\u1ee5 Ki\u1ec7n M\u1eb7t Tr\u1eddi","url":"https:\/\/phukienmattroi.com\/","logo":{"@type":"ImageObject","inLanguage":"vi","@id":"https:\/\/phukienmattroi.com\/#\/schema\/logo\/image\/","url":"https:\/\/phukienmattroi.com\/wp-content\/uploads\/2024\/03\/TBMT-logo3-1.png","contentUrl":"https:\/\/phukienmattroi.com\/wp-content\/uploads\/2024\/03\/TBMT-logo3-1.png","width":3946,"height":1403,"caption":"Ph\u1ee5 Ki\u1ec7n M\u1eb7t Tr\u1eddi"},"image":{"@id":"https:\/\/phukienmattroi.com\/#\/schema\/logo\/image\/"},"sameAs":["https:\/\/www.facebook.com\/phukienmattroisolar"]}]},"product_price_amount":"990000","product_price_currency":"VND","og_availability":"instock","product_availability":"instock","product_condition":"new"},"jetpack_sharing_enabled":true,"_links":{"self":[{"href":"https:\/\/phukienmattroi.com\/index.php\/wp-json\/wp\/v2\/product\/5528","targetHints":{"allow":["GET"]}}],"collection":[{"href":"https:\/\/phukienmattroi.com\/index.php\/wp-json\/wp\/v2\/product"}],"about":[{"href":"https:\/\/phukienmattroi.com\/index.php\/wp-json\/wp\/v2\/types\/product"}],"replies":[{"embeddable":true,"href":"https:\/\/phukienmattroi.com\/index.php\/wp-json\/wp\/v2\/comments?post=5528"}],"wp:featuredmedia":[{"embeddable":true,"href":"https:\/\/phukienmattroi.com\/index.php\/wp-json\/wp\/v2\/media\/5529"}],"wp:attachment":[{"href":"https:\/\/phukienmattroi.com\/index.php\/wp-json\/wp\/v2\/media?parent=5528"}],"wp:term":[{"taxonomy":"product_brand","embeddable":true,"href":"https:\/\/phukienmattroi.com\/index.php\/wp-json\/wp\/v2\/product_brand?post=5528"},{"taxonomy":"product_cat","embeddable":true,"href":"https:\/\/phukienmattroi.com\/index.php\/wp-json\/wp\/v2\/product_cat?post=5528"},{"taxonomy":"product_tag","embeddable":true,"href":"https:\/\/phukienmattroi.com\/index.php\/wp-json\/wp\/v2\/product_tag?post=5528"}],"curies":[{"name":"wp","href":"https:\/\/api.w.org\/{rel}","templated":true}]}}