{"id":5524,"date":"2024-03-18T16:57:41","date_gmt":"2024-03-18T09:57:41","guid":{"rendered":"https:\/\/phukienmattroi.com\/?post_type=product&#038;p=5524"},"modified":"2025-11-21T09:37:44","modified_gmt":"2025-11-21T02:37:44","slug":"den-pha-nang-luong-mat-troi-op-tran-400w-0t-400h","status":"publish","type":"product","link":"https:\/\/phukienmattroi.com\/index.php\/product\/den-pha-nang-luong-mat-troi-op-tran-400w-0t-400h\/","title":{"rendered":"\u0110\u00e8n n\u0103ng l\u01b0\u1ee3ng m\u1eb7t tr\u1eddi \u1ed1p tr\u1ea7n 400W OT-400H"},"content":{"rendered":"<h1 class=\"h3 product_name\">\u0110\u00e8n n\u0103ng l\u01b0\u1ee3ng m\u1eb7t tr\u1eddi \u1ed1p tr\u1ea7n 400W OT-400H<\/h1>\n<p><strong>\u0110\u00e8n n\u0103ng l\u01b0\u1ee3ng m\u1eb7t tr\u1eddi \u1ed1p tr\u1ea7n 400W OT-400H<\/strong>\u00a0c\u00f3 thi\u1ebft k\u1ebf \u0111\u1ed9c \u0111\u00e1o v\u1edbi thi\u1ebft k\u1ebf vi\u1ec1n ngo\u00e0i d\u1ea1ng b\u00f4ng hoa, m\u1eb7t PC d\u00e2n s\u00e1ng c\u00f3 h\u00ecnh b\u00f4ng tuy\u1ebft, c\u00f3 x\u1eed l\u00fd v\u00e2n cho hi\u1ec7u \u1ee9ng \u00e1nh s\u00e1ng \u0111\u1eb9p m\u1eaft, gi\u00fap trang ho\u00e0n h\u01a1n cho kh\u00f4ng gian l\u1eafp \u0111\u1eb7t.<\/p>\n<div class=\"d-block align-items-center justify-content-between\">\n<div class=\"d-block align-items-center justify-content-between\">\n<h5>Th\u00f4ng s\u1ed1 k\u1ef9 thu\u1eadt<\/h5>\n<\/div>\n<div class=\"d-block\">\n<table class=\"list-unstyled font-size-sm table table-bordered\">\n<tbody>\n<tr>\n<th class=\"text-heading font-weight-semibold\" colspan=\"2\">Th\u00f4ng s\u1ed1 \u0111\u00e8n<\/th>\n<\/tr>\n<tr>\n<td class=\"text-heading font-weight-medium\">C\u00f4ng su\u1ea5t<\/td>\n<td>400W<\/td>\n<\/tr>\n<tr>\n<td class=\"text-heading font-weight-medium\">K\u00edch th\u01b0\u1edbc \u0111\u00e8n<\/td>\n<td>350*350*60mm<\/td>\n<\/tr>\n<tr>\n<td class=\"text-heading font-weight-medium\">V\u1eadt li\u1ec7u<\/td>\n<td>Nh\u1ef1a ABS cao c\u1ea5p, nh\u00f4m k\u00ednh, nh\u00f4m \u0111\u00fac<\/td>\n<\/tr>\n<tr>\n<td class=\"text-heading font-weight-medium\">C\u1ea5p \u0111\u1ed9 b\u1ea3o v\u1ec7<\/td>\n<td>IP65<\/td>\n<\/tr>\n<tr>\n<th class=\"text-heading font-weight-semibold\" colspan=\"2\">Ngu\u1ed3n s\u00e1ng<\/th>\n<\/tr>\n<tr>\n<td class=\"text-heading font-weight-medium\">Ch\u00edp LED<\/td>\n<td>SMD<\/td>\n<\/tr>\n<tr>\n<td class=\"text-heading font-weight-medium\">Tu\u1ed5i th\u1ecd LED<\/td>\n<td>50.000 gi\u1edd<\/td>\n<\/tr>\n<tr>\n<td class=\"text-heading font-weight-medium\">Th\u1ea5u k\u00ednh<\/td>\n<td>Kh\u00f4ng<\/td>\n<\/tr>\n<tr>\n<th class=\"text-heading font-weight-semibold\" colspan=\"2\">T\u1ea5m n\u0103ng l\u01b0\u1ee3ng m\u1eb7t tr\u1eddi<\/th>\n<\/tr>\n<tr>\n<td class=\"text-heading font-weight-medium\">C\u00f4ng ngh\u1ec7<\/td>\n<td>Polycrystalline<\/td>\n<\/tr>\n<tr>\n<td class=\"text-heading font-weight-medium\">C\u00f4ng su\u1ea5t<\/td>\n<td><\/td>\n<\/tr>\n<tr>\n<td class=\"text-heading font-weight-medium\">\u0110i\u1ec7n \u00e1p<\/td>\n<td>6V<\/td>\n<\/tr>\n<tr>\n<td class=\"text-heading font-weight-medium\">K\u00edch th\u01b0\u1edbc<\/td>\n<td>700*350*17mm<\/td>\n<\/tr>\n<tr>\n<th class=\"text-heading font-weight-semibold\" colspan=\"2\">Pin l\u01b0u tr\u1eef<\/th>\n<\/tr>\n<tr>\n<td class=\"text-heading font-weight-medium\">C\u00f4ng ngh\u1ec7<\/td>\n<td>LiFePO4<\/td>\n<\/tr>\n<tr>\n<td class=\"text-heading font-weight-medium\">Dung l\u01b0\u1ee3ng<\/td>\n<td>36.000mAh<\/td>\n<\/tr>\n<tr>\n<td class=\"text-heading font-weight-medium\">\u0110i\u1ec7n \u00e1p<\/td>\n<td>3,2V<\/td>\n<\/tr>\n<tr>\n<th class=\"text-heading font-weight-semibold\" colspan=\"2\">Th\u00f4ng tin kh\u00e1c<\/th>\n<\/tr>\n<tr>\n<td class=\"text-heading font-weight-medium\">Th\u01b0\u01a1ng hi\u1ec7u<\/td>\n<td>SACO<\/td>\n<\/tr>\n<tr>\n<td class=\"text-heading font-weight-medium\">B\u1ea3o h\u00e0nh<\/td>\n<td>01 n\u0103m<\/td>\n<\/tr>\n<tr>\n<td class=\"text-heading font-weight-medium\">Th\u1eddi gian s\u1ea1c<\/td>\n<td>4-6 gi\u1edd\/ng\u00e0y<\/td>\n<\/tr>\n<tr>\n<td class=\"text-heading font-weight-medium\">Th\u1eddi gian s\u00e1ng<\/td>\n<td>10-12 gi\u1edd<\/td>\n<\/tr>\n<tr>\n<td class=\"text-heading font-weight-medium\">Ch\u1ee9c n\u0103ng<\/td>\n<td>Ca\u0309m bi\u00ea\u0301n a\u0301nh sa\u0301ng, Remote \u0111i\u1ec1u khi\u1ec3n<\/td>\n<\/tr>\n<tr>\n<td class=\"text-heading font-weight-medium\">Ch\u1ebf \u0111\u1ed9 Dimming<\/td>\n<td>T\u1ef1 \u0111\u1ed9ng<\/td>\n<\/tr>\n<\/tbody>\n<\/table>\n<\/div>\n<\/div>\n<p>&nbsp;<\/p>\n","protected":false},"excerpt":{"rendered":"<p>\u0110\u00e8n n\u0103ng l\u01b0\u1ee3ng m\u1eb7t tr\u1eddi \u1ed1p tr\u1ea7n 400W OT-400H \u0110\u00e8n n\u0103ng l\u01b0\u1ee3ng m\u1eb7t tr\u1eddi \u1ed1p tr\u1ea7n 400W OT-400H\u00a0c\u00f3 thi\u1ebft k\u1ebf \u0111\u1ed9c \u0111\u00e1o v\u1edbi thi\u1ebft k\u1ebf vi\u1ec1n ngo\u00e0i d\u1ea1ng b\u00f4ng hoa,<\/p>\n","protected":false},"featured_media":5525,"comment_status":"open","ping_status":"closed","template":"","meta":[],"product_brand":[],"product_cat":[32],"product_tag":[],"class_list":{"0":"post-5524","1":"product","2":"type-product","3":"status-publish","4":"has-post-thumbnail","6":"product_cat-den-op-tran","8":"first","9":"instock","10":"sale","11":"taxable","12":"shipping-taxable","13":"purchasable","14":"product-type-simple"},"yoast_head":"<!-- This site is optimized with the Yoast SEO Premium plugin v22.6 (Yoast SEO v27.4) - https:\/\/yoast.com\/product\/yoast-seo-premium-wordpress\/ -->\n<title>\u0110\u00e8n n\u0103ng l\u01b0\u1ee3ng m\u1eb7t tr\u1eddi \u1ed1p tr\u1ea7n 400W OT-400H - Ph\u1ee5 Ki\u1ec7n M\u1eb7t Tr\u1eddi<\/title>\n<meta name=\"description\" content=\"\u0110\u00e8n n\u0103ng l\u01b0\u1ee3ng m\u1eb7t tr\u1eddi \u1ed1p tr\u1ea7n 400W OT-400H\u00a0c\u00f3 thi\u1ebft k\u1ebf \u0111\u1ed9c \u0111\u00e1o v\u1edbi thi\u1ebft k\u1ebf vi\u1ec1n ngo\u00e0i d\u1ea1ng b\u00f4ng hoa, m\u1eb7t PC d\u00e2n s\u00e1ng c\u00f3 h\u00ecnh b\u00f4ng tuy\u1ebft, c\u00f3 x\u1eed l\u00fd v\u00e2n cho\" \/>\n<meta name=\"robots\" content=\"index, follow, max-snippet:-1, max-image-preview:large, max-video-preview:-1\" \/>\n<link rel=\"canonical\" href=\"https:\/\/phukienmattroi.com\/index.php\/product\/den-pha-nang-luong-mat-troi-op-tran-400w-0t-400h\/\" \/>\n<meta property=\"og:locale\" content=\"vi_VN\" \/>\n<meta property=\"og:type\" content=\"article\" \/>\n<meta property=\"og:title\" content=\"\u0110\u00e8n n\u0103ng l\u01b0\u1ee3ng m\u1eb7t tr\u1eddi \u1ed1p tr\u1ea7n 400W OT-400H\" \/>\n<meta property=\"og:description\" content=\"\u0110\u00e8n n\u0103ng l\u01b0\u1ee3ng m\u1eb7t tr\u1eddi \u1ed1p tr\u1ea7n 400W OT-400H\u00a0c\u00f3 thi\u1ebft k\u1ebf \u0111\u1ed9c \u0111\u00e1o v\u1edbi thi\u1ebft k\u1ebf vi\u1ec1n ngo\u00e0i d\u1ea1ng b\u00f4ng hoa, m\u1eb7t PC d\u00e2n s\u00e1ng c\u00f3 h\u00ecnh b\u00f4ng tuy\u1ebft, c\u00f3 x\u1eed l\u00fd v\u00e2n cho\" \/>\n<meta property=\"og:url\" content=\"https:\/\/phukienmattroi.com\/index.php\/product\/den-pha-nang-luong-mat-troi-op-tran-400w-0t-400h\/\" \/>\n<meta property=\"og:site_name\" content=\"Ph\u1ee5 Ki\u1ec7n M\u1eb7t Tr\u1eddi\" \/>\n<meta property=\"article:publisher\" content=\"https:\/\/www.facebook.com\/phukienmattroisolar\" \/>\n<meta property=\"article:modified_time\" content=\"2025-11-21T02:37:44+00:00\" \/>\n<meta property=\"og:image\" content=\"https:\/\/phukienmattroi.com\/wp-content\/uploads\/2024\/03\/Den-nang-luong-mat-troi-op-tran-400W-OT-400H-1.jpg\" \/>\n\t<meta property=\"og:image:width\" content=\"600\" \/>\n\t<meta property=\"og:image:height\" content=\"600\" \/>\n\t<meta property=\"og:image:type\" content=\"image\/jpeg\" \/>\n<meta name=\"twitter:card\" content=\"summary_large_image\" \/>\n<meta name=\"twitter:label1\" content=\"Gi\u00e1\" \/>\n\t<meta name=\"twitter:data1\" content=\"1.150.000&nbsp;&#8363;\" \/>\n\t<meta name=\"twitter:label2\" content=\"Kh\u1ea3 d\u1ee5ng\" \/>\n\t<meta name=\"twitter:data2\" content=\"Trong kho\" \/>\n<script type=\"application\/ld+json\" class=\"yoast-schema-graph\">{\"@context\":\"https:\\\/\\\/schema.org\",\"@graph\":[{\"@type\":\"WebPage\",\"@id\":\"https:\\\/\\\/phukienmattroi.com\\\/index.php\\\/product\\\/den-pha-nang-luong-mat-troi-op-tran-400w-0t-400h\\\/\",\"url\":\"https:\\\/\\\/phukienmattroi.com\\\/index.php\\\/product\\\/den-pha-nang-luong-mat-troi-op-tran-400w-0t-400h\\\/\",\"name\":\"\u0110\u00e8n n\u0103ng l\u01b0\u1ee3ng m\u1eb7t tr\u1eddi \u1ed1p tr\u1ea7n 400W OT-400H - Ph\u1ee5 Ki\u1ec7n M\u1eb7t Tr\u1eddi\",\"isPartOf\":{\"@id\":\"https:\\\/\\\/phukienmattroi.com\\\/#website\"},\"primaryImageOfPage\":{\"@id\":\"https:\\\/\\\/phukienmattroi.com\\\/index.php\\\/product\\\/den-pha-nang-luong-mat-troi-op-tran-400w-0t-400h\\\/#primaryimage\"},\"image\":{\"@id\":\"https:\\\/\\\/phukienmattroi.com\\\/index.php\\\/product\\\/den-pha-nang-luong-mat-troi-op-tran-400w-0t-400h\\\/#primaryimage\"},\"thumbnailUrl\":\"https:\\\/\\\/phukienmattroi.com\\\/wp-content\\\/uploads\\\/2024\\\/03\\\/Den-nang-luong-mat-troi-op-tran-400W-OT-400H-1.jpg\",\"datePublished\":\"2024-03-18T09:57:41+00:00\",\"dateModified\":\"2025-11-21T02:37:44+00:00\",\"description\":\"\u0110\u00e8n n\u0103ng l\u01b0\u1ee3ng m\u1eb7t tr\u1eddi \u1ed1p tr\u1ea7n 400W OT-400H\u00a0c\u00f3 thi\u1ebft k\u1ebf \u0111\u1ed9c \u0111\u00e1o v\u1edbi thi\u1ebft k\u1ebf vi\u1ec1n ngo\u00e0i d\u1ea1ng b\u00f4ng hoa, m\u1eb7t PC d\u00e2n s\u00e1ng c\u00f3 h\u00ecnh b\u00f4ng tuy\u1ebft, c\u00f3 x\u1eed l\u00fd v\u00e2n cho\",\"breadcrumb\":{\"@id\":\"https:\\\/\\\/phukienmattroi.com\\\/index.php\\\/product\\\/den-pha-nang-luong-mat-troi-op-tran-400w-0t-400h\\\/#breadcrumb\"},\"inLanguage\":\"vi\",\"potentialAction\":[{\"@type\":\"ReadAction\",\"target\":[\"https:\\\/\\\/phukienmattroi.com\\\/index.php\\\/product\\\/den-pha-nang-luong-mat-troi-op-tran-400w-0t-400h\\\/\"]}]},{\"@type\":\"ImageObject\",\"inLanguage\":\"vi\",\"@id\":\"https:\\\/\\\/phukienmattroi.com\\\/index.php\\\/product\\\/den-pha-nang-luong-mat-troi-op-tran-400w-0t-400h\\\/#primaryimage\",\"url\":\"https:\\\/\\\/phukienmattroi.com\\\/wp-content\\\/uploads\\\/2024\\\/03\\\/Den-nang-luong-mat-troi-op-tran-400W-OT-400H-1.jpg\",\"contentUrl\":\"https:\\\/\\\/phukienmattroi.com\\\/wp-content\\\/uploads\\\/2024\\\/03\\\/Den-nang-luong-mat-troi-op-tran-400W-OT-400H-1.jpg\",\"width\":600,\"height\":600,\"caption\":\"dmt solar - \u0111\u00e8n n\u0103ng l\u01b0\u1ee3ng m\u1eb7t tr\u1eddi \u1ed1p tr\u1ea7n 400w\"},{\"@type\":\"BreadcrumbList\",\"@id\":\"https:\\\/\\\/phukienmattroi.com\\\/index.php\\\/product\\\/den-pha-nang-luong-mat-troi-op-tran-400w-0t-400h\\\/#breadcrumb\",\"itemListElement\":[{\"@type\":\"ListItem\",\"position\":1,\"name\":\"Trang ch\u1ee7\",\"item\":\"https:\\\/\\\/phukienmattroi.com\\\/\"},{\"@type\":\"ListItem\",\"position\":2,\"name\":\"S\u1ea3n ph\u1ea9m\",\"item\":\"https:\\\/\\\/phukienmattroi.com\\\/index.php\\\/shop\\\/\"},{\"@type\":\"ListItem\",\"position\":3,\"name\":\"\u0110\u00e8n n\u0103ng l\u01b0\u1ee3ng m\u1eb7t tr\u1eddi \u1ed1p tr\u1ea7n 400W OT-400H\"}]},{\"@type\":\"WebSite\",\"@id\":\"https:\\\/\\\/phukienmattroi.com\\\/#website\",\"url\":\"https:\\\/\\\/phukienmattroi.com\\\/\",\"name\":\"Ph\u1ee5 Ki\u1ec7n M\u1eb7t Tr\u1eddi\",\"description\":\"Ph\u1ee5 Ki\u1ec7n M\u1eb7t Tr\u1eddi\",\"publisher\":{\"@id\":\"https:\\\/\\\/phukienmattroi.com\\\/#organization\"},\"potentialAction\":[{\"@type\":\"SearchAction\",\"target\":{\"@type\":\"EntryPoint\",\"urlTemplate\":\"https:\\\/\\\/phukienmattroi.com\\\/?s={search_term_string}\"},\"query-input\":{\"@type\":\"PropertyValueSpecification\",\"valueRequired\":true,\"valueName\":\"search_term_string\"}}],\"inLanguage\":\"vi\"},{\"@type\":\"Organization\",\"@id\":\"https:\\\/\\\/phukienmattroi.com\\\/#organization\",\"name\":\"Ph\u1ee5 Ki\u1ec7n M\u1eb7t Tr\u1eddi\",\"url\":\"https:\\\/\\\/phukienmattroi.com\\\/\",\"logo\":{\"@type\":\"ImageObject\",\"inLanguage\":\"vi\",\"@id\":\"https:\\\/\\\/phukienmattroi.com\\\/#\\\/schema\\\/logo\\\/image\\\/\",\"url\":\"https:\\\/\\\/phukienmattroi.com\\\/wp-content\\\/uploads\\\/2024\\\/03\\\/TBMT-logo3-1.png\",\"contentUrl\":\"https:\\\/\\\/phukienmattroi.com\\\/wp-content\\\/uploads\\\/2024\\\/03\\\/TBMT-logo3-1.png\",\"width\":3946,\"height\":1403,\"caption\":\"Ph\u1ee5 Ki\u1ec7n M\u1eb7t Tr\u1eddi\"},\"image\":{\"@id\":\"https:\\\/\\\/phukienmattroi.com\\\/#\\\/schema\\\/logo\\\/image\\\/\"},\"sameAs\":[\"https:\\\/\\\/www.facebook.com\\\/phukienmattroisolar\"]}]}<\/script>\n<meta property=\"product:price:amount\" content=\"1150000\" \/>\n<meta property=\"product:price:currency\" content=\"VND\" \/>\n<meta property=\"og:availability\" content=\"instock\" \/>\n<meta property=\"product:availability\" content=\"instock\" \/>\n<meta property=\"product:condition\" content=\"new\" \/>\n<!-- \/ Yoast SEO Premium plugin. -->","yoast_head_json":{"title":"\u0110\u00e8n n\u0103ng l\u01b0\u1ee3ng m\u1eb7t tr\u1eddi \u1ed1p tr\u1ea7n 400W OT-400H - Ph\u1ee5 Ki\u1ec7n M\u1eb7t Tr\u1eddi","description":"\u0110\u00e8n n\u0103ng l\u01b0\u1ee3ng m\u1eb7t tr\u1eddi \u1ed1p tr\u1ea7n 400W OT-400H\u00a0c\u00f3 thi\u1ebft k\u1ebf \u0111\u1ed9c \u0111\u00e1o v\u1edbi thi\u1ebft k\u1ebf vi\u1ec1n ngo\u00e0i d\u1ea1ng b\u00f4ng hoa, m\u1eb7t PC d\u00e2n s\u00e1ng c\u00f3 h\u00ecnh b\u00f4ng tuy\u1ebft, c\u00f3 x\u1eed l\u00fd v\u00e2n cho","robots":{"index":"index","follow":"follow","max-snippet":"max-snippet:-1","max-image-preview":"max-image-preview:large","max-video-preview":"max-video-preview:-1"},"canonical":"https:\/\/phukienmattroi.com\/index.php\/product\/den-pha-nang-luong-mat-troi-op-tran-400w-0t-400h\/","og_locale":"vi_VN","og_type":"article","og_title":"\u0110\u00e8n n\u0103ng l\u01b0\u1ee3ng m\u1eb7t tr\u1eddi \u1ed1p tr\u1ea7n 400W OT-400H","og_description":"\u0110\u00e8n n\u0103ng l\u01b0\u1ee3ng m\u1eb7t tr\u1eddi \u1ed1p tr\u1ea7n 400W OT-400H\u00a0c\u00f3 thi\u1ebft k\u1ebf \u0111\u1ed9c \u0111\u00e1o v\u1edbi thi\u1ebft k\u1ebf vi\u1ec1n ngo\u00e0i d\u1ea1ng b\u00f4ng hoa, m\u1eb7t PC d\u00e2n s\u00e1ng c\u00f3 h\u00ecnh b\u00f4ng tuy\u1ebft, c\u00f3 x\u1eed l\u00fd v\u00e2n cho","og_url":"https:\/\/phukienmattroi.com\/index.php\/product\/den-pha-nang-luong-mat-troi-op-tran-400w-0t-400h\/","og_site_name":"Ph\u1ee5 Ki\u1ec7n M\u1eb7t Tr\u1eddi","article_publisher":"https:\/\/www.facebook.com\/phukienmattroisolar","article_modified_time":"2025-11-21T02:37:44+00:00","og_image":[{"width":600,"height":600,"url":"https:\/\/phukienmattroi.com\/wp-content\/uploads\/2024\/03\/Den-nang-luong-mat-troi-op-tran-400W-OT-400H-1.jpg","type":"image\/jpeg"}],"twitter_card":"summary_large_image","twitter_misc":{"Gi\u00e1":"1.150.000&nbsp;&#8363;","Kh\u1ea3 d\u1ee5ng":"Trong kho"},"schema":{"@context":"https:\/\/schema.org","@graph":[{"@type":"WebPage","@id":"https:\/\/phukienmattroi.com\/index.php\/product\/den-pha-nang-luong-mat-troi-op-tran-400w-0t-400h\/","url":"https:\/\/phukienmattroi.com\/index.php\/product\/den-pha-nang-luong-mat-troi-op-tran-400w-0t-400h\/","name":"\u0110\u00e8n n\u0103ng l\u01b0\u1ee3ng m\u1eb7t tr\u1eddi \u1ed1p tr\u1ea7n 400W OT-400H - Ph\u1ee5 Ki\u1ec7n M\u1eb7t Tr\u1eddi","isPartOf":{"@id":"https:\/\/phukienmattroi.com\/#website"},"primaryImageOfPage":{"@id":"https:\/\/phukienmattroi.com\/index.php\/product\/den-pha-nang-luong-mat-troi-op-tran-400w-0t-400h\/#primaryimage"},"image":{"@id":"https:\/\/phukienmattroi.com\/index.php\/product\/den-pha-nang-luong-mat-troi-op-tran-400w-0t-400h\/#primaryimage"},"thumbnailUrl":"https:\/\/phukienmattroi.com\/wp-content\/uploads\/2024\/03\/Den-nang-luong-mat-troi-op-tran-400W-OT-400H-1.jpg","datePublished":"2024-03-18T09:57:41+00:00","dateModified":"2025-11-21T02:37:44+00:00","description":"\u0110\u00e8n n\u0103ng l\u01b0\u1ee3ng m\u1eb7t tr\u1eddi \u1ed1p tr\u1ea7n 400W OT-400H\u00a0c\u00f3 thi\u1ebft k\u1ebf \u0111\u1ed9c \u0111\u00e1o v\u1edbi thi\u1ebft k\u1ebf vi\u1ec1n ngo\u00e0i d\u1ea1ng b\u00f4ng hoa, m\u1eb7t PC d\u00e2n s\u00e1ng c\u00f3 h\u00ecnh b\u00f4ng tuy\u1ebft, c\u00f3 x\u1eed l\u00fd v\u00e2n cho","breadcrumb":{"@id":"https:\/\/phukienmattroi.com\/index.php\/product\/den-pha-nang-luong-mat-troi-op-tran-400w-0t-400h\/#breadcrumb"},"inLanguage":"vi","potentialAction":[{"@type":"ReadAction","target":["https:\/\/phukienmattroi.com\/index.php\/product\/den-pha-nang-luong-mat-troi-op-tran-400w-0t-400h\/"]}]},{"@type":"ImageObject","inLanguage":"vi","@id":"https:\/\/phukienmattroi.com\/index.php\/product\/den-pha-nang-luong-mat-troi-op-tran-400w-0t-400h\/#primaryimage","url":"https:\/\/phukienmattroi.com\/wp-content\/uploads\/2024\/03\/Den-nang-luong-mat-troi-op-tran-400W-OT-400H-1.jpg","contentUrl":"https:\/\/phukienmattroi.com\/wp-content\/uploads\/2024\/03\/Den-nang-luong-mat-troi-op-tran-400W-OT-400H-1.jpg","width":600,"height":600,"caption":"dmt solar - \u0111\u00e8n n\u0103ng l\u01b0\u1ee3ng m\u1eb7t tr\u1eddi \u1ed1p tr\u1ea7n 400w"},{"@type":"BreadcrumbList","@id":"https:\/\/phukienmattroi.com\/index.php\/product\/den-pha-nang-luong-mat-troi-op-tran-400w-0t-400h\/#breadcrumb","itemListElement":[{"@type":"ListItem","position":1,"name":"Trang ch\u1ee7","item":"https:\/\/phukienmattroi.com\/"},{"@type":"ListItem","position":2,"name":"S\u1ea3n ph\u1ea9m","item":"https:\/\/phukienmattroi.com\/index.php\/shop\/"},{"@type":"ListItem","position":3,"name":"\u0110\u00e8n n\u0103ng l\u01b0\u1ee3ng m\u1eb7t tr\u1eddi \u1ed1p tr\u1ea7n 400W OT-400H"}]},{"@type":"WebSite","@id":"https:\/\/phukienmattroi.com\/#website","url":"https:\/\/phukienmattroi.com\/","name":"Ph\u1ee5 Ki\u1ec7n M\u1eb7t Tr\u1eddi","description":"Ph\u1ee5 Ki\u1ec7n M\u1eb7t Tr\u1eddi","publisher":{"@id":"https:\/\/phukienmattroi.com\/#organization"},"potentialAction":[{"@type":"SearchAction","target":{"@type":"EntryPoint","urlTemplate":"https:\/\/phukienmattroi.com\/?s={search_term_string}"},"query-input":{"@type":"PropertyValueSpecification","valueRequired":true,"valueName":"search_term_string"}}],"inLanguage":"vi"},{"@type":"Organization","@id":"https:\/\/phukienmattroi.com\/#organization","name":"Ph\u1ee5 Ki\u1ec7n M\u1eb7t Tr\u1eddi","url":"https:\/\/phukienmattroi.com\/","logo":{"@type":"ImageObject","inLanguage":"vi","@id":"https:\/\/phukienmattroi.com\/#\/schema\/logo\/image\/","url":"https:\/\/phukienmattroi.com\/wp-content\/uploads\/2024\/03\/TBMT-logo3-1.png","contentUrl":"https:\/\/phukienmattroi.com\/wp-content\/uploads\/2024\/03\/TBMT-logo3-1.png","width":3946,"height":1403,"caption":"Ph\u1ee5 Ki\u1ec7n M\u1eb7t Tr\u1eddi"},"image":{"@id":"https:\/\/phukienmattroi.com\/#\/schema\/logo\/image\/"},"sameAs":["https:\/\/www.facebook.com\/phukienmattroisolar"]}]},"product_price_amount":"1150000","product_price_currency":"VND","og_availability":"instock","product_availability":"instock","product_condition":"new"},"jetpack_sharing_enabled":true,"_links":{"self":[{"href":"https:\/\/phukienmattroi.com\/index.php\/wp-json\/wp\/v2\/product\/5524","targetHints":{"allow":["GET"]}}],"collection":[{"href":"https:\/\/phukienmattroi.com\/index.php\/wp-json\/wp\/v2\/product"}],"about":[{"href":"https:\/\/phukienmattroi.com\/index.php\/wp-json\/wp\/v2\/types\/product"}],"replies":[{"embeddable":true,"href":"https:\/\/phukienmattroi.com\/index.php\/wp-json\/wp\/v2\/comments?post=5524"}],"wp:featuredmedia":[{"embeddable":true,"href":"https:\/\/phukienmattroi.com\/index.php\/wp-json\/wp\/v2\/media\/5525"}],"wp:attachment":[{"href":"https:\/\/phukienmattroi.com\/index.php\/wp-json\/wp\/v2\/media?parent=5524"}],"wp:term":[{"taxonomy":"product_brand","embeddable":true,"href":"https:\/\/phukienmattroi.com\/index.php\/wp-json\/wp\/v2\/product_brand?post=5524"},{"taxonomy":"product_cat","embeddable":true,"href":"https:\/\/phukienmattroi.com\/index.php\/wp-json\/wp\/v2\/product_cat?post=5524"},{"taxonomy":"product_tag","embeddable":true,"href":"https:\/\/phukienmattroi.com\/index.php\/wp-json\/wp\/v2\/product_tag?post=5524"}],"curies":[{"name":"wp","href":"https:\/\/api.w.org\/{rel}","templated":true}]}}