{"id":5505,"date":"2024-03-18T16:29:36","date_gmt":"2024-03-18T09:29:36","guid":{"rendered":"https:\/\/phukienmattroi.com\/?post_type=product&#038;p=5505"},"modified":"2025-11-21T09:39:31","modified_gmt":"2025-11-21T02:39:31","slug":"den-pha-nang-luong-mat-troi-to-ong-chong-choi-trong-nha-200w-p-200to","status":"publish","type":"product","link":"https:\/\/phukienmattroi.com\/index.php\/product\/den-pha-nang-luong-mat-troi-to-ong-chong-choi-trong-nha-200w-p-200to\/","title":{"rendered":"\u0110\u00e8n pha n\u0103ng l\u01b0\u1ee3ng m\u1eb7t tr\u1eddi t\u1ed5 ong ch\u1ed1ng ch\u00f3i trong nh\u00e0 200W P-200TO"},"content":{"rendered":"<h2>\u0110\u00e8n pha n\u0103ng l\u01b0\u1ee3ng m\u1eb7t tr\u1eddi t\u1ed5 ong ch\u1ed1ng ch\u00f3i trong nh\u00e0 200W P-200TO<\/h2>\n<p>\u0110\u00e8n pha n\u0103ng l\u01b0\u1ee3ng m\u1eb7t tr\u1eddi t\u1ed5 ong ch\u1ed1ng ch\u00f3i trong nh\u00e0 200W P-200TO l\u00e0 m\u1ed9t s\u1ea3n ph\u1ea9m ti\u00ean ti\u1ebfn v\u00e0 hi\u1ec7u qu\u1ea3 trong vi\u1ec7c chi\u1ebfu s\u00e1ng n\u1ed9i th\u1ea5t. V\u1edbi c\u00f4ng su\u1ea5t 200W, \u0111\u00e8n pha n\u00e0y c\u00f3 th\u1ec3 cung c\u1ea5p \u0111\u1ee7 \u00e1nh s\u00e1ng cho m\u1ed9t kh\u00f4ng gian r\u1ed9ng l\u1edbn.<\/p>\n<h2>T\u00ednh n\u0103ng s\u1ea3n ph\u1ea9m<\/h2>\n<p>\u0110\u00e8n pha n\u0103ng l\u01b0\u1ee3ng m\u1eb7t tr\u1eddi t\u1ed5 ong ch\u1ed1ng ch\u00f3i trong nh\u00e0 200W P-200TO c\u00f3 c\u00e1c t\u00ednh n\u0103ng n\u1ed5i b\u1eadt sau:<\/p>\n<ul>\n<li>\u0110\u00e8n \u0111\u01b0\u1ee3c t\u00edch h\u1ee3p c\u00f4ng ngh\u1ec7 n\u0103ng l\u01b0\u1ee3ng m\u1eb7t tr\u1eddi, gi\u00fap ti\u1ebft ki\u1ec7m \u0111i\u1ec7n n\u0103ng v\u00e0 b\u1ea3o v\u1ec7 m\u00f4i tr\u01b0\u1eddng.<\/li>\n<li>Thi\u1ebft k\u1ebf t\u1ed5 ong \u0111\u1ed9c \u0111\u00e1o gi\u00fap ph\u00e2n t\u00e1n \u00e1nh s\u00e1ng m\u1ed9t c\u00e1ch \u0111\u1ed3ng \u0111\u1ec1u v\u00e0 ch\u1ed1ng ch\u00f3i.<\/li>\n<li>\u0110\u00e8n c\u00f3 kh\u1ea3 n\u0103ng t\u1ef1 \u0111\u1ed9ng c\u1ea3m bi\u1ebfn \u00e1nh s\u00e1ng, t\u1ef1 \u0111\u1ed9ng b\u1eadt\/t\u1eaft theo \u0111i\u1ec1u ki\u1ec7n \u00e1nh s\u00e1ng t\u1ef1 nhi\u00ean.<\/li>\n<li>Ch\u1ea5t li\u1ec7u ch\u1ed1ng ch\u00e1y, ch\u1ed1ng th\u1ea5m n\u01b0\u1edbc, \u0111\u1ea3m b\u1ea3o \u0111\u1ed9 b\u1ec1n v\u00e0 an to\u00e0n cho ng\u01b0\u1eddi s\u1eed d\u1ee5ng.<\/li>\n<li>\u0110\u00e8n pha c\u00f3 th\u1ec3 \u0111i\u1ec1u ch\u1ec9nh g\u00f3c chi\u1ebfu s\u00e1ng \u0111\u1ec3 ph\u00f9 h\u1ee3p v\u1edbi kh\u00f4ng gian s\u1eed d\u1ee5ng.<\/li>\n<\/ul>\n<h2>\u1ee8ng d\u1ee5ng v\u00e0 ch\u00ednh s\u00e1ch<\/h2>\n<p>\u0110\u00e8n pha n\u0103ng l\u01b0\u1ee3ng m\u1eb7t tr\u1eddi t\u1ed5 ong ch\u1ed1ng ch\u00f3i trong nh\u00e0 200W P-200TO c\u00f3 th\u1ec3 \u0111\u01b0\u1ee3c s\u1eed d\u1ee5ng trong nhi\u1ec1u \u1ee9ng d\u1ee5ng kh\u00e1c nhau, bao g\u1ed3m:<\/p>\n<ul>\n<li>Chi\u1ebfu s\u00e1ng trong nh\u00e0, nh\u01b0 ph\u00f2ng kh\u00e1ch, ph\u00f2ng ng\u1ee7, ph\u00f2ng l\u00e0m vi\u1ec7c.<\/li>\n<li>Chi\u1ebfu s\u00e1ng trong c\u00e1c khu v\u1ef1c c\u00f4ng c\u1ed9ng nh\u01b0 trung t\u00e2m th\u01b0\u01a1ng m\u1ea1i, nh\u00e0 h\u00e0ng, kh\u00e1ch s\u1ea1n.<\/li>\n<li>Chi\u1ebfu s\u00e1ng trong c\u00e1c khu v\u1ef1c ngo\u1ea1i th\u1ea5t nh\u01b0 v\u01b0\u1eddn, s\u00e2n v\u01b0\u1eddn, khu\u00f4n vi\u00ean c\u00f4ng c\u1ed9ng.<\/li>\n<\/ul>\n<p>Ch\u00fang t\u00f4i cam k\u1ebft cung c\u1ea5p s\u1ea3n ph\u1ea9m ch\u1ea5t l\u01b0\u1ee3ng cao, \u0111\u1ea3m b\u1ea3o an to\u00e0n v\u00e0 hi\u1ec7u qu\u1ea3. B\u00ean c\u1ea1nh \u0111\u00f3, ch\u00fang t\u00f4i c\u0169ng c\u00f3 ch\u00ednh s\u00e1ch b\u1ea3o h\u00e0nh linh ho\u1ea1t v\u00e0 d\u1ecbch v\u1ee5 h\u1ed7 tr\u1ee3 sau b\u00e1n h\u00e0ng t\u1eadn t\u00e2m \u0111\u1ec3 \u0111\u1ea3m b\u1ea3o s\u1ef1 h\u00e0i l\u00f2ng c\u1ee7a kh\u00e1ch h\u00e0ng.<\/p>\n","protected":false},"excerpt":{"rendered":"<p>\u0110\u00e8n pha n\u0103ng l\u01b0\u1ee3ng m\u1eb7t tr\u1eddi t\u1ed5 ong ch\u1ed1ng ch\u00f3i trong nh\u00e0 200W P-200TO \u0110\u00e8n pha n\u0103ng l\u01b0\u1ee3ng m\u1eb7t tr\u1eddi t\u1ed5 ong ch\u1ed1ng ch\u00f3i trong nh\u00e0 200W P-200TO l\u00e0 m\u1ed9t<\/p>\n","protected":false},"featured_media":5506,"comment_status":"open","ping_status":"closed","template":"","meta":[],"product_brand":[],"product_cat":[62],"product_tag":[],"class_list":{"0":"post-5505","1":"product","2":"type-product","3":"status-publish","4":"has-post-thumbnail","6":"product_cat-den-trong-nha","8":"first","9":"instock","10":"sale","11":"taxable","12":"shipping-taxable","13":"purchasable","14":"product-type-simple"},"yoast_head":"<!-- This site is optimized with the Yoast SEO Premium plugin v22.6 (Yoast SEO v27.4) - https:\/\/yoast.com\/product\/yoast-seo-premium-wordpress\/ -->\n<title>\u0110\u00e8n pha n\u0103ng l\u01b0\u1ee3ng m\u1eb7t tr\u1eddi t\u1ed5 ong ch\u1ed1ng ch\u00f3i trong nh\u00e0 200W P-200TO - Ph\u1ee5 Ki\u1ec7n M\u1eb7t Tr\u1eddi<\/title>\n<meta name=\"robots\" content=\"index, follow, max-snippet:-1, max-image-preview:large, max-video-preview:-1\" \/>\n<link rel=\"canonical\" href=\"https:\/\/phukienmattroi.com\/index.php\/product\/den-pha-nang-luong-mat-troi-to-ong-chong-choi-trong-nha-200w-p-200to\/\" \/>\n<meta property=\"og:locale\" content=\"vi_VN\" \/>\n<meta property=\"og:type\" content=\"article\" \/>\n<meta property=\"og:title\" content=\"\u0110\u00e8n pha n\u0103ng l\u01b0\u1ee3ng m\u1eb7t tr\u1eddi t\u1ed5 ong ch\u1ed1ng ch\u00f3i trong nh\u00e0 200W P-200TO\" \/>\n<meta property=\"og:description\" content=\"\u0110\u00e8n pha n\u0103ng l\u01b0\u1ee3ng m\u1eb7t tr\u1eddi t\u1ed5 ong ch\u1ed1ng ch\u00f3i trong nh\u00e0 200W P-200TO \u0110\u00e8n pha n\u0103ng l\u01b0\u1ee3ng m\u1eb7t tr\u1eddi t\u1ed5 ong ch\u1ed1ng ch\u00f3i trong nh\u00e0 200W P-200TO l\u00e0 m\u1ed9t\" \/>\n<meta property=\"og:url\" content=\"https:\/\/phukienmattroi.com\/index.php\/product\/den-pha-nang-luong-mat-troi-to-ong-chong-choi-trong-nha-200w-p-200to\/\" \/>\n<meta property=\"og:site_name\" content=\"Ph\u1ee5 Ki\u1ec7n M\u1eb7t Tr\u1eddi\" \/>\n<meta property=\"article:publisher\" content=\"https:\/\/www.facebook.com\/phukienmattroisolar\" \/>\n<meta property=\"article:modified_time\" content=\"2025-11-21T02:39:31+00:00\" \/>\n<meta property=\"og:image\" content=\"https:\/\/phukienmattroi.com\/wp-content\/uploads\/2024\/03\/pha-nlmt-200w-to.webp\" \/>\n\t<meta property=\"og:image:width\" content=\"480\" \/>\n\t<meta property=\"og:image:height\" content=\"480\" \/>\n\t<meta property=\"og:image:type\" content=\"image\/webp\" \/>\n<meta name=\"twitter:card\" content=\"summary_large_image\" \/>\n<meta name=\"twitter:label1\" content=\"Gi\u00e1\" \/>\n\t<meta name=\"twitter:data1\" content=\"1.020.000&nbsp;&#8363;\" \/>\n\t<meta name=\"twitter:label2\" content=\"Kh\u1ea3 d\u1ee5ng\" \/>\n\t<meta name=\"twitter:data2\" content=\"Trong kho\" \/>\n<script type=\"application\/ld+json\" class=\"yoast-schema-graph\">{\"@context\":\"https:\\\/\\\/schema.org\",\"@graph\":[{\"@type\":\"WebPage\",\"@id\":\"https:\\\/\\\/phukienmattroi.com\\\/index.php\\\/product\\\/den-pha-nang-luong-mat-troi-to-ong-chong-choi-trong-nha-200w-p-200to\\\/\",\"url\":\"https:\\\/\\\/phukienmattroi.com\\\/index.php\\\/product\\\/den-pha-nang-luong-mat-troi-to-ong-chong-choi-trong-nha-200w-p-200to\\\/\",\"name\":\"\u0110\u00e8n pha n\u0103ng l\u01b0\u1ee3ng m\u1eb7t tr\u1eddi t\u1ed5 ong ch\u1ed1ng ch\u00f3i trong nh\u00e0 200W P-200TO - Ph\u1ee5 Ki\u1ec7n M\u1eb7t Tr\u1eddi\",\"isPartOf\":{\"@id\":\"https:\\\/\\\/phukienmattroi.com\\\/#website\"},\"primaryImageOfPage\":{\"@id\":\"https:\\\/\\\/phukienmattroi.com\\\/index.php\\\/product\\\/den-pha-nang-luong-mat-troi-to-ong-chong-choi-trong-nha-200w-p-200to\\\/#primaryimage\"},\"image\":{\"@id\":\"https:\\\/\\\/phukienmattroi.com\\\/index.php\\\/product\\\/den-pha-nang-luong-mat-troi-to-ong-chong-choi-trong-nha-200w-p-200to\\\/#primaryimage\"},\"thumbnailUrl\":\"https:\\\/\\\/phukienmattroi.com\\\/wp-content\\\/uploads\\\/2024\\\/03\\\/pha-nlmt-200w-to.webp\",\"datePublished\":\"2024-03-18T09:29:36+00:00\",\"dateModified\":\"2025-11-21T02:39:31+00:00\",\"breadcrumb\":{\"@id\":\"https:\\\/\\\/phukienmattroi.com\\\/index.php\\\/product\\\/den-pha-nang-luong-mat-troi-to-ong-chong-choi-trong-nha-200w-p-200to\\\/#breadcrumb\"},\"inLanguage\":\"vi\",\"potentialAction\":[{\"@type\":\"ReadAction\",\"target\":[\"https:\\\/\\\/phukienmattroi.com\\\/index.php\\\/product\\\/den-pha-nang-luong-mat-troi-to-ong-chong-choi-trong-nha-200w-p-200to\\\/\"]}]},{\"@type\":\"ImageObject\",\"inLanguage\":\"vi\",\"@id\":\"https:\\\/\\\/phukienmattroi.com\\\/index.php\\\/product\\\/den-pha-nang-luong-mat-troi-to-ong-chong-choi-trong-nha-200w-p-200to\\\/#primaryimage\",\"url\":\"https:\\\/\\\/phukienmattroi.com\\\/wp-content\\\/uploads\\\/2024\\\/03\\\/pha-nlmt-200w-to.webp\",\"contentUrl\":\"https:\\\/\\\/phukienmattroi.com\\\/wp-content\\\/uploads\\\/2024\\\/03\\\/pha-nlmt-200w-to.webp\",\"width\":480,\"height\":480},{\"@type\":\"BreadcrumbList\",\"@id\":\"https:\\\/\\\/phukienmattroi.com\\\/index.php\\\/product\\\/den-pha-nang-luong-mat-troi-to-ong-chong-choi-trong-nha-200w-p-200to\\\/#breadcrumb\",\"itemListElement\":[{\"@type\":\"ListItem\",\"position\":1,\"name\":\"Trang ch\u1ee7\",\"item\":\"https:\\\/\\\/phukienmattroi.com\\\/\"},{\"@type\":\"ListItem\",\"position\":2,\"name\":\"S\u1ea3n ph\u1ea9m\",\"item\":\"https:\\\/\\\/phukienmattroi.com\\\/index.php\\\/shop\\\/\"},{\"@type\":\"ListItem\",\"position\":3,\"name\":\"\u0110\u00e8n pha n\u0103ng l\u01b0\u1ee3ng m\u1eb7t tr\u1eddi t\u1ed5 ong ch\u1ed1ng ch\u00f3i trong nh\u00e0 200W P-200TO\"}]},{\"@type\":\"WebSite\",\"@id\":\"https:\\\/\\\/phukienmattroi.com\\\/#website\",\"url\":\"https:\\\/\\\/phukienmattroi.com\\\/\",\"name\":\"Ph\u1ee5 Ki\u1ec7n M\u1eb7t Tr\u1eddi\",\"description\":\"Ph\u1ee5 Ki\u1ec7n M\u1eb7t Tr\u1eddi\",\"publisher\":{\"@id\":\"https:\\\/\\\/phukienmattroi.com\\\/#organization\"},\"potentialAction\":[{\"@type\":\"SearchAction\",\"target\":{\"@type\":\"EntryPoint\",\"urlTemplate\":\"https:\\\/\\\/phukienmattroi.com\\\/?s={search_term_string}\"},\"query-input\":{\"@type\":\"PropertyValueSpecification\",\"valueRequired\":true,\"valueName\":\"search_term_string\"}}],\"inLanguage\":\"vi\"},{\"@type\":\"Organization\",\"@id\":\"https:\\\/\\\/phukienmattroi.com\\\/#organization\",\"name\":\"Ph\u1ee5 Ki\u1ec7n M\u1eb7t Tr\u1eddi\",\"url\":\"https:\\\/\\\/phukienmattroi.com\\\/\",\"logo\":{\"@type\":\"ImageObject\",\"inLanguage\":\"vi\",\"@id\":\"https:\\\/\\\/phukienmattroi.com\\\/#\\\/schema\\\/logo\\\/image\\\/\",\"url\":\"https:\\\/\\\/phukienmattroi.com\\\/wp-content\\\/uploads\\\/2024\\\/03\\\/TBMT-logo3-1.png\",\"contentUrl\":\"https:\\\/\\\/phukienmattroi.com\\\/wp-content\\\/uploads\\\/2024\\\/03\\\/TBMT-logo3-1.png\",\"width\":3946,\"height\":1403,\"caption\":\"Ph\u1ee5 Ki\u1ec7n M\u1eb7t Tr\u1eddi\"},\"image\":{\"@id\":\"https:\\\/\\\/phukienmattroi.com\\\/#\\\/schema\\\/logo\\\/image\\\/\"},\"sameAs\":[\"https:\\\/\\\/www.facebook.com\\\/phukienmattroisolar\"]}]}<\/script>\n<meta property=\"product:price:amount\" content=\"1020000\" \/>\n<meta property=\"product:price:currency\" content=\"VND\" \/>\n<meta property=\"og:availability\" content=\"instock\" \/>\n<meta property=\"product:availability\" content=\"instock\" \/>\n<meta property=\"product:condition\" content=\"new\" \/>\n<!-- \/ Yoast SEO Premium plugin. -->","yoast_head_json":{"title":"\u0110\u00e8n pha n\u0103ng l\u01b0\u1ee3ng m\u1eb7t tr\u1eddi t\u1ed5 ong ch\u1ed1ng ch\u00f3i trong nh\u00e0 200W P-200TO - Ph\u1ee5 Ki\u1ec7n M\u1eb7t Tr\u1eddi","robots":{"index":"index","follow":"follow","max-snippet":"max-snippet:-1","max-image-preview":"max-image-preview:large","max-video-preview":"max-video-preview:-1"},"canonical":"https:\/\/phukienmattroi.com\/index.php\/product\/den-pha-nang-luong-mat-troi-to-ong-chong-choi-trong-nha-200w-p-200to\/","og_locale":"vi_VN","og_type":"article","og_title":"\u0110\u00e8n pha n\u0103ng l\u01b0\u1ee3ng m\u1eb7t tr\u1eddi t\u1ed5 ong ch\u1ed1ng ch\u00f3i trong nh\u00e0 200W P-200TO","og_description":"\u0110\u00e8n pha n\u0103ng l\u01b0\u1ee3ng m\u1eb7t tr\u1eddi t\u1ed5 ong ch\u1ed1ng ch\u00f3i trong nh\u00e0 200W P-200TO \u0110\u00e8n pha n\u0103ng l\u01b0\u1ee3ng m\u1eb7t tr\u1eddi t\u1ed5 ong ch\u1ed1ng ch\u00f3i trong nh\u00e0 200W P-200TO l\u00e0 m\u1ed9t","og_url":"https:\/\/phukienmattroi.com\/index.php\/product\/den-pha-nang-luong-mat-troi-to-ong-chong-choi-trong-nha-200w-p-200to\/","og_site_name":"Ph\u1ee5 Ki\u1ec7n M\u1eb7t Tr\u1eddi","article_publisher":"https:\/\/www.facebook.com\/phukienmattroisolar","article_modified_time":"2025-11-21T02:39:31+00:00","og_image":[{"width":480,"height":480,"url":"https:\/\/phukienmattroi.com\/wp-content\/uploads\/2024\/03\/pha-nlmt-200w-to.webp","type":"image\/webp"}],"twitter_card":"summary_large_image","twitter_misc":{"Gi\u00e1":"1.020.000&nbsp;&#8363;","Kh\u1ea3 d\u1ee5ng":"Trong kho"},"schema":{"@context":"https:\/\/schema.org","@graph":[{"@type":"WebPage","@id":"https:\/\/phukienmattroi.com\/index.php\/product\/den-pha-nang-luong-mat-troi-to-ong-chong-choi-trong-nha-200w-p-200to\/","url":"https:\/\/phukienmattroi.com\/index.php\/product\/den-pha-nang-luong-mat-troi-to-ong-chong-choi-trong-nha-200w-p-200to\/","name":"\u0110\u00e8n pha n\u0103ng l\u01b0\u1ee3ng m\u1eb7t tr\u1eddi t\u1ed5 ong ch\u1ed1ng ch\u00f3i trong nh\u00e0 200W P-200TO - Ph\u1ee5 Ki\u1ec7n M\u1eb7t Tr\u1eddi","isPartOf":{"@id":"https:\/\/phukienmattroi.com\/#website"},"primaryImageOfPage":{"@id":"https:\/\/phukienmattroi.com\/index.php\/product\/den-pha-nang-luong-mat-troi-to-ong-chong-choi-trong-nha-200w-p-200to\/#primaryimage"},"image":{"@id":"https:\/\/phukienmattroi.com\/index.php\/product\/den-pha-nang-luong-mat-troi-to-ong-chong-choi-trong-nha-200w-p-200to\/#primaryimage"},"thumbnailUrl":"https:\/\/phukienmattroi.com\/wp-content\/uploads\/2024\/03\/pha-nlmt-200w-to.webp","datePublished":"2024-03-18T09:29:36+00:00","dateModified":"2025-11-21T02:39:31+00:00","breadcrumb":{"@id":"https:\/\/phukienmattroi.com\/index.php\/product\/den-pha-nang-luong-mat-troi-to-ong-chong-choi-trong-nha-200w-p-200to\/#breadcrumb"},"inLanguage":"vi","potentialAction":[{"@type":"ReadAction","target":["https:\/\/phukienmattroi.com\/index.php\/product\/den-pha-nang-luong-mat-troi-to-ong-chong-choi-trong-nha-200w-p-200to\/"]}]},{"@type":"ImageObject","inLanguage":"vi","@id":"https:\/\/phukienmattroi.com\/index.php\/product\/den-pha-nang-luong-mat-troi-to-ong-chong-choi-trong-nha-200w-p-200to\/#primaryimage","url":"https:\/\/phukienmattroi.com\/wp-content\/uploads\/2024\/03\/pha-nlmt-200w-to.webp","contentUrl":"https:\/\/phukienmattroi.com\/wp-content\/uploads\/2024\/03\/pha-nlmt-200w-to.webp","width":480,"height":480},{"@type":"BreadcrumbList","@id":"https:\/\/phukienmattroi.com\/index.php\/product\/den-pha-nang-luong-mat-troi-to-ong-chong-choi-trong-nha-200w-p-200to\/#breadcrumb","itemListElement":[{"@type":"ListItem","position":1,"name":"Trang ch\u1ee7","item":"https:\/\/phukienmattroi.com\/"},{"@type":"ListItem","position":2,"name":"S\u1ea3n ph\u1ea9m","item":"https:\/\/phukienmattroi.com\/index.php\/shop\/"},{"@type":"ListItem","position":3,"name":"\u0110\u00e8n pha n\u0103ng l\u01b0\u1ee3ng m\u1eb7t tr\u1eddi t\u1ed5 ong ch\u1ed1ng ch\u00f3i trong nh\u00e0 200W P-200TO"}]},{"@type":"WebSite","@id":"https:\/\/phukienmattroi.com\/#website","url":"https:\/\/phukienmattroi.com\/","name":"Ph\u1ee5 Ki\u1ec7n M\u1eb7t Tr\u1eddi","description":"Ph\u1ee5 Ki\u1ec7n M\u1eb7t Tr\u1eddi","publisher":{"@id":"https:\/\/phukienmattroi.com\/#organization"},"potentialAction":[{"@type":"SearchAction","target":{"@type":"EntryPoint","urlTemplate":"https:\/\/phukienmattroi.com\/?s={search_term_string}"},"query-input":{"@type":"PropertyValueSpecification","valueRequired":true,"valueName":"search_term_string"}}],"inLanguage":"vi"},{"@type":"Organization","@id":"https:\/\/phukienmattroi.com\/#organization","name":"Ph\u1ee5 Ki\u1ec7n M\u1eb7t Tr\u1eddi","url":"https:\/\/phukienmattroi.com\/","logo":{"@type":"ImageObject","inLanguage":"vi","@id":"https:\/\/phukienmattroi.com\/#\/schema\/logo\/image\/","url":"https:\/\/phukienmattroi.com\/wp-content\/uploads\/2024\/03\/TBMT-logo3-1.png","contentUrl":"https:\/\/phukienmattroi.com\/wp-content\/uploads\/2024\/03\/TBMT-logo3-1.png","width":3946,"height":1403,"caption":"Ph\u1ee5 Ki\u1ec7n M\u1eb7t Tr\u1eddi"},"image":{"@id":"https:\/\/phukienmattroi.com\/#\/schema\/logo\/image\/"},"sameAs":["https:\/\/www.facebook.com\/phukienmattroisolar"]}]},"product_price_amount":"1020000","product_price_currency":"VND","og_availability":"instock","product_availability":"instock","product_condition":"new"},"jetpack_sharing_enabled":true,"_links":{"self":[{"href":"https:\/\/phukienmattroi.com\/index.php\/wp-json\/wp\/v2\/product\/5505","targetHints":{"allow":["GET"]}}],"collection":[{"href":"https:\/\/phukienmattroi.com\/index.php\/wp-json\/wp\/v2\/product"}],"about":[{"href":"https:\/\/phukienmattroi.com\/index.php\/wp-json\/wp\/v2\/types\/product"}],"replies":[{"embeddable":true,"href":"https:\/\/phukienmattroi.com\/index.php\/wp-json\/wp\/v2\/comments?post=5505"}],"wp:featuredmedia":[{"embeddable":true,"href":"https:\/\/phukienmattroi.com\/index.php\/wp-json\/wp\/v2\/media\/5506"}],"wp:attachment":[{"href":"https:\/\/phukienmattroi.com\/index.php\/wp-json\/wp\/v2\/media?parent=5505"}],"wp:term":[{"taxonomy":"product_brand","embeddable":true,"href":"https:\/\/phukienmattroi.com\/index.php\/wp-json\/wp\/v2\/product_brand?post=5505"},{"taxonomy":"product_cat","embeddable":true,"href":"https:\/\/phukienmattroi.com\/index.php\/wp-json\/wp\/v2\/product_cat?post=5505"},{"taxonomy":"product_tag","embeddable":true,"href":"https:\/\/phukienmattroi.com\/index.php\/wp-json\/wp\/v2\/product_tag?post=5505"}],"curies":[{"name":"wp","href":"https:\/\/api.w.org\/{rel}","templated":true}]}}