{"id":5499,"date":"2024-03-18T16:19:52","date_gmt":"2024-03-18T09:19:52","guid":{"rendered":"https:\/\/phukienmattroi.com\/?post_type=product&#038;p=5499"},"modified":"2024-03-18T16:19:53","modified_gmt":"2024-03-18T09:19:53","slug":"den-led-chieu-sang-duong-di-nlmt-gia-re-jd-369","status":"publish","type":"product","link":"https:\/\/phukienmattroi.com\/index.php\/product\/den-led-chieu-sang-duong-di-nlmt-gia-re-jd-369\/","title":{"rendered":"\u0110\u00e8n LED chi\u1ebfu s\u00e1ng \u0111\u01b0\u1eddng \u0111i NLMT gi\u00e1 r\u1ebb JD-369"},"content":{"rendered":"<h2>T\u00ednh n\u0103ng s\u1ea3n ph\u1ea9m<\/h2>\n<p>\u0110\u00e8n LED chi\u1ebfu s\u00e1ng \u0111\u01b0\u1eddng \u0111i NLMT gi\u00e1 r\u1ebb JD-369 l\u00e0 m\u1ed9t s\u1ea3n ph\u1ea9m ch\u1ea5t l\u01b0\u1ee3ng cao v\u1edbi nhi\u1ec1u t\u00ednh n\u0103ng h\u1eefu \u00edch. D\u01b0\u1edbi \u0111\u00e2y l\u00e0 m\u1ed9t s\u1ed1 t\u00ednh n\u0103ng n\u1ed5i b\u1eadt c\u1ee7a s\u1ea3n ph\u1ea9m:<\/p>\n<ul>\n<li><strong>Hi\u1ec7u su\u1ea5t cao:<\/strong> \u0110\u00e8n LED JD-369 s\u1eed d\u1ee5ng c\u00f4ng ngh\u1ec7 LED ti\u00ean ti\u1ebfn, mang l\u1ea1i hi\u1ec7u su\u1ea5t chi\u1ebfu s\u00e1ng cao v\u00e0 ti\u1ebft ki\u1ec7m n\u0103ng l\u01b0\u1ee3ng. V\u1edbi c\u00f4ng su\u1ea5t 10W, \u0111\u00e8n c\u00f3 th\u1ec3 chi\u1ebfu s\u00e1ng m\u1ed9t di\u1ec7n t\u00edch r\u1ed9ng l\u00ean \u0111\u1ebfn 50m\u00b2.<\/li>\n<li><strong>\u0110\u1ed9 b\u1ec1n:<\/strong> V\u1edbi v\u1ecf ngo\u00e0i b\u1eb1ng h\u1ee3p kim nh\u00f4m ch\u1ea5t l\u01b0\u1ee3ng cao, \u0111\u00e8n LED JD-369 c\u00f3 kh\u1ea3 n\u0103ng ch\u1ed1ng n\u01b0\u1edbc, ch\u1ed1ng b\u1ee5i v\u00e0 ch\u1ecbu \u0111\u01b0\u1ee3c m\u1ecdi \u0111i\u1ec1u ki\u1ec7n th\u1eddi ti\u1ebft kh\u1eafc nghi\u1ec7t. S\u1ea3n ph\u1ea9m c\u00f3 tu\u1ed5i th\u1ecd l\u00ean \u0111\u1ebfn 50.000 gi\u1edd s\u1eed d\u1ee5ng.<\/li>\n<li><strong>\u00c1nh s\u00e1ng t\u1ef1 nhi\u00ean:<\/strong> \u0110\u00e8n LED JD-369 mang \u0111\u1ebfn \u00e1nh s\u00e1ng t\u1ef1 nhi\u00ean v\u00e0 m\u1ecbn m\u00e0ng, kh\u00f4ng g\u00e2y ch\u00f3i m\u1eaft hay g\u00e2y m\u1ecfi m\u1eaft khi s\u1eed d\u1ee5ng l\u00e2u.<\/li>\n<li><strong>D\u1ec5 d\u00e0ng l\u1eafp \u0111\u1eb7t:<\/strong> S\u1ea3n ph\u1ea9m \u0111\u01b0\u1ee3c thi\u1ebft k\u1ebf nh\u1ecf g\u1ecdn v\u00e0 d\u1ec5 d\u00e0ng l\u1eafp \u0111\u1eb7t. B\u1ea1n c\u00f3 th\u1ec3 g\u1eafn \u0111\u00e8n v\u00e0o c\u00e1c c\u1ed9t \u0111\u01b0\u1eddng, b\u1ee9c t\u01b0\u1eddng ho\u1eb7c c\u00e1c v\u1ecb tr\u00ed kh\u00e1c m\u1ed9t c\u00e1ch d\u1ec5 d\u00e0ng.<\/li>\n<li><strong>Ti\u1ebft ki\u1ec7m chi ph\u00ed:<\/strong> V\u1edbi gi\u00e1 c\u1ea3 ph\u1ea3i ch\u0103ng v\u00e0 hi\u1ec7u su\u1ea5t cao, \u0111\u00e8n LED JD-369 gi\u00fap ti\u1ebft ki\u1ec7m chi ph\u00ed \u0111i\u1ec7n n\u0103ng trong qu\u00e1 tr\u00ecnh s\u1eed d\u1ee5ng.<\/li>\n<\/ul>\n<p>V\u1edbi nh\u1eefng t\u00ednh n\u0103ng n\u1ed5i b\u1eadt tr\u00ean, \u0111\u00e8n LED chi\u1ebfu s\u00e1ng \u0111\u01b0\u1eddng \u0111i NLMT gi\u00e1 r\u1ebb JD-369 l\u00e0 l\u1ef1a ch\u1ecdn ho\u00e0n h\u1ea3o cho vi\u1ec7c chi\u1ebfu s\u00e1ng \u0111\u01b0\u1eddng \u0111i, s\u00e2n v\u01b0\u1eddn, c\u00f4ng vi\u00ean v\u00e0 c\u00e1c khu v\u1ef1c c\u00f4ng c\u1ed9ng kh\u00e1c.<\/p>\n<p>&nbsp;<\/p>\n","protected":false},"excerpt":{"rendered":"<p>T\u00ednh n\u0103ng s\u1ea3n ph\u1ea9m \u0110\u00e8n LED chi\u1ebfu s\u00e1ng \u0111\u01b0\u1eddng \u0111i NLMT gi\u00e1 r\u1ebb JD-369 l\u00e0 m\u1ed9t s\u1ea3n ph\u1ea9m ch\u1ea5t l\u01b0\u1ee3ng cao v\u1edbi nhi\u1ec1u t\u00ednh n\u0103ng h\u1eefu \u00edch. D\u01b0\u1edbi \u0111\u00e2y l\u00e0<\/p>\n","protected":false},"featured_media":5502,"comment_status":"open","ping_status":"closed","template":"","meta":[],"product_brand":[],"product_cat":[27],"product_tag":[],"class_list":{"0":"post-5499","1":"product","2":"type-product","3":"status-publish","4":"has-post-thumbnail","6":"product_cat-den-duong","8":"first","9":"instock","10":"sale","11":"taxable","12":"shipping-taxable","13":"purchasable","14":"product-type-simple"},"yoast_head":"<!-- This site is optimized with the Yoast SEO Premium plugin v22.6 (Yoast SEO v27.4) - https:\/\/yoast.com\/product\/yoast-seo-premium-wordpress\/ -->\n<title>\u0110\u00e8n LED chi\u1ebfu s\u00e1ng \u0111\u01b0\u1eddng \u0111i NLMT gi\u00e1 r\u1ebb JD-369 - Ph\u1ee5 Ki\u1ec7n M\u1eb7t Tr\u1eddi<\/title>\n<meta name=\"robots\" content=\"index, follow, max-snippet:-1, max-image-preview:large, max-video-preview:-1\" \/>\n<link rel=\"canonical\" href=\"https:\/\/phukienmattroi.com\/index.php\/product\/den-led-chieu-sang-duong-di-nlmt-gia-re-jd-369\/\" \/>\n<meta property=\"og:locale\" content=\"vi_VN\" \/>\n<meta property=\"og:type\" content=\"article\" \/>\n<meta property=\"og:title\" content=\"\u0110\u00e8n LED chi\u1ebfu s\u00e1ng \u0111\u01b0\u1eddng \u0111i NLMT gi\u00e1 r\u1ebb JD-369\" \/>\n<meta property=\"og:description\" content=\"T\u00ednh n\u0103ng s\u1ea3n ph\u1ea9m \u0110\u00e8n LED chi\u1ebfu s\u00e1ng \u0111\u01b0\u1eddng \u0111i NLMT gi\u00e1 r\u1ebb JD-369 l\u00e0 m\u1ed9t s\u1ea3n ph\u1ea9m ch\u1ea5t l\u01b0\u1ee3ng cao v\u1edbi nhi\u1ec1u t\u00ednh n\u0103ng h\u1eefu \u00edch. D\u01b0\u1edbi \u0111\u00e2y l\u00e0\" \/>\n<meta property=\"og:url\" content=\"https:\/\/phukienmattroi.com\/index.php\/product\/den-led-chieu-sang-duong-di-nlmt-gia-re-jd-369\/\" \/>\n<meta property=\"og:site_name\" content=\"Ph\u1ee5 Ki\u1ec7n M\u1eb7t Tr\u1eddi\" \/>\n<meta property=\"article:publisher\" content=\"https:\/\/www.facebook.com\/phukienmattroisolar\" \/>\n<meta property=\"article:modified_time\" content=\"2024-03-18T09:19:53+00:00\" \/>\n<meta property=\"og:image\" content=\"https:\/\/phukienmattroi.com\/wp-content\/uploads\/2024\/03\/den-nang-luong-mat-troi-JD-369-3.jpg\" \/>\n\t<meta property=\"og:image:width\" content=\"800\" \/>\n\t<meta property=\"og:image:height\" content=\"600\" \/>\n\t<meta property=\"og:image:type\" content=\"image\/jpeg\" \/>\n<meta name=\"twitter:card\" content=\"summary_large_image\" \/>\n<meta name=\"twitter:label1\" content=\"Gi\u00e1\" \/>\n\t<meta name=\"twitter:data1\" content=\"950.000&nbsp;&#8363;\" \/>\n\t<meta name=\"twitter:label2\" content=\"Kh\u1ea3 d\u1ee5ng\" \/>\n\t<meta name=\"twitter:data2\" content=\"Trong kho\" \/>\n<script type=\"application\/ld+json\" class=\"yoast-schema-graph\">{\"@context\":\"https:\\\/\\\/schema.org\",\"@graph\":[{\"@type\":\"WebPage\",\"@id\":\"https:\\\/\\\/phukienmattroi.com\\\/index.php\\\/product\\\/den-led-chieu-sang-duong-di-nlmt-gia-re-jd-369\\\/\",\"url\":\"https:\\\/\\\/phukienmattroi.com\\\/index.php\\\/product\\\/den-led-chieu-sang-duong-di-nlmt-gia-re-jd-369\\\/\",\"name\":\"\u0110\u00e8n LED chi\u1ebfu s\u00e1ng \u0111\u01b0\u1eddng \u0111i NLMT gi\u00e1 r\u1ebb JD-369 - Ph\u1ee5 Ki\u1ec7n M\u1eb7t Tr\u1eddi\",\"isPartOf\":{\"@id\":\"https:\\\/\\\/phukienmattroi.com\\\/#website\"},\"primaryImageOfPage\":{\"@id\":\"https:\\\/\\\/phukienmattroi.com\\\/index.php\\\/product\\\/den-led-chieu-sang-duong-di-nlmt-gia-re-jd-369\\\/#primaryimage\"},\"image\":{\"@id\":\"https:\\\/\\\/phukienmattroi.com\\\/index.php\\\/product\\\/den-led-chieu-sang-duong-di-nlmt-gia-re-jd-369\\\/#primaryimage\"},\"thumbnailUrl\":\"https:\\\/\\\/phukienmattroi.com\\\/wp-content\\\/uploads\\\/2024\\\/03\\\/den-nang-luong-mat-troi-JD-369-3.jpg\",\"datePublished\":\"2024-03-18T09:19:52+00:00\",\"dateModified\":\"2024-03-18T09:19:53+00:00\",\"breadcrumb\":{\"@id\":\"https:\\\/\\\/phukienmattroi.com\\\/index.php\\\/product\\\/den-led-chieu-sang-duong-di-nlmt-gia-re-jd-369\\\/#breadcrumb\"},\"inLanguage\":\"vi\",\"potentialAction\":[{\"@type\":\"ReadAction\",\"target\":[\"https:\\\/\\\/phukienmattroi.com\\\/index.php\\\/product\\\/den-led-chieu-sang-duong-di-nlmt-gia-re-jd-369\\\/\"]}]},{\"@type\":\"ImageObject\",\"inLanguage\":\"vi\",\"@id\":\"https:\\\/\\\/phukienmattroi.com\\\/index.php\\\/product\\\/den-led-chieu-sang-duong-di-nlmt-gia-re-jd-369\\\/#primaryimage\",\"url\":\"https:\\\/\\\/phukienmattroi.com\\\/wp-content\\\/uploads\\\/2024\\\/03\\\/den-nang-luong-mat-troi-JD-369-3.jpg\",\"contentUrl\":\"https:\\\/\\\/phukienmattroi.com\\\/wp-content\\\/uploads\\\/2024\\\/03\\\/den-nang-luong-mat-troi-JD-369-3.jpg\",\"width\":800,\"height\":600},{\"@type\":\"BreadcrumbList\",\"@id\":\"https:\\\/\\\/phukienmattroi.com\\\/index.php\\\/product\\\/den-led-chieu-sang-duong-di-nlmt-gia-re-jd-369\\\/#breadcrumb\",\"itemListElement\":[{\"@type\":\"ListItem\",\"position\":1,\"name\":\"Trang ch\u1ee7\",\"item\":\"https:\\\/\\\/phukienmattroi.com\\\/\"},{\"@type\":\"ListItem\",\"position\":2,\"name\":\"S\u1ea3n ph\u1ea9m\",\"item\":\"https:\\\/\\\/phukienmattroi.com\\\/index.php\\\/shop\\\/\"},{\"@type\":\"ListItem\",\"position\":3,\"name\":\"\u0110\u00e8n LED chi\u1ebfu s\u00e1ng \u0111\u01b0\u1eddng \u0111i NLMT gi\u00e1 r\u1ebb JD-369\"}]},{\"@type\":\"WebSite\",\"@id\":\"https:\\\/\\\/phukienmattroi.com\\\/#website\",\"url\":\"https:\\\/\\\/phukienmattroi.com\\\/\",\"name\":\"Ph\u1ee5 Ki\u1ec7n M\u1eb7t Tr\u1eddi\",\"description\":\"Ph\u1ee5 Ki\u1ec7n M\u1eb7t Tr\u1eddi\",\"publisher\":{\"@id\":\"https:\\\/\\\/phukienmattroi.com\\\/#organization\"},\"potentialAction\":[{\"@type\":\"SearchAction\",\"target\":{\"@type\":\"EntryPoint\",\"urlTemplate\":\"https:\\\/\\\/phukienmattroi.com\\\/?s={search_term_string}\"},\"query-input\":{\"@type\":\"PropertyValueSpecification\",\"valueRequired\":true,\"valueName\":\"search_term_string\"}}],\"inLanguage\":\"vi\"},{\"@type\":\"Organization\",\"@id\":\"https:\\\/\\\/phukienmattroi.com\\\/#organization\",\"name\":\"Ph\u1ee5 Ki\u1ec7n M\u1eb7t Tr\u1eddi\",\"url\":\"https:\\\/\\\/phukienmattroi.com\\\/\",\"logo\":{\"@type\":\"ImageObject\",\"inLanguage\":\"vi\",\"@id\":\"https:\\\/\\\/phukienmattroi.com\\\/#\\\/schema\\\/logo\\\/image\\\/\",\"url\":\"https:\\\/\\\/phukienmattroi.com\\\/wp-content\\\/uploads\\\/2024\\\/03\\\/TBMT-logo3-1.png\",\"contentUrl\":\"https:\\\/\\\/phukienmattroi.com\\\/wp-content\\\/uploads\\\/2024\\\/03\\\/TBMT-logo3-1.png\",\"width\":3946,\"height\":1403,\"caption\":\"Ph\u1ee5 Ki\u1ec7n M\u1eb7t Tr\u1eddi\"},\"image\":{\"@id\":\"https:\\\/\\\/phukienmattroi.com\\\/#\\\/schema\\\/logo\\\/image\\\/\"},\"sameAs\":[\"https:\\\/\\\/www.facebook.com\\\/phukienmattroisolar\"]}]}<\/script>\n<meta property=\"product:price:amount\" content=\"950000\" \/>\n<meta property=\"product:price:currency\" content=\"VND\" \/>\n<meta property=\"og:availability\" content=\"instock\" \/>\n<meta property=\"product:availability\" content=\"instock\" \/>\n<meta property=\"product:condition\" content=\"new\" \/>\n<!-- \/ Yoast SEO Premium plugin. -->","yoast_head_json":{"title":"\u0110\u00e8n LED chi\u1ebfu s\u00e1ng \u0111\u01b0\u1eddng \u0111i NLMT gi\u00e1 r\u1ebb JD-369 - Ph\u1ee5 Ki\u1ec7n M\u1eb7t Tr\u1eddi","robots":{"index":"index","follow":"follow","max-snippet":"max-snippet:-1","max-image-preview":"max-image-preview:large","max-video-preview":"max-video-preview:-1"},"canonical":"https:\/\/phukienmattroi.com\/index.php\/product\/den-led-chieu-sang-duong-di-nlmt-gia-re-jd-369\/","og_locale":"vi_VN","og_type":"article","og_title":"\u0110\u00e8n LED chi\u1ebfu s\u00e1ng \u0111\u01b0\u1eddng \u0111i NLMT gi\u00e1 r\u1ebb JD-369","og_description":"T\u00ednh n\u0103ng s\u1ea3n ph\u1ea9m \u0110\u00e8n LED chi\u1ebfu s\u00e1ng \u0111\u01b0\u1eddng \u0111i NLMT gi\u00e1 r\u1ebb JD-369 l\u00e0 m\u1ed9t s\u1ea3n ph\u1ea9m ch\u1ea5t l\u01b0\u1ee3ng cao v\u1edbi nhi\u1ec1u t\u00ednh n\u0103ng h\u1eefu \u00edch. D\u01b0\u1edbi \u0111\u00e2y l\u00e0","og_url":"https:\/\/phukienmattroi.com\/index.php\/product\/den-led-chieu-sang-duong-di-nlmt-gia-re-jd-369\/","og_site_name":"Ph\u1ee5 Ki\u1ec7n M\u1eb7t Tr\u1eddi","article_publisher":"https:\/\/www.facebook.com\/phukienmattroisolar","article_modified_time":"2024-03-18T09:19:53+00:00","og_image":[{"width":800,"height":600,"url":"https:\/\/phukienmattroi.com\/wp-content\/uploads\/2024\/03\/den-nang-luong-mat-troi-JD-369-3.jpg","type":"image\/jpeg"}],"twitter_card":"summary_large_image","twitter_misc":{"Gi\u00e1":"950.000&nbsp;&#8363;","Kh\u1ea3 d\u1ee5ng":"Trong kho"},"schema":{"@context":"https:\/\/schema.org","@graph":[{"@type":"WebPage","@id":"https:\/\/phukienmattroi.com\/index.php\/product\/den-led-chieu-sang-duong-di-nlmt-gia-re-jd-369\/","url":"https:\/\/phukienmattroi.com\/index.php\/product\/den-led-chieu-sang-duong-di-nlmt-gia-re-jd-369\/","name":"\u0110\u00e8n LED chi\u1ebfu s\u00e1ng \u0111\u01b0\u1eddng \u0111i NLMT gi\u00e1 r\u1ebb JD-369 - Ph\u1ee5 Ki\u1ec7n M\u1eb7t Tr\u1eddi","isPartOf":{"@id":"https:\/\/phukienmattroi.com\/#website"},"primaryImageOfPage":{"@id":"https:\/\/phukienmattroi.com\/index.php\/product\/den-led-chieu-sang-duong-di-nlmt-gia-re-jd-369\/#primaryimage"},"image":{"@id":"https:\/\/phukienmattroi.com\/index.php\/product\/den-led-chieu-sang-duong-di-nlmt-gia-re-jd-369\/#primaryimage"},"thumbnailUrl":"https:\/\/phukienmattroi.com\/wp-content\/uploads\/2024\/03\/den-nang-luong-mat-troi-JD-369-3.jpg","datePublished":"2024-03-18T09:19:52+00:00","dateModified":"2024-03-18T09:19:53+00:00","breadcrumb":{"@id":"https:\/\/phukienmattroi.com\/index.php\/product\/den-led-chieu-sang-duong-di-nlmt-gia-re-jd-369\/#breadcrumb"},"inLanguage":"vi","potentialAction":[{"@type":"ReadAction","target":["https:\/\/phukienmattroi.com\/index.php\/product\/den-led-chieu-sang-duong-di-nlmt-gia-re-jd-369\/"]}]},{"@type":"ImageObject","inLanguage":"vi","@id":"https:\/\/phukienmattroi.com\/index.php\/product\/den-led-chieu-sang-duong-di-nlmt-gia-re-jd-369\/#primaryimage","url":"https:\/\/phukienmattroi.com\/wp-content\/uploads\/2024\/03\/den-nang-luong-mat-troi-JD-369-3.jpg","contentUrl":"https:\/\/phukienmattroi.com\/wp-content\/uploads\/2024\/03\/den-nang-luong-mat-troi-JD-369-3.jpg","width":800,"height":600},{"@type":"BreadcrumbList","@id":"https:\/\/phukienmattroi.com\/index.php\/product\/den-led-chieu-sang-duong-di-nlmt-gia-re-jd-369\/#breadcrumb","itemListElement":[{"@type":"ListItem","position":1,"name":"Trang ch\u1ee7","item":"https:\/\/phukienmattroi.com\/"},{"@type":"ListItem","position":2,"name":"S\u1ea3n ph\u1ea9m","item":"https:\/\/phukienmattroi.com\/index.php\/shop\/"},{"@type":"ListItem","position":3,"name":"\u0110\u00e8n LED chi\u1ebfu s\u00e1ng \u0111\u01b0\u1eddng \u0111i NLMT gi\u00e1 r\u1ebb JD-369"}]},{"@type":"WebSite","@id":"https:\/\/phukienmattroi.com\/#website","url":"https:\/\/phukienmattroi.com\/","name":"Ph\u1ee5 Ki\u1ec7n M\u1eb7t Tr\u1eddi","description":"Ph\u1ee5 Ki\u1ec7n M\u1eb7t Tr\u1eddi","publisher":{"@id":"https:\/\/phukienmattroi.com\/#organization"},"potentialAction":[{"@type":"SearchAction","target":{"@type":"EntryPoint","urlTemplate":"https:\/\/phukienmattroi.com\/?s={search_term_string}"},"query-input":{"@type":"PropertyValueSpecification","valueRequired":true,"valueName":"search_term_string"}}],"inLanguage":"vi"},{"@type":"Organization","@id":"https:\/\/phukienmattroi.com\/#organization","name":"Ph\u1ee5 Ki\u1ec7n M\u1eb7t Tr\u1eddi","url":"https:\/\/phukienmattroi.com\/","logo":{"@type":"ImageObject","inLanguage":"vi","@id":"https:\/\/phukienmattroi.com\/#\/schema\/logo\/image\/","url":"https:\/\/phukienmattroi.com\/wp-content\/uploads\/2024\/03\/TBMT-logo3-1.png","contentUrl":"https:\/\/phukienmattroi.com\/wp-content\/uploads\/2024\/03\/TBMT-logo3-1.png","width":3946,"height":1403,"caption":"Ph\u1ee5 Ki\u1ec7n M\u1eb7t Tr\u1eddi"},"image":{"@id":"https:\/\/phukienmattroi.com\/#\/schema\/logo\/image\/"},"sameAs":["https:\/\/www.facebook.com\/phukienmattroisolar"]}]},"product_price_amount":"950000","product_price_currency":"VND","og_availability":"instock","product_availability":"instock","product_condition":"new"},"jetpack_sharing_enabled":true,"_links":{"self":[{"href":"https:\/\/phukienmattroi.com\/index.php\/wp-json\/wp\/v2\/product\/5499","targetHints":{"allow":["GET"]}}],"collection":[{"href":"https:\/\/phukienmattroi.com\/index.php\/wp-json\/wp\/v2\/product"}],"about":[{"href":"https:\/\/phukienmattroi.com\/index.php\/wp-json\/wp\/v2\/types\/product"}],"replies":[{"embeddable":true,"href":"https:\/\/phukienmattroi.com\/index.php\/wp-json\/wp\/v2\/comments?post=5499"}],"wp:featuredmedia":[{"embeddable":true,"href":"https:\/\/phukienmattroi.com\/index.php\/wp-json\/wp\/v2\/media\/5502"}],"wp:attachment":[{"href":"https:\/\/phukienmattroi.com\/index.php\/wp-json\/wp\/v2\/media?parent=5499"}],"wp:term":[{"taxonomy":"product_brand","embeddable":true,"href":"https:\/\/phukienmattroi.com\/index.php\/wp-json\/wp\/v2\/product_brand?post=5499"},{"taxonomy":"product_cat","embeddable":true,"href":"https:\/\/phukienmattroi.com\/index.php\/wp-json\/wp\/v2\/product_cat?post=5499"},{"taxonomy":"product_tag","embeddable":true,"href":"https:\/\/phukienmattroi.com\/index.php\/wp-json\/wp\/v2\/product_tag?post=5499"}],"curies":[{"name":"wp","href":"https:\/\/api.w.org\/{rel}","templated":true}]}}