{"id":5492,"date":"2024-03-18T16:06:19","date_gmt":"2024-03-18T09:06:19","guid":{"rendered":"https:\/\/phukienmattroi.com\/?post_type=product&#038;p=5492"},"modified":"2025-09-20T21:20:06","modified_gmt":"2025-09-20T14:20:06","slug":"den-nang-luong-mat-troi-dia-bay-jindian-1000w-jd-ufo1000","status":"publish","type":"product","link":"https:\/\/phukienmattroi.com\/index.php\/product\/den-nang-luong-mat-troi-dia-bay-jindian-1000w-jd-ufo1000\/","title":{"rendered":"\u0110\u00e8n n\u0103ng l\u01b0\u1ee3ng m\u1eb7t tr\u1eddi \u0111\u0129a bay Jindian 1000W JD-UFO1000"},"content":{"rendered":"<h2>\u0110\u00e8n n\u0103ng l\u01b0\u1ee3ng m\u1eb7t tr\u1eddi \u0111\u0129a bay Jindian 1000W JD-UFO1000<\/h2>\n<p>\u0110\u00e8n n\u0103ng l\u01b0\u1ee3ng m\u1eb7t tr\u1eddi \u0111\u0129a bay Jindian 1000W JD-UFO1000 l\u00e0 m\u1ed9t gi\u1ea3i ph\u00e1p chi\u1ebfu s\u00e1ng hi\u1ec7u qu\u1ea3 v\u00e0 ti\u1ebft ki\u1ec7m n\u0103ng l\u01b0\u1ee3ng cho kh\u00f4ng gian c\u1ee7a b\u1ea1n. V\u1edbi c\u00f4ng su\u1ea5t l\u00ean \u0111\u1ebfn 1000W, \u0111\u00e8n n\u00e0y c\u00f3 kh\u1ea3 n\u0103ng cung c\u1ea5p \u00e1nh s\u00e1ng m\u1ea1nh m\u1ebd v\u00e0 r\u00f5 r\u00e0ng trong su\u1ed1t c\u1ea3 \u0111\u00eam.<\/p>\n<p>\u0110\u00e8n n\u0103ng l\u01b0\u1ee3ng m\u1eb7t tr\u1eddi \u0111\u0129a bay Jindian 1000W JD-UFO1000 \u0111\u01b0\u1ee3c t\u00edch h\u1ee3p c\u00e1c t\u1ea5m pin m\u1eb7t tr\u1eddi ch\u1ea5t l\u01b0\u1ee3ng cao, gi\u00fap n\u1ea1p n\u0103ng l\u01b0\u1ee3ng t\u1eeb \u00e1nh s\u00e1ng m\u1eb7t tr\u1eddi v\u00e0o ban ng\u00e0y. \u0110\u00e8n s\u1ebd t\u1ef1 \u0111\u1ed9ng b\u1eadt s\u00e1ng khi tr\u1eddi t\u1ed1i v\u00e0 t\u1eaft khi tr\u1eddi s\u00e1ng, gi\u00fap ti\u1ebft ki\u1ec7m n\u0103ng l\u01b0\u1ee3ng v\u00e0 t\u1ef1 \u0111\u1ed9ng duy tr\u00ec \u00e1nh s\u00e1ng trong su\u1ed1t \u0111\u00eam.<\/p>\n<p>V\u1edbi thi\u1ebft k\u1ebf \u0111\u0129a bay, \u0111\u00e8n c\u00f3 th\u1ec3 ph\u00e1t s\u00e1ng \u1edf m\u1ed9t g\u00f3c r\u1ed9ng, chi\u1ebfu s\u00e1ng \u0111\u1ec1u v\u00e0 m\u1ea1nh m\u1ebd cho kh\u00f4ng gian c\u1ee7a b\u1ea1n. \u0110\u00e8n n\u0103ng l\u01b0\u1ee3ng m\u1eb7t tr\u1eddi \u0111\u0129a bay Jindian 1000W JD-UFO1000 c\u0169ng c\u00f3 kh\u1ea3 n\u0103ng ch\u1ed1ng n\u01b0\u1edbc v\u00e0 ch\u1ecbu \u0111\u01b0\u1ee3c th\u1eddi ti\u1ebft kh\u1eafc nghi\u1ec7t, \u0111\u1ea3m b\u1ea3o s\u1ef1 b\u1ec1n b\u1ec9 v\u00e0 \u0111\u00e1ng tin c\u1eady trong m\u1ecdi \u0111i\u1ec1u ki\u1ec7n.<\/p>\n<p>V\u1edbi \u0111\u00e8n n\u0103ng l\u01b0\u1ee3ng m\u1eb7t tr\u1eddi \u0111\u0129a bay Jindian 1000W JD-UFO1000, b\u1ea1n c\u00f3 th\u1ec3 t\u1eadn h\u01b0\u1edfng \u00e1nh s\u00e1ng m\u1ea1nh m\u1ebd v\u00e0 ti\u1ebft ki\u1ec7m n\u0103ng l\u01b0\u1ee3ng trong kh\u00f4ng gian c\u1ee7a m\u00ecnh. H\u00e3y ch\u1ecdn \u0111\u00e8n n\u00e0y \u0111\u1ec3 t\u1ea1o \u0111i\u1ec3m nh\u1ea5n v\u00e0 c\u1ea3i thi\u1ec7n kh\u00f4ng gian s\u1ed1ng c\u1ee7a b\u1ea1n.<\/p>\n","protected":false},"excerpt":{"rendered":"<p>\u0110\u00e8n n\u0103ng l\u01b0\u1ee3ng m\u1eb7t tr\u1eddi \u0111\u0129a bay Jindian 1000W JD-UFO1000 \u0110\u00e8n n\u0103ng l\u01b0\u1ee3ng m\u1eb7t tr\u1eddi \u0111\u0129a bay Jindian 1000W JD-UFO1000 l\u00e0 m\u1ed9t gi\u1ea3i ph\u00e1p chi\u1ebfu s\u00e1ng hi\u1ec7u qu\u1ea3 v\u00e0 ti\u1ebft<\/p>\n","protected":false},"featured_media":5493,"comment_status":"open","ping_status":"closed","template":"","meta":[],"product_brand":[],"product_cat":[28],"product_tag":[],"class_list":{"0":"post-5492","1":"product","2":"type-product","3":"status-publish","4":"has-post-thumbnail","6":"product_cat-den-san-vuon","8":"first","9":"instock","10":"sale","11":"taxable","12":"shipping-taxable","13":"purchasable","14":"product-type-simple"},"yoast_head":"<!-- This site is optimized with the Yoast SEO Premium plugin v22.6 (Yoast SEO v27.3) - https:\/\/yoast.com\/product\/yoast-seo-premium-wordpress\/ -->\n<title>\u0110\u00e8n n\u0103ng l\u01b0\u1ee3ng m\u1eb7t tr\u1eddi \u0111\u0129a bay Jindian 1000W JD-UFO1000 - Ph\u1ee5 Ki\u1ec7n M\u1eb7t Tr\u1eddi<\/title>\n<meta name=\"robots\" content=\"index, follow, max-snippet:-1, max-image-preview:large, max-video-preview:-1\" \/>\n<link rel=\"canonical\" href=\"https:\/\/phukienmattroi.com\/index.php\/product\/den-nang-luong-mat-troi-dia-bay-jindian-1000w-jd-ufo1000\/\" \/>\n<meta property=\"og:locale\" content=\"vi_VN\" \/>\n<meta property=\"og:type\" content=\"article\" \/>\n<meta property=\"og:title\" content=\"\u0110\u00e8n n\u0103ng l\u01b0\u1ee3ng m\u1eb7t tr\u1eddi \u0111\u0129a bay Jindian 1000W JD-UFO1000\" \/>\n<meta property=\"og:description\" content=\"\u0110\u00e8n n\u0103ng l\u01b0\u1ee3ng m\u1eb7t tr\u1eddi \u0111\u0129a bay Jindian 1000W JD-UFO1000 \u0110\u00e8n n\u0103ng l\u01b0\u1ee3ng m\u1eb7t tr\u1eddi \u0111\u0129a bay Jindian 1000W JD-UFO1000 l\u00e0 m\u1ed9t gi\u1ea3i ph\u00e1p chi\u1ebfu s\u00e1ng hi\u1ec7u qu\u1ea3 v\u00e0 ti\u1ebft\" \/>\n<meta property=\"og:url\" content=\"https:\/\/phukienmattroi.com\/index.php\/product\/den-nang-luong-mat-troi-dia-bay-jindian-1000w-jd-ufo1000\/\" \/>\n<meta property=\"og:site_name\" content=\"Ph\u1ee5 Ki\u1ec7n M\u1eb7t Tr\u1eddi\" \/>\n<meta property=\"article:publisher\" content=\"https:\/\/www.facebook.com\/phukienmattroisolar\" \/>\n<meta property=\"article:modified_time\" content=\"2025-09-20T14:20:06+00:00\" \/>\n<meta property=\"og:image\" content=\"https:\/\/phukienmattroi.com\/wp-content\/uploads\/2024\/03\/078f5c1dbdf911a748e8.jpg\" \/>\n\t<meta property=\"og:image:width\" content=\"600\" \/>\n\t<meta property=\"og:image:height\" content=\"600\" \/>\n\t<meta property=\"og:image:type\" content=\"image\/jpeg\" \/>\n<meta name=\"twitter:card\" content=\"summary_large_image\" \/>\n<meta name=\"twitter:label1\" content=\"Gi\u00e1\" \/>\n\t<meta name=\"twitter:data1\" content=\"1.500.000&nbsp;&#8363;\" \/>\n\t<meta name=\"twitter:label2\" content=\"Kh\u1ea3 d\u1ee5ng\" \/>\n\t<meta name=\"twitter:data2\" content=\"Trong kho\" \/>\n<script type=\"application\/ld+json\" class=\"yoast-schema-graph\">{\"@context\":\"https:\\\/\\\/schema.org\",\"@graph\":[{\"@type\":\"WebPage\",\"@id\":\"https:\\\/\\\/phukienmattroi.com\\\/index.php\\\/product\\\/den-nang-luong-mat-troi-dia-bay-jindian-1000w-jd-ufo1000\\\/\",\"url\":\"https:\\\/\\\/phukienmattroi.com\\\/index.php\\\/product\\\/den-nang-luong-mat-troi-dia-bay-jindian-1000w-jd-ufo1000\\\/\",\"name\":\"\u0110\u00e8n n\u0103ng l\u01b0\u1ee3ng m\u1eb7t tr\u1eddi \u0111\u0129a bay Jindian 1000W JD-UFO1000 - Ph\u1ee5 Ki\u1ec7n M\u1eb7t Tr\u1eddi\",\"isPartOf\":{\"@id\":\"https:\\\/\\\/phukienmattroi.com\\\/#website\"},\"primaryImageOfPage\":{\"@id\":\"https:\\\/\\\/phukienmattroi.com\\\/index.php\\\/product\\\/den-nang-luong-mat-troi-dia-bay-jindian-1000w-jd-ufo1000\\\/#primaryimage\"},\"image\":{\"@id\":\"https:\\\/\\\/phukienmattroi.com\\\/index.php\\\/product\\\/den-nang-luong-mat-troi-dia-bay-jindian-1000w-jd-ufo1000\\\/#primaryimage\"},\"thumbnailUrl\":\"https:\\\/\\\/phukienmattroi.com\\\/wp-content\\\/uploads\\\/2024\\\/03\\\/078f5c1dbdf911a748e8.jpg\",\"datePublished\":\"2024-03-18T09:06:19+00:00\",\"dateModified\":\"2025-09-20T14:20:06+00:00\",\"breadcrumb\":{\"@id\":\"https:\\\/\\\/phukienmattroi.com\\\/index.php\\\/product\\\/den-nang-luong-mat-troi-dia-bay-jindian-1000w-jd-ufo1000\\\/#breadcrumb\"},\"inLanguage\":\"vi\",\"potentialAction\":[{\"@type\":\"ReadAction\",\"target\":[\"https:\\\/\\\/phukienmattroi.com\\\/index.php\\\/product\\\/den-nang-luong-mat-troi-dia-bay-jindian-1000w-jd-ufo1000\\\/\"]}]},{\"@type\":\"ImageObject\",\"inLanguage\":\"vi\",\"@id\":\"https:\\\/\\\/phukienmattroi.com\\\/index.php\\\/product\\\/den-nang-luong-mat-troi-dia-bay-jindian-1000w-jd-ufo1000\\\/#primaryimage\",\"url\":\"https:\\\/\\\/phukienmattroi.com\\\/wp-content\\\/uploads\\\/2024\\\/03\\\/078f5c1dbdf911a748e8.jpg\",\"contentUrl\":\"https:\\\/\\\/phukienmattroi.com\\\/wp-content\\\/uploads\\\/2024\\\/03\\\/078f5c1dbdf911a748e8.jpg\",\"width\":600,\"height\":600,\"caption\":\"dmt solar - \u0110\u00e8n UFO n\u0103ng l\u01b0\u1ee3ng m\u1eb7t tr\u1eddi Saco UFO-1000SA\"},{\"@type\":\"BreadcrumbList\",\"@id\":\"https:\\\/\\\/phukienmattroi.com\\\/index.php\\\/product\\\/den-nang-luong-mat-troi-dia-bay-jindian-1000w-jd-ufo1000\\\/#breadcrumb\",\"itemListElement\":[{\"@type\":\"ListItem\",\"position\":1,\"name\":\"Trang ch\u1ee7\",\"item\":\"https:\\\/\\\/phukienmattroi.com\\\/\"},{\"@type\":\"ListItem\",\"position\":2,\"name\":\"S\u1ea3n ph\u1ea9m\",\"item\":\"https:\\\/\\\/phukienmattroi.com\\\/index.php\\\/shop\\\/\"},{\"@type\":\"ListItem\",\"position\":3,\"name\":\"\u0110\u00e8n n\u0103ng l\u01b0\u1ee3ng m\u1eb7t tr\u1eddi \u0111\u0129a bay Jindian 1000W JD-UFO1000\"}]},{\"@type\":\"WebSite\",\"@id\":\"https:\\\/\\\/phukienmattroi.com\\\/#website\",\"url\":\"https:\\\/\\\/phukienmattroi.com\\\/\",\"name\":\"Ph\u1ee5 Ki\u1ec7n M\u1eb7t Tr\u1eddi\",\"description\":\"Ph\u1ee5 Ki\u1ec7n M\u1eb7t Tr\u1eddi\",\"publisher\":{\"@id\":\"https:\\\/\\\/phukienmattroi.com\\\/#organization\"},\"potentialAction\":[{\"@type\":\"SearchAction\",\"target\":{\"@type\":\"EntryPoint\",\"urlTemplate\":\"https:\\\/\\\/phukienmattroi.com\\\/?s={search_term_string}\"},\"query-input\":{\"@type\":\"PropertyValueSpecification\",\"valueRequired\":true,\"valueName\":\"search_term_string\"}}],\"inLanguage\":\"vi\"},{\"@type\":\"Organization\",\"@id\":\"https:\\\/\\\/phukienmattroi.com\\\/#organization\",\"name\":\"Ph\u1ee5 Ki\u1ec7n M\u1eb7t Tr\u1eddi\",\"url\":\"https:\\\/\\\/phukienmattroi.com\\\/\",\"logo\":{\"@type\":\"ImageObject\",\"inLanguage\":\"vi\",\"@id\":\"https:\\\/\\\/phukienmattroi.com\\\/#\\\/schema\\\/logo\\\/image\\\/\",\"url\":\"https:\\\/\\\/phukienmattroi.com\\\/wp-content\\\/uploads\\\/2024\\\/03\\\/TBMT-logo3-1.png\",\"contentUrl\":\"https:\\\/\\\/phukienmattroi.com\\\/wp-content\\\/uploads\\\/2024\\\/03\\\/TBMT-logo3-1.png\",\"width\":3946,\"height\":1403,\"caption\":\"Ph\u1ee5 Ki\u1ec7n M\u1eb7t Tr\u1eddi\"},\"image\":{\"@id\":\"https:\\\/\\\/phukienmattroi.com\\\/#\\\/schema\\\/logo\\\/image\\\/\"},\"sameAs\":[\"https:\\\/\\\/www.facebook.com\\\/phukienmattroisolar\"]}]}<\/script>\n<meta property=\"product:price:amount\" content=\"1500000\" \/>\n<meta property=\"product:price:currency\" content=\"VND\" \/>\n<meta property=\"og:availability\" content=\"instock\" \/>\n<meta property=\"product:availability\" content=\"instock\" \/>\n<meta property=\"product:condition\" content=\"new\" \/>\n<!-- \/ Yoast SEO Premium plugin. -->","yoast_head_json":{"title":"\u0110\u00e8n n\u0103ng l\u01b0\u1ee3ng m\u1eb7t tr\u1eddi \u0111\u0129a bay Jindian 1000W JD-UFO1000 - Ph\u1ee5 Ki\u1ec7n M\u1eb7t Tr\u1eddi","robots":{"index":"index","follow":"follow","max-snippet":"max-snippet:-1","max-image-preview":"max-image-preview:large","max-video-preview":"max-video-preview:-1"},"canonical":"https:\/\/phukienmattroi.com\/index.php\/product\/den-nang-luong-mat-troi-dia-bay-jindian-1000w-jd-ufo1000\/","og_locale":"vi_VN","og_type":"article","og_title":"\u0110\u00e8n n\u0103ng l\u01b0\u1ee3ng m\u1eb7t tr\u1eddi \u0111\u0129a bay Jindian 1000W JD-UFO1000","og_description":"\u0110\u00e8n n\u0103ng l\u01b0\u1ee3ng m\u1eb7t tr\u1eddi \u0111\u0129a bay Jindian 1000W JD-UFO1000 \u0110\u00e8n n\u0103ng l\u01b0\u1ee3ng m\u1eb7t tr\u1eddi \u0111\u0129a bay Jindian 1000W JD-UFO1000 l\u00e0 m\u1ed9t gi\u1ea3i ph\u00e1p chi\u1ebfu s\u00e1ng hi\u1ec7u qu\u1ea3 v\u00e0 ti\u1ebft","og_url":"https:\/\/phukienmattroi.com\/index.php\/product\/den-nang-luong-mat-troi-dia-bay-jindian-1000w-jd-ufo1000\/","og_site_name":"Ph\u1ee5 Ki\u1ec7n M\u1eb7t Tr\u1eddi","article_publisher":"https:\/\/www.facebook.com\/phukienmattroisolar","article_modified_time":"2025-09-20T14:20:06+00:00","og_image":[{"width":600,"height":600,"url":"https:\/\/phukienmattroi.com\/wp-content\/uploads\/2024\/03\/078f5c1dbdf911a748e8.jpg","type":"image\/jpeg"}],"twitter_card":"summary_large_image","twitter_misc":{"Gi\u00e1":"1.500.000&nbsp;&#8363;","Kh\u1ea3 d\u1ee5ng":"Trong kho"},"schema":{"@context":"https:\/\/schema.org","@graph":[{"@type":"WebPage","@id":"https:\/\/phukienmattroi.com\/index.php\/product\/den-nang-luong-mat-troi-dia-bay-jindian-1000w-jd-ufo1000\/","url":"https:\/\/phukienmattroi.com\/index.php\/product\/den-nang-luong-mat-troi-dia-bay-jindian-1000w-jd-ufo1000\/","name":"\u0110\u00e8n n\u0103ng l\u01b0\u1ee3ng m\u1eb7t tr\u1eddi \u0111\u0129a bay Jindian 1000W JD-UFO1000 - Ph\u1ee5 Ki\u1ec7n M\u1eb7t Tr\u1eddi","isPartOf":{"@id":"https:\/\/phukienmattroi.com\/#website"},"primaryImageOfPage":{"@id":"https:\/\/phukienmattroi.com\/index.php\/product\/den-nang-luong-mat-troi-dia-bay-jindian-1000w-jd-ufo1000\/#primaryimage"},"image":{"@id":"https:\/\/phukienmattroi.com\/index.php\/product\/den-nang-luong-mat-troi-dia-bay-jindian-1000w-jd-ufo1000\/#primaryimage"},"thumbnailUrl":"https:\/\/phukienmattroi.com\/wp-content\/uploads\/2024\/03\/078f5c1dbdf911a748e8.jpg","datePublished":"2024-03-18T09:06:19+00:00","dateModified":"2025-09-20T14:20:06+00:00","breadcrumb":{"@id":"https:\/\/phukienmattroi.com\/index.php\/product\/den-nang-luong-mat-troi-dia-bay-jindian-1000w-jd-ufo1000\/#breadcrumb"},"inLanguage":"vi","potentialAction":[{"@type":"ReadAction","target":["https:\/\/phukienmattroi.com\/index.php\/product\/den-nang-luong-mat-troi-dia-bay-jindian-1000w-jd-ufo1000\/"]}]},{"@type":"ImageObject","inLanguage":"vi","@id":"https:\/\/phukienmattroi.com\/index.php\/product\/den-nang-luong-mat-troi-dia-bay-jindian-1000w-jd-ufo1000\/#primaryimage","url":"https:\/\/phukienmattroi.com\/wp-content\/uploads\/2024\/03\/078f5c1dbdf911a748e8.jpg","contentUrl":"https:\/\/phukienmattroi.com\/wp-content\/uploads\/2024\/03\/078f5c1dbdf911a748e8.jpg","width":600,"height":600,"caption":"dmt solar - \u0110\u00e8n UFO n\u0103ng l\u01b0\u1ee3ng m\u1eb7t tr\u1eddi Saco UFO-1000SA"},{"@type":"BreadcrumbList","@id":"https:\/\/phukienmattroi.com\/index.php\/product\/den-nang-luong-mat-troi-dia-bay-jindian-1000w-jd-ufo1000\/#breadcrumb","itemListElement":[{"@type":"ListItem","position":1,"name":"Trang ch\u1ee7","item":"https:\/\/phukienmattroi.com\/"},{"@type":"ListItem","position":2,"name":"S\u1ea3n ph\u1ea9m","item":"https:\/\/phukienmattroi.com\/index.php\/shop\/"},{"@type":"ListItem","position":3,"name":"\u0110\u00e8n n\u0103ng l\u01b0\u1ee3ng m\u1eb7t tr\u1eddi \u0111\u0129a bay Jindian 1000W JD-UFO1000"}]},{"@type":"WebSite","@id":"https:\/\/phukienmattroi.com\/#website","url":"https:\/\/phukienmattroi.com\/","name":"Ph\u1ee5 Ki\u1ec7n M\u1eb7t Tr\u1eddi","description":"Ph\u1ee5 Ki\u1ec7n M\u1eb7t Tr\u1eddi","publisher":{"@id":"https:\/\/phukienmattroi.com\/#organization"},"potentialAction":[{"@type":"SearchAction","target":{"@type":"EntryPoint","urlTemplate":"https:\/\/phukienmattroi.com\/?s={search_term_string}"},"query-input":{"@type":"PropertyValueSpecification","valueRequired":true,"valueName":"search_term_string"}}],"inLanguage":"vi"},{"@type":"Organization","@id":"https:\/\/phukienmattroi.com\/#organization","name":"Ph\u1ee5 Ki\u1ec7n M\u1eb7t Tr\u1eddi","url":"https:\/\/phukienmattroi.com\/","logo":{"@type":"ImageObject","inLanguage":"vi","@id":"https:\/\/phukienmattroi.com\/#\/schema\/logo\/image\/","url":"https:\/\/phukienmattroi.com\/wp-content\/uploads\/2024\/03\/TBMT-logo3-1.png","contentUrl":"https:\/\/phukienmattroi.com\/wp-content\/uploads\/2024\/03\/TBMT-logo3-1.png","width":3946,"height":1403,"caption":"Ph\u1ee5 Ki\u1ec7n M\u1eb7t Tr\u1eddi"},"image":{"@id":"https:\/\/phukienmattroi.com\/#\/schema\/logo\/image\/"},"sameAs":["https:\/\/www.facebook.com\/phukienmattroisolar"]}]},"product_price_amount":"1500000","product_price_currency":"VND","og_availability":"instock","product_availability":"instock","product_condition":"new"},"jetpack_sharing_enabled":true,"_links":{"self":[{"href":"https:\/\/phukienmattroi.com\/index.php\/wp-json\/wp\/v2\/product\/5492","targetHints":{"allow":["GET"]}}],"collection":[{"href":"https:\/\/phukienmattroi.com\/index.php\/wp-json\/wp\/v2\/product"}],"about":[{"href":"https:\/\/phukienmattroi.com\/index.php\/wp-json\/wp\/v2\/types\/product"}],"replies":[{"embeddable":true,"href":"https:\/\/phukienmattroi.com\/index.php\/wp-json\/wp\/v2\/comments?post=5492"}],"wp:featuredmedia":[{"embeddable":true,"href":"https:\/\/phukienmattroi.com\/index.php\/wp-json\/wp\/v2\/media\/5493"}],"wp:attachment":[{"href":"https:\/\/phukienmattroi.com\/index.php\/wp-json\/wp\/v2\/media?parent=5492"}],"wp:term":[{"taxonomy":"product_brand","embeddable":true,"href":"https:\/\/phukienmattroi.com\/index.php\/wp-json\/wp\/v2\/product_brand?post=5492"},{"taxonomy":"product_cat","embeddable":true,"href":"https:\/\/phukienmattroi.com\/index.php\/wp-json\/wp\/v2\/product_cat?post=5492"},{"taxonomy":"product_tag","embeddable":true,"href":"https:\/\/phukienmattroi.com\/index.php\/wp-json\/wp\/v2\/product_tag?post=5492"}],"curies":[{"name":"wp","href":"https:\/\/api.w.org\/{rel}","templated":true}]}}