{"id":5989,"date":"2024-04-17T07:49:29","date_gmt":"2024-04-17T00:49:29","guid":{"rendered":"https:\/\/phukienmattroi.com\/?page_id=5989"},"modified":"2024-08-15T17:10:18","modified_gmt":"2024-08-15T10:10:18","slug":"chinh-sach-bao-ve-thong-tin-ca-nhan","status":"publish","type":"page","link":"https:\/\/phukienmattroi.com\/index.php\/chinh-sach-bao-ve-thong-tin-ca-nhan\/","title":{"rendered":"Ch\u00ednh s\u00e1ch b\u1ea3o v\u1ec7 th\u00f4ng tin c\u00e1 nh\u00e2n:"},"content":{"rendered":"\n<p><strong>a) M\u1ee5c \u0111\u00edch thu th\u1eadp th\u00f4ng tin c\u00e1 nh\u00e2n:<\/strong><\/p>\n\n\n\n<ul class=\"wp-block-list\">\n<li>Doanh nghi\u1ec7p ch\u1ec9 \u0111\u01b0\u1ee3c thu th\u1eadp th\u00f4ng tin c\u00e1 nh\u00e2n c\u1ee7a kh\u00e1ch h\u00e0ng khi c\u00f3 s\u1ef1 \u0111\u1ed3ng \u00fd c\u1ee7a kh\u00e1ch h\u00e0ng v\u00e0 ch\u1ec9 s\u1eed d\u1ee5ng th\u00f4ng tin \u0111\u00f3 cho nh\u1eefng m\u1ee5c \u0111\u00edch \u0111\u00e3 \u0111\u01b0\u1ee3c th\u00f4ng b\u00e1o cho kh\u00e1ch h\u00e0ng.<\/li>\n\n\n\n<li>M\u1ed9t s\u1ed1 m\u1ee5c \u0111\u00edch thu th\u1eadp th\u00f4ng tin c\u00e1 nh\u00e2n ph\u1ed5 bi\u1ebfn bao g\u1ed3m:\n<ul class=\"wp-block-list\">\n<li>X\u1eed l\u00fd \u0111\u01a1n h\u00e0ng v\u00e0 cung c\u1ea5p d\u1ecbch v\u1ee5 cho kh\u00e1ch h\u00e0ng<\/li>\n\n\n\n<li>G\u1eedi th\u00f4ng tin khuy\u1ebfn m\u00e3i v\u00e0 qu\u1ea3ng c\u00e1o<\/li>\n\n\n\n<li>Nghi\u00ean c\u1ee9u th\u1ecb tr\u01b0\u1eddng v\u00e0 c\u1ea3i thi\u1ec7n ch\u1ea5t l\u01b0\u1ee3ng d\u1ecbch v\u1ee5<\/li>\n\n\n\n<li>Gi\u1ea3i quy\u1ebft khi\u1ebfu n\u1ea1i v\u00e0 tranh ch\u1ea5p<\/li>\n<\/ul>\n<\/li>\n<\/ul>\n\n\n\n<p><strong>b) Ph\u1ea1m vi s\u1eed d\u1ee5ng th\u00f4ng tin:<\/strong><\/p>\n\n\n\n<ul class=\"wp-block-list\">\n<li>Doanh nghi\u1ec7p ch\u1ec9 \u0111\u01b0\u1ee3c s\u1eed d\u1ee5ng th\u00f4ng tin c\u00e1 nh\u00e2n c\u1ee7a kh\u00e1ch h\u00e0ng cho nh\u1eefng m\u1ee5c \u0111\u00edch \u0111\u00e3 \u0111\u01b0\u1ee3c th\u00f4ng b\u00e1o cho kh\u00e1ch h\u00e0ng v\u00e0 kh\u00f4ng \u0111\u01b0\u1ee3c ph\u00e9p s\u1eed d\u1ee5ng th\u00f4ng tin \u0111\u00f3 cho b\u1ea5t k\u1ef3 m\u1ee5c \u0111\u00edch n\u00e0o kh\u00e1c.<\/li>\n\n\n\n<li>Doanh nghi\u1ec7p kh\u00f4ng b\u00e1n, cho thu\u00ea ho\u1eb7c chia s\u1ebb th\u00f4ng tin c\u00e1 nh\u00e2n c\u1ee7a kh\u00e1ch h\u00e0ng cho b\u00ean th\u1ee9 ba m\u00e0 kh\u00f4ng c\u00f3 s\u1ef1 \u0111\u1ed3ng \u00fd c\u1ee7a kh\u00e1ch h\u00e0ng.<\/li>\n<\/ul>\n\n\n\n<p><strong>c) Th\u1eddi gian l\u01b0u tr\u1eef th\u00f4ng tin:<\/strong><\/p>\n\n\n\n<ul class=\"wp-block-list\">\n<li>Doanh nghi\u1ec7p ch\u1ec9 \u0111\u01b0\u1ee3c l\u01b0u tr\u1eef th\u00f4ng tin c\u00e1 nh\u00e2n c\u1ee7a kh\u00e1ch h\u00e0ng trong th\u1eddi gian c\u1ea7n thi\u1ebft \u0111\u1ec3 th\u1ef1c hi\u1ec7n c\u00e1c m\u1ee5c \u0111\u00edch thu th\u1eadp th\u00f4ng tin v\u00e0 theo quy \u0111\u1ecbnh c\u1ee7a ph\u00e1p lu\u1eadt.<\/li>\n\n\n\n<li>Kh\u00e1ch h\u00e0ng \u0111\u01b0\u1ee3c to\u00e0n quy\u1ec1n x\u00f3a ho\u1eb7c l\u01b0u tr\u1eef th\u00f4ng tin tr\u00ean h\u1ec7 th\u1ed1ng. S\u1eed d\u1ee5ng cho m\u1ee5c \u0111\u00edch ki\u1ec3m so\u00e1t c\u00e1c giao d\u1ecbch, \u0111\u01a1n h\u00e0ng tr\u00ean h\u1ec7 th\u1ed1ng, khuy\u1ebfn m\u00e3i&#8230;<\/li>\n<\/ul>\n\n\n\n<p><strong>d) Nh\u1eefng ng\u01b0\u1eddi ho\u1eb7c t\u1ed5 ch\u1ee9c c\u00f3 th\u1ec3 \u0111\u01b0\u1ee3c ti\u1ebfp c\u1eadn v\u1edbi th\u00f4ng tin:<\/strong><\/p>\n\n\n\n<ul class=\"wp-block-list\">\n<li>Doanh nghi\u1ec7p ch\u1ec9 cung c\u1ea5p th\u00f4ng tin c\u00e1 nh\u00e2n c\u1ee7a kh\u00e1ch h\u00e0ng cho nh\u1eefng ng\u01b0\u1eddi ho\u1eb7c t\u1ed5 ch\u1ee9c c\u00f3 th\u1ea9m quy\u1ec1n theo quy \u0111\u1ecbnh c\u1ee7a ph\u00e1p lu\u1eadt ho\u1eb7c cho b\u00ean th\u1ee9 ba m\u00e0 kh\u00e1ch h\u00e0ng \u0111\u00e3 \u0111\u1ed3ng \u00fd.<\/li>\n\n\n\n<li>Doanh nghi\u1ec7p c\u00f3 tr\u00e1ch nhi\u1ec7m b\u1ea3o m\u1eadt th\u00f4ng tin c\u00e1 nh\u00e2n c\u1ee7a kh\u00e1ch h\u00e0ng v\u00e0 th\u1ef1c hi\u1ec7n c\u00e1c bi\u1ec7n ph\u00e1p \u0111\u1ec3 ng\u0103n ch\u1eb7n vi\u1ec7c truy c\u1eadp tr\u00e1i ph\u00e9p v\u00e0o th\u00f4ng tin \u0111\u00f3.<\/li>\n<\/ul>\n\n\n\n<p><strong>\u0111) \u0110\u1ecba ch\u1ec9 c\u1ee7a \u0111\u01a1n v\u1ecb thu th\u1eadp v\u00e0 qu\u1ea3n l\u00fd th\u00f4ng tin, bao g\u1ed3m c\u00e1ch th\u1ee9c li\u00ean l\u1ea1c \u0111\u1ec3 ng\u01b0\u1eddi ti\u00eau d\u00f9ng c\u00f3 th\u1ec3 h\u1ecfi v\u1ec1 ho\u1ea1t \u0111\u1ed9ng thu th\u1eadp, x\u1eed l\u00fd th\u00f4ng tin li\u00ean quan \u0111\u1ebfn c\u00e1 nh\u00e2n m\u00ecnh:<\/strong><\/p>\n\n\n\n<ul class=\"wp-block-list\">\n<li><strong>Ph\u1ee5 Ki\u1ec7n M\u1eb7t Tr\u1eddi<\/strong> thu\u1ed9c s\u1edf h\u1eefu <strong>c\u00f4ng ty TNHH s\u1ef1 ki\u1ec7n truy\u1ec1n th\u00f4ng T\u00e2y Nguy\u00ean Media<\/strong>. Tr\u1ee5 s\u1edf ch\u00ednh t\u1ea1i: 46 \u0111\u01b0\u1eddng 1, P. Y\u00ean \u0110\u1ed7, TP. Pleiku, Gia Lai. \u0110\u01b0\u1ee3c quy\u1ec1n s\u1eed d\u1ee5ng th\u00f4ng tin c\u00e1 nh\u00e2n c\u1ee7a kh\u00e1ch h\u00e0ng cho m\u1ee5c \u0111\u00edch giao d\u1ecbch, cung c\u1ea5p th\u00f4ng tin cho \u0111\u01a1n v\u1ecb v\u1eadn chuy\u1ec3n, l\u01b0u tr\u1eef n\u1ed9i b\u1ed9 trong quy \u0111\u1ecbnh c\u1ee7a ph\u00e1p lu\u1eadt, v.v.<\/li>\n\n\n\n<li><strong>Kh\u00e1ch h\u00e0ng<\/strong> c\u00f3 quy\u1ec1n y\u00eau c\u1ea7u doanh nghi\u1ec7p cung c\u1ea5p th\u00f4ng tin v\u1ec1 th\u00f4ng tin c\u00e1 nh\u00e2n c\u1ee7a m\u00ecnh \u0111\u00e3 \u0111\u01b0\u1ee3c thu th\u1eadp v\u00e0 s\u1eed d\u1ee5ng, y\u00eau c\u1ea7u s\u1eeda ch\u1eefa, b\u1ed5 sung, x\u00f3a ho\u1eb7c h\u1ee7y b\u1ecf th\u00f4ng tin c\u00e1 nh\u00e2n c\u1ee7a m\u00ecnh, v.v.<\/li>\n<\/ul>\n\n\n\n<p><strong>e) Ph\u01b0\u01a1ng th\u1ee9c v\u00e0 c\u00f4ng c\u1ee5 \u0111\u1ec3 ng\u01b0\u1eddi ti\u00eau d\u00f9ng ti\u1ebfp c\u1eadn v\u00e0 ch\u1ec9nh s\u1eeda d\u1eef li\u1ec7u c\u00e1 nh\u00e2n c\u1ee7a m\u00ecnh tr\u00ean h\u1ec7 th\u1ed1ng th\u01b0\u01a1ng m\u1ea1i \u0111i\u1ec7n t\u1eed c\u1ee7a \u0111\u01a1n v\u1ecb thu th\u1eadp th\u00f4ng tin:<\/strong><\/p>\n\n\n\n<ul class=\"wp-block-list\">\n<li>Kh\u00e1ch h\u00e0ng c\u00f3 th\u1ec3 d\u1ec5 d\u00e0ng truy c\u1eadp v\u00e0 ch\u1ec9nh s\u1eeda d\u1eef li\u1ec7u c\u00e1 nh\u00e2n c\u1ee7a m\u00ecnh tr\u00ean h\u1ec7 th\u1ed1ng th\u01b0\u01a1ng m\u1ea1i \u0111i\u1ec7n t\u1eed c\u1ee7a doanh nghi\u1ec7p.<\/li>\n\n\n\n<li>M\u1ed9t s\u1ed1 ph\u01b0\u01a1ng th\u1ee9c v\u00e0 c\u00f4ng c\u1ee5 ph\u1ed5 bi\u1ebfn bao g\u1ed3m:\n<ul class=\"wp-block-list\">\n<li>Kh\u00e1ch h\u00e0ng \u0111\u0103ng nh\u1eadp v\u00e0o t\u00e0i kho\u1ea3n c\u1ee7a m\u00ecnh \u0111\u1ec3 ch\u1ec9nh s\u1eeda th\u00f4ng tin c\u00e1 nh\u00e2n.<\/li>\n\n\n\n<li>\u0110\u1ec3 th\u1ef1c hi\u1ec7n nh\u1eefng ch\u1ee9c n\u0103ng kh\u00e1c. Vui l\u00f2ng g\u1ecdi: 0933 007 927 ho\u1eb7c email: hoangbre@gmail.com<\/li>\n<\/ul>\n<\/li>\n<\/ul>\n","protected":false},"excerpt":{"rendered":"<p>a) M\u1ee5c \u0111\u00edch thu th\u1eadp th\u00f4ng tin c\u00e1 nh\u00e2n: b) Ph\u1ea1m vi s\u1eed d\u1ee5ng th\u00f4ng tin: c) Th\u1eddi gian l\u01b0u tr\u1eef th\u00f4ng tin: d) Nh\u1eefng ng\u01b0\u1eddi ho\u1eb7c t\u1ed5 ch\u1ee9c c\u00f3<\/p>\n","protected":false},"author":1,"featured_media":0,"parent":0,"menu_order":0,"comment_status":"closed","ping_status":"closed","template":"","meta":{"footnotes":""},"class_list":["post-5989","page","type-page","status-publish","hentry"],"yoast_head":"<!-- This site is optimized with the Yoast SEO Premium plugin v22.6 (Yoast SEO v27.4) - https:\/\/yoast.com\/product\/yoast-seo-premium-wordpress\/ -->\n<title>Ch\u00ednh s\u00e1ch b\u1ea3o v\u1ec7 th\u00f4ng tin c\u00e1 nh\u00e2n: - Ph\u1ee5 Ki\u1ec7n M\u1eb7t Tr\u1eddi<\/title>\n<meta name=\"robots\" content=\"index, follow, max-snippet:-1, max-image-preview:large, max-video-preview:-1\" \/>\n<link rel=\"canonical\" href=\"https:\/\/phukienmattroi.com\/index.php\/vi\/chinh-sach-bao-ve-thong-tin-ca-nhan\/\" \/>\n<meta property=\"og:locale\" content=\"vi_VN\" \/>\n<meta property=\"og:type\" content=\"article\" \/>\n<meta property=\"og:title\" content=\"Ch\u00ednh s\u00e1ch b\u1ea3o v\u1ec7 th\u00f4ng tin c\u00e1 nh\u00e2n:\" \/>\n<meta property=\"og:description\" content=\"a) M\u1ee5c \u0111\u00edch thu th\u1eadp th\u00f4ng tin c\u00e1 nh\u00e2n: b) Ph\u1ea1m vi s\u1eed d\u1ee5ng th\u00f4ng tin: c) Th\u1eddi gian l\u01b0u tr\u1eef th\u00f4ng tin: d) Nh\u1eefng ng\u01b0\u1eddi ho\u1eb7c t\u1ed5 ch\u1ee9c c\u00f3\" \/>\n<meta property=\"og:url\" content=\"https:\/\/phukienmattroi.com\/index.php\/vi\/chinh-sach-bao-ve-thong-tin-ca-nhan\/\" \/>\n<meta property=\"og:site_name\" content=\"Ph\u1ee5 Ki\u1ec7n M\u1eb7t Tr\u1eddi\" \/>\n<meta property=\"article:publisher\" content=\"https:\/\/www.facebook.com\/phukienmattroisolar\" \/>\n<meta property=\"article:modified_time\" content=\"2024-08-15T10:10:18+00:00\" \/>\n<meta name=\"twitter:card\" content=\"summary_large_image\" \/>\n<meta name=\"twitter:label1\" content=\"\u01af\u1edbc t\u00ednh th\u1eddi gian \u0111\u1ecdc\" \/>\n\t<meta name=\"twitter:data1\" content=\"4 ph\u00fat\" \/>\n<script type=\"application\/ld+json\" class=\"yoast-schema-graph\">{\"@context\":\"https:\\\/\\\/schema.org\",\"@graph\":[{\"@type\":\"WebPage\",\"@id\":\"https:\\\/\\\/phukienmattroi.com\\\/index.php\\\/vi\\\/chinh-sach-bao-ve-thong-tin-ca-nhan\\\/\",\"url\":\"https:\\\/\\\/phukienmattroi.com\\\/index.php\\\/vi\\\/chinh-sach-bao-ve-thong-tin-ca-nhan\\\/\",\"name\":\"Ch\u00ednh s\u00e1ch b\u1ea3o v\u1ec7 th\u00f4ng tin c\u00e1 nh\u00e2n: - Ph\u1ee5 Ki\u1ec7n M\u1eb7t Tr\u1eddi\",\"isPartOf\":{\"@id\":\"https:\\\/\\\/phukienmattroi.com\\\/#website\"},\"datePublished\":\"2024-04-17T00:49:29+00:00\",\"dateModified\":\"2024-08-15T10:10:18+00:00\",\"breadcrumb\":{\"@id\":\"https:\\\/\\\/phukienmattroi.com\\\/index.php\\\/vi\\\/chinh-sach-bao-ve-thong-tin-ca-nhan\\\/#breadcrumb\"},\"inLanguage\":\"vi\",\"potentialAction\":[{\"@type\":\"ReadAction\",\"target\":[\"https:\\\/\\\/phukienmattroi.com\\\/index.php\\\/vi\\\/chinh-sach-bao-ve-thong-tin-ca-nhan\\\/\"]}]},{\"@type\":\"BreadcrumbList\",\"@id\":\"https:\\\/\\\/phukienmattroi.com\\\/index.php\\\/vi\\\/chinh-sach-bao-ve-thong-tin-ca-nhan\\\/#breadcrumb\",\"itemListElement\":[{\"@type\":\"ListItem\",\"position\":1,\"name\":\"Trang ch\u1ee7\",\"item\":\"https:\\\/\\\/phukienmattroi.com\\\/\"},{\"@type\":\"ListItem\",\"position\":2,\"name\":\"Ch\u00ednh s\u00e1ch b\u1ea3o v\u1ec7 th\u00f4ng tin c\u00e1 nh\u00e2n:\"}]},{\"@type\":\"WebSite\",\"@id\":\"https:\\\/\\\/phukienmattroi.com\\\/#website\",\"url\":\"https:\\\/\\\/phukienmattroi.com\\\/\",\"name\":\"Ph\u1ee5 Ki\u1ec7n M\u1eb7t Tr\u1eddi\",\"description\":\"Ph\u1ee5 Ki\u1ec7n M\u1eb7t Tr\u1eddi\",\"publisher\":{\"@id\":\"https:\\\/\\\/phukienmattroi.com\\\/#organization\"},\"potentialAction\":[{\"@type\":\"SearchAction\",\"target\":{\"@type\":\"EntryPoint\",\"urlTemplate\":\"https:\\\/\\\/phukienmattroi.com\\\/?s={search_term_string}\"},\"query-input\":{\"@type\":\"PropertyValueSpecification\",\"valueRequired\":true,\"valueName\":\"search_term_string\"}}],\"inLanguage\":\"vi\"},{\"@type\":\"Organization\",\"@id\":\"https:\\\/\\\/phukienmattroi.com\\\/#organization\",\"name\":\"Ph\u1ee5 Ki\u1ec7n M\u1eb7t Tr\u1eddi\",\"url\":\"https:\\\/\\\/phukienmattroi.com\\\/\",\"logo\":{\"@type\":\"ImageObject\",\"inLanguage\":\"vi\",\"@id\":\"https:\\\/\\\/phukienmattroi.com\\\/#\\\/schema\\\/logo\\\/image\\\/\",\"url\":\"https:\\\/\\\/phukienmattroi.com\\\/wp-content\\\/uploads\\\/2024\\\/03\\\/TBMT-logo3-1.png\",\"contentUrl\":\"https:\\\/\\\/phukienmattroi.com\\\/wp-content\\\/uploads\\\/2024\\\/03\\\/TBMT-logo3-1.png\",\"width\":3946,\"height\":1403,\"caption\":\"Ph\u1ee5 Ki\u1ec7n M\u1eb7t Tr\u1eddi\"},\"image\":{\"@id\":\"https:\\\/\\\/phukienmattroi.com\\\/#\\\/schema\\\/logo\\\/image\\\/\"},\"sameAs\":[\"https:\\\/\\\/www.facebook.com\\\/phukienmattroisolar\"]}]}<\/script>\n<!-- \/ Yoast SEO Premium plugin. -->","yoast_head_json":{"title":"Ch\u00ednh s\u00e1ch b\u1ea3o v\u1ec7 th\u00f4ng tin c\u00e1 nh\u00e2n: - Ph\u1ee5 Ki\u1ec7n M\u1eb7t Tr\u1eddi","robots":{"index":"index","follow":"follow","max-snippet":"max-snippet:-1","max-image-preview":"max-image-preview:large","max-video-preview":"max-video-preview:-1"},"canonical":"https:\/\/phukienmattroi.com\/index.php\/vi\/chinh-sach-bao-ve-thong-tin-ca-nhan\/","og_locale":"vi_VN","og_type":"article","og_title":"Ch\u00ednh s\u00e1ch b\u1ea3o v\u1ec7 th\u00f4ng tin c\u00e1 nh\u00e2n:","og_description":"a) M\u1ee5c \u0111\u00edch thu th\u1eadp th\u00f4ng tin c\u00e1 nh\u00e2n: b) Ph\u1ea1m vi s\u1eed d\u1ee5ng th\u00f4ng tin: c) Th\u1eddi gian l\u01b0u tr\u1eef th\u00f4ng tin: d) Nh\u1eefng ng\u01b0\u1eddi ho\u1eb7c t\u1ed5 ch\u1ee9c c\u00f3","og_url":"https:\/\/phukienmattroi.com\/index.php\/vi\/chinh-sach-bao-ve-thong-tin-ca-nhan\/","og_site_name":"Ph\u1ee5 Ki\u1ec7n M\u1eb7t Tr\u1eddi","article_publisher":"https:\/\/www.facebook.com\/phukienmattroisolar","article_modified_time":"2024-08-15T10:10:18+00:00","twitter_card":"summary_large_image","twitter_misc":{"\u01af\u1edbc t\u00ednh th\u1eddi gian \u0111\u1ecdc":"4 ph\u00fat"},"schema":{"@context":"https:\/\/schema.org","@graph":[{"@type":"WebPage","@id":"https:\/\/phukienmattroi.com\/index.php\/vi\/chinh-sach-bao-ve-thong-tin-ca-nhan\/","url":"https:\/\/phukienmattroi.com\/index.php\/vi\/chinh-sach-bao-ve-thong-tin-ca-nhan\/","name":"Ch\u00ednh s\u00e1ch b\u1ea3o v\u1ec7 th\u00f4ng tin c\u00e1 nh\u00e2n: - Ph\u1ee5 Ki\u1ec7n M\u1eb7t Tr\u1eddi","isPartOf":{"@id":"https:\/\/phukienmattroi.com\/#website"},"datePublished":"2024-04-17T00:49:29+00:00","dateModified":"2024-08-15T10:10:18+00:00","breadcrumb":{"@id":"https:\/\/phukienmattroi.com\/index.php\/vi\/chinh-sach-bao-ve-thong-tin-ca-nhan\/#breadcrumb"},"inLanguage":"vi","potentialAction":[{"@type":"ReadAction","target":["https:\/\/phukienmattroi.com\/index.php\/vi\/chinh-sach-bao-ve-thong-tin-ca-nhan\/"]}]},{"@type":"BreadcrumbList","@id":"https:\/\/phukienmattroi.com\/index.php\/vi\/chinh-sach-bao-ve-thong-tin-ca-nhan\/#breadcrumb","itemListElement":[{"@type":"ListItem","position":1,"name":"Trang ch\u1ee7","item":"https:\/\/phukienmattroi.com\/"},{"@type":"ListItem","position":2,"name":"Ch\u00ednh s\u00e1ch b\u1ea3o v\u1ec7 th\u00f4ng tin c\u00e1 nh\u00e2n:"}]},{"@type":"WebSite","@id":"https:\/\/phukienmattroi.com\/#website","url":"https:\/\/phukienmattroi.com\/","name":"Ph\u1ee5 Ki\u1ec7n M\u1eb7t Tr\u1eddi","description":"Ph\u1ee5 Ki\u1ec7n M\u1eb7t Tr\u1eddi","publisher":{"@id":"https:\/\/phukienmattroi.com\/#organization"},"potentialAction":[{"@type":"SearchAction","target":{"@type":"EntryPoint","urlTemplate":"https:\/\/phukienmattroi.com\/?s={search_term_string}"},"query-input":{"@type":"PropertyValueSpecification","valueRequired":true,"valueName":"search_term_string"}}],"inLanguage":"vi"},{"@type":"Organization","@id":"https:\/\/phukienmattroi.com\/#organization","name":"Ph\u1ee5 Ki\u1ec7n M\u1eb7t Tr\u1eddi","url":"https:\/\/phukienmattroi.com\/","logo":{"@type":"ImageObject","inLanguage":"vi","@id":"https:\/\/phukienmattroi.com\/#\/schema\/logo\/image\/","url":"https:\/\/phukienmattroi.com\/wp-content\/uploads\/2024\/03\/TBMT-logo3-1.png","contentUrl":"https:\/\/phukienmattroi.com\/wp-content\/uploads\/2024\/03\/TBMT-logo3-1.png","width":3946,"height":1403,"caption":"Ph\u1ee5 Ki\u1ec7n M\u1eb7t Tr\u1eddi"},"image":{"@id":"https:\/\/phukienmattroi.com\/#\/schema\/logo\/image\/"},"sameAs":["https:\/\/www.facebook.com\/phukienmattroisolar"]}]}},"jetpack_sharing_enabled":true,"_links":{"self":[{"href":"https:\/\/phukienmattroi.com\/index.php\/wp-json\/wp\/v2\/pages\/5989","targetHints":{"allow":["GET"]}}],"collection":[{"href":"https:\/\/phukienmattroi.com\/index.php\/wp-json\/wp\/v2\/pages"}],"about":[{"href":"https:\/\/phukienmattroi.com\/index.php\/wp-json\/wp\/v2\/types\/page"}],"author":[{"embeddable":true,"href":"https:\/\/phukienmattroi.com\/index.php\/wp-json\/wp\/v2\/users\/1"}],"replies":[{"embeddable":true,"href":"https:\/\/phukienmattroi.com\/index.php\/wp-json\/wp\/v2\/comments?post=5989"}],"version-history":[{"count":1,"href":"https:\/\/phukienmattroi.com\/index.php\/wp-json\/wp\/v2\/pages\/5989\/revisions"}],"predecessor-version":[{"id":5990,"href":"https:\/\/phukienmattroi.com\/index.php\/wp-json\/wp\/v2\/pages\/5989\/revisions\/5990"}],"wp:attachment":[{"href":"https:\/\/phukienmattroi.com\/index.php\/wp-json\/wp\/v2\/media?parent=5989"}],"curies":[{"name":"wp","href":"https:\/\/api.w.org\/{rel}","templated":true}]}}