{"id":5985,"date":"2024-04-17T07:03:53","date_gmt":"2024-04-17T00:03:53","guid":{"rendered":"https:\/\/phukienmattroi.com\/?page_id=5985"},"modified":"2024-08-15T17:10:19","modified_gmt":"2024-08-15T10:10:19","slug":"phuong-thuc-thanh-toan","status":"publish","type":"page","link":"https:\/\/phukienmattroi.com\/index.php\/phuong-thuc-thanh-toan\/","title":{"rendered":"Ph\u01b0\u01a1ng th\u1ee9c thanh to\u00e1n:"},"content":{"rendered":"\n<ul class=\"wp-block-list\">\n<li><strong>Thanh to\u00e1n tr\u1ef1c tuy\u1ebfn:<\/strong>\u00a0Kh\u00e1ch h\u00e0ng c\u00f3 th\u1ec3 thanh to\u00e1n tr\u1ef1c tuy\u1ebfn b\u1eb1ng th\u1ebb t\u00edn d\u1ee5ng\/ghi n\u1ee3, v\u00ed \u0111i\u1ec7n t\u1eed ho\u1eb7c chuy\u1ec3n kho\u1ea3n ng\u00e2n h\u00e0ng. Qua Techcombank: <strong>C\u00f4ng ty TNHH s\u1ef1 ki\u1ec7n truy\u1ec1n th\u00f4ng T\u00e2y Nguy\u00ean Media<\/strong>, s\u1ed1 t\u00e0i kho\u1ea3n: <strong>2727 4444<\/strong>.<\/li>\n\n\n\n<li><strong>Thanh to\u00e1n khi nh\u1eadn h\u00e0ng (COD):<\/strong>\u00a0Kh\u00e1ch h\u00e0ng s\u1ebd thanh to\u00e1n cho nh\u00e2n vi\u00ean giao h\u00e0ng khi nh\u1eadn \u0111\u01b0\u1ee3c h\u00e0ng h\u00f3a.<\/li>\n\n\n\n<li><strong>Thanh to\u00e1n t\u1ea1i c\u1eeda h\u00e0ng:<\/strong>\u00a0Kh\u00e1ch h\u00e0ng c\u00f3 th\u1ec3 \u0111\u1ebfn c\u00e1c c\u1eeda h\u00e0ng <strong>Ph\u1ee5 Ki\u1ec7n M\u1eb7t Tr\u1eddi<\/strong> c\u1ee7a c\u00f4ng ty \u0111\u1ec3 thanh to\u00e1n v\u00e0 nh\u1eadn h\u00e0ng tr\u1ef1c ti\u1ebfp.<\/li>\n<\/ul>\n","protected":false},"excerpt":{"rendered":"Thanh to\u00e1n tr\u1ef1c tuy\u1ebfn:\u00a0Kh\u00e1ch h\u00e0ng c\u00f3 th\u1ec3 thanh to\u00e1n tr\u1ef1c tuy\u1ebfn b\u1eb1ng th\u1ebb t\u00edn d\u1ee5ng\/ghi n\u1ee3, v\u00ed \u0111i\u1ec7n t\u1eed ho\u1eb7c chuy\u1ec3n kho\u1ea3n ng\u00e2n h\u00e0ng. Qua Techcombank: C\u00f4ng ty TNHH s\u1ef1","protected":false},"author":1,"featured_media":0,"parent":0,"menu_order":0,"comment_status":"closed","ping_status":"closed","template":"","meta":{"footnotes":""},"class_list":["post-5985","page","type-page","status-publish","hentry"],"yoast_head":"<!-- This site is optimized with the Yoast SEO Premium plugin v22.6 (Yoast SEO v27.4) - https:\/\/yoast.com\/product\/yoast-seo-premium-wordpress\/ -->\n<title>Ph\u01b0\u01a1ng th\u1ee9c thanh to\u00e1n: - Ph\u1ee5 Ki\u1ec7n M\u1eb7t Tr\u1eddi<\/title>\n<meta name=\"robots\" content=\"index, follow, max-snippet:-1, max-image-preview:large, max-video-preview:-1\" \/>\n<link rel=\"canonical\" href=\"https:\/\/phukienmattroi.com\/index.php\/vi\/phuong-thuc-thanh-toan\/\" \/>\n<meta property=\"og:locale\" content=\"vi_VN\" \/>\n<meta property=\"og:type\" content=\"article\" \/>\n<meta property=\"og:title\" content=\"Ph\u01b0\u01a1ng th\u1ee9c thanh to\u00e1n:\" \/>\n<meta property=\"og:url\" content=\"https:\/\/phukienmattroi.com\/index.php\/vi\/phuong-thuc-thanh-toan\/\" \/>\n<meta property=\"og:site_name\" content=\"Ph\u1ee5 Ki\u1ec7n M\u1eb7t Tr\u1eddi\" \/>\n<meta property=\"article:publisher\" content=\"https:\/\/www.facebook.com\/phukienmattroisolar\" \/>\n<meta property=\"article:modified_time\" content=\"2024-08-15T10:10:19+00:00\" \/>\n<meta name=\"twitter:card\" content=\"summary_large_image\" \/>\n<meta name=\"twitter:label1\" content=\"\u01af\u1edbc t\u00ednh th\u1eddi gian \u0111\u1ecdc\" \/>\n\t<meta name=\"twitter:data1\" content=\"1 ph\u00fat\" \/>\n<script type=\"application\/ld+json\" class=\"yoast-schema-graph\">{\"@context\":\"https:\\\/\\\/schema.org\",\"@graph\":[{\"@type\":\"WebPage\",\"@id\":\"https:\\\/\\\/phukienmattroi.com\\\/index.php\\\/vi\\\/phuong-thuc-thanh-toan\\\/\",\"url\":\"https:\\\/\\\/phukienmattroi.com\\\/index.php\\\/vi\\\/phuong-thuc-thanh-toan\\\/\",\"name\":\"Ph\u01b0\u01a1ng th\u1ee9c thanh to\u00e1n: - Ph\u1ee5 Ki\u1ec7n M\u1eb7t Tr\u1eddi\",\"isPartOf\":{\"@id\":\"https:\\\/\\\/phukienmattroi.com\\\/#website\"},\"datePublished\":\"2024-04-17T00:03:53+00:00\",\"dateModified\":\"2024-08-15T10:10:19+00:00\",\"breadcrumb\":{\"@id\":\"https:\\\/\\\/phukienmattroi.com\\\/index.php\\\/vi\\\/phuong-thuc-thanh-toan\\\/#breadcrumb\"},\"inLanguage\":\"vi\",\"potentialAction\":[{\"@type\":\"ReadAction\",\"target\":[\"https:\\\/\\\/phukienmattroi.com\\\/index.php\\\/vi\\\/phuong-thuc-thanh-toan\\\/\"]}]},{\"@type\":\"BreadcrumbList\",\"@id\":\"https:\\\/\\\/phukienmattroi.com\\\/index.php\\\/vi\\\/phuong-thuc-thanh-toan\\\/#breadcrumb\",\"itemListElement\":[{\"@type\":\"ListItem\",\"position\":1,\"name\":\"Trang ch\u1ee7\",\"item\":\"https:\\\/\\\/phukienmattroi.com\\\/\"},{\"@type\":\"ListItem\",\"position\":2,\"name\":\"Ph\u01b0\u01a1ng th\u1ee9c thanh to\u00e1n:\"}]},{\"@type\":\"WebSite\",\"@id\":\"https:\\\/\\\/phukienmattroi.com\\\/#website\",\"url\":\"https:\\\/\\\/phukienmattroi.com\\\/\",\"name\":\"Ph\u1ee5 Ki\u1ec7n M\u1eb7t Tr\u1eddi\",\"description\":\"Ph\u1ee5 Ki\u1ec7n M\u1eb7t Tr\u1eddi\",\"publisher\":{\"@id\":\"https:\\\/\\\/phukienmattroi.com\\\/#organization\"},\"potentialAction\":[{\"@type\":\"SearchAction\",\"target\":{\"@type\":\"EntryPoint\",\"urlTemplate\":\"https:\\\/\\\/phukienmattroi.com\\\/?s={search_term_string}\"},\"query-input\":{\"@type\":\"PropertyValueSpecification\",\"valueRequired\":true,\"valueName\":\"search_term_string\"}}],\"inLanguage\":\"vi\"},{\"@type\":\"Organization\",\"@id\":\"https:\\\/\\\/phukienmattroi.com\\\/#organization\",\"name\":\"Ph\u1ee5 Ki\u1ec7n M\u1eb7t Tr\u1eddi\",\"url\":\"https:\\\/\\\/phukienmattroi.com\\\/\",\"logo\":{\"@type\":\"ImageObject\",\"inLanguage\":\"vi\",\"@id\":\"https:\\\/\\\/phukienmattroi.com\\\/#\\\/schema\\\/logo\\\/image\\\/\",\"url\":\"https:\\\/\\\/phukienmattroi.com\\\/wp-content\\\/uploads\\\/2024\\\/03\\\/TBMT-logo3-1.png\",\"contentUrl\":\"https:\\\/\\\/phukienmattroi.com\\\/wp-content\\\/uploads\\\/2024\\\/03\\\/TBMT-logo3-1.png\",\"width\":3946,\"height\":1403,\"caption\":\"Ph\u1ee5 Ki\u1ec7n M\u1eb7t Tr\u1eddi\"},\"image\":{\"@id\":\"https:\\\/\\\/phukienmattroi.com\\\/#\\\/schema\\\/logo\\\/image\\\/\"},\"sameAs\":[\"https:\\\/\\\/www.facebook.com\\\/phukienmattroisolar\"]}]}<\/script>\n<!-- \/ Yoast SEO Premium plugin. -->","yoast_head_json":{"title":"Ph\u01b0\u01a1ng th\u1ee9c thanh to\u00e1n: - Ph\u1ee5 Ki\u1ec7n M\u1eb7t Tr\u1eddi","robots":{"index":"index","follow":"follow","max-snippet":"max-snippet:-1","max-image-preview":"max-image-preview:large","max-video-preview":"max-video-preview:-1"},"canonical":"https:\/\/phukienmattroi.com\/index.php\/vi\/phuong-thuc-thanh-toan\/","og_locale":"vi_VN","og_type":"article","og_title":"Ph\u01b0\u01a1ng th\u1ee9c thanh to\u00e1n:","og_url":"https:\/\/phukienmattroi.com\/index.php\/vi\/phuong-thuc-thanh-toan\/","og_site_name":"Ph\u1ee5 Ki\u1ec7n M\u1eb7t Tr\u1eddi","article_publisher":"https:\/\/www.facebook.com\/phukienmattroisolar","article_modified_time":"2024-08-15T10:10:19+00:00","twitter_card":"summary_large_image","twitter_misc":{"\u01af\u1edbc t\u00ednh th\u1eddi gian \u0111\u1ecdc":"1 ph\u00fat"},"schema":{"@context":"https:\/\/schema.org","@graph":[{"@type":"WebPage","@id":"https:\/\/phukienmattroi.com\/index.php\/vi\/phuong-thuc-thanh-toan\/","url":"https:\/\/phukienmattroi.com\/index.php\/vi\/phuong-thuc-thanh-toan\/","name":"Ph\u01b0\u01a1ng th\u1ee9c thanh to\u00e1n: - Ph\u1ee5 Ki\u1ec7n M\u1eb7t Tr\u1eddi","isPartOf":{"@id":"https:\/\/phukienmattroi.com\/#website"},"datePublished":"2024-04-17T00:03:53+00:00","dateModified":"2024-08-15T10:10:19+00:00","breadcrumb":{"@id":"https:\/\/phukienmattroi.com\/index.php\/vi\/phuong-thuc-thanh-toan\/#breadcrumb"},"inLanguage":"vi","potentialAction":[{"@type":"ReadAction","target":["https:\/\/phukienmattroi.com\/index.php\/vi\/phuong-thuc-thanh-toan\/"]}]},{"@type":"BreadcrumbList","@id":"https:\/\/phukienmattroi.com\/index.php\/vi\/phuong-thuc-thanh-toan\/#breadcrumb","itemListElement":[{"@type":"ListItem","position":1,"name":"Trang ch\u1ee7","item":"https:\/\/phukienmattroi.com\/"},{"@type":"ListItem","position":2,"name":"Ph\u01b0\u01a1ng th\u1ee9c thanh to\u00e1n:"}]},{"@type":"WebSite","@id":"https:\/\/phukienmattroi.com\/#website","url":"https:\/\/phukienmattroi.com\/","name":"Ph\u1ee5 Ki\u1ec7n M\u1eb7t Tr\u1eddi","description":"Ph\u1ee5 Ki\u1ec7n M\u1eb7t Tr\u1eddi","publisher":{"@id":"https:\/\/phukienmattroi.com\/#organization"},"potentialAction":[{"@type":"SearchAction","target":{"@type":"EntryPoint","urlTemplate":"https:\/\/phukienmattroi.com\/?s={search_term_string}"},"query-input":{"@type":"PropertyValueSpecification","valueRequired":true,"valueName":"search_term_string"}}],"inLanguage":"vi"},{"@type":"Organization","@id":"https:\/\/phukienmattroi.com\/#organization","name":"Ph\u1ee5 Ki\u1ec7n M\u1eb7t Tr\u1eddi","url":"https:\/\/phukienmattroi.com\/","logo":{"@type":"ImageObject","inLanguage":"vi","@id":"https:\/\/phukienmattroi.com\/#\/schema\/logo\/image\/","url":"https:\/\/phukienmattroi.com\/wp-content\/uploads\/2024\/03\/TBMT-logo3-1.png","contentUrl":"https:\/\/phukienmattroi.com\/wp-content\/uploads\/2024\/03\/TBMT-logo3-1.png","width":3946,"height":1403,"caption":"Ph\u1ee5 Ki\u1ec7n M\u1eb7t Tr\u1eddi"},"image":{"@id":"https:\/\/phukienmattroi.com\/#\/schema\/logo\/image\/"},"sameAs":["https:\/\/www.facebook.com\/phukienmattroisolar"]}]}},"jetpack_sharing_enabled":true,"_links":{"self":[{"href":"https:\/\/phukienmattroi.com\/index.php\/wp-json\/wp\/v2\/pages\/5985","targetHints":{"allow":["GET"]}}],"collection":[{"href":"https:\/\/phukienmattroi.com\/index.php\/wp-json\/wp\/v2\/pages"}],"about":[{"href":"https:\/\/phukienmattroi.com\/index.php\/wp-json\/wp\/v2\/types\/page"}],"author":[{"embeddable":true,"href":"https:\/\/phukienmattroi.com\/index.php\/wp-json\/wp\/v2\/users\/1"}],"replies":[{"embeddable":true,"href":"https:\/\/phukienmattroi.com\/index.php\/wp-json\/wp\/v2\/comments?post=5985"}],"version-history":[{"count":1,"href":"https:\/\/phukienmattroi.com\/index.php\/wp-json\/wp\/v2\/pages\/5985\/revisions"}],"predecessor-version":[{"id":5988,"href":"https:\/\/phukienmattroi.com\/index.php\/wp-json\/wp\/v2\/pages\/5985\/revisions\/5988"}],"wp:attachment":[{"href":"https:\/\/phukienmattroi.com\/index.php\/wp-json\/wp\/v2\/media?parent=5985"}],"curies":[{"name":"wp","href":"https:\/\/api.w.org\/{rel}","templated":true}]}}