{"id":5983,"date":"2024-04-17T06:49:24","date_gmt":"2024-04-16T23:49:24","guid":{"rendered":"https:\/\/phukienmattroi.com\/?page_id=5983"},"modified":"2024-08-15T17:10:28","modified_gmt":"2024-08-15T10:10:28","slug":"van-chuyen-va-giao-nhan","status":"publish","type":"page","link":"https:\/\/phukienmattroi.com\/index.php\/van-chuyen-va-giao-nhan\/","title":{"rendered":"V\u1eadn chuy\u1ec3n v\u00e0 giao nh\u1eadn"},"content":{"rendered":"\n<p><strong>a) C\u00e1c ph\u01b0\u01a1ng th\u1ee9c giao h\u00e0ng ho\u1eb7c cung \u1ee9ng d\u1ecbch v\u1ee5:<\/strong><\/p>\n\n\n\n<ul class=\"wp-block-list\">\n<li><strong>Giao h\u00e0ng t\u1eadn n\u01a1i:<\/strong> Qua c\u00e1c nh\u00e0 v\u1eadn chuy\u1ec3n nh\u01b0 B\u01b0u \u0111i\u1ec7n Vi\u1ec7t Nam, Viettel Post&#8230; ho\u1eb7c c\u00e1c d\u1ecbch v\u1ee5 giao h\u00e0ng theo gi\u1edd nh\u01b0 Grab, Gojek, v.v.<\/li>\n\n\n\n<li><strong>Nh\u1eadn t\u1ea1i kho:<\/strong> Kh\u00e1ch h\u00e0ng c\u00f3 th\u1ec3 ch\u1ecdn \u0111\u1ebfn kho h\u00e0ng c\u1ee7a b\u1ea1n \u0111\u1ec3 t\u1ef1 l\u1ea5y s\u1ea3n ph\u1ea9m.<\/li>\n<\/ul>\n\n\n\n<p><strong>b) Th\u1eddi h\u1ea1n \u01b0\u1edbc t\u00ednh cho vi\u1ec7c giao h\u00e0ng ho\u1eb7c cung \u1ee9ng d\u1ecbch v\u1ee5, c\u00f3 t\u00ednh \u0111\u1ebfn y\u1ebfu t\u1ed1 kho\u1ea3ng c\u00e1ch \u0111\u1ecba l\u00fd v\u00e0 ph\u01b0\u01a1ng th\u1ee9c giao h\u00e0ng:<\/strong><\/p>\n\n\n\n<ul class=\"wp-block-list\">\n<li><strong>Giao h\u00e0ng n\u1ed9i \u0111\u1ecba:<\/strong>\n<ul class=\"wp-block-list\">\n<li>Mi\u1ec1n B\u1eafc: 3-7 ng\u00e0y l\u00e0m vi\u1ec7c<\/li>\n\n\n\n<li>Mi\u1ec1n Trung: 2-5 ng\u00e0y l\u00e0m vi\u1ec7c<\/li>\n\n\n\n<li>Mi\u1ec1n Nam: 3-7 ng\u00e0y l\u00e0m vi\u1ec7c<\/li>\n<\/ul>\n<\/li>\n\n\n\n<li><strong>Giao h\u00e0ng qu\u1ed1c t\u1ebf:<\/strong>\n<ul class=\"wp-block-list\">\n<li>Th\u1eddi gian giao h\u00e0ng c\u00f3 th\u1ec3 thay \u0111\u1ed5i t\u00f9y theo qu\u1ed1c gia \u0111\u00edch.<\/li>\n<\/ul>\n<\/li>\n<\/ul>\n\n\n\n<p><strong>c) C\u00e1c gi\u1edbi h\u1ea1n v\u1ec1 m\u1eb7t \u0111\u1ecba l\u00fd cho vi\u1ec7c giao h\u00e0ng ho\u1eb7c cung \u1ee9ng d\u1ecbch v\u1ee5, n\u1ebfu c\u00f3:<\/strong><\/p>\n\n\n\n<p><strong>d) Ph\u00e2n \u0111\u1ecbnh tr\u00e1ch nhi\u1ec7m c\u1ee7a th\u01b0\u01a1ng nh\u00e2n, t\u1ed5 ch\u1ee9c cung \u1ee9ng d\u1ecbch v\u1ee5 logistics v\u1ec1 cung c\u1ea5p ch\u1ee9ng t\u1eeb h\u00e0ng h\u00f3a trong qu\u00e1 tr\u00ecnh giao nh\u1eadn:<\/strong><\/p>\n\n\n\n<ul class=\"wp-block-list\">\n<li><strong>Th\u01b0\u01a1ng nh\u00e2n, t\u1ed5 ch\u1ee9c cung \u1ee9ng d\u1ecbch v\u1ee5 logistics<\/strong> c\u00f3 tr\u00e1ch nhi\u1ec7m cung c\u1ea5p cho kh\u00e1ch h\u00e0ng c\u00e1c ch\u1ee9ng t\u1eeb h\u00e0ng h\u00f3a c\u1ea7n thi\u1ebft, bao g\u1ed3m h\u00f3a \u0111\u01a1n, ch\u1ee9ng t\u1eeb b\u1ea3o h\u00e0nh, ch\u1ee9ng nh\u1eadn xu\u1ea5t x\u1ee9, v.v.<\/li>\n\n\n\n<li><strong>Kh\u00e1ch h\u00e0ng<\/strong> c\u00f3 tr\u00e1ch nhi\u1ec7m ki\u1ec3m tra k\u1ef9 l\u01b0\u1ee1ng c\u00e1c ch\u1ee9ng t\u1eeb h\u00e0ng h\u00f3a tr\u01b0\u1edbc khi nh\u1eadn h\u00e0ng. N\u1ebfu kh\u00e1ch h\u00e0ng ph\u00e1t hi\u1ec7n b\u1ea5t k\u1ef3 sai s\u00f3t n\u00e0o, n\u00ean th\u00f4ng b\u00e1o cho th\u01b0\u01a1ng nh\u00e2n, t\u1ed5 ch\u1ee9c cung \u1ee9ng d\u1ecbch v\u1ee5 logistics ngay l\u1eadp t\u1ee9c v\u00e0 th\u00f4ng b\u00e1o ngay cho shop 0933.007.927 \u0111\u1ec3 c\u00f3 ph\u01b0\u01a1ng th\u1ee9c x\u1eef l\u00fd h\u1ee3p l\u00fd nh\u1ea5t.<\/li>\n<\/ul>\n\n\n\n<p><\/p>\n","protected":false},"excerpt":{"rendered":"<p>a) C\u00e1c ph\u01b0\u01a1ng th\u1ee9c giao h\u00e0ng ho\u1eb7c cung \u1ee9ng d\u1ecbch v\u1ee5: b) Th\u1eddi h\u1ea1n \u01b0\u1edbc t\u00ednh cho vi\u1ec7c giao h\u00e0ng ho\u1eb7c cung \u1ee9ng d\u1ecbch v\u1ee5, c\u00f3 t\u00ednh \u0111\u1ebfn y\u1ebfu t\u1ed1<\/p>\n","protected":false},"author":1,"featured_media":0,"parent":0,"menu_order":0,"comment_status":"closed","ping_status":"closed","template":"","meta":{"footnotes":""},"class_list":["post-5983","page","type-page","status-publish","hentry"],"yoast_head":"<!-- This site is optimized with the Yoast SEO Premium plugin v22.6 (Yoast SEO v27.3) - https:\/\/yoast.com\/product\/yoast-seo-premium-wordpress\/ -->\n<title>V\u1eadn chuy\u1ec3n v\u00e0 giao nh\u1eadn - Ph\u1ee5 Ki\u1ec7n M\u1eb7t Tr\u1eddi<\/title>\n<meta name=\"robots\" content=\"index, follow, max-snippet:-1, max-image-preview:large, max-video-preview:-1\" \/>\n<link rel=\"canonical\" href=\"https:\/\/phukienmattroi.com\/index.php\/vi\/van-chuyen-va-giao-nhan\/\" \/>\n<meta property=\"og:locale\" content=\"vi_VN\" \/>\n<meta property=\"og:type\" content=\"article\" \/>\n<meta property=\"og:title\" content=\"V\u1eadn chuy\u1ec3n v\u00e0 giao nh\u1eadn\" \/>\n<meta property=\"og:description\" content=\"a) C\u00e1c ph\u01b0\u01a1ng th\u1ee9c giao h\u00e0ng ho\u1eb7c cung \u1ee9ng d\u1ecbch v\u1ee5: b) Th\u1eddi h\u1ea1n \u01b0\u1edbc t\u00ednh cho vi\u1ec7c giao h\u00e0ng ho\u1eb7c cung \u1ee9ng d\u1ecbch v\u1ee5, c\u00f3 t\u00ednh \u0111\u1ebfn y\u1ebfu t\u1ed1\" \/>\n<meta property=\"og:url\" content=\"https:\/\/phukienmattroi.com\/index.php\/vi\/van-chuyen-va-giao-nhan\/\" \/>\n<meta property=\"og:site_name\" content=\"Ph\u1ee5 Ki\u1ec7n M\u1eb7t Tr\u1eddi\" \/>\n<meta property=\"article:publisher\" content=\"https:\/\/www.facebook.com\/phukienmattroisolar\" \/>\n<meta property=\"article:modified_time\" content=\"2024-08-15T10:10:28+00:00\" \/>\n<meta name=\"twitter:card\" content=\"summary_large_image\" \/>\n<meta name=\"twitter:label1\" content=\"\u01af\u1edbc t\u00ednh th\u1eddi gian \u0111\u1ecdc\" \/>\n\t<meta name=\"twitter:data1\" content=\"2 ph\u00fat\" \/>\n<script type=\"application\/ld+json\" class=\"yoast-schema-graph\">{\"@context\":\"https:\\\/\\\/schema.org\",\"@graph\":[{\"@type\":\"WebPage\",\"@id\":\"https:\\\/\\\/phukienmattroi.com\\\/index.php\\\/vi\\\/van-chuyen-va-giao-nhan\\\/\",\"url\":\"https:\\\/\\\/phukienmattroi.com\\\/index.php\\\/vi\\\/van-chuyen-va-giao-nhan\\\/\",\"name\":\"V\u1eadn chuy\u1ec3n v\u00e0 giao nh\u1eadn - Ph\u1ee5 Ki\u1ec7n M\u1eb7t Tr\u1eddi\",\"isPartOf\":{\"@id\":\"https:\\\/\\\/phukienmattroi.com\\\/#website\"},\"datePublished\":\"2024-04-16T23:49:24+00:00\",\"dateModified\":\"2024-08-15T10:10:28+00:00\",\"breadcrumb\":{\"@id\":\"https:\\\/\\\/phukienmattroi.com\\\/index.php\\\/vi\\\/van-chuyen-va-giao-nhan\\\/#breadcrumb\"},\"inLanguage\":\"vi\",\"potentialAction\":[{\"@type\":\"ReadAction\",\"target\":[\"https:\\\/\\\/phukienmattroi.com\\\/index.php\\\/vi\\\/van-chuyen-va-giao-nhan\\\/\"]}]},{\"@type\":\"BreadcrumbList\",\"@id\":\"https:\\\/\\\/phukienmattroi.com\\\/index.php\\\/vi\\\/van-chuyen-va-giao-nhan\\\/#breadcrumb\",\"itemListElement\":[{\"@type\":\"ListItem\",\"position\":1,\"name\":\"Trang ch\u1ee7\",\"item\":\"https:\\\/\\\/phukienmattroi.com\\\/\"},{\"@type\":\"ListItem\",\"position\":2,\"name\":\"V\u1eadn chuy\u1ec3n v\u00e0 giao nh\u1eadn\"}]},{\"@type\":\"WebSite\",\"@id\":\"https:\\\/\\\/phukienmattroi.com\\\/#website\",\"url\":\"https:\\\/\\\/phukienmattroi.com\\\/\",\"name\":\"Ph\u1ee5 Ki\u1ec7n M\u1eb7t Tr\u1eddi\",\"description\":\"Ph\u1ee5 Ki\u1ec7n M\u1eb7t Tr\u1eddi\",\"publisher\":{\"@id\":\"https:\\\/\\\/phukienmattroi.com\\\/#organization\"},\"potentialAction\":[{\"@type\":\"SearchAction\",\"target\":{\"@type\":\"EntryPoint\",\"urlTemplate\":\"https:\\\/\\\/phukienmattroi.com\\\/?s={search_term_string}\"},\"query-input\":{\"@type\":\"PropertyValueSpecification\",\"valueRequired\":true,\"valueName\":\"search_term_string\"}}],\"inLanguage\":\"vi\"},{\"@type\":\"Organization\",\"@id\":\"https:\\\/\\\/phukienmattroi.com\\\/#organization\",\"name\":\"Ph\u1ee5 Ki\u1ec7n M\u1eb7t Tr\u1eddi\",\"url\":\"https:\\\/\\\/phukienmattroi.com\\\/\",\"logo\":{\"@type\":\"ImageObject\",\"inLanguage\":\"vi\",\"@id\":\"https:\\\/\\\/phukienmattroi.com\\\/#\\\/schema\\\/logo\\\/image\\\/\",\"url\":\"https:\\\/\\\/phukienmattroi.com\\\/wp-content\\\/uploads\\\/2024\\\/03\\\/TBMT-logo3-1.png\",\"contentUrl\":\"https:\\\/\\\/phukienmattroi.com\\\/wp-content\\\/uploads\\\/2024\\\/03\\\/TBMT-logo3-1.png\",\"width\":3946,\"height\":1403,\"caption\":\"Ph\u1ee5 Ki\u1ec7n M\u1eb7t Tr\u1eddi\"},\"image\":{\"@id\":\"https:\\\/\\\/phukienmattroi.com\\\/#\\\/schema\\\/logo\\\/image\\\/\"},\"sameAs\":[\"https:\\\/\\\/www.facebook.com\\\/phukienmattroisolar\"]}]}<\/script>\n<!-- \/ Yoast SEO Premium plugin. -->","yoast_head_json":{"title":"V\u1eadn chuy\u1ec3n v\u00e0 giao nh\u1eadn - Ph\u1ee5 Ki\u1ec7n M\u1eb7t Tr\u1eddi","robots":{"index":"index","follow":"follow","max-snippet":"max-snippet:-1","max-image-preview":"max-image-preview:large","max-video-preview":"max-video-preview:-1"},"canonical":"https:\/\/phukienmattroi.com\/index.php\/vi\/van-chuyen-va-giao-nhan\/","og_locale":"vi_VN","og_type":"article","og_title":"V\u1eadn chuy\u1ec3n v\u00e0 giao nh\u1eadn","og_description":"a) C\u00e1c ph\u01b0\u01a1ng th\u1ee9c giao h\u00e0ng ho\u1eb7c cung \u1ee9ng d\u1ecbch v\u1ee5: b) Th\u1eddi h\u1ea1n \u01b0\u1edbc t\u00ednh cho vi\u1ec7c giao h\u00e0ng ho\u1eb7c cung \u1ee9ng d\u1ecbch v\u1ee5, c\u00f3 t\u00ednh \u0111\u1ebfn y\u1ebfu t\u1ed1","og_url":"https:\/\/phukienmattroi.com\/index.php\/vi\/van-chuyen-va-giao-nhan\/","og_site_name":"Ph\u1ee5 Ki\u1ec7n M\u1eb7t Tr\u1eddi","article_publisher":"https:\/\/www.facebook.com\/phukienmattroisolar","article_modified_time":"2024-08-15T10:10:28+00:00","twitter_card":"summary_large_image","twitter_misc":{"\u01af\u1edbc t\u00ednh th\u1eddi gian \u0111\u1ecdc":"2 ph\u00fat"},"schema":{"@context":"https:\/\/schema.org","@graph":[{"@type":"WebPage","@id":"https:\/\/phukienmattroi.com\/index.php\/vi\/van-chuyen-va-giao-nhan\/","url":"https:\/\/phukienmattroi.com\/index.php\/vi\/van-chuyen-va-giao-nhan\/","name":"V\u1eadn chuy\u1ec3n v\u00e0 giao nh\u1eadn - Ph\u1ee5 Ki\u1ec7n M\u1eb7t Tr\u1eddi","isPartOf":{"@id":"https:\/\/phukienmattroi.com\/#website"},"datePublished":"2024-04-16T23:49:24+00:00","dateModified":"2024-08-15T10:10:28+00:00","breadcrumb":{"@id":"https:\/\/phukienmattroi.com\/index.php\/vi\/van-chuyen-va-giao-nhan\/#breadcrumb"},"inLanguage":"vi","potentialAction":[{"@type":"ReadAction","target":["https:\/\/phukienmattroi.com\/index.php\/vi\/van-chuyen-va-giao-nhan\/"]}]},{"@type":"BreadcrumbList","@id":"https:\/\/phukienmattroi.com\/index.php\/vi\/van-chuyen-va-giao-nhan\/#breadcrumb","itemListElement":[{"@type":"ListItem","position":1,"name":"Trang ch\u1ee7","item":"https:\/\/phukienmattroi.com\/"},{"@type":"ListItem","position":2,"name":"V\u1eadn chuy\u1ec3n v\u00e0 giao nh\u1eadn"}]},{"@type":"WebSite","@id":"https:\/\/phukienmattroi.com\/#website","url":"https:\/\/phukienmattroi.com\/","name":"Ph\u1ee5 Ki\u1ec7n M\u1eb7t Tr\u1eddi","description":"Ph\u1ee5 Ki\u1ec7n M\u1eb7t Tr\u1eddi","publisher":{"@id":"https:\/\/phukienmattroi.com\/#organization"},"potentialAction":[{"@type":"SearchAction","target":{"@type":"EntryPoint","urlTemplate":"https:\/\/phukienmattroi.com\/?s={search_term_string}"},"query-input":{"@type":"PropertyValueSpecification","valueRequired":true,"valueName":"search_term_string"}}],"inLanguage":"vi"},{"@type":"Organization","@id":"https:\/\/phukienmattroi.com\/#organization","name":"Ph\u1ee5 Ki\u1ec7n M\u1eb7t Tr\u1eddi","url":"https:\/\/phukienmattroi.com\/","logo":{"@type":"ImageObject","inLanguage":"vi","@id":"https:\/\/phukienmattroi.com\/#\/schema\/logo\/image\/","url":"https:\/\/phukienmattroi.com\/wp-content\/uploads\/2024\/03\/TBMT-logo3-1.png","contentUrl":"https:\/\/phukienmattroi.com\/wp-content\/uploads\/2024\/03\/TBMT-logo3-1.png","width":3946,"height":1403,"caption":"Ph\u1ee5 Ki\u1ec7n M\u1eb7t Tr\u1eddi"},"image":{"@id":"https:\/\/phukienmattroi.com\/#\/schema\/logo\/image\/"},"sameAs":["https:\/\/www.facebook.com\/phukienmattroisolar"]}]}},"jetpack_sharing_enabled":true,"_links":{"self":[{"href":"https:\/\/phukienmattroi.com\/index.php\/wp-json\/wp\/v2\/pages\/5983","targetHints":{"allow":["GET"]}}],"collection":[{"href":"https:\/\/phukienmattroi.com\/index.php\/wp-json\/wp\/v2\/pages"}],"about":[{"href":"https:\/\/phukienmattroi.com\/index.php\/wp-json\/wp\/v2\/types\/page"}],"author":[{"embeddable":true,"href":"https:\/\/phukienmattroi.com\/index.php\/wp-json\/wp\/v2\/users\/1"}],"replies":[{"embeddable":true,"href":"https:\/\/phukienmattroi.com\/index.php\/wp-json\/wp\/v2\/comments?post=5983"}],"version-history":[{"count":1,"href":"https:\/\/phukienmattroi.com\/index.php\/wp-json\/wp\/v2\/pages\/5983\/revisions"}],"predecessor-version":[{"id":5984,"href":"https:\/\/phukienmattroi.com\/index.php\/wp-json\/wp\/v2\/pages\/5983\/revisions\/5984"}],"wp:attachment":[{"href":"https:\/\/phukienmattroi.com\/index.php\/wp-json\/wp\/v2\/media?parent=5983"}],"curies":[{"name":"wp","href":"https:\/\/api.w.org\/{rel}","templated":true}]}}