{"id":5927,"date":"2024-04-04T22:25:20","date_gmt":"2024-04-04T15:25:20","guid":{"rendered":"https:\/\/phukienmattroi.com\/?page_id=5927"},"modified":"2024-08-15T17:10:18","modified_gmt":"2024-08-15T10:10:18","slug":"chinh-sach-bao-hanh","status":"publish","type":"page","link":"https:\/\/phukienmattroi.com\/index.php\/chinh-sach-bao-hanh\/","title":{"rendered":"Ch\u00ednh s\u00e1ch b\u1ea3o h\u00e0nh"},"content":{"rendered":"\n<p>V\u1edbi ph\u01b0\u01a1ng ch\u00e2m Ch\u1ea5t l\u01b0\u1ee3ng l\u00e0m n\u00ean th\u01b0\u01a1ng hi\u1ec7u, <strong>Ph\u1ee5 Ki\u1ec7n M\u1eb7t Tr\u1eddi<\/strong> (<a href=\"http:\/\/www.phukienmattroi.com\">www.phukienmattroi.com<\/a>) th\u00e0nh l\u1eadp v\u00e0 t\u1ed3n t\u1ea1i l\u00e0 nh\u1edd s\u1ef1 t\u00edn nhi\u1ec7m c\u1ee7a Kh\u00e1ch h\u00e0ng. Ch\u00ednh y\u1ebfu t\u1ed1 n\u00e0y <strong>Ph\u1ee5 Ki\u1ec7n M\u1eb7t Tr\u1eddi<\/strong> \u0111\u00e3 kh\u00f4ng ng\u1eebng ph\u1ea7n \u0111\u1ea5u h\u01a1n n\u1eefa v\u00e0 kh\u00f4ng ng\u1eebng ph\u00e1t tri\u1ec3n \u0111\u1ebf \u0111em l\u1ea1i l\u1ee3i \u00edch cao nh\u1ea5t cho Kh\u00e1ch h\u00e0ng. Ch\u00fang t\u00f4i c\u00f3 ch\u00ednh s\u00e1ch b\u1ea3o h\u00e0nh s\u1ea3n ph\u1ea9m\/d\u1ecbch v\u1ee5 nh\u01b0 sau:<\/p>\n\n\n\n<p><strong>1. Th\u1eddi h\u1ea1n b\u1ea3o h\u00e0nh<\/strong><\/p>\n\n\n\n<p>Th\u1eddi gian b\u1ea3o h\u00e0nh \u0111\u01b0\u1ee3c th\u00f4ng tin c\u1ee5 th\u1ec3 \u1edf t\u1eebng s\u1ea3n ph\u1ea9m trong m\u1ee5c TH\u00d4NG S\u1ed0 K\u1ef8 THU\u1eacT c\u1ee7a s\u1ea3n ph\u1ea9m. V\u00e0 \u0111\u01b0\u1ee3c ghi ch\u00fa trong phi\u1ebfu b\u1ea3o h\u00e0nh v\u00e0 tem b\u1ea3o h\u00e0nh c\u1ee7a s\u1ea3n ph\u1ea9m sau khi mua h\u00e0ng. B\u1ea3o h\u00e0nh bao g\u1ed3m 02 h\u00ecnh th\u1ee9c:<\/p>\n\n\n\n<p><strong>1.1. B\u1ea3o h\u00e0nh \u0111\u1ed5i m\u1edbi (01 \u0111\u1ed5i 01)<\/strong><\/p>\n\n\n\n<p>T\u1eeb 1 th\u00e1ng \u0111\u1ebfn 12 th\u00e1ng t\u00f9y t\u1eebng lo\u1ea1i s\u1ea3n ph\u1ea9m.<\/p>\n\n\n\n<p>\u00c1p d\u1ee5ng ch\u00ednh s\u00e1ch 1 \u0111\u1ed5i 1 t\u1eadn nh\u00e0 trong 30 ng\u00e0y \u0111\u1ea7u ti\u00ean n\u1ebfu \u0111\u00e8n c\u00f3 l\u1ed7i k\u1ef9 thu\u1eadt. Ch\u00ednh s\u00e1ch \u00e1p d\u1ee5ng cho c\u00e1c \u0111\u01a1n h\u00e0ng do k\u1ef9 thu\u1eadt <strong>Ph\u1ee5 Ki\u1ec7n M\u1eb7t Tr\u1eddi<\/strong> l\u1eafp \u0111\u1eb7t.<\/p>\n\n\n\n<p><em>(***Tham kh\u1ea3o chi ti\u1ebft t\u1ea1i ph\u1ea7n th\u00f4ng s\u1ed1 k\u1ef9 thu\u1eadt c\u1ee7a s\u1ea3n ph\u1ea9m. C\u00e1c th\u01b0\u01a1ng hi\u1ec7u \u0111\u00e8n: Sokoyo, Blue Carbon, Jindian kh\u00f4ng \u00e1p d\u1ee5ng ch\u00ednh s\u00e1ch 1 \u0111\u1ed5i 1)<\/em><\/p>\n\n\n\n<p><strong>1.2. B\u1ea3o h\u00e0nh s\u1eeda ch\u1eefa<\/strong><\/p>\n\n\n\n<ul class=\"wp-block-list\">\n<li>C\u00e1c s\u1ea3n ph\u1ea9m \u0111\u00e8n chi\u1ebfu s\u00e1ng n\u0103ng l\u01b0\u1ee3ng m\u1eb7t tr\u1eddi c\u00f3 th\u1eddi gian b\u1ea3o h\u00e0nh t\u1eeb 1 n\u0103m \u0111\u1ebfn 5 n\u0103m t\u00f9y v\u00e0o lo\u1ea1i s\u1ea3n ph\u1ea9m.<\/li>\n\n\n\n<li>C\u00e1c s\u1ea3n ph\u1ea9m \u0111\u00e8n trang tr\u00ed n\u0103ng l\u01b0\u1ee3ng m\u1eb7t tr\u1eddi c\u00f3 th\u1eddi gian b\u1ea3o h\u00e0nh t\u1eeb 3 th\u00e1ng \u0111\u1ebfn 24 th\u00e1ng tu\u1ef3 v\u00e0o lo\u1ea1i s\u1ea3n ph\u1ea9m.<\/li>\n<\/ul>\n\n\n\n<p><em>(***Tham kh\u1ea3o chi ti\u1ebft t\u1ea1i ph\u1ea7n th\u00f4ng s\u1ed1 k\u1ef9 thu\u1eadt c\u1ee7a s\u1ea3n ph\u1ea9m)<\/em><\/p>\n\n\n\n<p><strong>2. \u0110i\u1ec1u ki\u1ec7n b\u1ea3o h\u00e0nh<\/strong><\/p>\n\n\n\n<ul class=\"wp-block-list\">\n<li>Trong th\u1eddi h\u1ea1n b\u1ea3o h\u00e0nh.<\/li>\n\n\n\n<li>H\u00e0ng b\u1ecb l\u1ed7i, kh\u00f4ng \u0111\u1ea1t ch\u1ea5t l\u01b0\u1ee3ng, l\u1ed7i k\u1ef9 thu\u1eadt,&#8230;trong ph\u1ea1m vi nh\u00e0 s\u1ea3n xu\u1ea5t.<\/li>\n\n\n\n<li>Ph\u1ea3i c\u00f2n nguy\u00ean v\u1eb9n phi\u1ebfu b\u1ea3o h\u00e0nh, tem b\u1ea3o h\u00e0nh, m\u00e3 \u0111\u01a1n h\u00e0ng. Kh\u00f4ng b\u1ecb t\u00e1c \u0111\u1ed9ng ngo\u1ea1i l\u1ef1c ho\u1eb7c c\u00f3 d\u1ea5u hi\u1ec7u b\u1ecb th\u00e1o g\u1ee1. Ngo\u00e0i ra, kh\u00e1ch h\u00e0ng c\u00f3 th\u1ec3 cung c\u1ea5p s\u1ed1 \u0111i\u1ec7n tho\u1ea1i mua h\u00e0ng \u0111\u1ec3 <strong>Ph\u1ee5 Ki\u1ec7n M\u1eb7t Tr\u1eddi<\/strong> ki\u1ec3m tra h\u1ec7 th\u1ed1ng m\u00e0 kh\u00f4ng c\u1ea7n b\u1ea5t c\u1ee9 gi\u1ea5y t\u1edd ch\u1ee9ng minh kh\u00e1c.<\/li>\n<\/ul>\n\n\n\n<p><strong>2.1. L\u1ed7i b\u1ea3o h\u00e0nh 01 \u0111\u1ed5i 01<\/strong><\/p>\n\n\n\n<ul class=\"wp-block-list\">\n<li>C\u00e1c l\u1ed7i \u0111\u01b0\u1ee3c x\u00e1c \u0111\u1ecbnh t\u1eeb nh\u00e0 s\u1ea3n xu\u1ea5t:\n<ul class=\"wp-block-list\">\n<li>V\u00e0o n\u01b0\u1edbc trong qu\u00e1 tr\u00ecnh s\u1eed d\u1ee5ng<\/li>\n\n\n\n<li>H\u01b0\/l\u1ed7i b\u1ea3ng m\u1ea1ch \u0111i\u1ec7n t\u1eed<\/li>\n\n\n\n<li>H\u01b0\/l\u1ed7i b\u1ea3ng LED chi\u1ebfu s\u00e1ng<\/li>\n\n\n\n<li>N\u1ee9c m\u1eb7t k\u00ednh do nhi\u1ec7t \u0111\u1ed9 ngo\u00e0i tr\u1eddi<\/li>\n\n\n\n<li>Panel kh\u00f4ng ho\u1ea1t \u0111\u1ed9ng \u2013 kh\u00f4ng n\u1ea1p n\u0103ng l\u01b0\u1ee3ng<\/li>\n<\/ul>\n<\/li>\n<\/ul>\n\n\n\n<p><strong>2.2. L\u1ed7i b\u1ea3o h\u00e0nh s\u1eefa ch\u1eefa<\/strong><\/p>\n\n\n\n<ul class=\"wp-block-list\">\n<li>C\u00e1c l\u1ed7i \u0111\u01b0\u1ee3c x\u00e1c \u0111\u1ecbnh t\u1eeb nh\u00e0 s\u1ea3n xu\u1ea5t nh\u01b0 \u0111\u00e3 n\u00eau t\u1ea1i 2.1 nh\u01b0ng ngo\u00e0i th\u1eddi gian \u0111\u1ed5i tr\u1ea3.<\/li>\n\n\n\n<li>Ch\u00e1y qu\u00e1 20% Ch\u00edp LED.<\/li>\n<\/ul>\n\n\n\n<p><strong>3. Tr\u01b0\u1eddng h\u1ee3p Ph\u1ee5 Ki\u1ec7n M\u1eb7t Tr\u1eddi c\u00f3 th\u1ec3 t\u1eeb ch\u1ed1i b\u1ea3o h\u00e0nh<\/strong><\/p>\n\n\n\n<ul class=\"wp-block-list\">\n<li>S\u1ea3n ph\u1ea9m b\u1ecb r\u00e1ch tem b\u1ea3o h\u00e0nh\/kh\u00f4ng c\u00f3 tem b\u1ea3o h\u00e0nh c\u1ee7a <strong>Ph\u1ee5 Ki\u1ec7n M\u1eb7t Tr\u1eddi<\/strong>.<\/li>\n\n\n\n<li>Kh\u00f4ng c\u00f3 phi\u1ebfu b\u1ea3o h\u00e0nh &#8211; N\u1ebfu kh\u00f4ng c\u00f3 phi\u1ebfu b\u1ea3o h\u00e0nh c\u00f3 th\u1ec3 cung c\u1ea5p s\u1ed1 \u0111i\u1ec7n tho\u1ea1i mua h\u00e0ng.<\/li>\n\n\n\n<li>S\u1ed1 \u0111i\u1ec7n tho\u1ea1i \u0111\u1eb7t h\u00e0ng kh\u00f4ng c\u00f3 tr\u00ean h\u1ec7 th\u1ed1ng c\u1ee7a <strong>Ph\u1ee5 Ki\u1ec7n M\u1eb7t Tr\u1eddi<\/strong> (nh\u1eb1m tr\u00e1nh h\u00e0ng gi\u1ea3, h\u00e0ng nh\u00e1i).<\/li>\n\n\n\n<li>H\u00e0ng b\u1ecb h\u01b0 h\u1ecfng do thi\u00ean tai trong \u0111i\u1ec1u ki\u1ec7n b\u1ea5t kh\u1ea3 kh\u00e1ng.<\/li>\n\n\n\n<li>Kh\u00f4ng s\u1eed d\u1ee5ng \u0111\u00fang c\u00e1ch, ho\u1eb7c l\u00e0m r\u01a1i v\u1ee1, t\u00e1c \u0111\u1ed9ng ngo\u1ea1i l\u1ef1c, ho\u1eb7c th\u00e1o g\u1ee1 linh ki\u1ec7n\u2026. ho\u1eb7c c\u00e1c v\u1ea5n \u0111\u1ec1 t\u01b0\u01a1ng t\u1ef1.<\/li>\n<\/ul>\n\n\n\n<p><strong>4. Th\u1eddi gian b\u1ea3o h\u00e0nh &amp; ho\u00e0n tr\u1ea3 s\u1ea3n ph\u1ea9m<\/strong><\/p>\n\n\n\n<p>T\u00f9y v\u00e0o m\u1ee9c \u0111\u1ed9 c\u1ee7a s\u1ea3n ph\u1ea9m, s\u1ebd c\u00f3 th\u1eddi gian b\u1ea3o h\u00e0nh kh\u00e1c nhau, th\u01b0\u1eddng t\u1eeb 3 \u0111\u1ebfn 7 ng\u00e0y \u0111\u1ec3 ch\u00fang t\u00f4i ti\u1ebfn h\u00e0nh kh\u1eafc ph\u1ee5c, s\u1eeda ch\u1eefa s\u1ea3n ph\u1ea9m. Trong th\u1eddi gian b\u1ea3o h\u00e0nh, n\u1ebfu <strong>Ph\u1ee5 Ki\u1ec7n M\u1eb7t Tr\u1eddi<\/strong> kh\u00f4ng kh\u1eafc ph\u1ee5c\/s\u1eeda ch\u1eefa \u0111\u01b0\u1ee3c s\u1ea3n ph\u1ea9m, ch\u00fang t\u00f4i s\u1ebd \u0111\u1ed5i s\u1ea3n ph\u1ea9m m\u1edbi cho Qu\u00fd kh\u00e1ch.<\/p>\n\n\n\n<p><strong>5. \u0110\u1ecba ch\u1ec9 b\u1ea3o h\u00e0nh<\/strong><\/p>\n\n\n\n<p>Trong tr\u01b0\u1eddng h\u1ee3p qu\u00fd kh\u00e1ch c\u1ea7n b\u1ea3o h\u00e0nh vui l\u00f2ng g\u1eedi s\u1ea3n ph\u1ea9m v\u1ec1 \u0111\u1ecba ch\u1ec9 sau:<\/p>\n\n\n\n<p><strong>PH\u1ee4 KI\u1ec6N M\u1eb6T TR\u1edcI<\/strong><\/p>\n\n\n\n<p>46 \u0111\u01b0\u1eddng 1, P. Y\u00ean \u0110\u1ed7, TP. Pleiku, t\u1ec9nh Gia Lai<\/p>\n","protected":false},"excerpt":{"rendered":"<p>V\u1edbi ph\u01b0\u01a1ng ch\u00e2m Ch\u1ea5t l\u01b0\u1ee3ng l\u00e0m n\u00ean th\u01b0\u01a1ng hi\u1ec7u, Ph\u1ee5 Ki\u1ec7n M\u1eb7t Tr\u1eddi (www.phukienmattroi.com) th\u00e0nh l\u1eadp v\u00e0 t\u1ed3n t\u1ea1i l\u00e0 nh\u1edd s\u1ef1 t\u00edn nhi\u1ec7m c\u1ee7a Kh\u00e1ch h\u00e0ng. Ch\u00ednh y\u1ebfu t\u1ed1<\/p>\n","protected":false},"author":1,"featured_media":0,"parent":0,"menu_order":0,"comment_status":"closed","ping_status":"closed","template":"","meta":{"footnotes":""},"class_list":["post-5927","page","type-page","status-publish","hentry"],"yoast_head":"<!-- This site is optimized with the Yoast SEO Premium plugin v22.6 (Yoast SEO v27.4) - https:\/\/yoast.com\/product\/yoast-seo-premium-wordpress\/ -->\n<title>Ch\u00ednh s\u00e1ch b\u1ea3o h\u00e0nh - Ph\u1ee5 Ki\u1ec7n M\u1eb7t Tr\u1eddi<\/title>\n<meta name=\"robots\" content=\"index, follow, max-snippet:-1, max-image-preview:large, max-video-preview:-1\" \/>\n<link rel=\"canonical\" href=\"https:\/\/phukienmattroi.com\/index.php\/vi\/chinh-sach-bao-hanh\/\" \/>\n<meta property=\"og:locale\" content=\"vi_VN\" \/>\n<meta property=\"og:type\" content=\"article\" \/>\n<meta property=\"og:title\" content=\"Ch\u00ednh s\u00e1ch b\u1ea3o h\u00e0nh\" \/>\n<meta property=\"og:description\" content=\"V\u1edbi ph\u01b0\u01a1ng ch\u00e2m Ch\u1ea5t l\u01b0\u1ee3ng l\u00e0m n\u00ean th\u01b0\u01a1ng hi\u1ec7u, Ph\u1ee5 Ki\u1ec7n M\u1eb7t Tr\u1eddi (www.phukienmattroi.com) th\u00e0nh l\u1eadp v\u00e0 t\u1ed3n t\u1ea1i l\u00e0 nh\u1edd s\u1ef1 t\u00edn nhi\u1ec7m c\u1ee7a Kh\u00e1ch h\u00e0ng. Ch\u00ednh y\u1ebfu t\u1ed1\" \/>\n<meta property=\"og:url\" content=\"https:\/\/phukienmattroi.com\/index.php\/vi\/chinh-sach-bao-hanh\/\" \/>\n<meta property=\"og:site_name\" content=\"Ph\u1ee5 Ki\u1ec7n M\u1eb7t Tr\u1eddi\" \/>\n<meta property=\"article:publisher\" content=\"https:\/\/www.facebook.com\/phukienmattroisolar\" \/>\n<meta property=\"article:modified_time\" content=\"2024-08-15T10:10:18+00:00\" \/>\n<meta name=\"twitter:card\" content=\"summary_large_image\" \/>\n<meta name=\"twitter:label1\" content=\"\u01af\u1edbc t\u00ednh th\u1eddi gian \u0111\u1ecdc\" \/>\n\t<meta name=\"twitter:data1\" content=\"4 ph\u00fat\" \/>\n<script type=\"application\/ld+json\" class=\"yoast-schema-graph\">{\"@context\":\"https:\\\/\\\/schema.org\",\"@graph\":[{\"@type\":\"WebPage\",\"@id\":\"https:\\\/\\\/phukienmattroi.com\\\/index.php\\\/vi\\\/chinh-sach-bao-hanh\\\/\",\"url\":\"https:\\\/\\\/phukienmattroi.com\\\/index.php\\\/vi\\\/chinh-sach-bao-hanh\\\/\",\"name\":\"Ch\u00ednh s\u00e1ch b\u1ea3o h\u00e0nh - Ph\u1ee5 Ki\u1ec7n M\u1eb7t Tr\u1eddi\",\"isPartOf\":{\"@id\":\"https:\\\/\\\/phukienmattroi.com\\\/#website\"},\"datePublished\":\"2024-04-04T15:25:20+00:00\",\"dateModified\":\"2024-08-15T10:10:18+00:00\",\"breadcrumb\":{\"@id\":\"https:\\\/\\\/phukienmattroi.com\\\/index.php\\\/vi\\\/chinh-sach-bao-hanh\\\/#breadcrumb\"},\"inLanguage\":\"vi\",\"potentialAction\":[{\"@type\":\"ReadAction\",\"target\":[\"https:\\\/\\\/phukienmattroi.com\\\/index.php\\\/vi\\\/chinh-sach-bao-hanh\\\/\"]}]},{\"@type\":\"BreadcrumbList\",\"@id\":\"https:\\\/\\\/phukienmattroi.com\\\/index.php\\\/vi\\\/chinh-sach-bao-hanh\\\/#breadcrumb\",\"itemListElement\":[{\"@type\":\"ListItem\",\"position\":1,\"name\":\"Trang ch\u1ee7\",\"item\":\"https:\\\/\\\/phukienmattroi.com\\\/\"},{\"@type\":\"ListItem\",\"position\":2,\"name\":\"Ch\u00ednh s\u00e1ch b\u1ea3o h\u00e0nh\"}]},{\"@type\":\"WebSite\",\"@id\":\"https:\\\/\\\/phukienmattroi.com\\\/#website\",\"url\":\"https:\\\/\\\/phukienmattroi.com\\\/\",\"name\":\"Ph\u1ee5 Ki\u1ec7n M\u1eb7t Tr\u1eddi\",\"description\":\"Ph\u1ee5 Ki\u1ec7n M\u1eb7t Tr\u1eddi\",\"publisher\":{\"@id\":\"https:\\\/\\\/phukienmattroi.com\\\/#organization\"},\"potentialAction\":[{\"@type\":\"SearchAction\",\"target\":{\"@type\":\"EntryPoint\",\"urlTemplate\":\"https:\\\/\\\/phukienmattroi.com\\\/?s={search_term_string}\"},\"query-input\":{\"@type\":\"PropertyValueSpecification\",\"valueRequired\":true,\"valueName\":\"search_term_string\"}}],\"inLanguage\":\"vi\"},{\"@type\":\"Organization\",\"@id\":\"https:\\\/\\\/phukienmattroi.com\\\/#organization\",\"name\":\"Ph\u1ee5 Ki\u1ec7n M\u1eb7t Tr\u1eddi\",\"url\":\"https:\\\/\\\/phukienmattroi.com\\\/\",\"logo\":{\"@type\":\"ImageObject\",\"inLanguage\":\"vi\",\"@id\":\"https:\\\/\\\/phukienmattroi.com\\\/#\\\/schema\\\/logo\\\/image\\\/\",\"url\":\"https:\\\/\\\/phukienmattroi.com\\\/wp-content\\\/uploads\\\/2024\\\/03\\\/TBMT-logo3-1.png\",\"contentUrl\":\"https:\\\/\\\/phukienmattroi.com\\\/wp-content\\\/uploads\\\/2024\\\/03\\\/TBMT-logo3-1.png\",\"width\":3946,\"height\":1403,\"caption\":\"Ph\u1ee5 Ki\u1ec7n M\u1eb7t Tr\u1eddi\"},\"image\":{\"@id\":\"https:\\\/\\\/phukienmattroi.com\\\/#\\\/schema\\\/logo\\\/image\\\/\"},\"sameAs\":[\"https:\\\/\\\/www.facebook.com\\\/phukienmattroisolar\"]}]}<\/script>\n<!-- \/ Yoast SEO Premium plugin. -->","yoast_head_json":{"title":"Ch\u00ednh s\u00e1ch b\u1ea3o h\u00e0nh - Ph\u1ee5 Ki\u1ec7n M\u1eb7t Tr\u1eddi","robots":{"index":"index","follow":"follow","max-snippet":"max-snippet:-1","max-image-preview":"max-image-preview:large","max-video-preview":"max-video-preview:-1"},"canonical":"https:\/\/phukienmattroi.com\/index.php\/vi\/chinh-sach-bao-hanh\/","og_locale":"vi_VN","og_type":"article","og_title":"Ch\u00ednh s\u00e1ch b\u1ea3o h\u00e0nh","og_description":"V\u1edbi ph\u01b0\u01a1ng ch\u00e2m Ch\u1ea5t l\u01b0\u1ee3ng l\u00e0m n\u00ean th\u01b0\u01a1ng hi\u1ec7u, Ph\u1ee5 Ki\u1ec7n M\u1eb7t Tr\u1eddi (www.phukienmattroi.com) th\u00e0nh l\u1eadp v\u00e0 t\u1ed3n t\u1ea1i l\u00e0 nh\u1edd s\u1ef1 t\u00edn nhi\u1ec7m c\u1ee7a Kh\u00e1ch h\u00e0ng. Ch\u00ednh y\u1ebfu t\u1ed1","og_url":"https:\/\/phukienmattroi.com\/index.php\/vi\/chinh-sach-bao-hanh\/","og_site_name":"Ph\u1ee5 Ki\u1ec7n M\u1eb7t Tr\u1eddi","article_publisher":"https:\/\/www.facebook.com\/phukienmattroisolar","article_modified_time":"2024-08-15T10:10:18+00:00","twitter_card":"summary_large_image","twitter_misc":{"\u01af\u1edbc t\u00ednh th\u1eddi gian \u0111\u1ecdc":"4 ph\u00fat"},"schema":{"@context":"https:\/\/schema.org","@graph":[{"@type":"WebPage","@id":"https:\/\/phukienmattroi.com\/index.php\/vi\/chinh-sach-bao-hanh\/","url":"https:\/\/phukienmattroi.com\/index.php\/vi\/chinh-sach-bao-hanh\/","name":"Ch\u00ednh s\u00e1ch b\u1ea3o h\u00e0nh - Ph\u1ee5 Ki\u1ec7n M\u1eb7t Tr\u1eddi","isPartOf":{"@id":"https:\/\/phukienmattroi.com\/#website"},"datePublished":"2024-04-04T15:25:20+00:00","dateModified":"2024-08-15T10:10:18+00:00","breadcrumb":{"@id":"https:\/\/phukienmattroi.com\/index.php\/vi\/chinh-sach-bao-hanh\/#breadcrumb"},"inLanguage":"vi","potentialAction":[{"@type":"ReadAction","target":["https:\/\/phukienmattroi.com\/index.php\/vi\/chinh-sach-bao-hanh\/"]}]},{"@type":"BreadcrumbList","@id":"https:\/\/phukienmattroi.com\/index.php\/vi\/chinh-sach-bao-hanh\/#breadcrumb","itemListElement":[{"@type":"ListItem","position":1,"name":"Trang ch\u1ee7","item":"https:\/\/phukienmattroi.com\/"},{"@type":"ListItem","position":2,"name":"Ch\u00ednh s\u00e1ch b\u1ea3o h\u00e0nh"}]},{"@type":"WebSite","@id":"https:\/\/phukienmattroi.com\/#website","url":"https:\/\/phukienmattroi.com\/","name":"Ph\u1ee5 Ki\u1ec7n M\u1eb7t Tr\u1eddi","description":"Ph\u1ee5 Ki\u1ec7n M\u1eb7t Tr\u1eddi","publisher":{"@id":"https:\/\/phukienmattroi.com\/#organization"},"potentialAction":[{"@type":"SearchAction","target":{"@type":"EntryPoint","urlTemplate":"https:\/\/phukienmattroi.com\/?s={search_term_string}"},"query-input":{"@type":"PropertyValueSpecification","valueRequired":true,"valueName":"search_term_string"}}],"inLanguage":"vi"},{"@type":"Organization","@id":"https:\/\/phukienmattroi.com\/#organization","name":"Ph\u1ee5 Ki\u1ec7n M\u1eb7t Tr\u1eddi","url":"https:\/\/phukienmattroi.com\/","logo":{"@type":"ImageObject","inLanguage":"vi","@id":"https:\/\/phukienmattroi.com\/#\/schema\/logo\/image\/","url":"https:\/\/phukienmattroi.com\/wp-content\/uploads\/2024\/03\/TBMT-logo3-1.png","contentUrl":"https:\/\/phukienmattroi.com\/wp-content\/uploads\/2024\/03\/TBMT-logo3-1.png","width":3946,"height":1403,"caption":"Ph\u1ee5 Ki\u1ec7n M\u1eb7t Tr\u1eddi"},"image":{"@id":"https:\/\/phukienmattroi.com\/#\/schema\/logo\/image\/"},"sameAs":["https:\/\/www.facebook.com\/phukienmattroisolar"]}]}},"jetpack_sharing_enabled":true,"_links":{"self":[{"href":"https:\/\/phukienmattroi.com\/index.php\/wp-json\/wp\/v2\/pages\/5927","targetHints":{"allow":["GET"]}}],"collection":[{"href":"https:\/\/phukienmattroi.com\/index.php\/wp-json\/wp\/v2\/pages"}],"about":[{"href":"https:\/\/phukienmattroi.com\/index.php\/wp-json\/wp\/v2\/types\/page"}],"author":[{"embeddable":true,"href":"https:\/\/phukienmattroi.com\/index.php\/wp-json\/wp\/v2\/users\/1"}],"replies":[{"embeddable":true,"href":"https:\/\/phukienmattroi.com\/index.php\/wp-json\/wp\/v2\/comments?post=5927"}],"version-history":[{"count":1,"href":"https:\/\/phukienmattroi.com\/index.php\/wp-json\/wp\/v2\/pages\/5927\/revisions"}],"predecessor-version":[{"id":5928,"href":"https:\/\/phukienmattroi.com\/index.php\/wp-json\/wp\/v2\/pages\/5927\/revisions\/5928"}],"wp:attachment":[{"href":"https:\/\/phukienmattroi.com\/index.php\/wp-json\/wp\/v2\/media?parent=5927"}],"curies":[{"name":"wp","href":"https:\/\/api.w.org\/{rel}","templated":true}]}}