{"id":5920,"date":"2024-04-03T17:32:51","date_gmt":"2024-04-03T10:32:51","guid":{"rendered":"https:\/\/phukienmattroi.com\/?page_id=5920"},"modified":"2024-08-15T17:10:18","modified_gmt":"2024-08-15T10:10:18","slug":"chinh-sach-bao-mat","status":"publish","type":"page","link":"https:\/\/phukienmattroi.com\/index.php\/chinh-sach-bao-mat\/","title":{"rendered":"Ch\u00ednh s\u00e1ch b\u1ea3o m\u1eadt"},"content":{"rendered":"\n<p><strong>1. Gi\u1edbi thi\u1ec7u:<\/strong><\/p>\n\n\n\n<p>Ph\u1ee5 Ki\u1ec7n M\u1eb7t Tr\u1eddi cam k\u1ebft b\u1ea3o v\u1ec7 quy\u1ec1n ri\u00eang t\u01b0 c\u1ee7a kh\u00e1ch h\u00e0ng v\u00e0 s\u1eed d\u1ee5ng th\u00f4ng tin c\u00e1 nh\u00e2n c\u1ee7a kh\u00e1ch h\u00e0ng m\u1ed9t c\u00e1ch c\u00f3 tr\u00e1ch nhi\u1ec7m. Ch\u00ednh s\u00e1ch b\u1ea3o m\u1eadt n\u00e0y (&#8220;Ch\u00ednh s\u00e1ch&#8221;) gi\u1ea3i th\u00edch c\u00e1ch th\u1ee9c ch\u00fang t\u00f4i thu th\u1eadp, s\u1eed d\u1ee5ng v\u00e0 b\u1ea3o v\u1ec7 th\u00f4ng tin c\u00e1 nh\u00e2n c\u1ee7a b\u1ea1n khi b\u1ea1n truy c\u1eadp v\u00e0 s\u1eed d\u1ee5ng trang web <strong><a href=\"http:\/\/phukienmattroi.com\">phukienmattroi.com<\/a><\/strong><\/p>\n\n\n\n<p><strong>2. Thu th\u1eadp th\u00f4ng tin:<\/strong><\/p>\n\n\n\n<p>Ch\u00fang t\u00f4i thu th\u1eadp th\u00f4ng tin c\u00e1 nh\u00e2n c\u1ee7a b\u1ea1n khi b\u1ea1n:<\/p>\n\n\n\n<ul class=\"wp-block-list\">\n<li>\u0110\u0103ng k\u00fd t\u00e0i kho\u1ea3n tr\u00ean trang web.<\/li>\n\n\n\n<li>\u0110\u1eb7t h\u00e0ng s\u1ea3n ph\u1ea9m ho\u1eb7c d\u1ecbch v\u1ee5.<\/li>\n\n\n\n<li>Tham gia v\u00e0o c\u00e1c ho\u1ea1t \u0111\u1ed9ng khuy\u1ebfn m\u00e3i ho\u1eb7c kh\u1ea3o s\u00e1t.<\/li>\n\n\n\n<li>Li\u00ean h\u1ec7 v\u1edbi ch\u00fang t\u00f4i \u0111\u1ec3 \u0111\u01b0\u1ee3c h\u1ed7 tr\u1ee3.<\/li>\n<\/ul>\n\n\n\n<p><strong>3. Lo\u1ea1i th\u00f4ng tin thu th\u1eadp:<\/strong><\/p>\n\n\n\n<ul class=\"wp-block-list\">\n<li><strong>Th\u00f4ng tin c\u00e1 nh\u00e2n:<\/strong>\n<ul class=\"wp-block-list\">\n<li>T\u00ean, \u0111\u1ecba ch\u1ec9, s\u1ed1 \u0111i\u1ec7n tho\u1ea1i, email.<\/li>\n\n\n\n<li>Ng\u00e0y sinh, gi\u1edbi t\u00ednh.<\/li>\n\n\n\n<li>Th\u00f4ng tin thanh to\u00e1n.<\/li>\n<\/ul>\n<\/li>\n\n\n\n<li><strong>Th\u00f4ng tin k\u1ef9 thu\u1eadt:<\/strong>\n<ul class=\"wp-block-list\">\n<li>\u0110\u1ecba ch\u1ec9 IP, lo\u1ea1i tr\u00ecnh duy\u1ec7t, h\u1ec7 \u0111i\u1ec1u h\u00e0nh.<\/li>\n\n\n\n<li>L\u1ecbch s\u1eed truy c\u1eadp trang web.<\/li>\n<\/ul>\n<\/li>\n<\/ul>\n\n\n\n<p><strong>4. S\u1eed d\u1ee5ng th\u00f4ng tin:<\/strong><\/p>\n\n\n\n<p>Ch\u00fang t\u00f4i s\u1eed d\u1ee5ng th\u00f4ng tin c\u00e1 nh\u00e2n c\u1ee7a b\u1ea1n \u0111\u1ec3:<\/p>\n\n\n\n<ul class=\"wp-block-list\">\n<li>Cung c\u1ea5p s\u1ea3n ph\u1ea9m v\u00e0 d\u1ecbch v\u1ee5 cho b\u1ea1n.<\/li>\n\n\n\n<li>X\u00e1c nh\u1eadn \u0111\u01a1n h\u00e0ng v\u00e0 thanh to\u00e1n.<\/li>\n\n\n\n<li>G\u1eedi th\u00f4ng tin khuy\u1ebfn m\u00e3i v\u00e0 c\u1eadp nh\u1eadt v\u1ec1 s\u1ea3n ph\u1ea9m, d\u1ecbch v\u1ee5.<\/li>\n\n\n\n<li>Gi\u1ea3i \u0111\u00e1p th\u1eafc m\u1eafc v\u00e0 h\u1ed7 tr\u1ee3 kh\u00e1ch h\u00e0ng.<\/li>\n\n\n\n<li>C\u1ea3i thi\u1ec7n ch\u1ea5t l\u01b0\u1ee3ng d\u1ecbch v\u1ee5 v\u00e0 tr\u1ea3i nghi\u1ec7m c\u1ee7a kh\u00e1ch h\u00e0ng.<\/li>\n<\/ul>\n\n\n\n<p><strong>5. Chia s\u1ebb th\u00f4ng tin:<\/strong><\/p>\n\n\n\n<p>Ch\u00fang t\u00f4i ch\u1ec9 chia s\u1ebb th\u00f4ng tin c\u00e1 nh\u00e2n c\u1ee7a b\u1ea1n v\u1edbi c\u00e1c b\u00ean th\u1ee9 ba trong m\u1ed9t s\u1ed1 tr\u01b0\u1eddng h\u1ee3p sau:<\/p>\n\n\n\n<ul class=\"wp-block-list\">\n<li>C\u00e1c nh\u00e0 cung c\u1ea5p d\u1ecbch v\u1ee5 b\u00ean th\u1ee9 ba h\u1ed7 tr\u1ee3 ch\u00fang t\u00f4i trong vi\u1ec7c cung c\u1ea5p s\u1ea3n ph\u1ea9m v\u00e0 d\u1ecbch v\u1ee5 cho b\u1ea1n (v\u00ed d\u1ee5: nh\u00e0 cung c\u1ea5p d\u1ecbch v\u1ee5 thanh to\u00e1n, nh\u00e0 cung c\u1ea5p d\u1ecbch v\u1ee5 v\u1eadn chuy\u1ec3n).<\/li>\n\n\n\n<li>C\u00e1c c\u01a1 quan ch\u1ee9c n\u0103ng theo y\u00eau c\u1ea7u c\u1ee7a ph\u00e1p lu\u1eadt.<\/li>\n<\/ul>\n\n\n\n<p><strong>6. B\u1ea3o m\u1eadt th\u00f4ng tin:<\/strong><\/p>\n\n\n\n<p>Ch\u00fang t\u00f4i cam k\u1ebft b\u1ea3o v\u1ec7 th\u00f4ng tin c\u00e1 nh\u00e2n c\u1ee7a b\u1ea1n b\u1eb1ng c\u00e1c bi\u1ec7n ph\u00e1p an ninh k\u1ef9 thu\u1eadt v\u00e0 v\u1eadt l\u00fd ph\u00f9 h\u1ee3p.<\/p>\n\n\n\n<p><strong>7. Quy\u1ec1n c\u1ee7a b\u1ea1n:<\/strong><\/p>\n\n\n\n<p>B\u1ea1n c\u00f3 quy\u1ec1n truy c\u1eadp, s\u1eeda \u0111\u1ed5i, x\u00f3a th\u00f4ng tin c\u00e1 nh\u00e2n c\u1ee7a m\u00ecnh. B\u1ea1n c\u0169ng c\u00f3 quy\u1ec1n y\u00eau c\u1ea7u ch\u00fang t\u00f4i ng\u1eebng s\u1eed d\u1ee5ng th\u00f4ng tin c\u00e1 nh\u00e2n c\u1ee7a b\u1ea1n cho m\u1ee5c \u0111\u00edch ti\u1ebfp th\u1ecb.<\/p>\n\n\n\n<p><strong>8. Li\u00ean h\u1ec7:<\/strong><\/p>\n\n\n\n<p>M\u1ecdi th\u1eafc m\u1eafc v\u1ec1 Ch\u00ednh s\u00e1ch n\u00e0y, b\u1ea1n vui l\u00f2ng li\u00ean h\u1ec7 v\u1edbi ch\u00fang t\u00f4i qua:<\/p>\n\n\n\n<ul class=\"wp-block-list\">\n<li>Hotline: <a href=\"tel:0933007927\">0933 007 927<\/a><\/li>\n\n\n\n<li>Email: <a href=\"mailto:cskh@phukienmattroi.com\">cskh@phukienmattroi.com<\/a><\/li>\n<\/ul>\n\n\n\n<p><strong>9. C\u1eadp nh\u1eadt:<\/strong><\/p>\n\n\n\n<p>Ch\u00ednh s\u00e1ch n\u00e0y c\u00f3 th\u1ec3 \u0111\u01b0\u1ee3c c\u1eadp nh\u1eadt b\u1ea5t c\u1ee9 l\u00fac n\u00e0o. Ch\u00fang t\u00f4i s\u1ebd th\u00f4ng b\u00e1o cho b\u1ea1n v\u1ec1 b\u1ea5t k\u1ef3 thay \u0111\u1ed5i n\u00e0o b\u1eb1ng c\u00e1ch \u0111\u0103ng t\u1ea3i phi\u00ean b\u1ea3n c\u1eadp nh\u1eadt c\u1ee7a Ch\u00ednh s\u00e1ch tr\u00ean trang web.<\/p>\n\n\n\n<p><strong>10. Ch\u1ea5p thu\u1eadn:<\/strong><\/p>\n\n\n\n<p>B\u1eb1ng c\u00e1ch truy c\u1eadp v\u00e0 s\u1eed d\u1ee5ng trang web, b\u1ea1n \u0111\u1ed3ng \u00fd v\u1edbi Ch\u00ednh s\u00e1ch b\u1ea3o m\u1eadt n\u00e0y.<\/p>\n\n\n\n<p><strong>Ch\u00fac b\u1ea1n mua s\u1eafm vui v\u1ebb!<\/strong><\/p>\n","protected":false},"excerpt":{"rendered":"<p>1. Gi\u1edbi thi\u1ec7u: Ph\u1ee5 Ki\u1ec7n M\u1eb7t Tr\u1eddi cam k\u1ebft b\u1ea3o v\u1ec7 quy\u1ec1n ri\u00eang t\u01b0 c\u1ee7a kh\u00e1ch h\u00e0ng v\u00e0 s\u1eed d\u1ee5ng th\u00f4ng tin c\u00e1 nh\u00e2n c\u1ee7a kh\u00e1ch h\u00e0ng m\u1ed9t c\u00e1ch c\u00f3<\/p>\n","protected":false},"author":1,"featured_media":0,"parent":0,"menu_order":0,"comment_status":"closed","ping_status":"closed","template":"","meta":{"footnotes":""},"class_list":["post-5920","page","type-page","status-publish","hentry"],"yoast_head":"<!-- This site is optimized with the Yoast SEO Premium plugin v22.6 (Yoast SEO v27.3) - https:\/\/yoast.com\/product\/yoast-seo-premium-wordpress\/ -->\n<title>Ch\u00ednh s\u00e1ch b\u1ea3o m\u1eadt - Ph\u1ee5 Ki\u1ec7n M\u1eb7t Tr\u1eddi<\/title>\n<meta name=\"robots\" content=\"index, follow, max-snippet:-1, max-image-preview:large, max-video-preview:-1\" \/>\n<link rel=\"canonical\" href=\"https:\/\/phukienmattroi.com\/index.php\/vi\/chinh-sach-bao-mat\/\" \/>\n<meta property=\"og:locale\" content=\"vi_VN\" \/>\n<meta property=\"og:type\" content=\"article\" \/>\n<meta property=\"og:title\" content=\"Ch\u00ednh s\u00e1ch b\u1ea3o m\u1eadt\" \/>\n<meta property=\"og:description\" content=\"1. Gi\u1edbi thi\u1ec7u: Ph\u1ee5 Ki\u1ec7n M\u1eb7t Tr\u1eddi cam k\u1ebft b\u1ea3o v\u1ec7 quy\u1ec1n ri\u00eang t\u01b0 c\u1ee7a kh\u00e1ch h\u00e0ng v\u00e0 s\u1eed d\u1ee5ng th\u00f4ng tin c\u00e1 nh\u00e2n c\u1ee7a kh\u00e1ch h\u00e0ng m\u1ed9t c\u00e1ch c\u00f3\" \/>\n<meta property=\"og:url\" content=\"https:\/\/phukienmattroi.com\/index.php\/vi\/chinh-sach-bao-mat\/\" \/>\n<meta property=\"og:site_name\" content=\"Ph\u1ee5 Ki\u1ec7n M\u1eb7t Tr\u1eddi\" \/>\n<meta property=\"article:publisher\" content=\"https:\/\/www.facebook.com\/phukienmattroisolar\" \/>\n<meta property=\"article:modified_time\" content=\"2024-08-15T10:10:18+00:00\" \/>\n<meta name=\"twitter:card\" content=\"summary_large_image\" \/>\n<meta name=\"twitter:label1\" content=\"\u01af\u1edbc t\u00ednh th\u1eddi gian \u0111\u1ecdc\" \/>\n\t<meta name=\"twitter:data1\" content=\"3 ph\u00fat\" \/>\n<script type=\"application\/ld+json\" class=\"yoast-schema-graph\">{\"@context\":\"https:\\\/\\\/schema.org\",\"@graph\":[{\"@type\":\"WebPage\",\"@id\":\"https:\\\/\\\/phukienmattroi.com\\\/index.php\\\/vi\\\/chinh-sach-bao-mat\\\/\",\"url\":\"https:\\\/\\\/phukienmattroi.com\\\/index.php\\\/vi\\\/chinh-sach-bao-mat\\\/\",\"name\":\"Ch\u00ednh s\u00e1ch b\u1ea3o m\u1eadt - Ph\u1ee5 Ki\u1ec7n M\u1eb7t Tr\u1eddi\",\"isPartOf\":{\"@id\":\"https:\\\/\\\/phukienmattroi.com\\\/#website\"},\"datePublished\":\"2024-04-03T10:32:51+00:00\",\"dateModified\":\"2024-08-15T10:10:18+00:00\",\"breadcrumb\":{\"@id\":\"https:\\\/\\\/phukienmattroi.com\\\/index.php\\\/vi\\\/chinh-sach-bao-mat\\\/#breadcrumb\"},\"inLanguage\":\"vi\",\"potentialAction\":[{\"@type\":\"ReadAction\",\"target\":[\"https:\\\/\\\/phukienmattroi.com\\\/index.php\\\/vi\\\/chinh-sach-bao-mat\\\/\"]}]},{\"@type\":\"BreadcrumbList\",\"@id\":\"https:\\\/\\\/phukienmattroi.com\\\/index.php\\\/vi\\\/chinh-sach-bao-mat\\\/#breadcrumb\",\"itemListElement\":[{\"@type\":\"ListItem\",\"position\":1,\"name\":\"Trang ch\u1ee7\",\"item\":\"https:\\\/\\\/phukienmattroi.com\\\/\"},{\"@type\":\"ListItem\",\"position\":2,\"name\":\"Ch\u00ednh s\u00e1ch b\u1ea3o m\u1eadt\"}]},{\"@type\":\"WebSite\",\"@id\":\"https:\\\/\\\/phukienmattroi.com\\\/#website\",\"url\":\"https:\\\/\\\/phukienmattroi.com\\\/\",\"name\":\"Ph\u1ee5 Ki\u1ec7n M\u1eb7t Tr\u1eddi\",\"description\":\"Ph\u1ee5 Ki\u1ec7n M\u1eb7t Tr\u1eddi\",\"publisher\":{\"@id\":\"https:\\\/\\\/phukienmattroi.com\\\/#organization\"},\"potentialAction\":[{\"@type\":\"SearchAction\",\"target\":{\"@type\":\"EntryPoint\",\"urlTemplate\":\"https:\\\/\\\/phukienmattroi.com\\\/?s={search_term_string}\"},\"query-input\":{\"@type\":\"PropertyValueSpecification\",\"valueRequired\":true,\"valueName\":\"search_term_string\"}}],\"inLanguage\":\"vi\"},{\"@type\":\"Organization\",\"@id\":\"https:\\\/\\\/phukienmattroi.com\\\/#organization\",\"name\":\"Ph\u1ee5 Ki\u1ec7n M\u1eb7t Tr\u1eddi\",\"url\":\"https:\\\/\\\/phukienmattroi.com\\\/\",\"logo\":{\"@type\":\"ImageObject\",\"inLanguage\":\"vi\",\"@id\":\"https:\\\/\\\/phukienmattroi.com\\\/#\\\/schema\\\/logo\\\/image\\\/\",\"url\":\"https:\\\/\\\/phukienmattroi.com\\\/wp-content\\\/uploads\\\/2024\\\/03\\\/TBMT-logo3-1.png\",\"contentUrl\":\"https:\\\/\\\/phukienmattroi.com\\\/wp-content\\\/uploads\\\/2024\\\/03\\\/TBMT-logo3-1.png\",\"width\":3946,\"height\":1403,\"caption\":\"Ph\u1ee5 Ki\u1ec7n M\u1eb7t Tr\u1eddi\"},\"image\":{\"@id\":\"https:\\\/\\\/phukienmattroi.com\\\/#\\\/schema\\\/logo\\\/image\\\/\"},\"sameAs\":[\"https:\\\/\\\/www.facebook.com\\\/phukienmattroisolar\"]}]}<\/script>\n<!-- \/ Yoast SEO Premium plugin. -->","yoast_head_json":{"title":"Ch\u00ednh s\u00e1ch b\u1ea3o m\u1eadt - Ph\u1ee5 Ki\u1ec7n M\u1eb7t Tr\u1eddi","robots":{"index":"index","follow":"follow","max-snippet":"max-snippet:-1","max-image-preview":"max-image-preview:large","max-video-preview":"max-video-preview:-1"},"canonical":"https:\/\/phukienmattroi.com\/index.php\/vi\/chinh-sach-bao-mat\/","og_locale":"vi_VN","og_type":"article","og_title":"Ch\u00ednh s\u00e1ch b\u1ea3o m\u1eadt","og_description":"1. Gi\u1edbi thi\u1ec7u: Ph\u1ee5 Ki\u1ec7n M\u1eb7t Tr\u1eddi cam k\u1ebft b\u1ea3o v\u1ec7 quy\u1ec1n ri\u00eang t\u01b0 c\u1ee7a kh\u00e1ch h\u00e0ng v\u00e0 s\u1eed d\u1ee5ng th\u00f4ng tin c\u00e1 nh\u00e2n c\u1ee7a kh\u00e1ch h\u00e0ng m\u1ed9t c\u00e1ch c\u00f3","og_url":"https:\/\/phukienmattroi.com\/index.php\/vi\/chinh-sach-bao-mat\/","og_site_name":"Ph\u1ee5 Ki\u1ec7n M\u1eb7t Tr\u1eddi","article_publisher":"https:\/\/www.facebook.com\/phukienmattroisolar","article_modified_time":"2024-08-15T10:10:18+00:00","twitter_card":"summary_large_image","twitter_misc":{"\u01af\u1edbc t\u00ednh th\u1eddi gian \u0111\u1ecdc":"3 ph\u00fat"},"schema":{"@context":"https:\/\/schema.org","@graph":[{"@type":"WebPage","@id":"https:\/\/phukienmattroi.com\/index.php\/vi\/chinh-sach-bao-mat\/","url":"https:\/\/phukienmattroi.com\/index.php\/vi\/chinh-sach-bao-mat\/","name":"Ch\u00ednh s\u00e1ch b\u1ea3o m\u1eadt - Ph\u1ee5 Ki\u1ec7n M\u1eb7t Tr\u1eddi","isPartOf":{"@id":"https:\/\/phukienmattroi.com\/#website"},"datePublished":"2024-04-03T10:32:51+00:00","dateModified":"2024-08-15T10:10:18+00:00","breadcrumb":{"@id":"https:\/\/phukienmattroi.com\/index.php\/vi\/chinh-sach-bao-mat\/#breadcrumb"},"inLanguage":"vi","potentialAction":[{"@type":"ReadAction","target":["https:\/\/phukienmattroi.com\/index.php\/vi\/chinh-sach-bao-mat\/"]}]},{"@type":"BreadcrumbList","@id":"https:\/\/phukienmattroi.com\/index.php\/vi\/chinh-sach-bao-mat\/#breadcrumb","itemListElement":[{"@type":"ListItem","position":1,"name":"Trang ch\u1ee7","item":"https:\/\/phukienmattroi.com\/"},{"@type":"ListItem","position":2,"name":"Ch\u00ednh s\u00e1ch b\u1ea3o m\u1eadt"}]},{"@type":"WebSite","@id":"https:\/\/phukienmattroi.com\/#website","url":"https:\/\/phukienmattroi.com\/","name":"Ph\u1ee5 Ki\u1ec7n M\u1eb7t Tr\u1eddi","description":"Ph\u1ee5 Ki\u1ec7n M\u1eb7t Tr\u1eddi","publisher":{"@id":"https:\/\/phukienmattroi.com\/#organization"},"potentialAction":[{"@type":"SearchAction","target":{"@type":"EntryPoint","urlTemplate":"https:\/\/phukienmattroi.com\/?s={search_term_string}"},"query-input":{"@type":"PropertyValueSpecification","valueRequired":true,"valueName":"search_term_string"}}],"inLanguage":"vi"},{"@type":"Organization","@id":"https:\/\/phukienmattroi.com\/#organization","name":"Ph\u1ee5 Ki\u1ec7n M\u1eb7t Tr\u1eddi","url":"https:\/\/phukienmattroi.com\/","logo":{"@type":"ImageObject","inLanguage":"vi","@id":"https:\/\/phukienmattroi.com\/#\/schema\/logo\/image\/","url":"https:\/\/phukienmattroi.com\/wp-content\/uploads\/2024\/03\/TBMT-logo3-1.png","contentUrl":"https:\/\/phukienmattroi.com\/wp-content\/uploads\/2024\/03\/TBMT-logo3-1.png","width":3946,"height":1403,"caption":"Ph\u1ee5 Ki\u1ec7n M\u1eb7t Tr\u1eddi"},"image":{"@id":"https:\/\/phukienmattroi.com\/#\/schema\/logo\/image\/"},"sameAs":["https:\/\/www.facebook.com\/phukienmattroisolar"]}]}},"jetpack_sharing_enabled":true,"_links":{"self":[{"href":"https:\/\/phukienmattroi.com\/index.php\/wp-json\/wp\/v2\/pages\/5920","targetHints":{"allow":["GET"]}}],"collection":[{"href":"https:\/\/phukienmattroi.com\/index.php\/wp-json\/wp\/v2\/pages"}],"about":[{"href":"https:\/\/phukienmattroi.com\/index.php\/wp-json\/wp\/v2\/types\/page"}],"author":[{"embeddable":true,"href":"https:\/\/phukienmattroi.com\/index.php\/wp-json\/wp\/v2\/users\/1"}],"replies":[{"embeddable":true,"href":"https:\/\/phukienmattroi.com\/index.php\/wp-json\/wp\/v2\/comments?post=5920"}],"version-history":[{"count":1,"href":"https:\/\/phukienmattroi.com\/index.php\/wp-json\/wp\/v2\/pages\/5920\/revisions"}],"predecessor-version":[{"id":5921,"href":"https:\/\/phukienmattroi.com\/index.php\/wp-json\/wp\/v2\/pages\/5920\/revisions\/5921"}],"wp:attachment":[{"href":"https:\/\/phukienmattroi.com\/index.php\/wp-json\/wp\/v2\/media?parent=5920"}],"curies":[{"name":"wp","href":"https:\/\/api.w.org\/{rel}","templated":true}]}}