{"id":5913,"date":"2024-04-03T17:14:39","date_gmt":"2024-04-03T10:14:39","guid":{"rendered":"https:\/\/phukienmattroi.com\/?page_id=5913"},"modified":"2024-08-15T17:10:18","modified_gmt":"2024-08-15T10:10:18","slug":"dieu-kien-giao-dich-chung","status":"publish","type":"page","link":"https:\/\/phukienmattroi.com\/index.php\/dieu-kien-giao-dich-chung\/","title":{"rendered":"\u0110i\u1ec1u ki\u1ec7n giao d\u1ecbch chung"},"content":{"rendered":"\n<p><strong>1. Gi\u1edbi thi\u1ec7u:<\/strong><\/p>\n\n\n\n<p>Ch\u00e0o m\u1eebng b\u1ea1n \u0111\u1ebfn v\u1edbi trang th\u01b0\u01a1ng m\u1ea1i \u0111i\u1ec7n t\u1eed <strong><a href=\"http:\/\/phukienmattroi.com\">Ph\u1ee5 Ki\u1ec7n M\u1eb7t Tr\u1eddi<\/a><\/strong>. Ch\u00fang t\u00f4i cam k\u1ebft mang \u0111\u1ebfn cho b\u1ea1n tr\u1ea3i nghi\u1ec7m mua s\u1eafm tr\u1ef1c tuy\u1ebfn an to\u00e0n, ti\u1ec7n l\u1ee3i v\u00e0 tin c\u1eady. D\u01b0\u1edbi \u0111\u00e2y l\u00e0 c\u00e1c \u0111i\u1ec1u kho\u1ea3n v\u00e0 \u0111i\u1ec1u ki\u1ec7n chung (&#8220;\u0110i\u1ec1u ki\u1ec7n&#8221;) \u00e1p d\u1ee5ng cho t\u1ea5t c\u1ea3 c\u00e1c giao d\u1ecbch mua b\u00e1n h\u00e0ng h\u00f3a v\u00e0 d\u1ecbch v\u1ee5 tr\u00ean trang web c\u1ee7a ch\u00fang t\u00f4i.<\/p>\n\n\n\n<p><strong>2. Ph\u1ea1m vi \u00e1p d\u1ee5ng:<\/strong><\/p>\n\n\n\n<p>\u0110i\u1ec1u ki\u1ec7n n\u00e0y \u00e1p d\u1ee5ng cho t\u1ea5t c\u1ea3 c\u00e1c kh\u00e1ch h\u00e0ng truy c\u1eadp v\u00e0 s\u1eed d\u1ee5ng trang web <strong><a href=\"https:\/\/phukienmattroi.com\">Ph\u1ee5 Ki\u1ec7n M\u1eb7t Tr\u1eddi<\/a><\/strong> \u0111\u1ec3 mua s\u1eafm h\u00e0ng h\u00f3a v\u00e0 d\u1ecbch v\u1ee5.<\/p>\n\n\n\n<p><strong>3. Quy\u1ec1n v\u00e0 ngh\u0129a v\u1ee5 c\u1ee7a kh\u00e1ch h\u00e0ng:<\/strong><\/p>\n\n\n\n<ul class=\"wp-block-list\">\n<li><strong>Quy\u1ec1n:<\/strong>\n<ul class=\"wp-block-list\">\n<li>L\u1ef1a ch\u1ecdn v\u00e0 mua s\u1eafm h\u00e0ng h\u00f3a, d\u1ecbch v\u1ee5 \u0111\u01b0\u1ee3c cung c\u1ea5p tr\u00ean trang web.<\/li>\n\n\n\n<li>Y\u00eau c\u1ea7u th\u00f4ng tin v\u1ec1 s\u1ea3n ph\u1ea9m, d\u1ecbch v\u1ee5.<\/li>\n\n\n\n<li>Thanh to\u00e1n theo c\u00e1c h\u00ecnh th\u1ee9c \u0111\u01b0\u1ee3c quy \u0111\u1ecbnh.<\/li>\n\n\n\n<li>\u0110\u1ed5i tr\u1ea3 h\u00e0ng h\u00f3a theo quy \u0111\u1ecbnh.<\/li>\n\n\n\n<li>B\u1ea3o m\u1eadt th\u00f4ng tin c\u00e1 nh\u00e2n.<\/li>\n\n\n\n<li>Khi\u1ebfu n\u1ea1i, t\u1ed1 c\u00e1o vi ph\u1ea1m.<\/li>\n<\/ul>\n<\/li>\n\n\n\n<li><strong>Ngh\u0129a v\u1ee5:<\/strong>\n<ul class=\"wp-block-list\">\n<li>Cung c\u1ea5p th\u00f4ng tin ch\u00ednh x\u00e1c, \u0111\u1ea7y \u0111\u1ee7 khi mua h\u00e0ng.<\/li>\n\n\n\n<li>Tu\u00e2n th\u1ee7 c\u00e1c quy \u0111\u1ecbnh c\u1ee7a trang web.<\/li>\n\n\n\n<li>Thanh to\u00e1n \u0111\u1ea7y \u0111\u1ee7 gi\u00e1 tr\u1ecb \u0111\u01a1n h\u00e0ng.<\/li>\n\n\n\n<li>Ch\u1ecbu tr\u00e1ch nhi\u1ec7m cho c\u00e1c h\u00e0nh vi c\u1ee7a m\u00ecnh tr\u00ean trang web.<\/li>\n<\/ul>\n<\/li>\n<\/ul>\n\n\n\n<p><strong>4. Quy\u1ec1n v\u00e0 ngh\u0129a v\u1ee5 c\u1ee7a trang web:<\/strong><\/p>\n\n\n\n<ul class=\"wp-block-list\">\n<li><strong>Quy\u1ec1n:<\/strong>\n<ul class=\"wp-block-list\">\n<li>Ch\u1ea5p nh\u1eadn ho\u1eb7c t\u1eeb ch\u1ed1i \u0111\u01a1n h\u00e0ng.<\/li>\n\n\n\n<li>Thay \u0111\u1ed5i, ch\u1ec9nh s\u1eeda n\u1ed9i dung v\u00e0 th\u00f4ng tin tr\u00ean trang web.<\/li>\n\n\n\n<li>H\u1ee7y b\u1ecf giao d\u1ecbch trong tr\u01b0\u1eddng h\u1ee3p b\u1ea5t kh\u1ea3 kh\u00e1ng.<\/li>\n\n\n\n<li>Ng\u1eebng cung c\u1ea5p d\u1ecbch v\u1ee5 cho kh\u00e1ch h\u00e0ng vi ph\u1ea1m quy \u0111\u1ecbnh.<\/li>\n<\/ul>\n<\/li>\n\n\n\n<li><strong>Ngh\u0129a v\u1ee5:<\/strong>\n<ul class=\"wp-block-list\">\n<li>Cung c\u1ea5p th\u00f4ng tin ch\u00ednh x\u00e1c v\u1ec1 s\u1ea3n ph\u1ea9m, d\u1ecbch v\u1ee5.<\/li>\n\n\n\n<li>Cung c\u1ea5p d\u1ecbch v\u1ee5 thanh to\u00e1n an to\u00e0n, ti\u1ec7n l\u1ee3i.<\/li>\n\n\n\n<li>Ch\u1ec9 s\u1eed d\u1ee5ng th\u00f4ng tin kh\u00e1ch h\u00e0ng cho m\u1ee5c \u0111\u00edch giao d\u1ecbch, b\u1ea3o h\u00e0nh.<\/li>\n\n\n\n<li>Giao h\u00e0ng \u0111\u00fang th\u1eddi h\u1ea1n.<\/li>\n\n\n\n<li>Gi\u1ea3i quy\u1ebft khi\u1ebfu n\u1ea1i c\u1ee7a kh\u00e1ch h\u00e0ng.<\/li>\n<\/ul>\n<\/li>\n<\/ul>\n\n\n\n<p><strong>5. Gi\u00e1 c\u1ea3 v\u00e0 thanh to\u00e1n:<\/strong><\/p>\n\n\n\n<ul class=\"wp-block-list\">\n<li>Gi\u00e1 c\u1ea3 s\u1ea3n ph\u1ea9m, d\u1ecbch v\u1ee5 \u0111\u01b0\u1ee3c ni\u00eam y\u1ebft tr\u00ean trang web l\u00e0 gi\u00e1 b\u00e1n cu\u1ed1i c\u00f9ng.<\/li>\n\n\n\n<li>C\u00e1c h\u00ecnh th\u1ee9c thanh to\u00e1n \u0111\u01b0\u1ee3c ch\u1ea5p nh\u1eadn:\n<ul class=\"wp-block-list\">\n<li>Thanh to\u00e1n tr\u1ef1c tuy\u1ebfn qua c\u1ed5ng thanh to\u00e1n an to\u00e0n.<\/li>\n\n\n\n<li>Thanh to\u00e1n khi nh\u1eadn h\u00e0ng (COD).<\/li>\n\n\n\n<li>Chuy\u1ec3n kho\u1ea3n ng\u00e2n h\u00e0ng.<\/li>\n<\/ul>\n<\/li>\n<\/ul>\n\n\n\n<p><strong>6. Giao h\u00e0ng:<\/strong><\/p>\n\n\n\n<ul class=\"wp-block-list\">\n<li>Th\u1eddi gian giao h\u00e0ng:\n<ul class=\"wp-block-list\">\n<li>Khu v\u1ef1c n\u1ed9i th\u00e0nh: <strong>1-2<\/strong> ng\u00e0y l\u00e0m vi\u1ec7c.<\/li>\n\n\n\n<li>Khu v\u1ef1c ngo\u1ea1i th\u00e0nh: <strong>3-5<\/strong> ng\u00e0y l\u00e0m vi\u1ec7c.<\/li>\n\n\n\n<li>Mi\u1ec5n ph\u00ed v\u1eadn chuy\u1ec3n cho \u0111\u01a1n h\u00e0ng t\u1eeb <strong>1.000.000 vn\u0111<\/strong> tr\u1edf l\u00ean.<\/li>\n<\/ul>\n<\/li>\n\n\n\n<li>H\u00ecnh th\u1ee9c giao h\u00e0ng:\n<ul class=\"wp-block-list\">\n<li>Giao h\u00e0ng tr\u1ef1c ti\u1ebfp.<\/li>\n\n\n\n<li>Giao h\u00e0ng qua b\u01b0u \u0111i\u1ec7n.<\/li>\n\n\n\n<li>Giao h\u00e0ng qua c\u00e1c \u0111\u01a1n v\u1ecb v\u1eadn chuy\u1ec3n kh\u00e1c c\u00f3 \u0111i\u1ec3m giao nh\u1eadn trong khu v\u1ef1c.<\/li>\n<\/ul>\n<\/li>\n<\/ul>\n\n\n\n<p><strong>7. \u0110\u1ed5i tr\u1ea3 h\u00e0ng h\u00f3a:<\/strong><\/p>\n\n\n\n<ul class=\"wp-block-list\">\n<li>Kh\u00e1ch h\u00e0ng \u0111\u01b0\u1ee3c \u0111\u1ed5i tr\u1ea3 h\u00e0ng h\u00f3a trong v\u00f2ng <strong>30<\/strong> ng\u00e0y k\u1ec3 t\u1eeb ng\u00e0y nh\u1eadn h\u00e0ng.<\/li>\n\n\n\n<li>\u0110i\u1ec1u ki\u1ec7n \u0111\u1ed5i tr\u1ea3:\n<ul class=\"wp-block-list\">\n<li>H\u00e0ng h\u00f3a c\u00f2n nguy\u00ean v\u1eb9n, ch\u01b0a qua s\u1eed d\u1ee5ng.<\/li>\n\n\n\n<li>H\u00e0ng h\u00f3a b\u1ecb l\u1ed7i do nh\u00e0 s\u1ea3n xu\u1ea5t.<\/li>\n\n\n\n<li>H\u00e0ng h\u00f3a kh\u00f4ng \u0111\u00fang v\u1edbi m\u00f4 t\u1ea3 tr\u00ean trang web.<\/li>\n<\/ul>\n<\/li>\n<\/ul>\n\n\n\n<p><strong>8. Gi\u1ea3i quy\u1ebft tranh ch\u1ea5p:<\/strong><\/p>\n\n\n\n<ul class=\"wp-block-list\">\n<li>M\u1ecdi tranh ch\u1ea5p ch\u1ea5p thu\u1eadn ph\u00e1t sinh t\u1eeb ho\u1eb7c li\u00ean quan \u0111\u1ebfn Th\u1ecfa thu\u1eadn n\u00e0y s\u1ebd \u0111\u01b0\u1ee3c gi\u1ea3i quy\u1ebft m\u1ed9t c\u00e1ch th\u00e2n thi\u1ec7n th\u00f4ng qua th\u01b0\u01a1ng l\u01b0\u1ee3ng.<\/li>\n\n\n\n<li>N\u1ebfu tranh ch\u1ea5p kh\u00f4ng th\u1ec3 gi\u1ea3i quy\u1ebft \u0111\u01b0\u1ee3c b\u1eb1ng th\u01b0\u01a1ng l\u01b0\u1ee3ng th\u00ec s\u1ebd \u0111\u01b0a ra t\u00f2a \u00e1n c\u00f3 th\u1ea9m quy\u1ec1n c\u1ee7a Vi\u1ec7t Nam \u0111\u1ec3 gi\u1ea3i quy\u1ebft.<\/li>\n<\/ul>\n\n\n\n<p><strong>9. Quy \u0111\u1ecbnh chung:<\/strong><\/p>\n\n\n\n<ul class=\"wp-block-list\">\n<li>Trang web c\u00f3 quy\u1ec1n s\u1eeda \u0111\u1ed5i, b\u1ed5 sung \u0110i\u1ec1u ki\u1ec7n n\u00e0y b\u1ea5t c\u1ee9 l\u00fac n\u00e0o.<\/li>\n\n\n\n<li>Vi\u1ec7c s\u1eed d\u1ee5ng trang web c\u1ee7a kh\u00e1ch h\u00e0ng \u0111\u1ed3ng ngh\u0129a v\u1edbi vi\u1ec7c kh\u00e1ch h\u00e0ng \u0111\u1ed3ng \u00fd v\u1edbi \u0110i\u1ec1u ki\u1ec7n n\u00e0y.<\/li>\n\n\n\n<li>\u0110i\u1ec1u ki\u1ec7n n\u00e0y \u0111\u01b0\u1ee3c l\u1eadp th\u00e0nh hai b\u1ea3n ti\u1ebfng Vi\u1ec7t v\u00e0 ti\u1ebfng Anh, c\u00f3 gi\u00e1 tr\u1ecb ph\u00e1p l\u00fd nh\u01b0 nhau.<\/li>\n<\/ul>\n\n\n\n<p><strong>10. Li\u00ean h\u1ec7:<\/strong><\/p>\n\n\n\n<p>M\u1ecdi th\u00f4ng tin chi ti\u1ebft v\u1ec1 \u0110i\u1ec1u ki\u1ec7n n\u00e0y, kh\u00e1ch h\u00e0ng vui l\u00f2ng li\u00ean h\u1ec7 v\u1edbi ch\u00fang t\u00f4i qua:<\/p>\n\n\n\n<ul class=\"wp-block-list\">\n<li>Hotline: <a href=\"tel:0933007927\">0933.007.927<\/a><\/li>\n\n\n\n<li>Email: <a href=\"mailto:cskh@phukienmattroi.com\">cskh@phukienmattroi.com<\/a><\/li>\n<\/ul>\n\n\n\n<p><strong>Ch\u00fac b\u1ea1n mua s\u1eafm vui v\u1ebb!<\/strong><\/p>\n","protected":false},"excerpt":{"rendered":"<p>1. Gi\u1edbi thi\u1ec7u: Ch\u00e0o m\u1eebng b\u1ea1n \u0111\u1ebfn v\u1edbi trang th\u01b0\u01a1ng m\u1ea1i \u0111i\u1ec7n t\u1eed Ph\u1ee5 Ki\u1ec7n M\u1eb7t Tr\u1eddi. Ch\u00fang t\u00f4i cam k\u1ebft mang \u0111\u1ebfn cho b\u1ea1n tr\u1ea3i nghi\u1ec7m mua s\u1eafm tr\u1ef1c<\/p>\n","protected":false},"author":1,"featured_media":0,"parent":0,"menu_order":0,"comment_status":"closed","ping_status":"closed","template":"","meta":{"footnotes":""},"class_list":["post-5913","page","type-page","status-publish","hentry"],"yoast_head":"<!-- This site is optimized with the Yoast SEO Premium plugin v22.6 (Yoast SEO v27.3) - https:\/\/yoast.com\/product\/yoast-seo-premium-wordpress\/ -->\n<title>\u0110i\u1ec1u ki\u1ec7n giao d\u1ecbch chung - Ph\u1ee5 Ki\u1ec7n M\u1eb7t Tr\u1eddi<\/title>\n<meta name=\"robots\" content=\"index, follow, max-snippet:-1, max-image-preview:large, max-video-preview:-1\" \/>\n<link rel=\"canonical\" href=\"https:\/\/phukienmattroi.com\/index.php\/vi\/dieu-kien-giao-dich-chung\/\" \/>\n<meta property=\"og:locale\" content=\"vi_VN\" \/>\n<meta property=\"og:type\" content=\"article\" \/>\n<meta property=\"og:title\" content=\"\u0110i\u1ec1u ki\u1ec7n giao d\u1ecbch chung\" \/>\n<meta property=\"og:description\" content=\"1. Gi\u1edbi thi\u1ec7u: Ch\u00e0o m\u1eebng b\u1ea1n \u0111\u1ebfn v\u1edbi trang th\u01b0\u01a1ng m\u1ea1i \u0111i\u1ec7n t\u1eed Ph\u1ee5 Ki\u1ec7n M\u1eb7t Tr\u1eddi. Ch\u00fang t\u00f4i cam k\u1ebft mang \u0111\u1ebfn cho b\u1ea1n tr\u1ea3i nghi\u1ec7m mua s\u1eafm tr\u1ef1c\" \/>\n<meta property=\"og:url\" content=\"https:\/\/phukienmattroi.com\/index.php\/vi\/dieu-kien-giao-dich-chung\/\" \/>\n<meta property=\"og:site_name\" content=\"Ph\u1ee5 Ki\u1ec7n M\u1eb7t Tr\u1eddi\" \/>\n<meta property=\"article:publisher\" content=\"https:\/\/www.facebook.com\/phukienmattroisolar\" \/>\n<meta property=\"article:modified_time\" content=\"2024-08-15T10:10:18+00:00\" \/>\n<meta name=\"twitter:card\" content=\"summary_large_image\" \/>\n<meta name=\"twitter:label1\" content=\"\u01af\u1edbc t\u00ednh th\u1eddi gian \u0111\u1ecdc\" \/>\n\t<meta name=\"twitter:data1\" content=\"4 ph\u00fat\" \/>\n<script type=\"application\/ld+json\" class=\"yoast-schema-graph\">{\"@context\":\"https:\\\/\\\/schema.org\",\"@graph\":[{\"@type\":\"WebPage\",\"@id\":\"https:\\\/\\\/phukienmattroi.com\\\/index.php\\\/vi\\\/dieu-kien-giao-dich-chung\\\/\",\"url\":\"https:\\\/\\\/phukienmattroi.com\\\/index.php\\\/vi\\\/dieu-kien-giao-dich-chung\\\/\",\"name\":\"\u0110i\u1ec1u ki\u1ec7n giao d\u1ecbch chung - Ph\u1ee5 Ki\u1ec7n M\u1eb7t Tr\u1eddi\",\"isPartOf\":{\"@id\":\"https:\\\/\\\/phukienmattroi.com\\\/#website\"},\"datePublished\":\"2024-04-03T10:14:39+00:00\",\"dateModified\":\"2024-08-15T10:10:18+00:00\",\"breadcrumb\":{\"@id\":\"https:\\\/\\\/phukienmattroi.com\\\/index.php\\\/vi\\\/dieu-kien-giao-dich-chung\\\/#breadcrumb\"},\"inLanguage\":\"vi\",\"potentialAction\":[{\"@type\":\"ReadAction\",\"target\":[\"https:\\\/\\\/phukienmattroi.com\\\/index.php\\\/vi\\\/dieu-kien-giao-dich-chung\\\/\"]}]},{\"@type\":\"BreadcrumbList\",\"@id\":\"https:\\\/\\\/phukienmattroi.com\\\/index.php\\\/vi\\\/dieu-kien-giao-dich-chung\\\/#breadcrumb\",\"itemListElement\":[{\"@type\":\"ListItem\",\"position\":1,\"name\":\"Trang ch\u1ee7\",\"item\":\"https:\\\/\\\/phukienmattroi.com\\\/\"},{\"@type\":\"ListItem\",\"position\":2,\"name\":\"\u0110i\u1ec1u ki\u1ec7n giao d\u1ecbch chung\"}]},{\"@type\":\"WebSite\",\"@id\":\"https:\\\/\\\/phukienmattroi.com\\\/#website\",\"url\":\"https:\\\/\\\/phukienmattroi.com\\\/\",\"name\":\"Ph\u1ee5 Ki\u1ec7n M\u1eb7t Tr\u1eddi\",\"description\":\"Ph\u1ee5 Ki\u1ec7n M\u1eb7t Tr\u1eddi\",\"publisher\":{\"@id\":\"https:\\\/\\\/phukienmattroi.com\\\/#organization\"},\"potentialAction\":[{\"@type\":\"SearchAction\",\"target\":{\"@type\":\"EntryPoint\",\"urlTemplate\":\"https:\\\/\\\/phukienmattroi.com\\\/?s={search_term_string}\"},\"query-input\":{\"@type\":\"PropertyValueSpecification\",\"valueRequired\":true,\"valueName\":\"search_term_string\"}}],\"inLanguage\":\"vi\"},{\"@type\":\"Organization\",\"@id\":\"https:\\\/\\\/phukienmattroi.com\\\/#organization\",\"name\":\"Ph\u1ee5 Ki\u1ec7n M\u1eb7t Tr\u1eddi\",\"url\":\"https:\\\/\\\/phukienmattroi.com\\\/\",\"logo\":{\"@type\":\"ImageObject\",\"inLanguage\":\"vi\",\"@id\":\"https:\\\/\\\/phukienmattroi.com\\\/#\\\/schema\\\/logo\\\/image\\\/\",\"url\":\"https:\\\/\\\/phukienmattroi.com\\\/wp-content\\\/uploads\\\/2024\\\/03\\\/TBMT-logo3-1.png\",\"contentUrl\":\"https:\\\/\\\/phukienmattroi.com\\\/wp-content\\\/uploads\\\/2024\\\/03\\\/TBMT-logo3-1.png\",\"width\":3946,\"height\":1403,\"caption\":\"Ph\u1ee5 Ki\u1ec7n M\u1eb7t Tr\u1eddi\"},\"image\":{\"@id\":\"https:\\\/\\\/phukienmattroi.com\\\/#\\\/schema\\\/logo\\\/image\\\/\"},\"sameAs\":[\"https:\\\/\\\/www.facebook.com\\\/phukienmattroisolar\"]}]}<\/script>\n<!-- \/ Yoast SEO Premium plugin. -->","yoast_head_json":{"title":"\u0110i\u1ec1u ki\u1ec7n giao d\u1ecbch chung - Ph\u1ee5 Ki\u1ec7n M\u1eb7t Tr\u1eddi","robots":{"index":"index","follow":"follow","max-snippet":"max-snippet:-1","max-image-preview":"max-image-preview:large","max-video-preview":"max-video-preview:-1"},"canonical":"https:\/\/phukienmattroi.com\/index.php\/vi\/dieu-kien-giao-dich-chung\/","og_locale":"vi_VN","og_type":"article","og_title":"\u0110i\u1ec1u ki\u1ec7n giao d\u1ecbch chung","og_description":"1. Gi\u1edbi thi\u1ec7u: Ch\u00e0o m\u1eebng b\u1ea1n \u0111\u1ebfn v\u1edbi trang th\u01b0\u01a1ng m\u1ea1i \u0111i\u1ec7n t\u1eed Ph\u1ee5 Ki\u1ec7n M\u1eb7t Tr\u1eddi. Ch\u00fang t\u00f4i cam k\u1ebft mang \u0111\u1ebfn cho b\u1ea1n tr\u1ea3i nghi\u1ec7m mua s\u1eafm tr\u1ef1c","og_url":"https:\/\/phukienmattroi.com\/index.php\/vi\/dieu-kien-giao-dich-chung\/","og_site_name":"Ph\u1ee5 Ki\u1ec7n M\u1eb7t Tr\u1eddi","article_publisher":"https:\/\/www.facebook.com\/phukienmattroisolar","article_modified_time":"2024-08-15T10:10:18+00:00","twitter_card":"summary_large_image","twitter_misc":{"\u01af\u1edbc t\u00ednh th\u1eddi gian \u0111\u1ecdc":"4 ph\u00fat"},"schema":{"@context":"https:\/\/schema.org","@graph":[{"@type":"WebPage","@id":"https:\/\/phukienmattroi.com\/index.php\/vi\/dieu-kien-giao-dich-chung\/","url":"https:\/\/phukienmattroi.com\/index.php\/vi\/dieu-kien-giao-dich-chung\/","name":"\u0110i\u1ec1u ki\u1ec7n giao d\u1ecbch chung - Ph\u1ee5 Ki\u1ec7n M\u1eb7t Tr\u1eddi","isPartOf":{"@id":"https:\/\/phukienmattroi.com\/#website"},"datePublished":"2024-04-03T10:14:39+00:00","dateModified":"2024-08-15T10:10:18+00:00","breadcrumb":{"@id":"https:\/\/phukienmattroi.com\/index.php\/vi\/dieu-kien-giao-dich-chung\/#breadcrumb"},"inLanguage":"vi","potentialAction":[{"@type":"ReadAction","target":["https:\/\/phukienmattroi.com\/index.php\/vi\/dieu-kien-giao-dich-chung\/"]}]},{"@type":"BreadcrumbList","@id":"https:\/\/phukienmattroi.com\/index.php\/vi\/dieu-kien-giao-dich-chung\/#breadcrumb","itemListElement":[{"@type":"ListItem","position":1,"name":"Trang ch\u1ee7","item":"https:\/\/phukienmattroi.com\/"},{"@type":"ListItem","position":2,"name":"\u0110i\u1ec1u ki\u1ec7n giao d\u1ecbch chung"}]},{"@type":"WebSite","@id":"https:\/\/phukienmattroi.com\/#website","url":"https:\/\/phukienmattroi.com\/","name":"Ph\u1ee5 Ki\u1ec7n M\u1eb7t Tr\u1eddi","description":"Ph\u1ee5 Ki\u1ec7n M\u1eb7t Tr\u1eddi","publisher":{"@id":"https:\/\/phukienmattroi.com\/#organization"},"potentialAction":[{"@type":"SearchAction","target":{"@type":"EntryPoint","urlTemplate":"https:\/\/phukienmattroi.com\/?s={search_term_string}"},"query-input":{"@type":"PropertyValueSpecification","valueRequired":true,"valueName":"search_term_string"}}],"inLanguage":"vi"},{"@type":"Organization","@id":"https:\/\/phukienmattroi.com\/#organization","name":"Ph\u1ee5 Ki\u1ec7n M\u1eb7t Tr\u1eddi","url":"https:\/\/phukienmattroi.com\/","logo":{"@type":"ImageObject","inLanguage":"vi","@id":"https:\/\/phukienmattroi.com\/#\/schema\/logo\/image\/","url":"https:\/\/phukienmattroi.com\/wp-content\/uploads\/2024\/03\/TBMT-logo3-1.png","contentUrl":"https:\/\/phukienmattroi.com\/wp-content\/uploads\/2024\/03\/TBMT-logo3-1.png","width":3946,"height":1403,"caption":"Ph\u1ee5 Ki\u1ec7n M\u1eb7t Tr\u1eddi"},"image":{"@id":"https:\/\/phukienmattroi.com\/#\/schema\/logo\/image\/"},"sameAs":["https:\/\/www.facebook.com\/phukienmattroisolar"]}]}},"jetpack_sharing_enabled":true,"_links":{"self":[{"href":"https:\/\/phukienmattroi.com\/index.php\/wp-json\/wp\/v2\/pages\/5913","targetHints":{"allow":["GET"]}}],"collection":[{"href":"https:\/\/phukienmattroi.com\/index.php\/wp-json\/wp\/v2\/pages"}],"about":[{"href":"https:\/\/phukienmattroi.com\/index.php\/wp-json\/wp\/v2\/types\/page"}],"author":[{"embeddable":true,"href":"https:\/\/phukienmattroi.com\/index.php\/wp-json\/wp\/v2\/users\/1"}],"replies":[{"embeddable":true,"href":"https:\/\/phukienmattroi.com\/index.php\/wp-json\/wp\/v2\/comments?post=5913"}],"version-history":[{"count":2,"href":"https:\/\/phukienmattroi.com\/index.php\/wp-json\/wp\/v2\/pages\/5913\/revisions"}],"predecessor-version":[{"id":5918,"href":"https:\/\/phukienmattroi.com\/index.php\/wp-json\/wp\/v2\/pages\/5913\/revisions\/5918"}],"wp:attachment":[{"href":"https:\/\/phukienmattroi.com\/index.php\/wp-json\/wp\/v2\/media?parent=5913"}],"curies":[{"name":"wp","href":"https:\/\/api.w.org\/{rel}","templated":true}]}}