{"id":58,"date":"2024-03-17T07:33:58","date_gmt":"2024-03-17T07:33:58","guid":{"rendered":"https:\/\/phukienmattroi.com\/?page_id=58"},"modified":"2024-08-15T17:10:18","modified_gmt":"2024-08-15T10:10:18","slug":"gioi-thieu","status":"publish","type":"page","link":"https:\/\/phukienmattroi.com\/index.php\/gioi-thieu\/","title":{"rendered":"Gi\u1edbi thi\u1ec7u"},"content":{"rendered":"\n<p>Ph\u1ee5 Ki\u1ec7n M\u1eb7t Tr\u1eddi l\u00e0 \u0111\u01a1n v\u1ecb chuy\u00ean kinh doanh c\u00e1c thi\u1ebft b\u1ecb \u0111i\u1ec7n, \u0111i\u1ec7n n\u0103ng l\u01b0\u1ee3ng m\u1eb7t tr\u1eddi, \u0111\u00e8n, qu\u1ea1t, v\u00e0 c\u00e1c lo\u1ea1i thi\u1ebft b\u1ecb t\u01b0\u1edbi ti\u00eau b\u1eb1ng n\u0103ng l\u01b0\u1ee3ng m\u1eb7t tr\u1eddi. <a href=\"https:\/\/phukienmattroi.com\/\">Ph\u1ee5 Ki\u1ec7n M\u1eb7t Tr\u1eddi<\/a> thu\u1ed9c s\u1edf h\u1eefu c\u1ee7a c\u00f4ng ty TNHH s\u1ef1 ki\u1ec7n truy\u1ec1n th\u00f4ng T\u00e2y Nguy\u00ean Media, m\u1ed9t c\u00f4ng ty uy t\u00edn v\u1edbi nhi\u1ec1u n\u0103m kinh nghi\u1ec7m trong l\u0129nh v\u1ef1c n\u0103ng l\u01b0\u1ee3ng m\u1eb7t tr\u1eddi.<\/p>\n\n\n\n<p><strong>T\u1ea1i Ph\u1ee5 Ki\u1ec7n M\u1eb7t Tr\u1eddi, ch\u00fang t\u00f4i cung c\u1ea5p:<\/strong><\/p>\n\n\n\n<ul class=\"wp-block-list\">\n<li><strong>S\u1ea3n ph\u1ea9m \u0111a d\u1ea1ng:<\/strong>&nbsp;Cung c\u1ea5p \u0111\u1ea7y \u0111\u1ee7 c\u00e1c lo\u1ea1i thi\u1ebft b\u1ecb \u0111i\u1ec7n, \u0111i\u1ec7n n\u0103ng l\u01b0\u1ee3ng m\u1eb7t tr\u1eddi, \u0111\u00e8n, qu\u1ea1t, v\u00e0 c\u00e1c lo\u1ea1i thi\u1ebft b\u1ecb t\u01b0\u1edbi ti\u00eau b\u1eb1ng n\u0103ng l\u01b0\u1ee3ng m\u1eb7t tr\u1eddi.<\/li>\n\n\n\n<li><strong>Ch\u1ea5t l\u01b0\u1ee3ng \u0111\u1ea3m b\u1ea3o:<\/strong>&nbsp;Cam k\u1ebft s\u1ea3n ph\u1ea9m ch\u00ednh h\u00e3ng, c\u00f3 ngu\u1ed3n g\u1ed1c xu\u1ea5t x\u1ee9 r\u00f5 r\u00e0ng, ch\u1ea5t l\u01b0\u1ee3ng cao, v\u00e0 \u0111\u01b0\u1ee3c b\u1ea3o h\u00e0nh ch\u00ednh th\u1ee9c.<\/li>\n\n\n\n<li><strong>Gi\u00e1 c\u1ea3 c\u1ea1nh tranh:<\/strong>&nbsp;Lu\u00f4n cung c\u1ea5p m\u1ee9c gi\u00e1 t\u1ed1t nh\u1ea5t cho kh\u00e1ch h\u00e0ng, \u0111i k\u00e8m v\u1edbi nhi\u1ec1u ch\u01b0\u01a1ng tr\u00ecnh \u01b0u \u0111\u00e3i h\u1ea5p d\u1eabn.<\/li>\n\n\n\n<li><strong>D\u1ecbch v\u1ee5 chuy\u00ean nghi\u1ec7p:<\/strong>&nbsp;\u0110\u1ed9i ng\u0169 nh\u00e2n vi\u00ean t\u01b0 v\u1ea5n nhi\u1ec7t t\u00ecnh, gi\u00e0u kinh nghi\u1ec7m, lu\u00f4n s\u1eb5n s\u00e0ng h\u1ed7 tr\u1ee3 kh\u00e1ch h\u00e0ng 24\/7.<\/li>\n<\/ul>\n\n\n\n<p><strong>Ph\u1ee5 Ki\u1ec7n M\u1eb7t Tr\u1eddi cam k\u1ebft:<\/strong><\/p>\n\n\n\n<ul class=\"wp-block-list\">\n<li>Mang \u0111\u1ebfn cho kh\u00e1ch h\u00e0ng nh\u1eefng s\u1ea3n ph\u1ea9m ch\u1ea5t l\u01b0\u1ee3ng cao v\u1edbi gi\u00e1 c\u1ea3 c\u1ea1nh tranh.<\/li>\n\n\n\n<li>Cung c\u1ea5p d\u1ecbch v\u1ee5 t\u01b0 v\u1ea5n, b\u00e1n h\u00e0ng v\u00e0 b\u1ea3o h\u00e0nh chuy\u00ean nghi\u1ec7p, uy t\u00edn.<\/li>\n\n\n\n<li>Lu\u00f4n c\u1eadp nh\u1eadt nh\u1eefng c\u00f4ng ngh\u1ec7 m\u1edbi nh\u1ea5t v\u1ec1 n\u0103ng l\u01b0\u1ee3ng m\u1eb7t tr\u1eddi \u0111\u1ec3 \u0111\u00e1p \u1ee9ng nhu c\u1ea7u c\u1ee7a kh\u00e1ch h\u00e0ng.<\/li>\n<\/ul>\n\n\n\n<h3 class=\"wp-block-heading\" id=\"Cc-thuong-hieu-duoc-Phn-phoi-tai-DMT-Solar\">C\u00e1c th\u01b0\u01a1ng hi\u1ec7u \u0111\u01b0\u1ee3c Ph\u00e2n ph\u1ed1i t\u1ea1i Ph\u1ee5 Ki\u1ec7n M\u1eb7t Tr\u1eddi<\/h3>\n\n\n\n<ul class=\"wp-block-list\">\n<li><strong>Jindian<\/strong>: l\u00e0 th\u01b0\u01a1ng hi\u1ec7u ph\u1ed5 bi\u1ebfn v\u00e0 \u0111\u01b0\u1ee3c nhi\u1ec1u \u0111\u1ea1i l\u00fd quan t\u00e2m hi\u1ec7n nay. Ngo\u00e0i ra, Jindian c\u00f2n \u0111\u01b0\u1ee3c bi\u1ebft \u0111\u1ebfn l\u00e0 th\u01b0\u01a1ng hi\u1ec7u ph\u1ed5 bi\u1ebfn nh\u1ea5t hi\u1ec7n nay \u0111\u1ed1i v\u1edbi \u0111\u1ea1i \u0111a s\u1ed1 ng\u01b0\u1eddi d\u00f9ng. <strong>Ph\u1ee5 Ki\u1ec7n M\u1eb7t Tr\u1eddi<\/strong> l\u00e0 m\u1ed9t trong s\u1ed1 \u0111\u01a1n v\u1ecb ph\u00e2n ph\u1ed1i ch\u00ednh th\u1ee9c c\u00e1c s\u1ea3n ph\u1ea9m c\u1ee7a th\u01b0\u01a1ng hi\u1ec7u Jindian.<\/li>\n<\/ul>\n\n\n\n<ul class=\"wp-block-list\">\n<li><strong>Euler Energy<\/strong>: l\u00e0 d\u00f2ng \u0111\u00e8n cao c\u1ea5p, \u0111\u01b0\u1ee3c s\u1eed d\u1ee5ng nhi\u1ec1u cho c\u00e1c d\u1ef1 \u00e1n. \u0110\u00e8n c\u00f3 \u0111\u1ed9 ho\u00e0n thi\u1ec7n t\u1ed1t, trang b\u1ecb c\u00e1c linh ki\u1ec7n cao c\u1ea5p. \u0110\u1eb7c bi\u1ec7t l\u00e0 c\u00e1c ch\u00edp LED Cree &#8211; Th\u01b0\u01a1ng hi\u1ec7u M\u1ef9. <strong>Ph\u1ee5 Ki\u1ec7n M\u1eb7t Tr\u1eddi<\/strong> l\u00e0 nh\u00e0 ph\u00e2n ph\u1ed1i ch\u00ednh th\u1ee9c c\u00e1c s\u1ea3n ph\u1ea9m c\u1ee7a th\u01b0\u01a1ng hi\u1ec7u Euler Energy cho c\u00e1c \u0111\u1ea1i l\u00fd tr\u00ean c\u1ea3 n\u01b0\u1edbc.<\/li>\n\n\n\n<li><strong>Saco<\/strong>: l\u00e0 th\u01b0\u01a1ng hi\u1ec7u m\u1edbi, \u0111\u01b0\u1ee3c ch\u00fa t\u00e2m n\u00e2ng c\u1ea5p t\u1ea5m pin n\u0103ng l\u01b0\u1ee3ng m\u1eb7t tr\u1eddi, c\u00e1c s\u1ea3n ph\u1ea9m \u01b0u ti\u00ean s\u1eed d\u1ee5ng t\u1ea5m Pin Mono \u0111\u1ec3 ph\u00f9 h\u1ee3p v\u1edbi th\u1eddi ti\u1ebft t\u1ea1i khu v\u1ef1c T\u00e2y Nguy\u00ean v\u00e0 c\u00e1c t\u1ec9nh Mi\u1ec1n B\u1eafc n\u01b0\u1edbc ta.<\/li>\n\n\n\n<li><strong>Newstar<\/strong>: \u0111\u01b0\u1ee3c ng\u01b0\u1eddi d\u00f9ng bi\u1ebft \u0111\u1ebfn l\u00e0 s\u1ea3n ph\u1ea9m c\u00f3 ch\u1ea5t l\u01b0\u1ee3ng t\u1ed1t, s\u1ea3n ph\u1ea9m \u01b0u ti\u00ean s\u1eed d\u1ee5ng linh ki\u1ec7n t\u1ed1t m\u00e0 v\u1eabn gi\u1eef m\u1ee9c gi\u00e1 th\u00e0nh ph\u00f9 h\u1ee3p v\u1edbi ng\u01b0\u1eddi d\u00f9ng.<\/li>\n\n\n\n<li><strong>R\u1ea1ng \u0110\u00f4ng<\/strong>: <strong>Ph\u1ee5 Ki\u1ec7n M\u1eb7t Tr\u1eddi<\/strong> l\u00e0 \u0111\u1ea1i l\u00fd \u0111\u00e8n n\u0103ng l\u01b0\u1ee3ng m\u1eb7t tr\u1eddi R\u1ea1ng \u0110\u00f4ng, cam k\u1ebft cung c\u1ea5p s\u1ea3n ph\u1ea9m \u0111\u00fang ch\u1ea5t l\u01b0\u1ee3ng, \u0111\u00fang th\u1eddi gian b\u1ea3o h\u00e0nh, \u0111\u1ed5i m\u1edbi theo ch\u1ebf \u0111\u1ed9 c\u1ee7a h\u00e3ng.<\/li>\n<\/ul>\n\n\n\n<p><strong>H\u00e3y \u0111\u1ebfn v\u1edbi Ph\u1ee5 Ki\u1ec7n M\u1eb7t Tr\u1eddi \u0111\u1ec3 tr\u1ea3i nghi\u1ec7m nh\u1eefng s\u1ea3n ph\u1ea9m v\u00e0 d\u1ecbch v\u1ee5 t\u1ed1t nh\u1ea5t!<\/strong><\/p>\n\n\n\n<p><strong>Th\u00f4ng tin li\u00ean h\u1ec7:<\/strong><\/p>\n\n\n\n<ul class=\"wp-block-list\">\n<li>Website:\u00a0<a href=\"https:\/\/phukienmattroi.com\/\" target=\"_blank\" rel=\"noreferrer noopener\">https:\/\/phukienmattroi.com\/<\/a><\/li>\n\n\n\n<li>Fanpage:&nbsp;<a href=\"https:\/\/m.facebook.com\/phukienmattroisolar\" target=\"_blank\" rel=\"noreferrer noopener\">https:\/\/m.facebook.com\/phukienmattroisolar<\/a><\/li>\n\n\n\n<li>Hotline:&nbsp;<a href=\"tel:0974046214\">097.404.6214<\/a>&nbsp;&#8211;&nbsp;<a href=\"https:\/\/phukienmattroi.com\/dashboard\/posts\/0933007927\">0933.007.927<\/a><\/li>\n\n\n\n<li>\u0110\u1ecba ch\u1ec9:&nbsp;46 \u0110\u01b0\u1eddng 1, P. Y\u00ean \u0110\u1ed7, TP. Pleiku, Gia Lai<\/li>\n\n\n\n<li>MST:&nbsp;5901208066&nbsp;do S\u1edf KH\u0110T Gia Lai c\u1ea5p ng\u00e0y 29\/02\/2024<\/li>\n<\/ul>\n\n\n\n<p><strong>Ph\u1ee5 Ki\u1ec7n M\u1eb7t Tr\u1eddi &#8211; N\u0103ng l\u01b0\u1ee3ng xanh cho cu\u1ed9c s\u1ed1ng!<\/strong><\/p>\n","protected":false},"excerpt":{"rendered":"<p>Ph\u1ee5 Ki\u1ec7n M\u1eb7t Tr\u1eddi l\u00e0 \u0111\u01a1n v\u1ecb chuy\u00ean kinh doanh c\u00e1c thi\u1ebft b\u1ecb \u0111i\u1ec7n, \u0111i\u1ec7n n\u0103ng l\u01b0\u1ee3ng m\u1eb7t tr\u1eddi, \u0111\u00e8n, qu\u1ea1t, v\u00e0 c\u00e1c lo\u1ea1i thi\u1ebft b\u1ecb t\u01b0\u1edbi ti\u00eau b\u1eb1ng n\u0103ng<\/p>\n","protected":false},"author":1,"featured_media":36,"parent":0,"menu_order":0,"comment_status":"closed","ping_status":"closed","template":"","meta":{"footnotes":""},"class_list":["post-58","page","type-page","status-publish","has-post-thumbnail","hentry"],"yoast_head":"<!-- This site is optimized with the Yoast SEO Premium plugin v22.6 (Yoast SEO v27.4) - https:\/\/yoast.com\/product\/yoast-seo-premium-wordpress\/ -->\n<title>Gi\u1edbi thi\u1ec7u - Ph\u1ee5 Ki\u1ec7n M\u1eb7t Tr\u1eddi<\/title>\n<meta name=\"robots\" content=\"index, follow, max-snippet:-1, max-image-preview:large, max-video-preview:-1\" \/>\n<link rel=\"canonical\" href=\"https:\/\/phukienmattroi.com\/index.php\/vi\/gioi-thieu\/\" \/>\n<meta property=\"og:locale\" content=\"vi_VN\" \/>\n<meta property=\"og:type\" content=\"article\" \/>\n<meta property=\"og:title\" content=\"Gi\u1edbi thi\u1ec7u\" \/>\n<meta property=\"og:description\" content=\"Ph\u1ee5 Ki\u1ec7n M\u1eb7t Tr\u1eddi l\u00e0 \u0111\u01a1n v\u1ecb chuy\u00ean kinh doanh c\u00e1c thi\u1ebft b\u1ecb \u0111i\u1ec7n, \u0111i\u1ec7n n\u0103ng l\u01b0\u1ee3ng m\u1eb7t tr\u1eddi, \u0111\u00e8n, qu\u1ea1t, v\u00e0 c\u00e1c lo\u1ea1i thi\u1ebft b\u1ecb t\u01b0\u1edbi ti\u00eau b\u1eb1ng n\u0103ng\" \/>\n<meta property=\"og:url\" content=\"https:\/\/phukienmattroi.com\/index.php\/vi\/gioi-thieu\/\" \/>\n<meta property=\"og:site_name\" content=\"Ph\u1ee5 Ki\u1ec7n M\u1eb7t Tr\u1eddi\" \/>\n<meta property=\"article:publisher\" content=\"https:\/\/www.facebook.com\/phukienmattroisolar\" \/>\n<meta property=\"article:modified_time\" content=\"2024-08-15T10:10:18+00:00\" \/>\n<meta property=\"og:image\" content=\"https:\/\/phukienmattroi.com\/wp-content\/uploads\/2024\/03\/cropped-cropped-TBMT-logo-1-e1710656603672.png\" \/>\n\t<meta property=\"og:image:width\" content=\"512\" \/>\n\t<meta property=\"og:image:height\" content=\"512\" \/>\n\t<meta property=\"og:image:type\" content=\"image\/png\" \/>\n<meta name=\"twitter:card\" content=\"summary_large_image\" \/>\n<meta name=\"twitter:label1\" content=\"\u01af\u1edbc t\u00ednh th\u1eddi gian \u0111\u1ecdc\" \/>\n\t<meta name=\"twitter:data1\" content=\"4 ph\u00fat\" \/>\n<script type=\"application\/ld+json\" class=\"yoast-schema-graph\">{\"@context\":\"https:\\\/\\\/schema.org\",\"@graph\":[{\"@type\":\"WebPage\",\"@id\":\"https:\\\/\\\/phukienmattroi.com\\\/index.php\\\/vi\\\/gioi-thieu\\\/\",\"url\":\"https:\\\/\\\/phukienmattroi.com\\\/index.php\\\/vi\\\/gioi-thieu\\\/\",\"name\":\"Gi\u1edbi thi\u1ec7u - Ph\u1ee5 Ki\u1ec7n M\u1eb7t Tr\u1eddi\",\"isPartOf\":{\"@id\":\"https:\\\/\\\/phukienmattroi.com\\\/#website\"},\"primaryImageOfPage\":{\"@id\":\"https:\\\/\\\/phukienmattroi.com\\\/index.php\\\/vi\\\/gioi-thieu\\\/#primaryimage\"},\"image\":{\"@id\":\"https:\\\/\\\/phukienmattroi.com\\\/index.php\\\/vi\\\/gioi-thieu\\\/#primaryimage\"},\"thumbnailUrl\":\"https:\\\/\\\/phukienmattroi.com\\\/wp-content\\\/uploads\\\/2024\\\/03\\\/cropped-cropped-TBMT-logo-1-e1710656603672.png\",\"datePublished\":\"2024-03-17T07:33:58+00:00\",\"dateModified\":\"2024-08-15T10:10:18+00:00\",\"breadcrumb\":{\"@id\":\"https:\\\/\\\/phukienmattroi.com\\\/index.php\\\/vi\\\/gioi-thieu\\\/#breadcrumb\"},\"inLanguage\":\"vi\",\"potentialAction\":[{\"@type\":\"ReadAction\",\"target\":[\"https:\\\/\\\/phukienmattroi.com\\\/index.php\\\/vi\\\/gioi-thieu\\\/\"]}]},{\"@type\":\"ImageObject\",\"inLanguage\":\"vi\",\"@id\":\"https:\\\/\\\/phukienmattroi.com\\\/index.php\\\/vi\\\/gioi-thieu\\\/#primaryimage\",\"url\":\"https:\\\/\\\/phukienmattroi.com\\\/wp-content\\\/uploads\\\/2024\\\/03\\\/cropped-cropped-TBMT-logo-1-e1710656603672.png\",\"contentUrl\":\"https:\\\/\\\/phukienmattroi.com\\\/wp-content\\\/uploads\\\/2024\\\/03\\\/cropped-cropped-TBMT-logo-1-e1710656603672.png\",\"width\":512,\"height\":512},{\"@type\":\"BreadcrumbList\",\"@id\":\"https:\\\/\\\/phukienmattroi.com\\\/index.php\\\/vi\\\/gioi-thieu\\\/#breadcrumb\",\"itemListElement\":[{\"@type\":\"ListItem\",\"position\":1,\"name\":\"Trang ch\u1ee7\",\"item\":\"https:\\\/\\\/phukienmattroi.com\\\/\"},{\"@type\":\"ListItem\",\"position\":2,\"name\":\"Gi\u1edbi thi\u1ec7u\"}]},{\"@type\":\"WebSite\",\"@id\":\"https:\\\/\\\/phukienmattroi.com\\\/#website\",\"url\":\"https:\\\/\\\/phukienmattroi.com\\\/\",\"name\":\"Ph\u1ee5 Ki\u1ec7n M\u1eb7t Tr\u1eddi\",\"description\":\"Ph\u1ee5 Ki\u1ec7n M\u1eb7t Tr\u1eddi\",\"publisher\":{\"@id\":\"https:\\\/\\\/phukienmattroi.com\\\/#organization\"},\"potentialAction\":[{\"@type\":\"SearchAction\",\"target\":{\"@type\":\"EntryPoint\",\"urlTemplate\":\"https:\\\/\\\/phukienmattroi.com\\\/?s={search_term_string}\"},\"query-input\":{\"@type\":\"PropertyValueSpecification\",\"valueRequired\":true,\"valueName\":\"search_term_string\"}}],\"inLanguage\":\"vi\"},{\"@type\":\"Organization\",\"@id\":\"https:\\\/\\\/phukienmattroi.com\\\/#organization\",\"name\":\"Ph\u1ee5 Ki\u1ec7n M\u1eb7t Tr\u1eddi\",\"url\":\"https:\\\/\\\/phukienmattroi.com\\\/\",\"logo\":{\"@type\":\"ImageObject\",\"inLanguage\":\"vi\",\"@id\":\"https:\\\/\\\/phukienmattroi.com\\\/#\\\/schema\\\/logo\\\/image\\\/\",\"url\":\"https:\\\/\\\/phukienmattroi.com\\\/wp-content\\\/uploads\\\/2024\\\/03\\\/TBMT-logo3-1.png\",\"contentUrl\":\"https:\\\/\\\/phukienmattroi.com\\\/wp-content\\\/uploads\\\/2024\\\/03\\\/TBMT-logo3-1.png\",\"width\":3946,\"height\":1403,\"caption\":\"Ph\u1ee5 Ki\u1ec7n M\u1eb7t Tr\u1eddi\"},\"image\":{\"@id\":\"https:\\\/\\\/phukienmattroi.com\\\/#\\\/schema\\\/logo\\\/image\\\/\"},\"sameAs\":[\"https:\\\/\\\/www.facebook.com\\\/phukienmattroisolar\"]}]}<\/script>\n<!-- \/ Yoast SEO Premium plugin. -->","yoast_head_json":{"title":"Gi\u1edbi thi\u1ec7u - Ph\u1ee5 Ki\u1ec7n M\u1eb7t Tr\u1eddi","robots":{"index":"index","follow":"follow","max-snippet":"max-snippet:-1","max-image-preview":"max-image-preview:large","max-video-preview":"max-video-preview:-1"},"canonical":"https:\/\/phukienmattroi.com\/index.php\/vi\/gioi-thieu\/","og_locale":"vi_VN","og_type":"article","og_title":"Gi\u1edbi thi\u1ec7u","og_description":"Ph\u1ee5 Ki\u1ec7n M\u1eb7t Tr\u1eddi l\u00e0 \u0111\u01a1n v\u1ecb chuy\u00ean kinh doanh c\u00e1c thi\u1ebft b\u1ecb \u0111i\u1ec7n, \u0111i\u1ec7n n\u0103ng l\u01b0\u1ee3ng m\u1eb7t tr\u1eddi, \u0111\u00e8n, qu\u1ea1t, v\u00e0 c\u00e1c lo\u1ea1i thi\u1ebft b\u1ecb t\u01b0\u1edbi ti\u00eau b\u1eb1ng n\u0103ng","og_url":"https:\/\/phukienmattroi.com\/index.php\/vi\/gioi-thieu\/","og_site_name":"Ph\u1ee5 Ki\u1ec7n M\u1eb7t Tr\u1eddi","article_publisher":"https:\/\/www.facebook.com\/phukienmattroisolar","article_modified_time":"2024-08-15T10:10:18+00:00","og_image":[{"width":512,"height":512,"url":"https:\/\/phukienmattroi.com\/wp-content\/uploads\/2024\/03\/cropped-cropped-TBMT-logo-1-e1710656603672.png","type":"image\/png"}],"twitter_card":"summary_large_image","twitter_misc":{"\u01af\u1edbc t\u00ednh th\u1eddi gian \u0111\u1ecdc":"4 ph\u00fat"},"schema":{"@context":"https:\/\/schema.org","@graph":[{"@type":"WebPage","@id":"https:\/\/phukienmattroi.com\/index.php\/vi\/gioi-thieu\/","url":"https:\/\/phukienmattroi.com\/index.php\/vi\/gioi-thieu\/","name":"Gi\u1edbi thi\u1ec7u - Ph\u1ee5 Ki\u1ec7n M\u1eb7t Tr\u1eddi","isPartOf":{"@id":"https:\/\/phukienmattroi.com\/#website"},"primaryImageOfPage":{"@id":"https:\/\/phukienmattroi.com\/index.php\/vi\/gioi-thieu\/#primaryimage"},"image":{"@id":"https:\/\/phukienmattroi.com\/index.php\/vi\/gioi-thieu\/#primaryimage"},"thumbnailUrl":"https:\/\/phukienmattroi.com\/wp-content\/uploads\/2024\/03\/cropped-cropped-TBMT-logo-1-e1710656603672.png","datePublished":"2024-03-17T07:33:58+00:00","dateModified":"2024-08-15T10:10:18+00:00","breadcrumb":{"@id":"https:\/\/phukienmattroi.com\/index.php\/vi\/gioi-thieu\/#breadcrumb"},"inLanguage":"vi","potentialAction":[{"@type":"ReadAction","target":["https:\/\/phukienmattroi.com\/index.php\/vi\/gioi-thieu\/"]}]},{"@type":"ImageObject","inLanguage":"vi","@id":"https:\/\/phukienmattroi.com\/index.php\/vi\/gioi-thieu\/#primaryimage","url":"https:\/\/phukienmattroi.com\/wp-content\/uploads\/2024\/03\/cropped-cropped-TBMT-logo-1-e1710656603672.png","contentUrl":"https:\/\/phukienmattroi.com\/wp-content\/uploads\/2024\/03\/cropped-cropped-TBMT-logo-1-e1710656603672.png","width":512,"height":512},{"@type":"BreadcrumbList","@id":"https:\/\/phukienmattroi.com\/index.php\/vi\/gioi-thieu\/#breadcrumb","itemListElement":[{"@type":"ListItem","position":1,"name":"Trang ch\u1ee7","item":"https:\/\/phukienmattroi.com\/"},{"@type":"ListItem","position":2,"name":"Gi\u1edbi thi\u1ec7u"}]},{"@type":"WebSite","@id":"https:\/\/phukienmattroi.com\/#website","url":"https:\/\/phukienmattroi.com\/","name":"Ph\u1ee5 Ki\u1ec7n M\u1eb7t Tr\u1eddi","description":"Ph\u1ee5 Ki\u1ec7n M\u1eb7t Tr\u1eddi","publisher":{"@id":"https:\/\/phukienmattroi.com\/#organization"},"potentialAction":[{"@type":"SearchAction","target":{"@type":"EntryPoint","urlTemplate":"https:\/\/phukienmattroi.com\/?s={search_term_string}"},"query-input":{"@type":"PropertyValueSpecification","valueRequired":true,"valueName":"search_term_string"}}],"inLanguage":"vi"},{"@type":"Organization","@id":"https:\/\/phukienmattroi.com\/#organization","name":"Ph\u1ee5 Ki\u1ec7n M\u1eb7t Tr\u1eddi","url":"https:\/\/phukienmattroi.com\/","logo":{"@type":"ImageObject","inLanguage":"vi","@id":"https:\/\/phukienmattroi.com\/#\/schema\/logo\/image\/","url":"https:\/\/phukienmattroi.com\/wp-content\/uploads\/2024\/03\/TBMT-logo3-1.png","contentUrl":"https:\/\/phukienmattroi.com\/wp-content\/uploads\/2024\/03\/TBMT-logo3-1.png","width":3946,"height":1403,"caption":"Ph\u1ee5 Ki\u1ec7n M\u1eb7t Tr\u1eddi"},"image":{"@id":"https:\/\/phukienmattroi.com\/#\/schema\/logo\/image\/"},"sameAs":["https:\/\/www.facebook.com\/phukienmattroisolar"]}]}},"jetpack_sharing_enabled":true,"_links":{"self":[{"href":"https:\/\/phukienmattroi.com\/index.php\/wp-json\/wp\/v2\/pages\/58","targetHints":{"allow":["GET"]}}],"collection":[{"href":"https:\/\/phukienmattroi.com\/index.php\/wp-json\/wp\/v2\/pages"}],"about":[{"href":"https:\/\/phukienmattroi.com\/index.php\/wp-json\/wp\/v2\/types\/page"}],"author":[{"embeddable":true,"href":"https:\/\/phukienmattroi.com\/index.php\/wp-json\/wp\/v2\/users\/1"}],"replies":[{"embeddable":true,"href":"https:\/\/phukienmattroi.com\/index.php\/wp-json\/wp\/v2\/comments?post=58"}],"version-history":[{"count":3,"href":"https:\/\/phukienmattroi.com\/index.php\/wp-json\/wp\/v2\/pages\/58\/revisions"}],"predecessor-version":[{"id":5935,"href":"https:\/\/phukienmattroi.com\/index.php\/wp-json\/wp\/v2\/pages\/58\/revisions\/5935"}],"wp:featuredmedia":[{"embeddable":true,"href":"https:\/\/phukienmattroi.com\/index.php\/wp-json\/wp\/v2\/media\/36"}],"wp:attachment":[{"href":"https:\/\/phukienmattroi.com\/index.php\/wp-json\/wp\/v2\/media?parent=58"}],"curies":[{"name":"wp","href":"https:\/\/api.w.org\/{rel}","templated":true}]}}